{"id":3,"date":"2025-03-22T05:11:17","date_gmt":"2025-03-22T05:11:17","guid":{"rendered":"https:\/\/datemobs.com\/?page_id=3"},"modified":"2025-03-22T05:38:42","modified_gmt":"2025-03-22T05:38:42","slug":"%d8%b3%d9%8a%d8%a7%d8%b3%d8%a9-%d8%a7%d9%84%d8%ae%d8%b5%d9%88%d8%b5%d9%8a%d8%a9","status":"publish","type":"page","link":"https:\/\/datemobs.com\/ar\/%d8%b3%d9%8a%d8%a7%d8%b3%d8%a9-%d8%a7%d9%84%d8%ae%d8%b5%d9%88%d8%b5%d9%8a%d8%a9\/","title":{"rendered":"\u0633\u064a\u0627\u0633\u0629 \u0627\u0644\u062e\u0635\u0648\u0635\u064a\u0629"},"content":{"rendered":"<p><span style=\"color: #444444;\">\u062e\u0635\u0648\u0635\u064a\u062a\u0643 \u0645\u0647\u0645\u0629 \u0628\u0627\u0644\u0646\u0633\u0628\u0629 \u0644\u0646\u0627. \u0625\u0646\u0647\u0627 \u0633\u064a\u0627\u0633\u0629 <strong>\u0645\u0648\u0627\u0639\u062f\u0629 \u0627\u0644\u063a\u0648\u063a\u0627\u0621<\/strong> \u0627\u062d\u062a\u0631\u0645 \u062e\u0635\u0648\u0635\u064a\u062a\u0643 \u0641\u064a\u0645\u0627 \u064a\u062a\u0639\u0644\u0642 \u0628\u0623\u064a \u0645\u0639\u0644\u0648\u0645\u0627\u062a \u0642\u062f \u0646\u062c\u0645\u0639\u0647\u0627 \u0645\u0646\u0643 \u0639\u0644\u0649 \u0627\u0644\u0645\u0648\u0642\u0639 <strong><a href=\"\/ar\/datemobs.com\/\">\u0645\u0648\u0627\u0639\u062f\u0629 \u0627\u0644\u063a\u0648\u063a\u0627\u0621<\/a><\/strong>\u060c \u0648\u0645\u0648\u0627\u0642\u0639 \u0627\u0644\u0648\u064a\u0628 \u0627\u0644\u0623\u062e\u0631\u0649 \u0627\u0644\u062a\u064a \u0646\u0645\u062a\u0644\u0643\u0647\u0627 \u0648\u0646\u062f\u064a\u0631\u0647\u0627.<\/span><\/p>\n<p><span style=\"color: #444444;\">\u0646\u062d\u0646 \u0646\u0637\u0644\u0628 \u0645\u0639\u0644\u0648\u0645\u0627\u062a\u0643 \u0627\u0644\u0634\u062e\u0635\u064a\u0629 \u0641\u0642\u0637 \u0639\u0646\u062f\u0645\u0627 \u0646\u062d\u062a\u0627\u062c \u0625\u0644\u064a\u0647\u0627 \u062d\u0642\u064b\u0627 \u0644\u062a\u0642\u062f\u064a\u0645 \u062e\u062f\u0645\u0629 \u0644\u0643. \u0646\u062d\u0646 \u0646\u0641\u0639\u0644 \u0630\u0644\u0643 \u0628\u0627\u0644\u0648\u0633\u0627\u0626\u0644 \u0627\u0644\u0639\u0627\u062f\u0644\u0629 \u0648\u0627\u0644\u0642\u0627\u0646\u0648\u0646\u064a\u0629\u060c \u0648\u0628\u0639\u0644\u0645\u0643 \u0648\u0645\u0648\u0627\u0641\u0642\u062a\u0643. \u0648\u0633\u0646\u062e\u0628\u0631\u0643 \u0623\u064a\u0636\u064b\u0627 \u0639\u0646 \u0633\u0628\u0628 \u062c\u0645\u0639\u0646\u0627 \u0644\u0647\u0627 \u0648\u0643\u064a\u0641\u064a\u0629 \u0627\u0633\u062a\u062e\u062f\u0627\u0645\u0647\u0627.<\/span><\/p>\n<p><span style=\"color: #444444;\">\u0646\u062d\u0646 \u0646\u062d\u062a\u0641\u0638 \u0628\u0627\u0644\u0645\u0639\u0644\u0648\u0645\u0627\u062a \u0627\u0644\u0645\u062c\u0645\u0639\u0629 \u0641\u0642\u0637 \u0637\u0627\u0644\u0645\u0627 \u0643\u0627\u0646 \u0630\u0644\u0643 \u0636\u0631\u0648\u0631\u064a\u064b\u0627 \u0644\u062a\u0632\u0648\u064a\u062f\u0643 \u0628\u0627\u0644\u062e\u062f\u0645\u0629 \u0627\u0644\u062a\u064a \u0637\u0644\u0628\u062a\u0647\u0627. \u0645\u0627 \u0647\u064a \u0627\u0644\u0628\u064a\u0627\u0646\u0627\u062a \u0627\u0644\u062a\u064a \u0646\u062e\u0632\u0646\u0647\u0627\u060c \u0633\u0646\u062d\u0645\u064a\u0647\u0627 \u0636\u0645\u0646 \u0627\u0644\u0648\u0633\u0627\u0626\u0644 \u0627\u0644\u0645\u0642\u0628\u0648\u0644\u0629 \u062a\u062c\u0627\u0631\u064a\u064b\u0627 \u0644\u0645\u0646\u0639 \u0627\u0644\u0641\u0642\u062f\u0627\u0646 \u0648\u0627\u0644\u0633\u0631\u0642\u0629\u060c \u0628\u0627\u0644\u0625\u0636\u0627\u0641\u0629 \u0625\u0644\u0649 \u0627\u0644\u0648\u0635\u0648\u0644 \u063a\u064a\u0631 \u0627\u0644\u0645\u0635\u0631\u062d \u0628\u0647\u060c \u0623\u0648 \u0627\u0644\u0643\u0634\u0641\u060c \u0623\u0648 \u0627\u0644\u0646\u0633\u062e\u060c \u0623\u0648 \u0627\u0644\u0627\u0633\u062a\u062e\u062f\u0627\u0645\u060c \u0623\u0648 \u0627\u0644\u062a\u0639\u062f\u064a\u0644.<\/span><\/p>\n<p><span style=\"color: #444444;\">\u0646\u062d\u0646 \u0644\u0627 \u0646\u0634\u0627\u0631\u0643 \u0623\u064a \u0645\u0639\u0644\u0648\u0645\u0627\u062a \u062a\u0639\u0631\u064a\u0641 \u0634\u062e\u0635\u064a\u0629 \u0639\u0644\u0646\u064b\u0627 \u0623\u0648 \u0645\u0639 \u0623\u0637\u0631\u0627\u0641 \u062b\u0627\u0644\u062b\u0629\u060c \u0625\u0644\u0627 \u0639\u0646\u062f\u0645\u0627 \u064a\u0642\u062a\u0636\u064a \u0627\u0644\u0642\u0627\u0646\u0648\u0646 \u0630\u0644\u0643.<\/span><\/p>\n<p><span style=\"color: #444444;\">\u0642\u062f \u064a\u062d\u062a\u0648\u064a \u0645\u0648\u0642\u0639\u0646\u0627 \u0639\u0644\u0649 \u0631\u0648\u0627\u0628\u0637 \u0644\u0645\u0648\u0627\u0642\u0639 \u062e\u0627\u0631\u062c\u064a\u0629 \u0644\u0627 \u0646\u0642\u0648\u0645 \u0628\u062a\u0634\u063a\u064a\u0644\u0647\u0627. \u064a\u0631\u062c\u0649 \u0627\u0644\u0639\u0644\u0645 \u0628\u0623\u0646\u0646\u0627 \u0644\u0627 \u0646\u0645\u0644\u0643 \u0623\u064a \u0633\u064a\u0637\u0631\u0629 \u0639\u0644\u0649 \u0645\u062d\u062a\u0648\u0649 \u0648\u0645\u0645\u0627\u0631\u0633\u0627\u062a \u0647\u0630\u0647 \u0627\u0644\u0645\u0648\u0627\u0642\u0639 \u0648\u0644\u0627 \u064a\u0645\u0643\u0646\u0646\u0627 \u062a\u062d\u0645\u0644 \u0627\u0644\u0645\u0633\u0624\u0648\u0644\u064a\u0629 \u0639\u0646 \u0623\u064a \u0645\u0646\u0647\u0627.\u00a0<\/span><a style=\"background-color: transparent; color: #444444;\" href=\"https:\/\/politicaprivacidade.com\/\" target=\"_blank\" rel=\"noopener noreferrer\">\u0633\u064a\u0627\u0633\u0627\u062a \u0627\u0644\u062e\u0635\u0648\u0635\u064a\u0629<\/a><span style=\"color: #444444;\">.<\/span><\/p>\n<p><span style=\"color: #444444;\">\u0644\u0643 \u0627\u0644\u062d\u0631\u064a\u0629 \u0641\u064a \u0631\u0641\u0636 \u0637\u0644\u0628\u0646\u0627 \u0644\u0644\u062d\u0635\u0648\u0644 \u0639\u0644\u0649 \u0645\u0639\u0644\u0648\u0645\u0627\u062a\u0643 \u0627\u0644\u0634\u062e\u0635\u064a\u0629\u060c \u0645\u0639 \u0627\u0644\u0639\u0644\u0645 \u0623\u0646\u0646\u0627 \u0642\u062f \u0644\u0627 \u0646\u062a\u0645\u0643\u0646 \u0645\u0646 \u062a\u0632\u0648\u064a\u062f\u0643 \u0628\u0628\u0639\u0636 \u0627\u0644\u062e\u062f\u0645\u0627\u062a \u0627\u0644\u062a\u064a \u062a\u0631\u063a\u0628 \u0628\u0647\u0627.<\/span><\/p>\n<p><span style=\"color: #444444;\">\u0625\u0646 \u0627\u0633\u062a\u0645\u0631\u0627\u0631\u0643 \u0641\u064a \u0627\u0633\u062a\u062e\u062f\u0627\u0645 \u0645\u0648\u0642\u0639\u0646\u0627 \u0627\u0644\u0625\u0644\u0643\u062a\u0631\u0648\u0646\u064a \u0633\u064a\u0639\u062a\u0628\u0631 \u0628\u0645\u062b\u0627\u0628\u0629 \u0642\u0628\u0648\u0644 \u0644\u0645\u0645\u0627\u0631\u0633\u0627\u062a\u0646\u0627 \u0641\u064a\u0645\u0627 \u064a\u062a\u0639\u0644\u0642 \u0628\u0627\u0644\u062e\u0635\u0648\u0635\u064a\u0629 \u0648\u0627\u0644\u0645\u0639\u0644\u0648\u0645\u0627\u062a \u0627\u0644\u0634\u062e\u0635\u064a\u0629. \u0625\u0630\u0627 \u0643\u0627\u0646\u062a \u0644\u062f\u064a\u0643 \u0623\u064a \u0623\u0633\u0626\u0644\u0629 \u062d\u0648\u0644 \u0643\u064a\u0641\u064a\u0629 \u062a\u0639\u0627\u0645\u0644\u0646\u0627 \u0645\u0639 \u0628\u064a\u0627\u0646\u0627\u062a \u0627\u0644\u0645\u0633\u062a\u062e\u062f\u0645 \u0648\u0627\u0644\u0645\u0639\u0644\u0648\u0645\u0627\u062a \u0627\u0644\u0634\u062e\u0635\u064a\u0629\u060c \u0641\u064a\u0631\u062c\u0649 \u0627\u0644\u0627\u062a\u0635\u0627\u0644 \u0628\u0646\u0627.<\/span><\/p>\n<ul>\n<li><span style=\"color: #444444;\">\u062a\u0633\u062a\u062e\u062f\u0645 \u062e\u062f\u0645\u0629 Google AdSense \u0627\u0644\u062a\u064a \u0646\u0633\u062a\u062e\u062f\u0645\u0647\u0627 \u0644\u062a\u0642\u062f\u064a\u0645 \u0627\u0644\u0625\u0639\u0644\u0627\u0646\u0627\u062a \u0645\u0644\u0641 \u062a\u0639\u0631\u064a\u0641 \u0627\u0631\u062a\u0628\u0627\u0637 DoubleClick \u0644\u062a\u0642\u062f\u064a\u0645 \u0625\u0639\u0644\u0627\u0646\u0627\u062a \u0623\u0643\u062b\u0631 \u0635\u0644\u0629 \u0639\u0628\u0631 \u0627\u0644\u0648\u064a\u0628 \u0648\u0627\u0644\u062d\u062f \u0645\u0646 \u0639\u062f\u062f \u0627\u0644\u0645\u0631\u0627\u062a \u0627\u0644\u062a\u064a \u064a\u062a\u0645 \u0641\u064a\u0647\u0627 \u0639\u0631\u0636 \u0625\u0639\u0644\u0627\u0646 \u0645\u0639\u064a\u0646 \u0644\u0643.<\/span><\/li>\n<li><span style=\"color: #444444;\">\u0644\u0645\u0632\u064a\u062f \u0645\u0646 \u0627\u0644\u0645\u0639\u0644\u0648\u0645\u0627\u062a \u062d\u0648\u0644 Google AdSense\u060c \u0631\u0627\u062c\u0639 \u0627\u0644\u0623\u0633\u0626\u0644\u0629 \u0627\u0644\u0634\u0627\u0626\u0639\u0629 \u0627\u0644\u0631\u0633\u0645\u064a\u0629 \u062d\u0648\u0644 \u062e\u0635\u0648\u0635\u064a\u0629 Google AdSense.<\/span><\/li>\n<li><span style=\"color: #444444;\">\u0646\u062d\u0646 \u0646\u0633\u062a\u062e\u062f\u0645 \u0627\u0644\u0625\u0639\u0644\u0627\u0646\u0627\u062a \u0644\u062a\u0639\u0648\u064a\u0636 \u062a\u0643\u0627\u0644\u064a\u0641 \u062a\u0634\u063a\u064a\u0644 \u0647\u0630\u0627 \u0627\u0644\u0645\u0648\u0642\u0639 \u0648\u062a\u0648\u0641\u064a\u0631 \u0627\u0644\u062a\u0645\u0648\u064a\u0644 \u0644\u0644\u062a\u0637\u0648\u064a\u0631 \u0627\u0644\u0645\u0633\u062a\u0642\u0628\u0644\u064a. \u062a\u0645 \u062a\u0635\u0645\u064a\u0645 \u0645\u0644\u0641\u0627\u062a \u062a\u0639\u0631\u064a\u0641 \u0627\u0644\u0627\u0631\u062a\u0628\u0627\u0637 \u0627\u0644\u0625\u0639\u0644\u0627\u0646\u064a\u0629 \u0627\u0644\u0633\u0644\u0648\u0643\u064a\u0629 \u0627\u0644\u062a\u064a \u064a\u0633\u062a\u062e\u062f\u0645\u0647\u0627 \u0647\u0630\u0627 \u0627\u0644\u0645\u0648\u0642\u0639 \u0644\u0636\u0645\u0627\u0646 \u062a\u0632\u0648\u064a\u062f\u0643 \u0628\u0627\u0644\u0625\u0639\u0644\u0627\u0646\u0627\u062a \u0627\u0644\u0623\u0643\u062b\u0631 \u0635\u0644\u0629 \u062d\u064a\u062b\u0645\u0627 \u0623\u0645\u0643\u0646 \u0630\u0644\u0643 \u0645\u0646 \u062e\u0644\u0627\u0644 \u062a\u062a\u0628\u0639 \u0627\u0647\u062a\u0645\u0627\u0645\u0627\u062a\u0643 \u0628\u0634\u0643\u0644 \u0645\u062c\u0647\u0648\u0644 \u0648\u062a\u0642\u062f\u064a\u0645 \u0623\u0634\u064a\u0627\u0621 \u0645\u0645\u0627\u062b\u0644\u0629 \u0642\u062f \u062a\u0647\u0645\u0643.<\/span><\/li>\n<li><span style=\"color: #444444;\">\u064a\u0639\u0644\u0646 \u0627\u0644\u0639\u062f\u064a\u062f \u0645\u0646 \u0627\u0644\u0634\u0631\u0643\u0627\u0621 \u0646\u064a\u0627\u0628\u0629 \u0639\u0646\u0627\u060c \u0648\u062a\u0633\u0645\u062d \u0644\u0646\u0627 \u0645\u0644\u0641\u0627\u062a \u062a\u0639\u0631\u064a\u0641 \u0627\u0644\u0627\u0631\u062a\u0628\u0627\u0637 \u0627\u0644\u062e\u0627\u0635\u0629 \u0628\u062a\u062a\u0628\u0639 \u0627\u0644\u0634\u0631\u0643\u0627\u062a \u0627\u0644\u062a\u0627\u0628\u0639\u0629 \u0628\u0631\u0624\u064a\u0629 \u0645\u0627 \u0625\u0630\u0627 \u0643\u0627\u0646 \u0639\u0645\u0644\u0627\u0624\u0646\u0627 \u0642\u062f \u0648\u0635\u0644\u0648\u0627 \u0625\u0644\u0649 \u0627\u0644\u0645\u0648\u0642\u0639 \u0645\u0646 \u062e\u0644\u0627\u0644 \u0623\u062d\u062f \u0645\u0648\u0627\u0642\u0639 \u0634\u0631\u0643\u0627\u0626\u0646\u0627 \u062d\u062a\u0649 \u0646\u062a\u0645\u0643\u0646 \u0645\u0646 \u0645\u0646\u062d\u0647\u0645 \u0627\u0644\u0641\u0636\u0644 \u0628\u0634\u0643\u0644 \u0645\u0646\u0627\u0633\u0628\u060c \u0648\u0639\u0646\u062f\u0645\u0627 \u064a\u0646\u0637\u0628\u0642 \u0630\u0644\u0643\u060c \u0646\u0633\u0645\u062d \u0644\u0634\u0631\u0643\u0627\u0626\u0646\u0627 \u0627\u0644\u062a\u0627\u0628\u0639\u064a\u0646 \u0628\u062a\u0642\u062f\u064a\u0645 \u0623\u064a \u0645\u0643\u0627\u0641\u0623\u0629 \u0642\u062f \u064a\u0642\u062f\u0645\u0648\u0646\u0647\u0627 \u0644\u0643 \u0644\u0625\u062c\u0631\u0627\u0621 \u0639\u0645\u0644\u064a\u0629 \u0634\u0631\u0627\u0621.<\/span><\/li>\n<\/ul>\n<h3><strong><span style=\"color: #444444;\">\u0627\u0644\u062a\u0632\u0627\u0645 \u0627\u0644\u0645\u0633\u062a\u062e\u062f\u0645<\/span><\/strong><\/h3>\n<p><span style=\"color: #444444;\">\u064a\u0644\u062a\u0632\u0645 \u0627\u0644\u0645\u0633\u062a\u062e\u062f\u0645 \u0628\u0627\u0644\u0627\u0633\u062a\u062e\u062f\u0627\u0645 \u0627\u0644\u0645\u0646\u0627\u0633\u0628 \u0644\u0644\u0645\u062d\u062a\u0648\u064a\u0627\u062a \u0648\u0627\u0644\u0645\u0639\u0644\u0648\u0645\u0627\u062a \u0627\u0644\u062a\u064a \u064a\u0648\u0641\u0631\u0647\u0627 <strong>\u0645\u0648\u0627\u0639\u062f\u0629 \u0627\u0644\u063a\u0648\u063a\u0627\u0621<\/strong> \u0627\u0644\u0639\u0631\u0648\u0636 \u0627\u0644\u0645\u0648\u062c\u0648\u062f\u0629 \u0639\u0644\u0649 \u0627\u0644\u0645\u0648\u0642\u0639 \u0627\u0644\u0625\u0644\u0643\u062a\u0631\u0648\u0646\u064a \u0648\u0639\u0644\u0649 \u0633\u0628\u064a\u0644 \u0627\u0644\u0645\u062b\u0627\u0644 \u0648\u0644\u064a\u0633 \u0627\u0644\u062d\u0635\u0631:<\/span><\/p>\n<ul>\n<li><span style=\"color: #444444;\">\u0623) \u0639\u062f\u0645 \u0645\u0645\u0627\u0631\u0633\u0629 \u0623\u0646\u0634\u0637\u0629 \u063a\u064a\u0631 \u0642\u0627\u0646\u0648\u0646\u064a\u0629 \u0623\u0648 \u0645\u062e\u0627\u0644\u0641\u0629 \u0644\u062d\u0633\u0646 \u0627\u0644\u0646\u064a\u0629 \u0648\u0627\u0644\u0646\u0638\u0627\u0645 \u0627\u0644\u0639\u0627\u0645\u061b<\/span><\/li>\n<li><span style=\"color: #444444;\">\u0628) \u0639\u062f\u0645 \u0646\u0634\u0631 \u0627\u0644\u062f\u0639\u0627\u064a\u0629 \u0623\u0648 \u0627\u0644\u0645\u062d\u062a\u0648\u0649 \u0630\u064a \u0627\u0644\u0637\u0628\u064a\u0639\u0629 \u0627\u0644\u0639\u0646\u0635\u0631\u064a\u0629 \u0623\u0648 \u0627\u0644\u0645\u0639\u0627\u062f\u064a\u0629 \u0644\u0644\u0623\u062c\u0627\u0646\u0628\u060c <\/span><span style=\"color: #212529;\">166bet<\/span><span style=\"color: #444444;\"> \u0623\u0648 \u0633\u0648\u0621 \u0627\u0644\u062d\u0638\u060c \u0623\u0648 \u0623\u064a \u0646\u0648\u0639 \u0645\u0646 \u0623\u0646\u0648\u0627\u0639 \u0627\u0644\u0645\u0648\u0627\u062f \u0627\u0644\u0625\u0628\u0627\u062d\u064a\u0629 \u063a\u064a\u0631 \u0627\u0644\u0642\u0627\u0646\u0648\u0646\u064a\u0629\u060c \u0623\u0648 \u062f\u0639\u0645\u0627\u064b \u0644\u0644\u0625\u0631\u0647\u0627\u0628 \u0623\u0648 \u0636\u062f \u062d\u0642\u0648\u0642 \u0627\u0644\u0625\u0646\u0633\u0627\u0646\u061b<\/span><\/li>\n<li><span style=\"color: #444444;\">\u062c) \u0644\u0627 \u062a\u0633\u0628\u0628 \u0636\u0631\u0631\u064b\u0627 \u0644\u0644\u0623\u0646\u0638\u0645\u0629 \u0627\u0644\u0645\u0627\u062f\u064a\u0629 (\u0627\u0644\u0623\u062c\u0647\u0632\u0629) \u0648\u0627\u0644\u0645\u0646\u0637\u0642\u064a\u0629 (\u0627\u0644\u0628\u0631\u0645\u062c\u064a\u0627\u062a) \u0644\u0644\u062c\u0647\u0627\u0632. <strong>\u0645\u0648\u0627\u0639\u062f\u0629 \u0627\u0644\u063a\u0648\u063a\u0627\u0621<\/strong>\u0623\u0648 \u0645\u0648\u0631\u062f\u064a\u0647\u0627 \u0623\u0648 \u0623\u0637\u0631\u0627\u0641 \u062b\u0627\u0644\u062b\u0629\u060c \u0644\u0625\u062f\u062e\u0627\u0644 \u0623\u0648 \u0646\u0634\u0631 \u0641\u064a\u0631\u0648\u0633\u0627\u062a \u0627\u0644\u0643\u0645\u0628\u064a\u0648\u062a\u0631 \u0623\u0648 \u0623\u064a \u0623\u0646\u0638\u0645\u0629 \u0623\u062c\u0647\u0632\u0629 \u0623\u0648 \u0628\u0631\u0627\u0645\u062c \u0623\u062e\u0631\u0649 \u0642\u0627\u062f\u0631\u0629 \u0639\u0644\u0649 \u0627\u0644\u062a\u0633\u0628\u0628 \u0641\u064a \u0627\u0644\u0636\u0631\u0631 \u0627\u0644\u0645\u0630\u0643\u0648\u0631 \u0623\u0639\u0644\u0627\u0647.<\/span><\/li>\n<\/ul>\n<h3><strong><span style=\"color: #444444;\">\u0645\u0632\u064a\u062f \u0645\u0646 \u0627\u0644\u0645\u0639\u0644\u0648\u0645\u0627\u062a<\/span><\/strong><\/h3>\n<p><span style=\"color: #444444;\">\u0646\u0623\u0645\u0644 \u0623\u0646 \u064a\u0643\u0648\u0646 \u0647\u0630\u0627 \u0642\u062f \u0623\u0648\u0636\u062d \u0644\u0643 \u0627\u0644\u0623\u0645\u0648\u0631 \u0648\u0643\u0645\u0627 \u0630\u0643\u0631\u0646\u0627 \u0633\u0627\u0628\u0642\u064b\u0627\u060c \u0625\u0630\u0627 \u0643\u0627\u0646 \u0647\u0646\u0627\u0643 \u0634\u064a\u0621 \u0644\u0627 \u062a\u062a\u0623\u0643\u062f \u0645\u0646 \u062d\u0627\u062c\u062a\u0643 \u0625\u0644\u064a\u0647 \u0623\u0645 \u0644\u0627\u060c \u0641\u0645\u0646 \u0627\u0644\u0623\u0641\u0636\u0644 \u0639\u0627\u062f\u0629\u064b \u062a\u0631\u0643 \u0645\u0644\u0641\u0627\u062a \u062a\u0639\u0631\u064a\u0641 \u0627\u0644\u0627\u0631\u062a\u0628\u0627\u0637 \u0645\u0645\u0643\u0651\u0646\u0629 \u0641\u064a \u062d\u0627\u0644\u0629 \u062a\u0641\u0627\u0639\u0644\u0647\u0627 \u0645\u0639 \u0625\u062d\u062f\u0649 \u0627\u0644\u0645\u064a\u0632\u0627\u062a \u0627\u0644\u062a\u064a \u062a\u0633\u062a\u062e\u062f\u0645\u0647\u0627 \u0639\u0644\u0649 \u0645\u0648\u0642\u0639\u0646\u0627.<\/span><\/p>\n<p><em><strong><span style=\"color: #444444;\">\u062a\u062f\u062e\u0644 \u0647\u0630\u0647 \u0627\u0644\u0633\u064a\u0627\u0633\u0629 \u062d\u064a\u0632 \u0627\u0644\u062a\u0646\u0641\u064a\u0630 \u0627\u0639\u062a\u0628\u0627\u0631\u064b\u0627 \u0645\u0646 22 \u0645\u0627\u0631\u0633 2025 \u0627\u0644\u0633\u0627\u0639\u0629 05:36.<\/span><\/strong><\/em><\/p>","protected":false},"excerpt":{"rendered":"<p>A sua privacidade \u00e9 importante para n\u00f3s. \u00c9 pol\u00edtica do DateMobs respeitar a sua privacidade em rela\u00e7\u00e3o a qualquer informa\u00e7\u00e3o sua que possamos coletar no site DateMobs, e outros sites que possu\u00edmos e operamos. Solicitamos informa\u00e7\u00f5es pessoais apenas quando realmente precisamos delas para lhe fornecer um servi\u00e7o. Fazemo-lo por meios justos e legais, com o &#8230; <a title=\"\u0633\u064a\u0627\u0633\u0629 \u0627\u0644\u062e\u0635\u0648\u0635\u064a\u0629\" class=\"read-more\" href=\"https:\/\/datemobs.com\/ar\/%d8%b3%d9%8a%d8%a7%d8%b3%d8%a9-%d8%a7%d9%84%d8%ae%d8%b5%d9%88%d8%b5%d9%8a%d8%a9\/\" aria-label=\"Read more about Pol\u00edtica de Privacidade\">\u0627\u0642\u0631\u0623 \u0627\u0644\u0645\u0632\u064a\u062f<\/a><\/p>","protected":false},"author":1,"featured_media":0,"parent":0,"menu_order":0,"comment_status":"closed","ping_status":"open","template":"","meta":{"footnotes":""},"class_list":["post-3","page","type-page","status-publish"],"_links":{"self":[{"href":"https:\/\/datemobs.com\/ar\/wp-json\/wp\/v2\/pages\/3","targetHints":{"allow":["GET"]}}],"collection":[{"href":"https:\/\/datemobs.com\/ar\/wp-json\/wp\/v2\/pages"}],"about":[{"href":"https:\/\/datemobs.com\/ar\/wp-json\/wp\/v2\/types\/page"}],"author":[{"embeddable":true,"href":"https:\/\/datemobs.com\/ar\/wp-json\/wp\/v2\/users\/1"}],"replies":[{"embeddable":true,"href":"https:\/\/datemobs.com\/ar\/wp-json\/wp\/v2\/comments?post=3"}],"version-history":[{"count":2,"href":"https:\/\/datemobs.com\/ar\/wp-json\/wp\/v2\/pages\/3\/revisions"}],"predecessor-version":[{"id":849,"href":"https:\/\/datemobs.com\/ar\/wp-json\/wp\/v2\/pages\/3\/revisions\/849"}],"wp:attachment":[{"href":"https:\/\/datemobs.com\/ar\/wp-json\/wp\/v2\/media?parent=3"}],"curies":[{"name":"\u0648\u0648\u0631\u062f\u0628\u0631\u064a\u0633","href":"https:\/\/api.w.org\/{rel}","templated":true}]}}