{"id":819,"date":"2022-11-08T18:30:39","date_gmt":"2022-11-08T18:30:39","guid":{"rendered":"https:\/\/sites.generatepress.com\/info\/?page_id=819"},"modified":"2025-03-22T05:35:13","modified_gmt":"2025-03-22T05:35:13","slug":"%e0%a6%86%e0%a6%ae%e0%a6%b0%e0%a6%be-%e0%a6%95%e0%a6%be%e0%a6%b0%e0%a6%be","status":"publish","type":"page","link":"https:\/\/datemobs.com\/bn\/%e0%a6%86%e0%a6%ae%e0%a6%b0%e0%a6%be-%e0%a6%95%e0%a6%be%e0%a6%b0%e0%a6%be\/","title":{"rendered":"\u0986\u09ae\u09b0\u09be \u0995\u09be\u09b0\u09be"},"content":{"rendered":"<p>\u09b8\u09cd\u09ac\u09be\u0997\u09a4\u09ae <strong>DateMobs.com \u09b8\u09ae\u09cd\u09aa\u09b0\u09cd\u0995\u09c7<\/strong>, \u0986\u09aa\u09a8\u09be\u09b0 \u09a8\u09a4\u09c1\u09a8 \u09aa\u09cd\u09b2\u09cd\u09af\u09be\u099f\u09ab\u09b0\u09cd\u09ae \u09af\u09be \u09ae\u09be\u09a8\u09c1\u09b7\u0995\u09c7 \u098f\u0995\u099f\u09bf \u0996\u09be\u0981\u099f\u09bf \u098f\u09ac\u0982 \u09ae\u099c\u09be\u09a6\u09be\u09b0 \u0989\u09aa\u09be\u09af\u09bc\u09c7 \u09b8\u0982\u09af\u09c1\u0995\u09cd\u09a4 \u0995\u09b0\u09ac\u09c7! \u098f\u0996\u09be\u09a8\u09c7 <strong>DateMobs \u09b8\u09ae\u09cd\u09aa\u09b0\u09cd\u0995\u09c7<\/strong>, \u0986\u09ae\u09b0\u09be \u09ac\u09bf\u09b6\u09cd\u09ac\u09be\u09b8 \u0995\u09b0\u09bf \u09af\u09c7 \u09ae\u09be\u09a8\u09ac\u09bf\u0995 \u09b8\u0982\u09af\u09cb\u0997\u0997\u09c1\u09b2\u09bf \u099c\u09c0\u09ac\u09a8\u09c7\u09b0 \u09b8\u09be\u09b0\u09be\u0982\u09b6, \u098f\u09ac\u0982 \u0986\u09ae\u09be\u09a6\u09c7\u09b0 \u09b2\u0995\u09cd\u09b7\u09cd\u09af \u09b9\u09b2 \u098f\u0987 \u09b8\u0982\u09af\u09cb\u0997\u0997\u09c1\u09b2\u09bf\u0995\u09c7 \u09b8\u0995\u09b2\u09c7\u09b0 \u099c\u09a8\u09cd\u09af \u0986\u09b0\u0993 \u09b8\u09b9\u099c\u09b2\u09ad\u09cd\u09af \u098f\u09ac\u0982 \u0985\u09b0\u09cd\u09a5\u09ac\u09b9 \u0995\u09b0\u09c7 \u09a4\u09cb\u09b2\u09be\u0964<\/p>\n\n\n\n<h2 class=\"wp-block-heading\">\u0986\u09ae\u09be\u09a6\u09c7\u09b0 \u09b2\u0995\u09cd\u09b7\u09cd\u09af<\/h2>\n\n\n\n<p>\u0986\u09ae\u09b0\u09be \u0985\u09a8\u09b2\u09be\u0987\u09a8\u09c7 \u09ae\u09be\u09a8\u09c1\u09b7\u09c7\u09b0 \u09b8\u09be\u09a5\u09c7 \u09a6\u09c7\u0996\u09be \u098f\u09ac\u0982 \u09af\u09cb\u0997\u09be\u09af\u09cb\u0997\u09c7\u09b0 \u09aa\u09a6\u09cd\u09a7\u09a4\u09bf \u09aa\u09b0\u09bf\u09ac\u09b0\u09cd\u09a4\u09a8 \u0995\u09b0\u09a4\u09c7 \u099a\u09be\u0987\u0964 \u0986\u09ae\u09b0\u09be \u0985\u09a4\u09cd\u09af\u09be\u09a7\u09c1\u09a8\u09bf\u0995 \u09aa\u09cd\u09b0\u09af\u09c1\u0995\u09cd\u09a4\u09bf\u09b0 \u09b8\u09be\u09a5\u09c7 \u09ae\u09be\u09a8\u09ac\u09bf\u0995 \u09b8\u09cd\u09aa\u09b0\u09cd\u09b6\u09c7\u09b0 \u09b8\u09ae\u09a8\u09cd\u09ac\u09af\u09bc \u0995\u09b0\u09bf \u09af\u09be\u09a4\u09c7 \u0986\u09aa\u09a8\u09bf \u09b8\u09b9\u099c, \u09a8\u09bf\u09b0\u09be\u09aa\u09a6 \u098f\u09ac\u0982 \u09b8\u09ae\u09cd\u09ad\u09be\u09ac\u09a8\u09be\u09aa\u09c2\u09b0\u09cd\u09a3 \u0989\u09aa\u09be\u09af\u09bc\u09c7 \u09ac\u09bf\u09b6\u09c7\u09b7 \u0995\u09be\u0989\u0995\u09c7 \u0996\u09c1\u0981\u099c\u09c7 \u09aa\u09be\u09a8\u0964<\/p>\n\n\n\n<h2 class=\"wp-block-heading\">\u0986\u09ae\u09be\u09a6\u09c7\u09b0 \u0986\u09b2\u09be\u09a6\u09be \u0995\u09b0\u09c7 \u09a4\u09cb\u09b2\u09c7 \u0995\u09c0<\/h2>\n\n\n\n<ul class=\"wp-block-list\">\n<li><strong>\u09a8\u09bf\u09b0\u09be\u09aa\u09a4\u09cd\u09a4\u09be\u0987 \u09aa\u09cd\u09b0\u09a5\u09ae:<\/strong> \u0986\u09ae\u09b0\u09be \u0986\u09aa\u09a8\u09be\u09b0 \u0997\u09cb\u09aa\u09a8\u09c0\u09af\u09bc\u09a4\u09be \u098f\u09ac\u0982 \u09a8\u09bf\u09b0\u09be\u09aa\u09a4\u09cd\u09a4\u09be\u0995\u09c7 \u0997\u09c1\u09b0\u09c1\u09a4\u09cd\u09ac \u09b8\u09b9\u0995\u09be\u09b0\u09c7 \u09a8\u09bf\u0987, \u09ac\u09be\u099c\u09be\u09b0\u09c7 \u09a5\u09be\u0995\u09be \u09b8\u09c7\u09b0\u09be \u09a1\u09c7\u099f\u09be \u09b8\u09c1\u09b0\u0995\u09cd\u09b7\u09be \u09ac\u09c8\u09b6\u09bf\u09b7\u09cd\u099f\u09cd\u09af\u0997\u09c1\u09b2\u09bf \u09ac\u09cd\u09af\u09ac\u09b9\u09be\u09b0 \u0995\u09b0\u09c7\u0964<\/li>\n\n\n\n<li><strong>\u0996\u09be\u0981\u099f\u09bf \u09aa\u09cd\u09b0\u09cb\u09ab\u09be\u0987\u09b2:<\/strong> \u0986\u09ae\u09be\u09a6\u09c7\u09b0 \u09aa\u09cd\u09b2\u09cd\u09af\u09be\u099f\u09ab\u09b0\u09cd\u09ae \u09aa\u09cd\u09b0\u0995\u09c3\u09a4 \u09aa\u09cd\u09b0\u09cb\u09ab\u09be\u0987\u09b2 \u09a4\u09c8\u09b0\u09bf \u098f\u09ac\u0982 \u09af\u09be\u099a\u09be\u0987\u0995\u09b0\u09a3\u0995\u09c7 \u0989\u09ce\u09b8\u09be\u09b9\u09bf\u09a4 \u0995\u09b0\u09c7 \u09af\u09be\u09a4\u09c7 \u0986\u09aa\u09a8\u09bf \u09aa\u09cd\u09b0\u0995\u09c3\u09a4 \u09ae\u09be\u09a8\u09c1\u09b7\u09c7\u09b0 \u09b8\u09be\u09a5\u09c7 \u09af\u09cb\u0997\u09be\u09af\u09cb\u0997 \u0995\u09b0\u09a4\u09c7 \u09aa\u09be\u09b0\u09c7\u09a8\u0964<\/li>\n\n\n\n<li><strong>\u0987\u09a8\u09cd\u099f\u09be\u09b0\u200d\u09cd\u09af\u09be\u0995\u09cd\u099f\u09bf\u09ad\u09bf\u099f\u09bf:<\/strong> \u0986\u09a7\u09c1\u09a8\u09bf\u0995, \u0997\u09a4\u09bf\u09b6\u09c0\u09b2 \u09ac\u09c8\u09b6\u09bf\u09b7\u09cd\u099f\u09cd\u09af \u09af\u09c7\u09ae\u09a8 \u099b\u09cb\u099f \u09ad\u09bf\u09a1\u09bf\u0993 \u098f\u09ac\u0982 \u09b8\u09c3\u099c\u09a8\u09b6\u09c0\u09b2 \u09ac\u09be\u09b0\u09cd\u09a4\u09be \u09af\u09be \u0986\u09aa\u09a8\u09be\u0995\u09c7 \u0986\u09b2\u09be\u09a6\u09be \u0995\u09b0\u09c7 \u09a6\u09c7\u0996\u09be\u09a4\u09c7 \u098f\u09ac\u0982 \u09a8\u09bf\u099c\u09c7\u0995\u09c7 \u09aa\u09cd\u09b0\u0995\u09be\u09b6 \u0995\u09b0\u09a4\u09c7 \u09b8\u09be\u09b9\u09be\u09af\u09cd\u09af \u0995\u09b0\u09ac\u09c7\u0964<\/li>\n<\/ul>\n\n\n\n<h2 class=\"wp-block-heading\">\u0986\u09ae\u09be\u09a6\u09c7\u09b0 \u0987\u09a4\u09bf\u09b9\u09be\u09b8<\/h2>\n\n\n\n<p>\u09a6\u09cd\u09af <strong>DateMobs \u09b8\u09ae\u09cd\u09aa\u09b0\u09cd\u0995\u09c7 <\/strong>\u09ae\u09be\u09a8\u09c1\u09b7\u09c7\u09b0 \u09ac\u09be\u09b8\u09cd\u09a4\u09ac \u099a\u09be\u09b9\u09bf\u09a6\u09be\u09b0 \u09b8\u09be\u09a5\u09c7 \u09b8\u09be\u09ae\u099e\u09cd\u099c\u09b8\u09cd\u09af\u09aa\u09c2\u09b0\u09cd\u09a3 \u098f\u0995\u099f\u09bf \u09b9\u09be\u09b2\u0995\u09be, \u0986\u09b0\u0993 \u099c\u099f\u09bf\u09b2 \u0985\u09a8\u09b2\u09be\u0987\u09a8 \u09a1\u09c7\u099f\u09bf\u0982 \u0985\u09ad\u09bf\u099c\u09cd\u099e\u09a4\u09be \u09a4\u09c8\u09b0\u09bf\u09b0 \u09a7\u09be\u09b0\u09a3\u09be \u09a5\u09c7\u0995\u09c7 \u099c\u09a8\u09cd\u09ae\u0997\u09cd\u09b0\u09b9\u09a3 \u0995\u09b0\u09c7\u099b\u09c7\u0964 \u09b6\u09c1\u09b0\u09c1 \u09a5\u09c7\u0995\u09c7\u0987, \u0986\u09ae\u09b0\u09be \u098f\u09ae\u09a8 \u098f\u0995\u099f\u09bf \u09aa\u09b0\u09bf\u09ac\u09c7\u09b6 \u09aa\u09cd\u09b0\u09a6\u09be\u09a8\u09c7\u09b0 \u099a\u09c7\u09b7\u09cd\u099f\u09be \u0995\u09b0\u09c7\u099b\u09bf \u09af\u09c7\u0996\u09be\u09a8\u09c7 \u0986\u09aa\u09a8\u09bf \u09a8\u09bf\u099c\u09c7\u09b0 \u09ae\u09a4\u09cb \u09b9\u09a4\u09c7 \u09aa\u09be\u09b0\u09c7\u09a8 \u098f\u09ac\u0982 \u09b8\u09a4\u09cd\u09af\u09bf\u0995\u09be\u09b0\u09c7\u09b0 \u09b8\u0982\u09af\u09cb\u0997 \u0996\u09c1\u0981\u099c\u09c7 \u09aa\u09c7\u09a4\u09c7 \u09aa\u09be\u09b0\u09c7\u09a8\u0964<\/p>\n\n\n\n<h2 class=\"wp-block-heading\">\u0995\u09c7\u09a8 \u09ac\u09c7\u099b\u09c7 \u09a8\u09bf\u09a8 <strong>DateMobs \u09b8\u09ae\u09cd\u09aa\u09b0\u09cd\u0995\u09c7<\/strong>?<\/h2>\n\n\n\n<p>\u0986\u09aa\u09a8\u09bf \u09a1\u09c7\u099f\u09bf\u0982 \u0985\u09cd\u09af\u09be\u09aa\u09c7\u09b0 \u099c\u0997\u09a4\u09c7 \u09a8\u09a4\u09c1\u09a8 \u09b9\u09cb\u09a8 \u0985\u09a5\u09ac\u09be \u09ad\u09bf\u09a8\u09cd\u09a8 \u0995\u09bf\u099b\u09c1 \u0996\u09c1\u0981\u099c\u099b\u09c7\u09a8 \u098f\u09ae\u09a8 \u098f\u0995\u099c\u09a8 \u0985\u09ad\u09bf\u099c\u09cd\u099e \u09b8\u09c8\u09a8\u09bf\u0995 \u09b9\u09cb\u09a8 \u09a8\u09be \u0995\u09c7\u09a8, <strong>DateMobs \u09b8\u09ae\u09cd\u09aa\u09b0\u09cd\u0995\u09c7 <\/strong>\u0985\u09ab\u09be\u09b0:<\/p>\n\n\n\n<ul class=\"wp-block-list\">\n<li>\u098f\u0995\u099f\u09bf \u09b8\u09cd\u09ac\u099c\u09cd\u099e\u09be\u09a4 \u098f\u09ac\u0982 \u099d\u09be\u09ae\u09c7\u09b2\u09be\u09ae\u09c1\u0995\u09cd\u09a4 \u0985\u09ad\u09bf\u099c\u09cd\u099e\u09a4\u09be\u0964<\/li>\n\n\n\n<li>\u09b8\u09ae\u09cd\u09aa\u09c3\u0995\u09cd\u09a4 \u098f\u09ac\u0982 \u09ac\u09c8\u099a\u09bf\u09a4\u09cd\u09b0\u09cd\u09af\u09ae\u09af\u09bc \u09b8\u09ae\u09cd\u09aa\u09cd\u09b0\u09a6\u09be\u09af\u09bc\u0964<\/li>\n\n\n\n<li>\u098f\u09ae\u09a8 \u09b8\u09b0\u099e\u09cd\u099c\u09be\u09ae \u09af\u09be \u09b8\u09a4\u09cd\u09af\u09bf\u0987 \u0986\u09aa\u09a8\u09be\u0995\u09c7 \u09ac\u09a8\u09cd\u09a7\u09a8 \u098f\u09ac\u0982 \u09b8\u09cd\u09ae\u09c3\u09a4\u09bf \u09a4\u09c8\u09b0\u09bf \u0995\u09b0\u09a4\u09c7 \u09b8\u09be\u09b9\u09be\u09af\u09cd\u09af \u0995\u09b0\u09c7\u0964<\/li>\n<\/ul>\n\n\n\n<p>\u0986\u09ae\u09be\u09a6\u09c7\u09b0 \u09b8\u09ae\u09cd\u09aa\u09cd\u09b0\u09a6\u09be\u09af\u09bc\u09c7\u09b0 \u0985\u0982\u09b6 \u09b9\u09cb\u09a8 \u098f\u09ac\u0982 \u0995\u09c0\u09ad\u09be\u09ac\u09c7 \u09a4\u09be \u0986\u09ac\u09bf\u09b7\u09cd\u0995\u09be\u09b0 \u0995\u09b0\u09c1\u09a8 <strong>DateMobs \u09b8\u09ae\u09cd\u09aa\u09b0\u09cd\u0995\u09c7 <\/strong>\u09a4\u09cb\u09ae\u09be\u09b0 \u09aa\u09cd\u09b0\u09c7\u09ae \u099c\u09c0\u09ac\u09a8 \u09ac\u09a6\u09b2\u09c7 \u09a6\u09bf\u09a4\u09c7 \u09aa\u09be\u09b0\u09c7\u0964 \u0986\u09ae\u09b0\u09be \u0986\u09aa\u09a8\u09be\u09b0 \u09aa\u09b0\u09ac\u09b0\u09cd\u09a4\u09c0 \u09aa\u09cd\u09b0\u09c7\u09ae\u09c7\u09b0 \u0997\u09b2\u09cd\u09aa \u09b2\u09bf\u0996\u09a4\u09c7 \u09b8\u09be\u09b9\u09be\u09af\u09cd\u09af \u0995\u09b0\u09a4\u09c7 \u098f\u0996\u09be\u09a8\u09c7 \u0986\u099b\u09bf \u2014 \u0985\u09a5\u09ac\u09be \u09b6\u09c1\u09a7\u09c1 \u09ad\u09be\u09b2\u09cb \u09b9\u09be\u09b8\u09bf \u098f\u09ac\u0982 \u0985\u09ac\u09bf\u09b8\u09cd\u09ae\u09b0\u09a3\u09c0\u09af\u09bc \u09ae\u09c1\u09b9\u09c2\u09b0\u09cd\u09a4\u0997\u09c1\u09b2\u09bf\u09b0 \u099c\u09a8\u09cd\u09af \u09b8\u0999\u09cd\u0997 \u0996\u09c1\u0981\u099c\u09c7 \u09aa\u09c7\u09a4\u09c7\u0964<\/p>\n\n\n\n<p><strong>DateMobs.com \u09b8\u09ae\u09cd\u09aa\u09b0\u09cd\u0995\u09c7<\/strong>: \u09b8\u09a4\u09cd\u09af\u09bf\u0995\u09be\u09b0\u09c7\u09b0 \u09b8\u0982\u09af\u09cb\u0997 \u09af\u09c7\u0996\u09be\u09a8\u09c7 \u09b6\u09c1\u09b0\u09c1 \u09b9\u09af\u09bc!<\/p>","protected":false},"excerpt":{"rendered":"<p>Bem-vindo ao DateMobs.com, a sua nova plataforma para conectar pessoas de forma aut\u00eantica e divertida! Aqui na DateMobs, acreditamos que as conex\u00f5es humanas s\u00e3o a ess\u00eancia da vida, e nossa miss\u00e3o \u00e9 tornar essas conex\u00f5es mais acess\u00edveis e significativas para todos. Nossa Miss\u00e3o Queremos transformar a maneira como as pessoas se encontram e interagem online. &#8230; <a title=\"\u0986\u09ae\u09b0\u09be \u0995\u09be\u09b0\u09be\" class=\"read-more\" href=\"https:\/\/datemobs.com\/bn\/%e0%a6%86%e0%a6%ae%e0%a6%b0%e0%a6%be-%e0%a6%95%e0%a6%be%e0%a6%b0%e0%a6%be\/\" aria-label=\"Read more about Quem Somos\">\u0986\u09b0\u0993 \u09aa\u09a1\u09bc\u09c1\u09a8<\/a><\/p>","protected":false},"author":1,"featured_media":0,"parent":0,"menu_order":0,"comment_status":"closed","ping_status":"closed","template":"","meta":{"footnotes":""},"class_list":["post-819","page","type-page","status-publish"],"_links":{"self":[{"href":"https:\/\/datemobs.com\/bn\/wp-json\/wp\/v2\/pages\/819","targetHints":{"allow":["GET"]}}],"collection":[{"href":"https:\/\/datemobs.com\/bn\/wp-json\/wp\/v2\/pages"}],"about":[{"href":"https:\/\/datemobs.com\/bn\/wp-json\/wp\/v2\/types\/page"}],"author":[{"embeddable":true,"href":"https:\/\/datemobs.com\/bn\/wp-json\/wp\/v2\/users\/1"}],"replies":[{"embeddable":true,"href":"https:\/\/datemobs.com\/bn\/wp-json\/wp\/v2\/comments?post=819"}],"version-history":[{"count":5,"href":"https:\/\/datemobs.com\/bn\/wp-json\/wp\/v2\/pages\/819\/revisions"}],"predecessor-version":[{"id":847,"href":"https:\/\/datemobs.com\/bn\/wp-json\/wp\/v2\/pages\/819\/revisions\/847"}],"wp:attachment":[{"href":"https:\/\/datemobs.com\/bn\/wp-json\/wp\/v2\/media?parent=819"}],"curies":[{"name":"wp","href":"https:\/\/api.w.org\/{rel}","templated":true}]}}