{"id":850,"date":"2025-03-22T05:40:19","date_gmt":"2025-03-22T05:40:19","guid":{"rendered":"https:\/\/datemobs.com\/?page_id=850"},"modified":"2025-03-22T05:40:19","modified_gmt":"2025-03-22T05:40:19","slug":"%e0%a6%ac%e0%a7%8d%e0%a6%af%e0%a6%ac%e0%a6%b9%e0%a6%be%e0%a6%b0%e0%a7%87%e0%a6%b0-%e0%a6%b6%e0%a6%b0%e0%a7%8d%e0%a6%a4%e0%a6%be%e0%a6%ac%e0%a6%b2%e0%a7%80","status":"publish","type":"page","link":"https:\/\/datemobs.com\/bn\/%e0%a6%ac%e0%a7%8d%e0%a6%af%e0%a6%ac%e0%a6%b9%e0%a6%be%e0%a6%b0%e0%a7%87%e0%a6%b0-%e0%a6%b6%e0%a6%b0%e0%a7%8d%e0%a6%a4%e0%a6%be%e0%a6%ac%e0%a6%b2%e0%a7%80\/","title":{"rendered":"\u09ac\u09cd\u09af\u09ac\u09b9\u09be\u09b0\u09c7\u09b0 \u09b6\u09b0\u09cd\u09a4\u09be\u09ac\u09b2\u09c0"},"content":{"rendered":"<h2 class=\"wp-block-heading\"><strong>\u09e7. \u09b6\u09b0\u09cd\u09a4\u09be\u09ac\u09b2\u09c0<\/strong><\/h2>\n\n\n\n<p>\u0993\u09af\u09bc\u09c7\u09ac\u09b8\u09be\u0987\u099f \u0985\u09cd\u09af\u09be\u0995\u09cd\u09b8\u09c7\u09b8 \u0995\u09b0\u09be\u09b0 \u09b8\u09ae\u09af\u09bc <a href=\"\/bn\/datemobs.com\/\"><strong>DateMobs \u09b8\u09ae\u09cd\u09aa\u09b0\u09cd\u0995\u09c7<\/strong><\/a>, \u0986\u09aa\u09a8\u09bf \u098f\u0987 \u09aa\u09b0\u09bf\u09b7\u09c7\u09ac\u09be\u09b0 \u09b6\u09b0\u09cd\u09a4\u09be\u09ac\u09b2\u09c0, \u09b8\u09ae\u09b8\u09cd\u09a4 \u09aa\u09cd\u09b0\u09af\u09cb\u099c\u09cd\u09af \u0986\u0987\u09a8 \u098f\u09ac\u0982 \u09ac\u09bf\u09a7\u09bf \u09ae\u09c7\u09a8\u09c7 \u099a\u09b2\u09a4\u09c7 \u09b8\u09ae\u09cd\u09ae\u09a4 \u09b9\u099a\u09cd\u099b\u09c7\u09a8 \u098f\u09ac\u0982 \u09b8\u09ae\u09cd\u09ae\u09a4 \u09b9\u099a\u09cd\u099b\u09c7\u09a8 \u09af\u09c7 \u09b8\u09ae\u09b8\u09cd\u09a4 \u09aa\u09cd\u09b0\u09af\u09cb\u099c\u09cd\u09af \u09b8\u09cd\u09a5\u09be\u09a8\u09c0\u09af\u09bc \u0986\u0987\u09a8 \u09ae\u09c7\u09a8\u09c7 \u099a\u09b2\u09be\u09b0 \u099c\u09a8\u09cd\u09af \u0986\u09aa\u09a8\u09bf \u09a6\u09be\u09af\u09bc\u09c0\u0964 \u0986\u09aa\u09a8\u09bf \u09af\u09a6\u09bf \u098f\u0987 \u09b6\u09b0\u09cd\u09a4\u09be\u09ac\u09b2\u09c0\u09b0 \u0995\u09cb\u09a8\u0993\u099f\u09bf\u09b0 \u09b8\u09be\u09a5\u09c7 \u098f\u0995\u09ae\u09a4 \u09a8\u09be \u09b9\u09a8, \u09a4\u09be\u09b9\u09b2\u09c7 \u0986\u09aa\u09a8\u09be\u0995\u09c7 \u098f\u0987 \u09b8\u09be\u0987\u099f\u099f\u09bf \u09ac\u09cd\u09af\u09ac\u09b9\u09be\u09b0 \u09ac\u09be \u0985\u09cd\u09af\u09be\u0995\u09cd\u09b8\u09c7\u09b8 \u0995\u09b0\u09a4\u09c7 \u09a8\u09bf\u09b7\u09c7\u09a7 \u0995\u09b0\u09be \u09b9\u09ac\u09c7\u0964 \u098f\u0987 \u0993\u09af\u09bc\u09c7\u09ac\u09b8\u09be\u0987\u099f\u09c7 \u09a5\u09be\u0995\u09be \u0989\u09aa\u0995\u09b0\u09a3\u0997\u09c1\u09b2\u09bf \u09aa\u09cd\u09b0\u09af\u09cb\u099c\u09cd\u09af \u0995\u09aa\u09bf\u09b0\u09be\u0987\u099f \u098f\u09ac\u0982 \u099f\u09cd\u09b0\u09c7\u09a1\u09ae\u09be\u09b0\u09cd\u0995 \u0986\u0987\u09a8 \u09a6\u09cd\u09ac\u09be\u09b0\u09be \u09b8\u09c1\u09b0\u0995\u09cd\u09b7\u09bf\u09a4\u0964<\/p>\n\n\n\n<h2 class=\"wp-block-heading\"><strong>2. \u09b2\u09be\u0987\u09b8\u09c7\u09a8\u09cd\u09b8 \u09ac\u09cd\u09af\u09ac\u09b9\u09be\u09b0 \u0995\u09b0\u09c1\u09a8<\/strong><\/h2>\n\n\n\n<p>\u0993\u09af\u09bc\u09c7\u09ac\u09b8\u09be\u0987\u099f\u09c7 \u09a5\u09be\u0995\u09be \u0989\u09aa\u0995\u09b0\u09a3\u09c7\u09b0 (\u09a4\u09a5\u09cd\u09af \u09ac\u09be \u09b8\u09ab\u09cd\u099f\u0993\u09af\u09bc\u09cd\u09af\u09be\u09b0) \u098f\u0995 \u0995\u09aa\u09bf \u0985\u09b8\u09cd\u09a5\u09be\u09af\u09bc\u09c0\u09ad\u09be\u09ac\u09c7 \u09a1\u09be\u0989\u09a8\u09b2\u09cb\u09a1 \u0995\u09b0\u09be\u09b0 \u0985\u09a8\u09c1\u09ae\u09a4\u09bf \u09a6\u09c7\u0993\u09af\u09bc\u09be \u09b9\u099a\u09cd\u099b\u09c7\u0964 <strong>DateMobs \u09b8\u09ae\u09cd\u09aa\u09b0\u09cd\u0995\u09c7 <\/strong>, \u09b6\u09c1\u09a7\u09c1\u09ae\u09be\u09a4\u09cd\u09b0 \u09ac\u09cd\u09af\u0995\u09cd\u09a4\u09bf\u0997\u09a4, \u0985-\u09ac\u09be\u09a3\u09bf\u099c\u09cd\u09af\u09bf\u0995 \u0995\u09cd\u09b7\u09a3\u09b8\u09cd\u09a5\u09be\u09af\u09bc\u09c0 \u09a6\u09c7\u0996\u09be\u09b0 \u099c\u09a8\u09cd\u09af\u0964 \u098f\u099f\u09bf \u098f\u0995\u099f\u09bf \u09b2\u09be\u0987\u09b8\u09c7\u09a8\u09cd\u09b8 \u09aa\u09cd\u09b0\u09a6\u09be\u09a8, \u09ae\u09be\u09b2\u09bf\u0995\u09be\u09a8\u09be \u09b9\u09b8\u09cd\u09a4\u09be\u09a8\u09cd\u09a4\u09b0 \u09a8\u09af\u09bc, \u098f\u09ac\u0982 \u098f\u0987 \u09b2\u09be\u0987\u09b8\u09c7\u09a8\u09cd\u09b8\u09c7\u09b0 \u0985\u09a7\u09c0\u09a8\u09c7 \u0986\u09aa\u09a8\u09bf \u09aa\u09be\u09b0\u09ac\u09c7\u09a8 \u09a8\u09be:\u00a0<\/p>\n\n\n\n<ol class=\"wp-block-list\">\n<li>\u0989\u09aa\u0995\u09b0\u09a3\u0997\u09c1\u09b2\u09bf \u09b8\u0982\u09b6\u09cb\u09a7\u09a8 \u09ac\u09be \u0985\u09a8\u09c1\u09b2\u09bf\u09aa\u09bf \u0995\u09b0\u09be;\u00a0<\/li>\n\n\n\n<li>\u09af\u09c7\u0995\u09cb\u09a8\u09cb \u09ac\u09be\u09a3\u09bf\u099c\u09cd\u09af\u09bf\u0995 \u0989\u09a6\u09cd\u09a6\u09c7\u09b6\u09cd\u09af\u09c7, \u0985\u09a5\u09ac\u09be \u09af\u09c7\u0995\u09cb\u09a8\u09cb \u09aa\u09cd\u09b0\u0995\u09be\u09b6\u09cd\u09af \u09aa\u09cd\u09b0\u09a6\u09b0\u09cd\u09b6\u09a8\u09c7\u09b0 \u099c\u09a8\u09cd\u09af (\u09ac\u09be\u09a3\u09bf\u099c\u09cd\u09af\u09bf\u0995 \u09ac\u09be \u0985-\u09ac\u09be\u09a3\u09bf\u099c\u09cd\u09af\u09bf\u0995) \u0989\u09aa\u0995\u09b0\u09a3 \u09ac\u09cd\u09af\u09ac\u09b9\u09be\u09b0 \u0995\u09b0\u09c1\u09a8;\u00a0<\/li>\n\n\n\n<li>\u0993\u09af\u09bc\u09c7\u09ac\u09b8\u09be\u0987\u099f\u09c7 \u09a5\u09be\u0995\u09be \u09af\u09c7\u0995\u09cb\u09a8\u09cb \u09b8\u09ab\u09cd\u099f\u0993\u09af\u09bc\u09cd\u09af\u09be\u09b0 \u09a1\u09bf\u0995\u09ae\u09cd\u09aa\u09be\u0987\u09b2 \u09ac\u09be \u09ac\u09bf\u09aa\u09b0\u09c0\u09a4 \u09aa\u09cd\u09b0\u0995\u09cc\u09b6\u09b2\u09c0 \u0995\u09b0\u09be\u09b0 \u099a\u09c7\u09b7\u09cd\u099f\u09be \u0995\u09b0\u09be <strong>DateMobs \u09b8\u09ae\u09cd\u09aa\u09b0\u09cd\u0995\u09c7<\/strong>;\u00a0<\/li>\n\n\n\n<li>\u0989\u09aa\u0995\u09b0\u09a3 \u09a5\u09c7\u0995\u09c7 \u09af\u09c7\u0995\u09cb\u09a8\u09cb \u0995\u09aa\u09bf\u09b0\u09be\u0987\u099f \u09ac\u09be \u0985\u09a8\u09cd\u09af\u09be\u09a8\u09cd\u09af \u09ae\u09be\u09b2\u09bf\u0995\u09be\u09a8\u09be\u09a7\u09c0\u09a8 \u09b8\u09cd\u09ac\u09b0\u09b2\u09bf\u09aa\u09bf \u0985\u09aa\u09b8\u09be\u09b0\u09a3 \u0995\u09b0\u09c1\u09a8; \u0985\u09a5\u09ac\u09be\u00a0<\/li>\n\n\n\n<li>\u0989\u09aa\u0995\u09b0\u09a3\u0997\u09c1\u09b2\u09bf \u0985\u09a8\u09cd\u09af \u09ac\u09cd\u09af\u0995\u09cd\u09a4\u09bf\u09b0 \u0995\u09be\u099b\u09c7 \u09b8\u09cd\u09a5\u09be\u09a8\u09be\u09a8\u09cd\u09a4\u09b0 \u0995\u09b0\u09c1\u09a8 \u0985\u09a5\u09ac\u09be \u0985\u09a8\u09cd\u09af \u0995\u09cb\u09a8\u0993 \u09b8\u09be\u09b0\u09cd\u09ad\u09be\u09b0\u09c7 \u0989\u09aa\u0995\u09b0\u09a3\u0997\u09c1\u09b2\u09bf &#039;\u09ae\u09bf\u09b0\u09b0&#039; \u0995\u09b0\u09c1\u09a8\u0964<\/li>\n<\/ol>\n\n\n\n<p>\u098f\u0987 \u09ac\u09bf\u09a7\u09bf\u09a8\u09bf\u09b7\u09c7\u09a7\u0997\u09c1\u09b2\u09bf\u09b0 \u09af\u09c7\u0995\u09cb\u09a8\u09cb \u098f\u0995\u099f\u09bf \u09b2\u0999\u09cd\u0998\u09a8 \u0995\u09b0\u09b2\u09c7 \u098f\u0987 \u09b2\u09be\u0987\u09b8\u09c7\u09a8\u09cd\u09b8\u099f\u09bf \u09b8\u09cd\u09ac\u09af\u09bc\u0982\u0995\u09cd\u09b0\u09bf\u09af\u09bc\u09ad\u09be\u09ac\u09c7 \u09ac\u09be\u09a4\u09bf\u09b2 \u09b9\u09af\u09bc\u09c7 \u09af\u09be\u09ac\u09c7 \u098f\u09ac\u0982 \u098f\u09b0 \u09a6\u09cd\u09ac\u09be\u09b0\u09be \u09ac\u09be\u09a4\u09bf\u09b2 \u0995\u09b0\u09be \u09b9\u09a4\u09c7 \u09aa\u09be\u09b0\u09c7 <strong>DateMobs \u09b8\u09ae\u09cd\u09aa\u09b0\u09cd\u0995\u09c7 <\/strong>\u09af\u09c7\u0995\u09cb\u09a8\u09cb \u09b8\u09ae\u09af\u09bc\u0964 \u098f\u0987 \u0989\u09aa\u0995\u09b0\u09a3\u0997\u09c1\u09b2\u09bf \u09a6\u09c7\u0996\u09be \u09ac\u09a8\u09cd\u09a7 \u0995\u09b0\u09be\u09b0 \u09aa\u09b0\u09c7 \u0985\u09a5\u09ac\u09be \u098f\u0987 \u09b2\u09be\u0987\u09b8\u09c7\u09a8\u09cd\u09b8\u09c7\u09b0 \u09b8\u09ae\u09be\u09aa\u09cd\u09a4\u09bf\u09b0 \u09aa\u09b0\u09c7, \u0986\u09aa\u09a8\u09be\u09b0 \u0995\u09be\u099b\u09c7 \u09a5\u09be\u0995\u09be \u0987\u09b2\u09c7\u0995\u099f\u09cd\u09b0\u09a8\u09bf\u0995 \u09ac\u09be \u09ae\u09c1\u09a6\u09cd\u09b0\u09bf\u09a4 \u09af\u09c7\u0995\u09cb\u09a8\u09cb \u09a1\u09be\u0989\u09a8\u09b2\u09cb\u09a1 \u0995\u09b0\u09be \u0989\u09aa\u0995\u09b0\u09a3 \u09a7\u09cd\u09ac\u0982\u09b8 \u0995\u09b0\u09a4\u09c7 \u09b9\u09ac\u09c7\u0964<\/p>\n\n\n\n<h2 class=\"wp-block-heading\"><strong>\u09e9. \u09a6\u09be\u09ac\u09bf\u09a4\u09cd\u09af\u09be\u0997<\/strong><\/h2>\n\n\n\n<ol class=\"wp-block-list\">\n<li>\u0993\u09af\u09bc\u09c7\u09ac\u09b8\u09be\u0987\u099f\u09c7\u09b0 \u0989\u09aa\u0995\u09b0\u09a3\u0997\u09c1\u09b2\u09bf <strong>DateMobs \u09b8\u09ae\u09cd\u09aa\u09b0\u09cd\u0995\u09c7 <\/strong>&#039;\u09af\u09c7\u09ae\u09a8 \u0986\u099b\u09c7&#039; \u09a4\u09c7\u09ae\u09a8\u0987 \u09aa\u09cd\u09b0\u09a6\u09be\u09a8 \u0995\u09b0\u09be \u09b9\u09af\u09bc\u0964 <strong>DateMobs \u09b8\u09ae\u09cd\u09aa\u09b0\u09cd\u0995\u09c7 <\/strong>\u09aa\u09cd\u09b0\u0995\u09be\u09b6\u09cd\u09af \u09ac\u09be \u0985\u09a8\u09cd\u09a4\u09b0\u09cd\u09a8\u09bf\u09b9\u09bf\u09a4 \u0995\u09cb\u09a8\u0993 \u0993\u09af\u09bc\u09be\u09b0\u09c7\u09a8\u09cd\u099f\u09bf \u09a6\u09c7\u09af\u09bc \u09a8\u09be \u098f\u09ac\u0982 \u098f\u09a4\u09a6\u09cd\u09ac\u09be\u09b0\u09be \u0985\u09a8\u09cd\u09af\u09be\u09a8\u09cd\u09af \u09b8\u09ae\u09b8\u09cd\u09a4 \u0993\u09af\u09bc\u09be\u09b0\u09c7\u09a8\u09cd\u099f\u09bf \u0985\u09b8\u09cd\u09ac\u09c0\u0995\u09be\u09b0 \u098f\u09ac\u0982 \u09ac\u09be\u09a4\u09bf\u09b2 \u0995\u09b0\u09c7, \u09af\u09be\u09b0 \u09ae\u09a7\u09cd\u09af\u09c7 \u09b0\u09af\u09bc\u09c7\u099b\u09c7 \u09b8\u09c0\u09ae\u09be\u09ac\u09a6\u09cd\u09a7\u09a4\u09be \u099b\u09be\u09a1\u09bc\u09be\u0987, \u0985\u09a8\u09cd\u09a4\u09b0\u09cd\u09a8\u09bf\u09b9\u09bf\u09a4 \u0993\u09af\u09bc\u09be\u09b0\u09c7\u09a8\u09cd\u099f\u09bf \u09ac\u09be \u09ac\u09cd\u09af\u09ac\u09b8\u09be\u09af\u09bc\u09bf\u0995\u09a4\u09be\u09b0 \u09b6\u09b0\u09cd\u09a4\u09be\u09ac\u09b2\u09c0, \u0995\u09cb\u09a8\u0993 \u09a8\u09bf\u09b0\u09cd\u09a6\u09bf\u09b7\u09cd\u099f \u0989\u09a6\u09cd\u09a6\u09c7\u09b6\u09cd\u09af\u09c7 \u0989\u09aa\u09af\u09c1\u0995\u09cd\u09a4\u09a4\u09be, \u09ac\u09be \u09ac\u09cc\u09a6\u09cd\u09a7\u09bf\u0995 \u09b8\u09ae\u09cd\u09aa\u09a4\u09cd\u09a4\u09bf\u09b0 \u0985-\u09b2\u0999\u09cd\u0998\u09a8 \u09ac\u09be \u0985\u09a7\u09bf\u0995\u09be\u09b0\u09c7\u09b0 \u0985\u09a8\u09cd\u09af\u09be\u09a8\u09cd\u09af \u09b2\u0999\u09cd\u0998\u09a8\u0964<\/li>\n\n\n\n<li>\u0985\u09a7\u09bf\u0995\u09a8\u09cd\u09a4\u09c1, <strong>DateMobs \u09b8\u09ae\u09cd\u09aa\u09b0\u09cd\u0995\u09c7 <\/strong>\u09a4\u09be\u09b0 \u0993\u09af\u09bc\u09c7\u09ac\u09b8\u09be\u0987\u099f\u09c7 \u09ac\u09be \u0985\u09a8\u09cd\u09af\u09a5\u09be\u09af\u09bc \u098f\u0987 \u09a7\u09b0\u09a3\u09c7\u09b0 \u0989\u09aa\u0995\u09b0\u09a3 \u09ac\u09be \u098f\u0987 \u09b8\u09be\u0987\u099f\u09c7\u09b0 \u09b8\u09be\u09a5\u09c7 \u09b2\u09bf\u0999\u09cd\u0995 \u0995\u09b0\u09be \u0995\u09cb\u09a8\u0993 \u09b8\u09be\u0987\u099f\u09c7\u09b0 \u09b8\u09be\u09a5\u09c7 \u09b8\u09ae\u09cd\u09aa\u09b0\u09cd\u0995\u09bf\u09a4 \u0989\u09aa\u0995\u09b0\u09a3\u0997\u09c1\u09b2\u09bf\u09b0 \u09ac\u09cd\u09af\u09ac\u09b9\u09be\u09b0\u09c7\u09b0 \u09a8\u09bf\u09b0\u09cd\u09ad\u09c1\u09b2\u09a4\u09be, \u09b8\u09ae\u09cd\u09ad\u09be\u09ac\u09cd\u09af \u09ab\u09b2\u09be\u09ab\u09b2 \u09ac\u09be \u09a8\u09bf\u09b0\u09cd\u09ad\u09b0\u09af\u09cb\u0997\u09cd\u09af\u09a4\u09be \u09b8\u09ae\u09cd\u09aa\u09b0\u09cd\u0995\u09c7 \u0995\u09cb\u09a8\u0993 \u0993\u09af\u09bc\u09be\u09b0\u09c7\u09a8\u09cd\u099f\u09bf \u09a6\u09c7\u09af\u09bc \u09a8\u09be \u09ac\u09be \u0995\u09cb\u09a8\u0993 \u0989\u09aa\u09b8\u09cd\u09a5\u09be\u09aa\u09a8\u09be \u0995\u09b0\u09c7 \u09a8\u09be\u0964<\/li>\n<\/ol>\n\n\n\n<h2 class=\"wp-block-heading\"><strong>\u09ea. \u09b8\u09c0\u09ae\u09be\u09ac\u09a6\u09cd\u09a7\u09a4\u09be<\/strong><\/h2>\n\n\n\n<p>\u0995\u09cb\u09a8\u0993 \u0985\u09ac\u09b8\u09cd\u09a5\u09be\u09a4\u09c7\u0987 <strong>DateMobs \u09b8\u09ae\u09cd\u09aa\u09b0\u09cd\u0995\u09c7 <\/strong>\u0985\u09a5\u09ac\u09be \u098f\u09b0 \u09b8\u09b0\u09ac\u09b0\u09be\u09b9\u0995\u09be\u09b0\u09c0\u09b0\u09be \u0989\u09aa\u0995\u09b0\u09a3 \u09ac\u09cd\u09af\u09ac\u09b9\u09be\u09b0 \u09ac\u09be \u09ac\u09cd\u09af\u09ac\u09b9\u09be\u09b0\u09c7 \u0985\u0995\u09cd\u09b7\u09ae\u09a4\u09be\u09b0 \u0995\u09be\u09b0\u09a3\u09c7 \u0989\u09a6\u09cd\u09ad\u09c2\u09a4 \u09af\u09c7\u0995\u09cb\u09a8\u09cb \u0995\u09cd\u09b7\u09a4\u09bf\u09b0 \u099c\u09a8\u09cd\u09af (\u09b8\u09c0\u09ae\u09be \u099b\u09be\u09a1\u09bc\u09be\u0987, \u09a1\u09c7\u099f\u09be \u09ac\u09be \u09b2\u09be\u09ad\u09c7\u09b0 \u0995\u09cd\u09b7\u09a4\u09bf\u09b0 \u099c\u09a8\u09cd\u09af \u0995\u09cd\u09b7\u09a4\u09bf, \u0985\u09a5\u09ac\u09be \u09ac\u09cd\u09af\u09ac\u09b8\u09be\u09af\u09bc\u09bf\u0995 \u09ac\u09be\u09a7\u09be\u09b0 \u0995\u09be\u09b0\u09a3\u09c7 \u0995\u09cd\u09b7\u09a4\u09bf \u09b8\u09b9) \u09a6\u09be\u09af\u09bc\u09c0 \u09a5\u09be\u0995\u09ac\u09c7\u0964 <strong>DateMobs \u09b8\u09ae\u09cd\u09aa\u09b0\u09cd\u0995\u09c7<\/strong>, \u09af\u09a6\u09bf\u0993 <strong>DateMobs \u09b8\u09ae\u09cd\u09aa\u09b0\u09cd\u0995\u09c7 <\/strong>\u0985\u09a5\u09ac\u09be \u098f\u09b0 \u098f\u0995\u099c\u09a8 \u0985\u09a8\u09c1\u09ae\u09cb\u09a6\u09bf\u09a4 \u09aa\u09cd\u09b0\u09a4\u09bf\u09a8\u09bf\u09a7\u09bf <strong>DateMobs \u09b8\u09ae\u09cd\u09aa\u09b0\u09cd\u0995\u09c7 <\/strong>\u098f\u0987 \u09a7\u09b0\u09a8\u09c7\u09b0 \u0995\u09cd\u09b7\u09a4\u09bf\u09b0 \u09b8\u09ae\u09cd\u09ad\u09be\u09ac\u09a8\u09be \u09b8\u09ae\u09cd\u09aa\u09b0\u09cd\u0995\u09c7 \u09ae\u09cc\u0996\u09bf\u0995 \u09ac\u09be \u09b2\u09bf\u0996\u09bf\u09a4\u09ad\u09be\u09ac\u09c7 \u0985\u09ac\u09b9\u09bf\u09a4 \u0995\u09b0\u09be \u09b9\u09af\u09bc\u09c7\u099b\u09c7\u0964 \u09af\u09c7\u09b9\u09c7\u09a4\u09c1 \u0995\u09bf\u099b\u09c1 \u09ac\u09bf\u099a\u09be\u09b0\u09ac\u09cd\u09af\u09ac\u09b8\u09cd\u09a5\u09be \u0985\u09a8\u09cd\u09a4\u09b0\u09cd\u09a8\u09bf\u09b9\u09bf\u09a4 \u0993\u09af\u09bc\u09be\u09b0\u09c7\u09a8\u09cd\u099f\u09bf\u09b0 \u0989\u09aa\u09b0 \u09b8\u09c0\u09ae\u09be\u09ac\u09a6\u09cd\u09a7\u09a4\u09be, \u0985\u09a5\u09ac\u09be \u0986\u09a8\u09c1\u09b7\u0999\u09cd\u0997\u09bf\u0995 \u09ac\u09be \u0986\u09a8\u09c1\u09b7\u0999\u09cd\u0997\u09bf\u0995 \u0995\u09cd\u09b7\u09a4\u09bf\u09b0 \u099c\u09a8\u09cd\u09af \u09a6\u09be\u09af\u09bc\u09ac\u09a6\u09cd\u09a7\u09a4\u09be\u09b0 \u09b8\u09c0\u09ae\u09be\u09ac\u09a6\u09cd\u09a7\u09a4\u09be \u0985\u09a8\u09c1\u09ae\u09cb\u09a6\u09a8 \u0995\u09b0\u09c7 \u09a8\u09be, \u09a4\u09be\u0987 \u098f\u0987 \u09b8\u09c0\u09ae\u09be\u09ac\u09a6\u09cd\u09a7\u09a4\u09be\u0997\u09c1\u09b2\u09bf \u0986\u09aa\u09a8\u09be\u09b0 \u0995\u09cd\u09b7\u09c7\u09a4\u09cd\u09b0\u09c7 \u09aa\u09cd\u09b0\u09af\u09cb\u099c\u09cd\u09af \u09a8\u09be\u0993 \u09b9\u09a4\u09c7 \u09aa\u09be\u09b0\u09c7\u0964<\/p>\n\n\n\n<h2 class=\"wp-block-heading\"><strong>\u09eb. \u0989\u09aa\u0995\u09b0\u09a3\u09c7\u09b0 \u09a8\u09bf\u09b0\u09cd\u09ad\u09c1\u09b2\u09a4\u09be<\/strong><\/h2>\n\n\n\n<p>\u0993\u09af\u09bc\u09c7\u09ac\u09b8\u09be\u0987\u099f\u09c7 \u09aa\u09cd\u09b0\u09a6\u09b0\u09cd\u09b6\u09bf\u09a4 \u0989\u09aa\u0995\u09b0\u09a3\u0997\u09c1\u09b2\u09bf <strong>DateMobs \u09b8\u09ae\u09cd\u09aa\u09b0\u09cd\u0995\u09c7 <\/strong>\u0995\u09be\u09b0\u09bf\u0997\u09b0\u09bf, \u099f\u09be\u0987\u09aa\u09cb\u0997\u09cd\u09b0\u09be\u09ab\u09bf\u0995 \u09ac\u09be \u09ab\u099f\u09cb\u0997\u09cd\u09b0\u09be\u09ab\u09bf\u0995 \u09a4\u09cd\u09b0\u09c1\u099f\u09bf \u0985\u09a8\u09cd\u09a4\u09b0\u09cd\u09ad\u09c1\u0995\u09cd\u09a4 \u09a5\u09be\u0995\u09a4\u09c7 \u09aa\u09be\u09b0\u09c7\u0964 <strong>DateMobs \u09b8\u09ae\u09cd\u09aa\u09b0\u09cd\u0995\u09c7 <\/strong>\u098f\u09b0 \u0993\u09af\u09bc\u09c7\u09ac\u09b8\u09be\u0987\u099f\u09c7\u09b0 \u0995\u09cb\u09a8\u0993 \u0989\u09aa\u09be\u09a6\u09be\u09a8 \u09b8\u09a0\u09bf\u0995, \u09b8\u09ae\u09cd\u09aa\u09c2\u09b0\u09cd\u09a3 \u09ac\u09be \u09ac\u09b0\u09cd\u09a4\u09ae\u09be\u09a8\u09c7\u09b0 \u09a8\u09bf\u09b6\u09cd\u099a\u09af\u09bc\u09a4\u09be \u09a6\u09c7\u09af\u09bc \u09a8\u09be\u0964 <strong>DateMobs \u09b8\u09ae\u09cd\u09aa\u09b0\u09cd\u0995\u09c7 <\/strong>\u09af\u09c7\u0995\u09cb\u09a8\u09cb \u09b8\u09ae\u09af\u09bc \u0995\u09cb\u09a8\u0993 \u09a8\u09cb\u099f\u09bf\u09b6 \u099b\u09be\u09a1\u09bc\u09be\u0987 \u09a4\u09be\u09b0 \u0993\u09af\u09bc\u09c7\u09ac\u09b8\u09be\u0987\u099f\u09c7 \u09a5\u09be\u0995\u09be \u0989\u09aa\u0995\u09b0\u09a3\u0997\u09c1\u09b2\u09bf\u09a4\u09c7 \u09aa\u09b0\u09bf\u09ac\u09b0\u09cd\u09a4\u09a8 \u0986\u09a8\u09a4\u09c7 \u09aa\u09be\u09b0\u09c7\u0964 \u09a4\u09ac\u09c7, <strong>DateMobs \u09b8\u09ae\u09cd\u09aa\u09b0\u09cd\u0995\u09c7 <\/strong>\u0989\u09aa\u0995\u09b0\u09a3 \u0986\u09aa\u09a1\u09c7\u099f \u0995\u09b0\u09be\u09b0 \u09a6\u09be\u09af\u09bc\u09bf\u09a4\u09cd\u09ac \u09a8\u09c7\u09af\u09bc \u09a8\u09be\u0964<\/p>\n\n\n\n<h2 class=\"wp-block-heading\"><strong>6. \u09b2\u09bf\u0999\u09cd\u0995<\/strong><\/h2>\n\n\n\n<p>\u09a6\u09cd\u09af <strong>DateMobs \u09b8\u09ae\u09cd\u09aa\u09b0\u09cd\u0995\u09c7 <\/strong>\u09a4\u09be\u09b0 \u0993\u09af\u09bc\u09c7\u09ac\u09b8\u09be\u0987\u099f\u09c7\u09b0 \u09b8\u09be\u09a5\u09c7 \u09b2\u09bf\u0999\u09cd\u0995 \u0995\u09b0\u09be \u09b8\u09ae\u09b8\u09cd\u09a4 \u09b8\u09be\u0987\u099f \u09aa\u09b0\u09cd\u09af\u09be\u09b2\u09cb\u099a\u09a8\u09be \u0995\u09b0\u09c7\u09a8\u09bf \u098f\u09ac\u0982 \u098f\u0987 \u09a7\u09b0\u09a8\u09c7\u09b0 \u0995\u09cb\u09a8\u0993 \u09b2\u09bf\u0999\u09cd\u0995 \u0995\u09b0\u09be \u09b8\u09be\u0987\u099f\u09c7\u09b0 \u09ac\u09bf\u09b7\u09af\u09bc\u09ac\u09b8\u09cd\u09a4\u09c1\u09b0 \u099c\u09a8\u09cd\u09af \u09a6\u09be\u09af\u09bc\u09c0 \u09a8\u09af\u09bc\u0964 \u0995\u09cb\u09a8\u0993 \u09b2\u09bf\u0999\u09cd\u0995 \u0985\u09a8\u09cd\u09a4\u09b0\u09cd\u09ad\u09c1\u0995\u09cd\u09a4 \u0995\u09b0\u09be\u09b0 \u0985\u09b0\u09cd\u09a5 \u098f\u0987 \u09a8\u09af\u09bc \u09af\u09c7 \u098f\u09b0 \u09a6\u09cd\u09ac\u09be\u09b0\u09be \u0985\u09a8\u09c1\u09ae\u09cb\u09a6\u09a8 \u0995\u09b0\u09be \u09b9\u09af\u09bc\u09c7\u099b\u09c7 <strong>DateMobs \u09b8\u09ae\u09cd\u09aa\u09b0\u09cd\u0995\u09c7 <\/strong>\u0993\u09af\u09bc\u09c7\u09ac\u09b8\u09be\u0987\u099f\u09c7\u09b0\u0964 \u09af\u09c7\u0995\u09cb\u09a8\u09cb \u09b2\u09bf\u0999\u09cd\u0995\u09af\u09c1\u0995\u09cd\u09a4 \u0993\u09af\u09bc\u09c7\u09ac\u09b8\u09be\u0987\u099f\u09c7\u09b0 \u09ac\u09cd\u09af\u09ac\u09b9\u09be\u09b0 \u09ac\u09cd\u09af\u09ac\u09b9\u09be\u09b0\u0995\u09be\u09b0\u09c0\u09b0 \u09a8\u09bf\u099c\u09b8\u09cd\u09ac \u099d\u09c1\u0981\u0995\u09bf\u09a4\u09c7\u0964<\/p>\n\n\n\n<h3 class=\"wp-block-heading\"><strong>\u09aa\u09b0\u09bf\u09ac\u09b0\u09cd\u09a4\u09a8<\/strong><\/h3>\n\n\n\n<p>\u09a6\u09cd\u09af <strong>DateMobs \u09b8\u09ae\u09cd\u09aa\u09b0\u09cd\u0995\u09c7 <\/strong>\u09af\u09c7\u0995\u09cb\u09a8\u09cb \u09b8\u09ae\u09af\u09bc \u0995\u09cb\u09a8\u0993 \u09a8\u09cb\u099f\u09bf\u09b6 \u099b\u09be\u09a1\u09bc\u09be\u0987 \u098f\u0987 \u0993\u09af\u09bc\u09c7\u09ac\u09b8\u09be\u0987\u099f\u09c7\u09b0 \u09aa\u09b0\u09bf\u09b7\u09c7\u09ac\u09be\u09b0 \u09b6\u09b0\u09cd\u09a4\u09be\u09ac\u09b2\u09c0 \u09b8\u0982\u09b6\u09cb\u09a7\u09a8 \u0995\u09b0\u09a4\u09c7 \u09aa\u09be\u09b0\u09c7\u0964 \u098f\u0987 \u0993\u09af\u09bc\u09c7\u09ac\u09b8\u09be\u0987\u099f\u099f\u09bf \u09ac\u09cd\u09af\u09ac\u09b9\u09be\u09b0 \u0995\u09b0\u09c7 \u0986\u09aa\u09a8\u09bf \u098f\u0987 \u09aa\u09b0\u09bf\u09b7\u09c7\u09ac\u09be\u09b0 \u09b6\u09b0\u09cd\u09a4\u09be\u09ac\u09b2\u09c0\u09b0 \u09a4\u09ce\u0995\u09be\u09b2\u09c0\u09a8 \u09ac\u09b0\u09cd\u09a4\u09ae\u09be\u09a8 \u09b8\u0982\u09b8\u09cd\u0995\u09b0\u09a3 \u09a6\u09cd\u09ac\u09be\u09b0\u09be \u0986\u09ac\u09a6\u09cd\u09a7 \u09b9\u09a4\u09c7 \u09b8\u09ae\u09cd\u09ae\u09a4 \u09b9\u099a\u09cd\u099b\u09c7\u09a8\u0964<\/p>\n\n\n\n<h3 class=\"wp-block-heading\"><strong>\u09aa\u09cd\u09b0\u09af\u09cb\u099c\u09cd\u09af \u0986\u0987\u09a8<\/strong><\/h3>\n\n\n\n<p>\u098f\u0987 \u09b6\u09b0\u09cd\u09a4\u09be\u09ac\u09b2\u09c0 \u0986\u0987\u09a8 \u09a6\u09cd\u09ac\u09be\u09b0\u09be \u09a8\u09bf\u09af\u09bc\u09a8\u09cd\u09a4\u09cd\u09b0\u09bf\u09a4 \u098f\u09ac\u0982 \u09ac\u09cd\u09af\u09be\u0996\u09cd\u09af\u09be \u0995\u09b0\u09be \u09b9\u09af\u09bc <strong>DateMobs \u09b8\u09ae\u09cd\u09aa\u09b0\u09cd\u0995\u09c7 <\/strong>\u098f\u09ac\u0982 \u0986\u09aa\u09a8\u09bf \u0985\u09aa\u09b0\u09bf\u09ac\u09b0\u09cd\u09a4\u09a8\u09c0\u09af\u09bc\u09ad\u09be\u09ac\u09c7 \u09b8\u09c7\u0987 \u09b0\u09be\u099c\u09cd\u09af \u09ac\u09be \u09b8\u09cd\u09a5\u09be\u09a8\u09c7\u09b0 \u0986\u09a6\u09be\u09b2\u09a4\u09c7\u09b0 \u098f\u0995\u099a\u09c7\u099f\u09bf\u09af\u09bc\u09be \u098f\u0996\u09a4\u09bf\u09af\u09bc\u09be\u09b0\u09c7\u09b0 \u0995\u09be\u099b\u09c7 \u0986\u09a4\u09cd\u09ae\u09b8\u09ae\u09b0\u09cd\u09aa\u09a3 \u0995\u09b0\u09c7\u09a8\u0964<\/p>","protected":false},"excerpt":{"rendered":"<p>1. Termos Ao acessar ao site DateMobs, concorda em cumprir estes termos de servi\u00e7o, todas as leis e regulamentos aplic\u00e1veis \u200b\u200be concorda que \u00e9 respons\u00e1vel pelo cumprimento de todas as leis locais aplic\u00e1veis. Se voc\u00ea n\u00e3o concordar com algum desses termos, est\u00e1 proibido de usar ou acessar este site. Os materiais contidos neste site s\u00e3o &#8230; <a title=\"\u09ac\u09cd\u09af\u09ac\u09b9\u09be\u09b0\u09c7\u09b0 \u09b6\u09b0\u09cd\u09a4\u09be\u09ac\u09b2\u09c0\" class=\"read-more\" href=\"https:\/\/datemobs.com\/bn\/%e0%a6%ac%e0%a7%8d%e0%a6%af%e0%a6%ac%e0%a6%b9%e0%a6%be%e0%a6%b0%e0%a7%87%e0%a6%b0-%e0%a6%b6%e0%a6%b0%e0%a7%8d%e0%a6%a4%e0%a6%be%e0%a6%ac%e0%a6%b2%e0%a7%80\/\" aria-label=\"Read more about Termos de Uso\">\u0986\u09b0\u0993 \u09aa\u09a1\u09bc\u09c1\u09a8<\/a><\/p>","protected":false},"author":1,"featured_media":0,"parent":0,"menu_order":0,"comment_status":"closed","ping_status":"closed","template":"","meta":{"footnotes":""},"class_list":["post-850","page","type-page","status-publish"],"_links":{"self":[{"href":"https:\/\/datemobs.com\/bn\/wp-json\/wp\/v2\/pages\/850","targetHints":{"allow":["GET"]}}],"collection":[{"href":"https:\/\/datemobs.com\/bn\/wp-json\/wp\/v2\/pages"}],"about":[{"href":"https:\/\/datemobs.com\/bn\/wp-json\/wp\/v2\/types\/page"}],"author":[{"embeddable":true,"href":"https:\/\/datemobs.com\/bn\/wp-json\/wp\/v2\/users\/1"}],"replies":[{"embeddable":true,"href":"https:\/\/datemobs.com\/bn\/wp-json\/wp\/v2\/comments?post=850"}],"version-history":[{"count":1,"href":"https:\/\/datemobs.com\/bn\/wp-json\/wp\/v2\/pages\/850\/revisions"}],"predecessor-version":[{"id":851,"href":"https:\/\/datemobs.com\/bn\/wp-json\/wp\/v2\/pages\/850\/revisions\/851"}],"wp:attachment":[{"href":"https:\/\/datemobs.com\/bn\/wp-json\/wp\/v2\/media?parent=850"}],"curies":[{"name":"wp","href":"https:\/\/api.w.org\/{rel}","templated":true}]}}