{"id":3,"date":"2025-03-22T05:11:17","date_gmt":"2025-03-22T05:11:17","guid":{"rendered":"https:\/\/datemobs.com\/?page_id=3"},"modified":"2025-03-22T05:38:42","modified_gmt":"2025-03-22T05:38:42","slug":"zasady-ochrany-osobnich-udaju","status":"publish","type":"page","link":"https:\/\/datemobs.com\/cs\/zasady-ochrany-osobnich-udaju\/","title":{"rendered":"Z\u00e1sady ochrany osobn\u00edch \u00fadaj\u016f"},"content":{"rendered":"<p><span style=\"color: #444444;\">Va\u0161e soukrom\u00ed je pro n\u00e1s d\u016fle\u017eit\u00e9. Je to politika <strong>DateMobs<\/strong> respektovat va\u0161e soukrom\u00ed ohledn\u011b jak\u00fdchkoli informac\u00ed, kter\u00e9 od v\u00e1s na webu m\u016f\u017eeme shrom\u00e1\u017edit <strong><a href=\"\/cs\/datemobs.com\/\">DateMobs<\/a><\/strong>a dal\u0161\u00ed webov\u00e9 str\u00e1nky, kter\u00e9 vlastn\u00edme a provozujeme.<\/span><\/p>\n<p><span style=\"color: #444444;\">Osobn\u00ed \u00fadaje po\u017eadujeme pouze tehdy, kdy\u017e je skute\u010dn\u011b pot\u0159ebujeme k tomu, abychom v\u00e1m mohli poskytovat slu\u017ebu. \u010cin\u00edme tak spravedliv\u00fdmi a z\u00e1konn\u00fdmi prost\u0159edky, s va\u0161\u00edm v\u011bdom\u00edm a souhlasem. Tak\u00e9 v\u00e1m d\u00e1me v\u011bd\u011bt, pro\u010d jej sb\u00edr\u00e1me a jak bude pou\u017eit.<\/span><\/p>\n<p><span style=\"color: #444444;\">Shrom\u00e1\u017ed\u011bn\u00e9 informace uchov\u00e1v\u00e1me pouze po dobu nezbytn\u011b nutnou k tomu, abychom v\u00e1m mohli poskytnout v\u00e1mi po\u017eadovanou slu\u017ebu. Jak\u00e1 data uchov\u00e1v\u00e1me, budeme chr\u00e1nit v r\u00e1mci komer\u010dn\u011b p\u0159ijateln\u00fdch prost\u0159edk\u016f, abychom zabr\u00e1nili ztr\u00e1t\u011b a kr\u00e1de\u017ei, stejn\u011b jako neopr\u00e1vn\u011bn\u00e9mu p\u0159\u00edstupu, zve\u0159ejn\u011bn\u00ed, kop\u00edrov\u00e1n\u00ed, pou\u017eit\u00ed nebo \u00faprav\u011b.<\/span><\/p>\n<p><span style=\"color: #444444;\">Nesd\u00edl\u00edme \u017e\u00e1dn\u00e9 osobn\u00ed identifika\u010dn\u00ed \u00fadaje ve\u0159ejn\u011b ani se t\u0159et\u00edmi stranami, s v\u00fdjimkou p\u0159\u00edpad\u016f, kdy to vy\u017eaduje z\u00e1kon.<\/span><\/p>\n<p><span style=\"color: #444444;\">Na\u0161e webov\u00e9 str\u00e1nky mohou obsahovat odkazy na extern\u00ed webov\u00e9 str\u00e1nky, kter\u00e9 neprovozujeme. Uv\u011bdomte si pros\u00edm, \u017ee nem\u00e1me \u017e\u00e1dnou kontrolu nad obsahem a praktikami t\u011bchto str\u00e1nek a nem\u016f\u017eeme za n\u011b p\u0159ijmout odpov\u011bdnost\u00a0<\/span><a style=\"background-color: transparent; color: #444444;\" href=\"https:\/\/politicaprivacidade.com\/\" target=\"_blank\" rel=\"noopener noreferrer\">z\u00e1sady ochrany osobn\u00edch \u00fadaj\u016f<\/a><span style=\"color: #444444;\">.<\/span><\/p>\n<p><span style=\"color: #444444;\">M\u016f\u017eete odm\u00edtnout na\u0161i \u017e\u00e1dost o va\u0161e osobn\u00ed \u00fadaje s t\u00edm, \u017ee v\u00e1m mo\u017en\u00e1 nebudeme moci poskytnout n\u011bkter\u00e9 z v\u00e1mi po\u017eadovan\u00fdch slu\u017eeb.<\/span><\/p>\n<p><span style=\"color: #444444;\">Va\u0161e dal\u0161\u00ed pou\u017e\u00edv\u00e1n\u00ed na\u0161ich webov\u00fdch str\u00e1nek bude pova\u017eov\u00e1no za p\u0159ijet\u00ed na\u0161ich postup\u016f v oblasti ochrany osobn\u00edch \u00fadaj\u016f a osobn\u00edch \u00fadaj\u016f. M\u00e1te-li jak\u00e9koli dotazy ohledn\u011b toho, jak nakl\u00e1d\u00e1me s u\u017eivatelsk\u00fdmi \u00fadaji a osobn\u00edmi \u00fadaji, kontaktujte n\u00e1s.<\/span><\/p>\n<ul>\n<li><span style=\"color: #444444;\">Slu\u017eba Google AdSense, kterou pou\u017e\u00edv\u00e1me k zobrazov\u00e1n\u00ed reklam, pou\u017e\u00edv\u00e1 soubor cookie DoubleClick k zobrazov\u00e1n\u00ed relevantn\u011bj\u0161\u00edch reklam na webu a omezuje po\u010det zobrazen\u00ed dan\u00e9 reklamy.<\/span><\/li>\n<li><span style=\"color: #444444;\">Dal\u0161\u00ed informace o Google AdSense naleznete v ofici\u00e1ln\u00edch nej\u010dast\u011bj\u0161\u00edch dotazech ohledn\u011b ochrany osobn\u00edch \u00fadaj\u016f Google AdSense.<\/span><\/li>\n<li><span style=\"color: #444444;\">Reklamy pou\u017e\u00edv\u00e1me ke kompenzaci n\u00e1klad\u016f na provoz t\u011bchto webov\u00fdch str\u00e1nek a poskytov\u00e1n\u00ed finan\u010dn\u00edch prost\u0159edk\u016f na budouc\u00ed rozvoj. Behavior\u00e1ln\u00ed reklamn\u00ed cookies pou\u017e\u00edvan\u00e9 touto str\u00e1nkou jsou navr\u017eeny tak, aby zajistily, \u017ee v\u00e1m poskytneme ty nejrelevantn\u011bj\u0161\u00ed reklamy, kde je to mo\u017en\u00e9, anonymn\u00edm sledov\u00e1n\u00edm va\u0161ich z\u00e1jm\u016f a prezentac\u00ed podobn\u00fdch v\u011bc\u00ed, kter\u00e9 by v\u00e1s mohly zaj\u00edmat.<\/span><\/li>\n<li><span style=\"color: #444444;\">N\u011bkolik partner\u016f inzeruje na\u0161\u00edm jm\u00e9nem a soubory cookie pro sledov\u00e1n\u00ed affiliate partner\u016f n\u00e1m jednodu\u0161e umo\u017e\u0148uj\u00ed zjistit, zda na\u0161i z\u00e1kazn\u00edci p\u0159i\u0161li na web prost\u0159ednictv\u00edm n\u011bkter\u00e9ho z na\u0161ich partnersk\u00fdch web\u016f, abychom jim mohli n\u00e1le\u017eit\u011b p\u0159ipsat kredit a p\u0159\u00edpadn\u011b umo\u017enit na\u0161im affiliate partner\u016fm poskytnout jak\u00fdkoli bonus, kter\u00fd v\u00e1m mohou poskytnout za n\u00e1kup.<\/span><\/li>\n<\/ul>\n<h3><strong><span style=\"color: #444444;\">Z\u00e1vazek u\u017eivatele<\/span><\/strong><\/h3>\n<p><span style=\"color: #444444;\">U\u017eivatel se zavazuje n\u00e1le\u017eit\u011b vyu\u017e\u00edvat obsah a informace, kter\u00e9 <strong>DateMobs<\/strong> nab\u00eddky na webov\u00fdch str\u00e1nk\u00e1ch a jako p\u0159\u00edklad, ale nejen:<\/span><\/p>\n<ul>\n<li><span style=\"color: #444444;\">A) nezapojovat se do \u010dinnost\u00ed, kter\u00e9 jsou nez\u00e1konn\u00e9 nebo jsou v rozporu s dobrou v\u00edrou a ve\u0159ejn\u00fdm po\u0159\u00e1dkem;<\/span><\/li>\n<li><span style=\"color: #444444;\">B) ne\u0161\u00ed\u0159it propagandu nebo obsah rasistick\u00e9, xenofobn\u00ed povahy, <\/span><span style=\"color: #212529;\">166bet<\/span><span style=\"color: #444444;\"> nebo sm\u016fla, jak\u00fdkoli druh nez\u00e1konn\u00e9 pornografie na podporu terorismu nebo proti lidsk\u00fdm pr\u00e1v\u016fm;<\/span><\/li>\n<li><span style=\"color: #444444;\">C) Nepo\u0161kozujte fyzick\u00e9 (hardwarov\u00e9) a logick\u00e9 (softwarov\u00e9) syst\u00e9my po\u010d\u00edta\u010de <strong>DateMobs<\/strong>, jej\u00ed dodavatel\u00e9 nebo t\u0159et\u00ed strany, k zav\u00e1d\u011bn\u00ed nebo \u0161\u00ed\u0159en\u00ed po\u010d\u00edta\u010dov\u00fdch vir\u016f nebo jin\u00fdch hardwarov\u00fdch nebo softwarov\u00fdch syst\u00e9m\u016f, kter\u00e9 jsou schopny zp\u016fsobit v\u00fd\u0161e uveden\u00e9 \u0161kody.<\/span><\/li>\n<\/ul>\n<h3><strong><span style=\"color: #444444;\">V\u00edce informac\u00ed<\/span><\/strong><\/h3>\n<p><span style=\"color: #444444;\">Doufejme, \u017ee to pro v\u00e1s objasnilo v\u011bci, a jak ji\u017e bylo zm\u00edn\u011bno, pokud si nejste n\u011b\u010d\u00edm jisti, zda pot\u0159ebujete nebo ne, je obvykle bezpe\u010dn\u011bj\u0161\u00ed ponechat soubory cookie povolen\u00e9 pro p\u0159\u00edpad, \u017ee by to interagovalo s jednou z funkc\u00ed, kter\u00e9 na na\u0161em webu pou\u017e\u00edv\u00e1te.<\/span><\/p>\n<p><em><strong><span style=\"color: #444444;\">Tyto z\u00e1sady jsou \u00fa\u010dinn\u00e9 od 22. b\u0159ezna 2025 v 05:36.<\/span><\/strong><\/em><\/p>","protected":false},"excerpt":{"rendered":"<p>A sua privacidade \u00e9 importante para n\u00f3s. \u00c9 pol\u00edtica do DateMobs respeitar a sua privacidade em rela\u00e7\u00e3o a qualquer informa\u00e7\u00e3o sua que possamos coletar no site DateMobs, e outros sites que possu\u00edmos e operamos. Solicitamos informa\u00e7\u00f5es pessoais apenas quando realmente precisamos delas para lhe fornecer um servi\u00e7o. Fazemo-lo por meios justos e legais, com o &#8230; <a title=\"Z\u00e1sady ochrany osobn\u00edch \u00fadaj\u016f\" class=\"read-more\" href=\"https:\/\/datemobs.com\/cs\/zasady-ochrany-osobnich-udaju\/\" aria-label=\"\u010c\u00edst v\u00edce o Pol\u00edtica de Privacidade\">\u010d\u00edst d\u00e1le<\/a><\/p>","protected":false},"author":1,"featured_media":0,"parent":0,"menu_order":0,"comment_status":"closed","ping_status":"open","template":"","meta":{"footnotes":""},"class_list":["post-3","page","type-page","status-publish"],"_links":{"self":[{"href":"https:\/\/datemobs.com\/cs\/wp-json\/wp\/v2\/pages\/3","targetHints":{"allow":["GET"]}}],"collection":[{"href":"https:\/\/datemobs.com\/cs\/wp-json\/wp\/v2\/pages"}],"about":[{"href":"https:\/\/datemobs.com\/cs\/wp-json\/wp\/v2\/types\/page"}],"author":[{"embeddable":true,"href":"https:\/\/datemobs.com\/cs\/wp-json\/wp\/v2\/users\/1"}],"replies":[{"embeddable":true,"href":"https:\/\/datemobs.com\/cs\/wp-json\/wp\/v2\/comments?post=3"}],"version-history":[{"count":2,"href":"https:\/\/datemobs.com\/cs\/wp-json\/wp\/v2\/pages\/3\/revisions"}],"predecessor-version":[{"id":849,"href":"https:\/\/datemobs.com\/cs\/wp-json\/wp\/v2\/pages\/3\/revisions\/849"}],"wp:attachment":[{"href":"https:\/\/datemobs.com\/cs\/wp-json\/wp\/v2\/media?parent=3"}],"curies":[{"name":"wp","href":"https:\/\/api.w.org\/{rel}","templated":true}]}}