{"id":819,"date":"2022-11-08T18:30:39","date_gmt":"2022-11-08T18:30:39","guid":{"rendered":"https:\/\/sites.generatepress.com\/info\/?page_id=819"},"modified":"2025-03-22T05:35:13","modified_gmt":"2025-03-22T05:35:13","slug":"kdo-jsme","status":"publish","type":"page","link":"https:\/\/datemobs.com\/cs\/kdo-jsme\/","title":{"rendered":"Kdo jsme"},"content":{"rendered":"<p>V\u00edtejte v <strong>DateMobs.com<\/strong>, va\u0161e nov\u00e1 platforma pro propojen\u00ed lid\u00ed autentick\u00fdm a z\u00e1bavn\u00fdm zp\u016fsobem! Zde na <strong>DateMobs<\/strong>V\u011b\u0159\u00edme, \u017ee lidsk\u00e9 vztahy jsou podstatou \u017eivota a na\u0161\u00edm posl\u00e1n\u00edm je tato spojen\u00ed u\u010dinit dostupn\u011bj\u0161\u00edmi a smyslupln\u011bj\u0161\u00edmi pro ka\u017ed\u00e9ho.<\/p>\n\n\n\n<h2 class=\"wp-block-heading\">Na\u0161e posl\u00e1n\u00ed<\/h2>\n\n\n\n<p>Chceme zm\u011bnit zp\u016fsob, jak\u00fdm se lid\u00e9 setk\u00e1vaj\u00ed a interaguj\u00ed online. Kombinujeme \u0161pi\u010dkov\u00e9 technologie s lidsk\u00fdm p\u0159\u00edstupem, abyste si mohli naj\u00edt n\u011bkoho v\u00fdjime\u010dn\u00e9ho jednoduch\u00fdm, bezpe\u010dn\u00fdm a mo\u017enost\u00ed nabit\u00fdm zp\u016fsobem.<\/p>\n\n\n\n<h2 class=\"wp-block-heading\">Co n\u00e1s odli\u0161uje<\/h2>\n\n\n\n<ul class=\"wp-block-list\">\n<li><strong>Bezpe\u010dnost p\u0159edev\u0161\u00edm:<\/strong> Va\u0161e soukrom\u00ed a bezpe\u010dnost bereme v\u00e1\u017en\u011b a pou\u017e\u00edv\u00e1me nejlep\u0161\u00ed funkce ochrany dat na trhu.<\/li>\n\n\n\n<li><strong>Autentick\u00e9 profily:<\/strong> Na\u0161e platforma podporuje vytv\u00e1\u0159en\u00ed a ov\u011b\u0159ov\u00e1n\u00ed skute\u010dn\u00fdch profil\u016f, abyste mohli komunikovat se skute\u010dn\u00fdmi lidmi.<\/li>\n\n\n\n<li><strong>Interaktivita:<\/strong> Modern\u00ed, dynamick\u00e9 funkce, jako jsou kr\u00e1tk\u00e1 videa a kreativn\u00ed zpr\u00e1vy, kter\u00e9 v\u00e1m pomohou vyniknout a vyj\u00e1d\u0159it se.<\/li>\n<\/ul>\n\n\n\n<h2 class=\"wp-block-heading\">Na\u0161e historie<\/h2>\n\n\n\n<p>THE <strong>DateMobs <\/strong>se zrodil z my\u0161lenky vytvo\u0159it leh\u010d\u00ed a nekomplikovan\u011bj\u0161\u00ed online seznamovac\u00ed z\u00e1\u017eitek, kter\u00fd je v souladu se skute\u010dn\u00fdmi pot\u0159ebami lid\u00ed. Od za\u010d\u00e1tku jsme se sna\u017eili vytvo\u0159it prost\u0159ed\u00ed, kde m\u016f\u017eete b\u00fdt sami sebou a naj\u00edt opravdov\u00e9 pouto.<\/p>\n\n\n\n<h2 class=\"wp-block-heading\">Pro\u010d si vybrat <strong>DateMobs<\/strong>?<\/h2>\n\n\n\n<p>A\u0165 u\u017e jste ve sv\u011bt\u011b seznamovac\u00edch aplikac\u00ed nov\u00e1\u010dkem, nebo zku\u0161en\u00fdm u\u017eivatelem, kter\u00fd hled\u00e1 n\u011bco jin\u00e9ho, <strong>DateMobs <\/strong>nab\u00eddky:<\/p>\n\n\n\n<ul class=\"wp-block-list\">\n<li>Intuitivn\u00ed a bezprobl\u00e9mov\u00fd z\u00e1\u017eitek.<\/li>\n\n\n\n<li>Anga\u017eovan\u00e1 a rozmanit\u00e1 komunita.<\/li>\n\n\n\n<li>N\u00e1stroje, kter\u00e9 v\u00e1m skute\u010dn\u011b pomohou vytv\u00e1\u0159et pouta a vzpom\u00ednky.<\/li>\n<\/ul>\n\n\n\n<p>Sta\u0148te se sou\u010d\u00e1st\u00ed na\u0161\u00ed komunity a objevte, jak <strong>DateMobs <\/strong>m\u016f\u017ee zm\u011bnit v\u00e1\u0161 milostn\u00fd \u017eivot. Jsme tu, abychom v\u00e1m pomohli napsat v\u00e1\u0161 dal\u0161\u00ed milostn\u00fd p\u0159\u00edb\u011bh \u2013 nebo si jen naj\u00edt spole\u010dnost pro dobrou z\u00e1bavu a nezapomenuteln\u00e9 chv\u00edle.<\/p>\n\n\n\n<p><strong>DateMobs.com<\/strong>Kde za\u010d\u00ednaj\u00ed opravdov\u00e1 spojen\u00ed!<\/p>","protected":false},"excerpt":{"rendered":"<p>Bem-vindo ao DateMobs.com, a sua nova plataforma para conectar pessoas de forma aut\u00eantica e divertida! Aqui na DateMobs, acreditamos que as conex\u00f5es humanas s\u00e3o a ess\u00eancia da vida, e nossa miss\u00e3o \u00e9 tornar essas conex\u00f5es mais acess\u00edveis e significativas para todos. Nossa Miss\u00e3o Queremos transformar a maneira como as pessoas se encontram e interagem online. &#8230; <a title=\"Kdo jsme\" class=\"read-more\" href=\"https:\/\/datemobs.com\/cs\/kdo-jsme\/\" aria-label=\"\u010c\u00edst v\u00edce o Quem Somos\">\u010d\u00edst d\u00e1le<\/a><\/p>","protected":false},"author":1,"featured_media":0,"parent":0,"menu_order":0,"comment_status":"closed","ping_status":"closed","template":"","meta":{"footnotes":""},"class_list":["post-819","page","type-page","status-publish"],"_links":{"self":[{"href":"https:\/\/datemobs.com\/cs\/wp-json\/wp\/v2\/pages\/819","targetHints":{"allow":["GET"]}}],"collection":[{"href":"https:\/\/datemobs.com\/cs\/wp-json\/wp\/v2\/pages"}],"about":[{"href":"https:\/\/datemobs.com\/cs\/wp-json\/wp\/v2\/types\/page"}],"author":[{"embeddable":true,"href":"https:\/\/datemobs.com\/cs\/wp-json\/wp\/v2\/users\/1"}],"replies":[{"embeddable":true,"href":"https:\/\/datemobs.com\/cs\/wp-json\/wp\/v2\/comments?post=819"}],"version-history":[{"count":5,"href":"https:\/\/datemobs.com\/cs\/wp-json\/wp\/v2\/pages\/819\/revisions"}],"predecessor-version":[{"id":847,"href":"https:\/\/datemobs.com\/cs\/wp-json\/wp\/v2\/pages\/819\/revisions\/847"}],"wp:attachment":[{"href":"https:\/\/datemobs.com\/cs\/wp-json\/wp\/v2\/media?parent=819"}],"curies":[{"name":"wp","href":"https:\/\/api.w.org\/{rel}","templated":true}]}}