{"id":850,"date":"2025-03-22T05:40:19","date_gmt":"2025-03-22T05:40:19","guid":{"rendered":"https:\/\/datemobs.com\/?page_id=850"},"modified":"2025-03-22T05:40:19","modified_gmt":"2025-03-22T05:40:19","slug":"podminky-pouziti","status":"publish","type":"page","link":"https:\/\/datemobs.com\/cs\/podminky-pouziti\/","title":{"rendered":"Podm\u00ednky pou\u017eit\u00ed"},"content":{"rendered":"<h2 class=\"wp-block-heading\"><strong>1. Podm\u00ednky<\/strong><\/h2>\n\n\n\n<p>P\u0159i p\u0159\u00edstupu na web <a href=\"\/cs\/datemobs.com\/\"><strong>DateMobs<\/strong><\/a>souhlas\u00edte s t\u00edm, \u017ee budete dodr\u017eovat tyto podm\u00ednky slu\u017eby, v\u0161echny platn\u00e9 z\u00e1kony a p\u0159edpisy, a souhlas\u00edte s t\u00edm, \u017ee jste odpov\u011bdn\u00ed za dodr\u017eov\u00e1n\u00ed v\u0161ech p\u0159\u00edslu\u0161n\u00fdch m\u00edstn\u00edch z\u00e1kon\u016f. Pokud s n\u011bkterou z t\u011bchto podm\u00ednek nesouhlas\u00edte, je v\u00e1m zak\u00e1z\u00e1no pou\u017e\u00edvat tuto str\u00e1nku nebo k n\u00ed p\u0159istupovat. Materi\u00e1ly obsa\u017een\u00e9 na t\u00e9to webov\u00e9 str\u00e1nce jsou chr\u00e1n\u011bny p\u0159\u00edslu\u0161n\u00fdm autorsk\u00fdm z\u00e1konem a z\u00e1konem o ochrann\u00fdch zn\u00e1mk\u00e1ch.<\/p>\n\n\n\n<h2 class=\"wp-block-heading\"><strong>2. Pou\u017e\u00edvejte licenci<\/strong><\/h2>\n\n\n\n<p>Je ud\u011bleno povolen\u00ed k do\u010dasn\u00e9mu sta\u017een\u00ed jedn\u00e9 kopie materi\u00e1l\u016f (informac\u00ed nebo softwaru) na webov\u00e9 str\u00e1nky <strong>DateMobs <\/strong>, pouze pro osobn\u00ed, nekomer\u010dn\u00ed p\u0159echodn\u00e9 sledov\u00e1n\u00ed. Jedn\u00e1 se o ud\u011blen\u00ed licence, nikoli o p\u0159evod vlastnick\u00e9ho pr\u00e1va, a na z\u00e1klad\u011b t\u00e9to licence nesm\u00edte:\u00a0<\/p>\n\n\n\n<ol class=\"wp-block-list\">\n<li>upravovat nebo kop\u00edrovat materi\u00e1ly;\u00a0<\/li>\n\n\n\n<li>pou\u017e\u00edvat materi\u00e1ly pro jak\u00fdkoli komer\u010dn\u00ed \u00fa\u010del nebo pro jak\u00e9koli ve\u0159ejn\u00e9 vystaven\u00ed (komer\u010dn\u00ed nebo nekomer\u010dn\u00ed);\u00a0<\/li>\n\n\n\n<li>pokusit se dekompilovat nebo zp\u011btn\u011b analyzovat jak\u00fdkoli software obsa\u017een\u00fd na webov\u00fdch str\u00e1nk\u00e1ch <strong>DateMobs<\/strong>;\u00a0<\/li>\n\n\n\n<li>odstranit z materi\u00e1l\u016f v\u0161echna autorsk\u00e1 pr\u00e1va nebo jin\u00e9 vlastnick\u00e9 z\u00e1pisy; nebo\u00a0<\/li>\n\n\n\n<li>p\u0159en\u00e9st materi\u00e1ly na jinou osobu nebo \u201ezrcadlit\u201c materi\u00e1ly na jak\u00fdkoli jin\u00fd server.<\/li>\n<\/ol>\n\n\n\n<p>Tato licence bude automaticky ukon\u010dena, pokud poru\u0161\u00edte n\u011bkter\u00e9 z t\u011bchto omezen\u00ed, a m\u016f\u017ee b\u00fdt ukon\u010dena <strong>DateMobs <\/strong>kdykoliv. Po ukon\u010den\u00ed prohl\u00ed\u017een\u00ed t\u011bchto materi\u00e1l\u016f nebo po ukon\u010den\u00ed t\u00e9to licence mus\u00edte zni\u010dit ve\u0161ker\u00e9 sta\u017een\u00e9 materi\u00e1ly ve va\u0161em vlastnictv\u00ed, a\u0165 u\u017e v elektronick\u00e9 nebo ti\u0161t\u011bn\u00e9 podob\u011b.<\/p>\n\n\n\n<h2 class=\"wp-block-heading\"><strong>3. Z\u0159eknut\u00ed se odpov\u011bdnosti<\/strong><\/h2>\n\n\n\n<ol class=\"wp-block-list\">\n<li>Materi\u00e1ly na webu <strong>DateMobs <\/strong>jsou poskytov\u00e1ny \u201etak jak jsou\u201c. <strong>DateMobs <\/strong>neposkytuje \u017e\u00e1dn\u00e9 z\u00e1ruky, vyj\u00e1d\u0159en\u00e9 nebo p\u0159edpokl\u00e1dan\u00e9, a t\u00edmto se z\u0159\u00edk\u00e1 a neguje v\u0161echny ostatn\u00ed z\u00e1ruky, v\u010detn\u011b, bez omezen\u00ed, p\u0159edpokl\u00e1dan\u00fdch z\u00e1ruk nebo podm\u00ednek prodejnosti, vhodnosti pro konkr\u00e9tn\u00ed \u00fa\u010del nebo neporu\u0161ov\u00e1n\u00ed du\u0161evn\u00edho vlastnictv\u00ed nebo jin\u00e9ho poru\u0161en\u00ed pr\u00e1v.<\/li>\n\n\n\n<li>Krom\u011b toho, <strong>DateMobs <\/strong>nezaru\u010duje ani ne\u010din\u00ed \u017e\u00e1dn\u00e1 prohl\u00e1\u0161en\u00ed t\u00fdkaj\u00edc\u00ed se p\u0159esnosti, pravd\u011bpodobn\u00fdch v\u00fdsledk\u016f nebo spolehlivosti pou\u017eit\u00ed materi\u00e1l\u016f na sv\u00fdch webov\u00fdch str\u00e1nk\u00e1ch nebo jinak souvisej\u00edc\u00edch s takov\u00fdmi materi\u00e1ly nebo na jak\u00fdchkoli str\u00e1nk\u00e1ch propojen\u00fdch s touto str\u00e1nkou.<\/li>\n<\/ol>\n\n\n\n<h2 class=\"wp-block-heading\"><strong>4. Omezen\u00ed<\/strong><\/h2>\n\n\n\n<p>V \u017e\u00e1dn\u00e9m p\u0159\u00edpad\u011b <strong>DateMobs <\/strong>nebo jej\u00ed dodavatel\u00e9 ru\u010d\u00ed za jak\u00e9koli \u0161kody (v\u010detn\u011b, bez omezen\u00ed, \u0161kod za ztr\u00e1tu dat nebo zisku nebo v d\u016fsledku p\u0159eru\u0161en\u00ed podnik\u00e1n\u00ed) vypl\u00fdvaj\u00edc\u00ed z pou\u017eit\u00ed nebo nemo\u017enosti pou\u017e\u00edt materi\u00e1ly na <strong>DateMobs<\/strong>, i kdy\u017e <strong>DateMobs <\/strong>nebo jeho zplnomocn\u011bn\u00fdm z\u00e1stupcem <strong>DateMobs <\/strong>byli \u00fastn\u011b nebo p\u00edsemn\u011b upozorn\u011bni na mo\u017enost vzniku takov\u00fdch \u0161kod. Proto\u017ee n\u011bkter\u00e9 jurisdikce neumo\u017e\u0148uj\u00ed omezen\u00ed p\u0159edpokl\u00e1dan\u00fdch z\u00e1ruk nebo omezen\u00ed odpov\u011bdnosti za n\u00e1sledn\u00e9 nebo n\u00e1hodn\u00e9 \u0161kody, nemus\u00ed se na v\u00e1s tato omezen\u00ed vztahovat.<\/p>\n\n\n\n<h2 class=\"wp-block-heading\"><strong>5. P\u0159esnost materi\u00e1l\u016f<\/strong><\/h2>\n\n\n\n<p>Materi\u00e1ly zobrazen\u00e9 na webov\u00fdch str\u00e1nk\u00e1ch spole\u010dnosti <strong>DateMobs <\/strong>m\u016f\u017ee obsahovat technick\u00e9, typografick\u00e9 nebo fotografick\u00e9 chyby. <strong>DateMobs <\/strong>nezaru\u010duje, \u017ee jak\u00fdkoli materi\u00e1l na jeho webov\u00fdch str\u00e1nk\u00e1ch je p\u0159esn\u00fd, \u00fapln\u00fd nebo aktu\u00e1ln\u00ed. <strong>DateMobs <\/strong>m\u016f\u017ee kdykoli bez upozorn\u011bn\u00ed prov\u00e1d\u011bt zm\u011bny materi\u00e1l\u016f obsa\u017een\u00fdch na sv\u00fdch webov\u00fdch str\u00e1nk\u00e1ch. V\u0161ak, <strong>DateMobs <\/strong>se nezavazuje materi\u00e1ly aktualizovat.<\/p>\n\n\n\n<h2 class=\"wp-block-heading\"><strong>6. Odkazy<\/strong><\/h2>\n\n\n\n<p>THE <strong>DateMobs <\/strong>nezkontrolovala v\u0161echny str\u00e1nky propojen\u00e9 s jej\u00edmi webov\u00fdmi str\u00e1nkami a nenese odpov\u011bdnost za obsah \u017e\u00e1dn\u00e9 takov\u00e9 str\u00e1nky, na kterou odkazuje. Zahrnut\u00ed jak\u00e9hokoli odkazu neznamen\u00e1 souhlas ze strany <strong>DateMobs <\/strong>webu. Pou\u017eit\u00ed jak\u00e9koli propojen\u00e9 webov\u00e9 str\u00e1nky je na vlastn\u00ed riziko u\u017eivatele.<\/p>\n\n\n\n<h3 class=\"wp-block-heading\"><strong>Modifikace<\/strong><\/h3>\n\n\n\n<p>THE <strong>DateMobs <\/strong>m\u016f\u017ee kdykoli bez upozorn\u011bn\u00ed revidovat tyto podm\u00ednky pou\u017e\u00edv\u00e1n\u00ed webov\u00fdch str\u00e1nek. Pou\u017e\u00edv\u00e1n\u00edm t\u00e9to webov\u00e9 str\u00e1nky souhlas\u00edte s t\u00edm, \u017ee budete v\u00e1z\u00e1ni v t\u00e9 dob\u011b aktu\u00e1ln\u00ed verz\u00ed t\u011bchto podm\u00ednek slu\u017eby.<\/p>\n\n\n\n<h3 class=\"wp-block-heading\"><strong>Rozhodn\u00e9 pr\u00e1vo<\/strong><\/h3>\n\n\n\n<p>Tyto podm\u00ednky se \u0159\u00edd\u00ed a vykl\u00e1daj\u00ed v souladu se z\u00e1kony \u010cesk\u00e9 republiky <strong>DateMobs <\/strong>a neodvolateln\u011b se pod\u0159\u00edd\u00edte v\u00fdhradn\u00ed jurisdikci soud\u016f v tomto st\u00e1t\u011b nebo m\u00edst\u011b.<\/p>","protected":false},"excerpt":{"rendered":"<p>1. Termos Ao acessar ao site DateMobs, concorda em cumprir estes termos de servi\u00e7o, todas as leis e regulamentos aplic\u00e1veis \u200b\u200be concorda que \u00e9 respons\u00e1vel pelo cumprimento de todas as leis locais aplic\u00e1veis. Se voc\u00ea n\u00e3o concordar com algum desses termos, est\u00e1 proibido de usar ou acessar este site. Os materiais contidos neste site s\u00e3o &#8230; <a title=\"Podm\u00ednky pou\u017eit\u00ed\" class=\"read-more\" href=\"https:\/\/datemobs.com\/cs\/podminky-pouziti\/\" aria-label=\"\u010c\u00edst v\u00edce o Termos de Uso\">\u010d\u00edst d\u00e1le<\/a><\/p>","protected":false},"author":1,"featured_media":0,"parent":0,"menu_order":0,"comment_status":"closed","ping_status":"closed","template":"","meta":{"footnotes":""},"class_list":["post-850","page","type-page","status-publish"],"_links":{"self":[{"href":"https:\/\/datemobs.com\/cs\/wp-json\/wp\/v2\/pages\/850","targetHints":{"allow":["GET"]}}],"collection":[{"href":"https:\/\/datemobs.com\/cs\/wp-json\/wp\/v2\/pages"}],"about":[{"href":"https:\/\/datemobs.com\/cs\/wp-json\/wp\/v2\/types\/page"}],"author":[{"embeddable":true,"href":"https:\/\/datemobs.com\/cs\/wp-json\/wp\/v2\/users\/1"}],"replies":[{"embeddable":true,"href":"https:\/\/datemobs.com\/cs\/wp-json\/wp\/v2\/comments?post=850"}],"version-history":[{"count":1,"href":"https:\/\/datemobs.com\/cs\/wp-json\/wp\/v2\/pages\/850\/revisions"}],"predecessor-version":[{"id":851,"href":"https:\/\/datemobs.com\/cs\/wp-json\/wp\/v2\/pages\/850\/revisions\/851"}],"wp:attachment":[{"href":"https:\/\/datemobs.com\/cs\/wp-json\/wp\/v2\/media?parent=850"}],"curies":[{"name":"wp","href":"https:\/\/api.w.org\/{rel}","templated":true}]}}