{"id":3,"date":"2025-03-22T05:11:17","date_gmt":"2025-03-22T05:11:17","guid":{"rendered":"https:\/\/datemobs.com\/?page_id=3"},"modified":"2025-03-22T05:38:42","modified_gmt":"2025-03-22T05:38:42","slug":"datenschutzrichtlinie","status":"publish","type":"page","link":"https:\/\/datemobs.com\/de\/datenschutzrichtlinie\/","title":{"rendered":"Datenschutzrichtlinie"},"content":{"rendered":"<p><span style=\"color: #444444;\">Ihre Privatsph\u00e4re ist uns wichtig. Es ist die Politik von <strong>DateMobs<\/strong> respektieren Ihre Privatsph\u00e4re in Bezug auf alle Informationen, die wir von Ihnen auf der Website sammeln <strong><a href=\"\/de\/datemobs.com\/\">DateMobs<\/a><\/strong>, und andere Websites, die wir besitzen und betreiben.<\/span><\/p>\n<p><span style=\"color: #444444;\">Wir fragen nur dann nach pers\u00f6nlichen Informationen, wenn wir diese wirklich ben\u00f6tigen, um Ihnen einen Service zu bieten. Wir tun dies auf faire und rechtm\u00e4\u00dfige Weise und mit Ihrem Wissen und Ihrer Zustimmung. Wir teilen Ihnen auch mit, warum wir diese Daten erfassen und wie sie verwendet werden.<\/span><\/p>\n<p><span style=\"color: #444444;\">Wir bewahren die erfassten Informationen nur so lange auf, wie es f\u00fcr die Bereitstellung des von Ihnen gew\u00fcnschten Dienstes erforderlich ist. Die von uns gespeicherten Daten sch\u00fctzen wir mit kommerziell vertretbaren Mitteln, um Verlust und Diebstahl sowie unbefugten Zugriff, Offenlegung, Kopieren, Verwendung oder \u00c4nderung zu verhindern.<\/span><\/p>\n<p><span style=\"color: #444444;\">Wir geben keine personenbezogenen Daten \u00f6ffentlich oder an Dritte weiter, es sei denn, wir sind gesetzlich dazu verpflichtet.<\/span><\/p>\n<p><span style=\"color: #444444;\">Unsere Website kann Links zu externen Websites enthalten, die nicht von uns betrieben werden. Bitte beachten Sie, dass wir keine Kontrolle \u00fcber den Inhalt und die Praktiken dieser Websites haben und keine Verantwortung f\u00fcr deren jeweilige\u00a0<\/span><a style=\"background-color: transparent; color: #444444;\" href=\"https:\/\/politicaprivacidade.com\/\" target=\"_blank\" rel=\"noopener noreferrer\">Datenschutzrichtlinien<\/a><span style=\"color: #444444;\">.<\/span><\/p>\n<p><span style=\"color: #444444;\">Es steht Ihnen frei, unsere Anfrage nach Ihren pers\u00f6nlichen Daten abzulehnen, allerdings mit dem Verst\u00e4ndnis, dass wir Ihnen dann m\u00f6glicherweise einige der von Ihnen gew\u00fcnschten Dienste nicht zur Verf\u00fcgung stellen k\u00f6nnen.<\/span><\/p>\n<p><span style=\"color: #444444;\">Ihre fortgesetzte Nutzung unserer Website gilt als Zustimmung zu unseren Praktiken in Bezug auf Datenschutz und personenbezogene Daten. Wenn Sie Fragen zu unserem Umgang mit Benutzerdaten und personenbezogenen Daten haben, kontaktieren Sie uns bitte.<\/span><\/p>\n<ul>\n<li><span style=\"color: #444444;\">Der von uns zur Schaltung von Werbung verwendete Google AdSense-Dienst verwendet ein DoubleClick-Cookie, um im gesamten Web relevantere Anzeigen zu schalten und die H\u00e4ufigkeit zu begrenzen, mit der Ihnen eine bestimmte Anzeige angezeigt wird.<\/span><\/li>\n<li><span style=\"color: #444444;\">Weitere Informationen zu Google AdSense finden Sie in den offiziellen FAQs zum Datenschutz bei Google AdSense.<\/span><\/li>\n<li><span style=\"color: #444444;\">Wir verwenden Anzeigen, um die Kosten f\u00fcr den Betrieb dieser Website zu decken und die Finanzierung der zuk\u00fcnftigen Entwicklung sicherzustellen. Die von dieser Site verwendeten Cookies f\u00fcr verhaltensbasierte Werbung sollen sicherstellen, dass wir Ihnen m\u00f6glichst relevante Werbung bereitstellen, indem wir Ihre Interessen anonym verfolgen und Ihnen \u00e4hnliche Dinge pr\u00e4sentieren, die f\u00fcr Sie von Interesse sein k\u00f6nnten.<\/span><\/li>\n<li><span style=\"color: #444444;\">Mehrere Partner werben in unserem Namen und mithilfe von Affiliate-Tracking-Cookies k\u00f6nnen wir einfach feststellen, ob unsere Kunden \u00fcber eine unserer Partner-Sites auf die Site gelangt sind, sodass wir ihnen den entsprechenden Betrag gutschreiben und unseren Affiliate-Partnern gegebenenfalls erm\u00f6glichen k\u00f6nnen, Ihnen einen Bonus f\u00fcr einen Einkauf zu gew\u00e4hren.<\/span><\/li>\n<\/ul>\n<h3><strong><span style=\"color: #444444;\">Benutzerverpflichtung<\/span><\/strong><\/h3>\n<p><span style=\"color: #444444;\">Der Nutzer verpflichtet sich, die Inhalte und Informationen, die ihm zur Verf\u00fcgung gestellt werden, angemessen zu nutzen. <strong>DateMobs<\/strong> Angebote auf der Website und beispielsweise, aber nicht beschr\u00e4nkt auf:<\/span><\/p>\n<ul>\n<li><span style=\"color: #444444;\">A) sich nicht an Aktivit\u00e4ten zu beteiligen, die illegal sind oder gegen Treu und Glauben und die \u00f6ffentliche Ordnung versto\u00dfen;<\/span><\/li>\n<li><span style=\"color: #444444;\">B) Verbreiten Sie keine Propaganda oder Inhalte rassistischer, fremdenfeindlicher Natur, <\/span><span style=\"color: #212529;\">166bet<\/span><span style=\"color: #444444;\"> oder Ungl\u00fcck, jede Art illegaler Pornografie, zur Unterst\u00fctzung des Terrorismus oder gegen die Menschenrechte;<\/span><\/li>\n<li><span style=\"color: #444444;\">C) Verursachen Sie keine Sch\u00e4den an den physischen (Hardware) und logischen (Software) Systemen des <strong>DateMobs<\/strong>, seinen Lieferanten oder Dritten, Computerviren oder andere Hardware- oder Softwaresysteme einzuf\u00fchren oder zu verbreiten, die die oben genannten Sch\u00e4den verursachen k\u00f6nnen.<\/span><\/li>\n<\/ul>\n<h3><strong><span style=\"color: #444444;\">Weitere Informationen<\/span><\/strong><\/h3>\n<p><span style=\"color: #444444;\">Hoffentlich hat das die Dinge f\u00fcr Sie gekl\u00e4rt, und wie bereits erw\u00e4hnt, ist es normalerweise sicherer, Cookies aktiviert zu lassen, falls sie mit einer der Funktionen interagieren, die Sie auf unserer Site verwenden, wenn Sie sich nicht sicher sind, ob Sie etwas ben\u00f6tigen oder nicht.<\/span><\/p>\n<p><em><strong><span style=\"color: #444444;\">Diese Richtlinie tritt am 22. M\u00e4rz 2025 um 05:36 Uhr in Kraft.<\/span><\/strong><\/em><\/p>","protected":false},"excerpt":{"rendered":"<p>A sua privacidade \u00e9 importante para n\u00f3s. \u00c9 pol\u00edtica do DateMobs respeitar a sua privacidade em rela\u00e7\u00e3o a qualquer informa\u00e7\u00e3o sua que possamos coletar no site DateMobs, e outros sites que possu\u00edmos e operamos. Solicitamos informa\u00e7\u00f5es pessoais apenas quando realmente precisamos delas para lhe fornecer um servi\u00e7o. Fazemo-lo por meios justos e legais, com o &#8230; <a title=\"Datenschutzrichtlinie\" class=\"read-more\" href=\"https:\/\/datemobs.com\/de\/datenschutzrichtlinie\/\" aria-label=\"Mehr Informationen \u00fcber Pol\u00edtica de Privacidade\">mehr lesen<\/a><\/p>","protected":false},"author":1,"featured_media":0,"parent":0,"menu_order":0,"comment_status":"closed","ping_status":"open","template":"","meta":{"footnotes":""},"class_list":["post-3","page","type-page","status-publish"],"_links":{"self":[{"href":"https:\/\/datemobs.com\/de\/wp-json\/wp\/v2\/pages\/3","targetHints":{"allow":["GET"]}}],"collection":[{"href":"https:\/\/datemobs.com\/de\/wp-json\/wp\/v2\/pages"}],"about":[{"href":"https:\/\/datemobs.com\/de\/wp-json\/wp\/v2\/types\/page"}],"author":[{"embeddable":true,"href":"https:\/\/datemobs.com\/de\/wp-json\/wp\/v2\/users\/1"}],"replies":[{"embeddable":true,"href":"https:\/\/datemobs.com\/de\/wp-json\/wp\/v2\/comments?post=3"}],"version-history":[{"count":2,"href":"https:\/\/datemobs.com\/de\/wp-json\/wp\/v2\/pages\/3\/revisions"}],"predecessor-version":[{"id":849,"href":"https:\/\/datemobs.com\/de\/wp-json\/wp\/v2\/pages\/3\/revisions\/849"}],"wp:attachment":[{"href":"https:\/\/datemobs.com\/de\/wp-json\/wp\/v2\/media?parent=3"}],"curies":[{"name":"wp","href":"https:\/\/api.w.org\/{rel}","templated":true}]}}