{"id":819,"date":"2022-11-08T18:30:39","date_gmt":"2022-11-08T18:30:39","guid":{"rendered":"https:\/\/sites.generatepress.com\/info\/?page_id=819"},"modified":"2025-03-22T05:35:13","modified_gmt":"2025-03-22T05:35:13","slug":"wer-wir-sind","status":"publish","type":"page","link":"https:\/\/datemobs.com\/de\/wer-wir-sind\/","title":{"rendered":"Wer wir sind"},"content":{"rendered":"<p>Willkommen bei <strong>DateMobs.com<\/strong>, Ihre neue Plattform, um Menschen auf authentische und unterhaltsame Weise zu verbinden! Hier bei <strong>DateMobs<\/strong>Wir glauben, dass menschliche Verbindungen die Essenz des Lebens sind, und unsere Mission ist es, diese Verbindungen f\u00fcr alle zug\u00e4nglicher und bedeutungsvoller zu machen.<\/p>\n\n\n\n<h2 class=\"wp-block-heading\">Unsere Mission<\/h2>\n\n\n\n<p>Wir m\u00f6chten die Art und Weise ver\u00e4ndern, wie Menschen sich online treffen und interagieren. Wir kombinieren Spitzentechnologie mit einer menschlichen Note, um sicherzustellen, dass Sie auf einfache, sichere und m\u00f6glichkeitenreiche Weise jemanden Besonderen finden.<\/p>\n\n\n\n<h2 class=\"wp-block-heading\">Was uns unterscheidet<\/h2>\n\n\n\n<ul class=\"wp-block-list\">\n<li><strong>Sicherheit geht vor:<\/strong> Wir nehmen Ihre Privatsph\u00e4re und Sicherheit ernst und verwenden die besten Datenschutzfunktionen auf dem Markt.<\/li>\n\n\n\n<li><strong>Authentische Profile:<\/strong> Unsere Plattform unterst\u00fctzt die Erstellung und Verifizierung echter Profile, sodass Sie mit echten Menschen interagieren.<\/li>\n\n\n\n<li><strong>Interaktivit\u00e4t:<\/strong> Moderne, dynamische Funktionen wie kurze Videos und kreative Nachrichten helfen Ihnen, sich abzuheben und auszudr\u00fccken.<\/li>\n<\/ul>\n\n\n\n<h2 class=\"wp-block-heading\">Unsere Geschichte<\/h2>\n\n\n\n<p>DER <strong>DateMobs <\/strong>entstand aus der Idee, ein leichteres, unkomplizierteres Online-Dating-Erlebnis zu schaffen, das sich an den tats\u00e4chlichen Bed\u00fcrfnissen der Menschen orientiert. Von Anfang an war es unser Ziel, eine Umgebung zu schaffen, in der Sie Sie selbst sein und echte Verbindungen kn\u00fcpfen k\u00f6nnen.<\/p>\n\n\n\n<h2 class=\"wp-block-heading\">Warum w\u00e4hlen <strong>DateMobs<\/strong>?<\/h2>\n\n\n\n<p>Egal, ob Sie neu in der Welt der Dating-Apps sind oder ein Veteran auf der Suche nach etwas anderem, <strong>DateMobs <\/strong>bietet:<\/p>\n\n\n\n<ul class=\"wp-block-list\">\n<li>Eine intuitive und problemlose Erfahrung.<\/li>\n\n\n\n<li>Engagierte und vielf\u00e4ltige Community.<\/li>\n\n\n\n<li>Tools, die Ihnen wirklich dabei helfen, Bindungen und Erinnerungen zu schaffen.<\/li>\n<\/ul>\n\n\n\n<p>Werden Sie Teil unserer Community und entdecken Sie, wie <strong>DateMobs <\/strong>kann Ihr Liebesleben ver\u00e4ndern. Wir sind hier, um Ihnen beim Schreiben Ihrer n\u00e4chsten Liebesgeschichte zu helfen \u2013 oder einfach nur Gesellschaft f\u00fcr herzhaftes Lachen und unvergessliche Momente zu finden.<\/p>\n\n\n\n<p><strong>DateMobs.com<\/strong>: Wo wahre Verbindungen beginnen!<\/p>","protected":false},"excerpt":{"rendered":"<p>Bem-vindo ao DateMobs.com, a sua nova plataforma para conectar pessoas de forma aut\u00eantica e divertida! Aqui na DateMobs, acreditamos que as conex\u00f5es humanas s\u00e3o a ess\u00eancia da vida, e nossa miss\u00e3o \u00e9 tornar essas conex\u00f5es mais acess\u00edveis e significativas para todos. Nossa Miss\u00e3o Queremos transformar a maneira como as pessoas se encontram e interagem online. &#8230; <a title=\"Wer wir sind\" class=\"read-more\" href=\"https:\/\/datemobs.com\/de\/wer-wir-sind\/\" aria-label=\"Mehr Informationen \u00fcber Quem Somos\">mehr lesen<\/a><\/p>","protected":false},"author":1,"featured_media":0,"parent":0,"menu_order":0,"comment_status":"closed","ping_status":"closed","template":"","meta":{"footnotes":""},"class_list":["post-819","page","type-page","status-publish"],"_links":{"self":[{"href":"https:\/\/datemobs.com\/de\/wp-json\/wp\/v2\/pages\/819","targetHints":{"allow":["GET"]}}],"collection":[{"href":"https:\/\/datemobs.com\/de\/wp-json\/wp\/v2\/pages"}],"about":[{"href":"https:\/\/datemobs.com\/de\/wp-json\/wp\/v2\/types\/page"}],"author":[{"embeddable":true,"href":"https:\/\/datemobs.com\/de\/wp-json\/wp\/v2\/users\/1"}],"replies":[{"embeddable":true,"href":"https:\/\/datemobs.com\/de\/wp-json\/wp\/v2\/comments?post=819"}],"version-history":[{"count":5,"href":"https:\/\/datemobs.com\/de\/wp-json\/wp\/v2\/pages\/819\/revisions"}],"predecessor-version":[{"id":847,"href":"https:\/\/datemobs.com\/de\/wp-json\/wp\/v2\/pages\/819\/revisions\/847"}],"wp:attachment":[{"href":"https:\/\/datemobs.com\/de\/wp-json\/wp\/v2\/media?parent=819"}],"curies":[{"name":"wp","href":"https:\/\/api.w.org\/{rel}","templated":true}]}}