{"id":850,"date":"2025-03-22T05:40:19","date_gmt":"2025-03-22T05:40:19","guid":{"rendered":"https:\/\/datemobs.com\/?page_id=850"},"modified":"2025-03-22T05:40:19","modified_gmt":"2025-03-22T05:40:19","slug":"nutzungsbedingungen","status":"publish","type":"page","link":"https:\/\/datemobs.com\/de\/nutzungsbedingungen\/","title":{"rendered":"Nutzungsbedingungen"},"content":{"rendered":"<h2 class=\"wp-block-heading\"><strong>1. Bedingungen<\/strong><\/h2>\n\n\n\n<p>Beim Zugriff auf die Website <a href=\"\/de\/datemobs.com\/\"><strong>DateMobs<\/strong><\/a>erkl\u00e4ren Sie sich damit einverstanden, diese Servicebedingungen sowie alle geltenden Gesetze und Vorschriften einzuhalten, und stimmen zu, dass Sie f\u00fcr die Einhaltung aller geltenden lokalen Gesetze verantwortlich sind. Wenn Sie mit diesen Bedingungen nicht einverstanden sind, ist Ihnen die Nutzung oder der Zugriff auf diese Site untersagt. Die auf dieser Website enthaltenen Materialien sind durch geltendes Urheber- und Markenrecht gesch\u00fctzt.<\/p>\n\n\n\n<h2 class=\"wp-block-heading\"><strong>2. Nutzungslizenz<\/strong><\/h2>\n\n\n\n<p>Es wird die Erlaubnis erteilt, vor\u00fcbergehend eine Kopie der Materialien (Informationen oder Software) auf der Website herunterzuladen <strong>DateMobs <\/strong>, nur f\u00fcr die pers\u00f6nliche, nicht kommerzielle, vor\u00fcbergehende Ansicht. Es handelt sich hierbei um die Gew\u00e4hrung einer Lizenz und nicht um eine \u00dcbertragung des Eigentumsrechts. Im Rahmen dieser Lizenz d\u00fcrfen Sie nicht:\u00a0<\/p>\n\n\n\n<ol class=\"wp-block-list\">\n<li>die Materialien ver\u00e4ndern oder kopieren;\u00a0<\/li>\n\n\n\n<li>die Materialien f\u00fcr kommerzielle Zwecke oder f\u00fcr eine \u00f6ffentliche Darstellung (kommerziell oder nicht kommerziell) zu verwenden;\u00a0<\/li>\n\n\n\n<li>Versuchen, die auf der Website enthaltene Software zu dekompilieren oder zur\u00fcckzuentwickeln <strong>DateMobs<\/strong>;\u00a0<\/li>\n\n\n\n<li>jegliche Urheberrechts- oder sonstige Eigentumsvermerke aus den Materialien entfernen; oder\u00a0<\/li>\n\n\n\n<li>die Materialien an eine andere Person \u00fcbertragen oder die Materialien auf einem anderen Server \u201espiegeln\u201c.<\/li>\n<\/ol>\n\n\n\n<p>Diese Lizenz erlischt automatisch, wenn Sie gegen eine dieser Einschr\u00e4nkungen versto\u00dfen und kann gek\u00fcndigt werden durch <strong>DateMobs <\/strong>jederzeit. Wenn Sie die Anzeige dieser Materialien beenden oder diese Lizenz erlischt, m\u00fcssen Sie s\u00e4mtliche heruntergeladenen Materialien in Ihrem Besitz vernichten, unabh\u00e4ngig davon, ob sie in elektronischer oder gedruckter Form vorliegen.<\/p>\n\n\n\n<h2 class=\"wp-block-heading\"><strong>3. Haftungsausschluss<\/strong><\/h2>\n\n\n\n<ol class=\"wp-block-list\">\n<li>Die Materialien auf der Website <strong>DateMobs <\/strong>werden \u201ewie besehen\u201c bereitgestellt. <strong>DateMobs <\/strong>\u00fcbernimmt keine ausdr\u00fccklichen oder stillschweigenden Garantien und schlie\u00dft hiermit alle anderen Garantien aus, einschlie\u00dflich, aber nicht beschr\u00e4nkt auf stillschweigende Garantien oder Gew\u00e4hrleistungen hinsichtlich der Marktg\u00e4ngigkeit, Eignung f\u00fcr einen bestimmten Zweck oder Nichtverletzung geistigen Eigentums oder sonstiger Rechtsverletzungen.<\/li>\n\n\n\n<li>Dar\u00fcber hinaus <strong>DateMobs <\/strong>\u00fcbernimmt keine Garantie oder Zusicherung hinsichtlich der Genauigkeit, der wahrscheinlichen Ergebnisse oder der Zuverl\u00e4ssigkeit der Verwendung der Materialien auf seiner Website oder in sonstiger Weise in Bezug auf diese Materialien oder auf Websites, die mit dieser Website verlinkt sind.<\/li>\n<\/ol>\n\n\n\n<h2 class=\"wp-block-heading\"><strong>4. Einschr\u00e4nkungen<\/strong><\/h2>\n\n\n\n<p>Auf keinen Fall <strong>DateMobs <\/strong>oder seine Lieferanten haften nicht f\u00fcr Sch\u00e4den (einschlie\u00dflich, aber nicht beschr\u00e4nkt auf Sch\u00e4den durch Datenverlust oder entgangenen Gewinn oder aufgrund von Gesch\u00e4ftsunterbrechungen), die aus der Nutzung oder der Unm\u00f6glichkeit der Nutzung der Materialien auf <strong>DateMobs<\/strong>, wenngleich <strong>DateMobs <\/strong>oder ein bevollm\u00e4chtigter Vertreter von <strong>DateMobs <\/strong>m\u00fcndlich oder schriftlich \u00fcber die M\u00f6glichkeit solcher Sch\u00e4den informiert wurden. Da in einigen Rechtsgebieten die Einschr\u00e4nkung stillschweigender Garantien oder die Haftungsbeschr\u00e4nkung f\u00fcr Folge- oder Nebensch\u00e4den nicht zul\u00e4ssig ist, gelten diese Beschr\u00e4nkungen m\u00f6glicherweise nicht f\u00fcr Sie.<\/p>\n\n\n\n<h2 class=\"wp-block-heading\"><strong>5. Genauigkeit der Materialien<\/strong><\/h2>\n\n\n\n<p>Die auf der Website von <strong>DateMobs <\/strong>k\u00f6nnen technische, typografische oder fotografische Fehler enthalten. <strong>DateMobs <\/strong>\u00fcbernimmt keine Gew\u00e4hr f\u00fcr die Richtigkeit, Vollst\u00e4ndigkeit oder Aktualit\u00e4t der auf seiner Website enthaltenen Materialien. <strong>DateMobs <\/strong>kann jederzeit und ohne Vorank\u00fcndigung \u00c4nderungen an den auf seiner Website enthaltenen Materialien vornehmen. Jedoch, <strong>DateMobs <\/strong>verpflichtet sich nicht zur Aktualisierung der Materialien.<\/p>\n\n\n\n<h2 class=\"wp-block-heading\"><strong>6. Links<\/strong><\/h2>\n\n\n\n<p>DER <strong>DateMobs <\/strong>hat nicht alle mit seiner Website verkn\u00fcpften Sites \u00fcberpr\u00fcft und ist nicht f\u00fcr den Inhalt solcher verkn\u00fcpften Sites verantwortlich. Die Einbeziehung eines Links bedeutet nicht die Billigung durch <strong>DateMobs <\/strong>der Website. Die Nutzung aller verlinkten Websites erfolgt auf eigene Gefahr des Benutzers.<\/p>\n\n\n\n<h3 class=\"wp-block-heading\"><strong>\u00c4nderungen<\/strong><\/h3>\n\n\n\n<p>DER <strong>DateMobs <\/strong>kann diese Servicebedingungen der Website jederzeit und ohne Vorank\u00fcndigung \u00e4ndern. Durch die Nutzung dieser Website erkl\u00e4ren Sie sich mit der jeweils aktuellen Version dieser Servicebedingungen einverstanden.<\/p>\n\n\n\n<h3 class=\"wp-block-heading\"><strong>Geltendes Recht<\/strong><\/h3>\n\n\n\n<p>Diese Bedingungen unterliegen den Gesetzen von <strong>DateMobs <\/strong>und Sie unterwerfen sich unwiderruflich der ausschlie\u00dflichen Zust\u00e4ndigkeit der Gerichte in diesem Staat oder an diesem Ort.<\/p>","protected":false},"excerpt":{"rendered":"<p>1. Termos Ao acessar ao site DateMobs, concorda em cumprir estes termos de servi\u00e7o, todas as leis e regulamentos aplic\u00e1veis \u200b\u200be concorda que \u00e9 respons\u00e1vel pelo cumprimento de todas as leis locais aplic\u00e1veis. Se voc\u00ea n\u00e3o concordar com algum desses termos, est\u00e1 proibido de usar ou acessar este site. Os materiais contidos neste site s\u00e3o &#8230; <a title=\"Nutzungsbedingungen\" class=\"read-more\" href=\"https:\/\/datemobs.com\/de\/nutzungsbedingungen\/\" aria-label=\"Mehr Informationen \u00fcber Termos de Uso\">mehr lesen<\/a><\/p>","protected":false},"author":1,"featured_media":0,"parent":0,"menu_order":0,"comment_status":"closed","ping_status":"closed","template":"","meta":{"footnotes":""},"class_list":["post-850","page","type-page","status-publish"],"_links":{"self":[{"href":"https:\/\/datemobs.com\/de\/wp-json\/wp\/v2\/pages\/850","targetHints":{"allow":["GET"]}}],"collection":[{"href":"https:\/\/datemobs.com\/de\/wp-json\/wp\/v2\/pages"}],"about":[{"href":"https:\/\/datemobs.com\/de\/wp-json\/wp\/v2\/types\/page"}],"author":[{"embeddable":true,"href":"https:\/\/datemobs.com\/de\/wp-json\/wp\/v2\/users\/1"}],"replies":[{"embeddable":true,"href":"https:\/\/datemobs.com\/de\/wp-json\/wp\/v2\/comments?post=850"}],"version-history":[{"count":1,"href":"https:\/\/datemobs.com\/de\/wp-json\/wp\/v2\/pages\/850\/revisions"}],"predecessor-version":[{"id":851,"href":"https:\/\/datemobs.com\/de\/wp-json\/wp\/v2\/pages\/850\/revisions\/851"}],"wp:attachment":[{"href":"https:\/\/datemobs.com\/de\/wp-json\/wp\/v2\/media?parent=850"}],"curies":[{"name":"wp","href":"https:\/\/api.w.org\/{rel}","templated":true}]}}