{"id":3,"date":"2025-03-22T05:11:17","date_gmt":"2025-03-22T05:11:17","guid":{"rendered":"https:\/\/datemobs.com\/?page_id=3"},"modified":"2025-03-22T05:38:42","modified_gmt":"2025-03-22T05:38:42","slug":"privacy-policy","status":"publish","type":"page","link":"https:\/\/datemobs.com\/en_ca\/privacy-policy\/","title":{"rendered":"Privacy Policy"},"content":{"rendered":"<p><span style=\"color: #444444;\">Your privacy is important to us. It is our policy <strong>DateMobs<\/strong> respect your privacy regarding any information we may collect from you on the website <strong><a href=\"\/en_ca\/datemobs.com\/\">DateMobs<\/a><\/strong>, and other websites we own and operate.<\/span><\/p>\n<p><span style=\"color: #444444;\">We only ask for personal information when we truly need it to provide a service to you. We collect it by fair and lawful means, with your knowledge and consent. We also let you know why we&#039;re collecting it and how it will be used.<\/span><\/p>\n<p><span style=\"color: #444444;\">We only retain collected information for as long as necessary to provide the requested service. What data we store, we protect within commercially acceptable means to prevent loss and theft, as well as unauthorized access, disclosure, copying, use, or modification.<\/span><\/p>\n<p><span style=\"color: #444444;\">We do not share personally identifiable information publicly or with third-parties, except when required to by law.<\/span><\/p>\n<p><span style=\"color: #444444;\">Our website may contain links to external sites that are not operated by us. Please be aware that we have no control over the content and practices of these sites and cannot accept responsibility for their respective content.\u00a0<\/span><a style=\"background-color: transparent; color: #444444;\" href=\"https:\/\/politicaprivacidade.com\/\" target=\"_blank\" rel=\"noopener noreferrer\">privacy policies<\/a><span style=\"color: #444444;\">.<\/span><\/p>\n<p><span style=\"color: #444444;\">You are free to refuse our request for your personal information, with the understanding that we may be unable to provide you with some of your desired services.<\/span><\/p>\n<p><span style=\"color: #444444;\">Your continued use of our website will be considered acceptance of our privacy and personal information practices. If you have any questions about how we handle user data and personal information, please contact us.<\/span><\/p>\n<ul>\n<li><span style=\"color: #444444;\">The Google AdSense service we use to serve advertising uses a DoubleClick cookie to serve more relevant ads across the web and limit the number of times that a given ad is shown to you.<\/span><\/li>\n<li><span style=\"color: #444444;\">For more information about Google AdSense, see the official Google AdSense Privacy FAQs.<\/span><\/li>\n<li><span style=\"color: #444444;\">We use advertising to offset the costs of running this website and to provide funding for future development. The behavioral advertising cookies used by this website are designed to ensure that we provide you with the most relevant advertising possible by anonymously tracking your interests and presenting similar content that may be of interest to you.<\/span><\/li>\n<li><span style=\"color: #444444;\">Several partners advertise on our behalf, and affiliate tracking cookies simply allow us to see if our customers have come to the site through one of our partner sites so that we can credit them appropriately and, where applicable, allow our affiliate partners to provide any incentive they may provide you for making a purchase.<\/span><\/li>\n<\/ul>\n<h3><strong><span style=\"color: #444444;\">User Commitment<\/span><\/strong><\/h3>\n<p><span style=\"color: #444444;\">The user undertakes to make appropriate use of the contents and information that the <strong>DateMobs<\/strong> offers on the website and by way of example, but not limited to:<\/span><\/p>\n<ul>\n<li><span style=\"color: #444444;\">A) Not to engage in activities that are illegal or contrary to good faith and public order;<\/span><\/li>\n<li><span style=\"color: #444444;\">B) Do not disseminate propaganda or content of a racist, xenophobic nature, <\/span><span style=\"color: #212529;\">166bet<\/span><span style=\"color: #444444;\"> or bad luck, any type of illegal pornography, in support of terrorism or against human rights;<\/span><\/li>\n<li><span style=\"color: #444444;\">C) Do not cause damage to the physical (hardware) and logical (software) systems of the <strong>DateMobs<\/strong>, its suppliers or third parties, to introduce or disseminate computer viruses or any other hardware or software systems that are capable of causing the aforementioned damage.<\/span><\/li>\n<\/ul>\n<h3><strong><span style=\"color: #444444;\">More information<\/span><\/strong><\/h3>\n<p><span style=\"color: #444444;\">Hopefully that has clarified things for you and as was previously mentioned if there is something that you aren&#039;t sure whether you need or not it&#039;s usually safer to leave cookies enabled in case it does interact with one of the features you use on our site.<\/span><\/p>\n<p><em><strong><span style=\"color: #444444;\">This policy is effective as of March 22, 2025 at 5:36 AM.<\/span><\/strong><\/em><\/p>","protected":false},"excerpt":{"rendered":"<p>A sua privacidade \u00e9 importante para n\u00f3s. \u00c9 pol\u00edtica do DateMobs respeitar a sua privacidade em rela\u00e7\u00e3o a qualquer informa\u00e7\u00e3o sua que possamos coletar no site DateMobs, e outros sites que possu\u00edmos e operamos. Solicitamos informa\u00e7\u00f5es pessoais apenas quando realmente precisamos delas para lhe fornecer um servi\u00e7o. Fazemo-lo por meios justos e legais, com o &#8230; <a title=\"Privacy Policy\" class=\"read-more\" href=\"https:\/\/datemobs.com\/en_ca\/privacy-policy\/\" aria-label=\"Read more about Pol\u00edtica de Privacidade\">read more<\/a><\/p>","protected":false},"author":1,"featured_media":0,"parent":0,"menu_order":0,"comment_status":"closed","ping_status":"open","template":"","meta":{"footnotes":""},"class_list":["post-3","page","type-page","status-publish"],"_links":{"self":[{"href":"https:\/\/datemobs.com\/en_ca\/wp-json\/wp\/v2\/pages\/3","targetHints":{"allow":["GET"]}}],"collection":[{"href":"https:\/\/datemobs.com\/en_ca\/wp-json\/wp\/v2\/pages"}],"about":[{"href":"https:\/\/datemobs.com\/en_ca\/wp-json\/wp\/v2\/types\/page"}],"author":[{"embeddable":true,"href":"https:\/\/datemobs.com\/en_ca\/wp-json\/wp\/v2\/users\/1"}],"replies":[{"embeddable":true,"href":"https:\/\/datemobs.com\/en_ca\/wp-json\/wp\/v2\/comments?post=3"}],"version-history":[{"count":2,"href":"https:\/\/datemobs.com\/en_ca\/wp-json\/wp\/v2\/pages\/3\/revisions"}],"predecessor-version":[{"id":849,"href":"https:\/\/datemobs.com\/en_ca\/wp-json\/wp\/v2\/pages\/3\/revisions\/849"}],"wp:attachment":[{"href":"https:\/\/datemobs.com\/en_ca\/wp-json\/wp\/v2\/media?parent=3"}],"curies":[{"name":"wp","href":"https:\/\/api.w.org\/{rel}","templated":true}]}}