{"id":3,"date":"2025-03-22T05:11:17","date_gmt":"2025-03-22T05:11:17","guid":{"rendered":"https:\/\/datemobs.com\/?page_id=3"},"modified":"2025-03-22T05:38:42","modified_gmt":"2025-03-22T05:38:42","slug":"privacy-policy","status":"publish","type":"page","link":"https:\/\/datemobs.com\/en_nz\/privacy-policy\/","title":{"rendered":"Privacy Policy"},"content":{"rendered":"<p><span style=\"color: #444444;\">Your privacy is important to us. It is our policy. <strong>DateMobs<\/strong> We will respect your privacy regarding any information we may collect from you on the website. <strong><a href=\"\/en_nz\/datemobs.com\/\">DateMobs<\/a><\/strong>, and other websites that we own and operate.<\/span><\/p>\n<p><span style=\"color: #444444;\">We only request personal information when we truly need it to provide you with a service. We do so fairly and lawfully, with your knowledge and consent. We also inform you why we are collecting it and how it will be used.<\/span><\/p>\n<p><span style=\"color: #444444;\">We only retain collected information for as long as necessary to provide the requested service. When we store data, we protect it within commercially acceptable means to prevent loss and theft, as well as unauthorized access, disclosure, copying, use, or modification.<\/span><\/p>\n<p><span style=\"color: #444444;\">We do not share personally identifiable information publicly or with third parties, except when required by law.<\/span><\/p>\n<p><span style=\"color: #444444;\">Our website may contain links to external sites that are not operated by us. Please be aware that we have no control over the content and practices of these sites and cannot accept responsibility for their respective policies.\u00a0<\/span><a style=\"background-color: transparent; color: #444444;\" href=\"https:\/\/politicaprivacidade.com\/\" target=\"_blank\" rel=\"noopener noreferrer\">privacy policies<\/a><span style=\"color: #444444;\">.<\/span><\/p>\n<p><span style=\"color: #444444;\">You are free to refuse our request for personal information, understanding that we may not be able to provide some of the services you desire.<\/span><\/p>\n<p><span style=\"color: #444444;\">Continued use of our website will be considered acceptance of our practices regarding privacy and personal information. If you have any questions about how we handle user data and personal information, please contact us.<\/span><\/p>\n<ul>\n<li><span style=\"color: #444444;\">The Google AdSense service we use to serve advertising uses a DoubleClick cookie to deliver more relevant ads across the web and limit the number of times a given ad is shown to you.<\/span><\/li>\n<li><span style=\"color: #444444;\">For more information about Google AdSense, please consult the official Google AdSense privacy FAQs.<\/span><\/li>\n<li><span style=\"color: #444444;\">We use advertising to offset the costs of running this site and to provide funding for future development. The behavioral advertising cookies used by this site are designed to ensure that you are provided with the most relevant ads whenever possible by anonymously tracking your interests and presenting similar things that may be of interest to you.<\/span><\/li>\n<li><span style=\"color: #444444;\">Several partners advertise on our behalf, and affiliate tracking cookies simply allow us to see if our customers accessed the site through one of our partner sites, so we can credit them appropriately and, where applicable, allow our affiliate partners to offer any promotions they may provide to encourage you to make a purchase.<\/span><\/li>\n<\/ul>\n<h3><strong><span style=\"color: #444444;\">User Commitment<\/span><\/strong><\/h3>\n<p><span style=\"color: #444444;\">The user agrees to make appropriate use of the content and information provided. <strong>DateMobs<\/strong> The following is offered on the website and is not exhaustive, but it can be described as:<\/span><\/p>\n<ul>\n<li><span style=\"color: #444444;\">A) Not to engage in activities that are illegal or contrary to good faith and public order;<\/span><\/li>\n<li><span style=\"color: #444444;\">B) Not to disseminate propaganda or content of a racist, xenophobic nature, <\/span><span style=\"color: #212529;\">166bet<\/span><span style=\"color: #444444;\"> or bad luck, any type of illegal pornography, incitement to terrorism, or content that violates human rights;<\/span><\/li>\n<li><span style=\"color: #444444;\">C) Not to cause damage to the physical (hardware) and logical (software) systems of <strong>DateMobs<\/strong>, from its suppliers or third parties, to introduce or disseminate computer viruses or any other hardware or software systems that are capable of causing the aforementioned damage.<\/span><\/li>\n<\/ul>\n<h3><strong><span style=\"color: #444444;\">More information<\/span><\/strong><\/h3>\n<p><span style=\"color: #444444;\">We hope this is clear and, as mentioned before, if there&#039;s anything you&#039;re unsure about whether you need or not, it&#039;s generally safer to leave cookies enabled in case you interact with one of the features you use on our website.<\/span><\/p>\n<p><em><strong><span style=\"color: #444444;\">This policy is effective as of March 22, 2025 at 05:36.<\/span><\/strong><\/em><\/p>","protected":false},"excerpt":{"rendered":"<p>A sua privacidade \u00e9 importante para n\u00f3s. \u00c9 pol\u00edtica do DateMobs respeitar a sua privacidade em rela\u00e7\u00e3o a qualquer informa\u00e7\u00e3o sua que possamos coletar no site DateMobs, e outros sites que possu\u00edmos e operamos. Solicitamos informa\u00e7\u00f5es pessoais apenas quando realmente precisamos delas para lhe fornecer um servi\u00e7o. Fazemo-lo por meios justos e legais, com o &#8230; <a title=\"Privacy Policy\" class=\"read-more\" href=\"https:\/\/datemobs.com\/en_nz\/privacy-policy\/\" aria-label=\"Read more about Pol\u00edtica de Privacidade\">read more<\/a><\/p>","protected":false},"author":1,"featured_media":0,"parent":0,"menu_order":0,"comment_status":"closed","ping_status":"open","template":"","meta":{"footnotes":""},"class_list":["post-3","page","type-page","status-publish"],"_links":{"self":[{"href":"https:\/\/datemobs.com\/en_nz\/wp-json\/wp\/v2\/pages\/3","targetHints":{"allow":["GET"]}}],"collection":[{"href":"https:\/\/datemobs.com\/en_nz\/wp-json\/wp\/v2\/pages"}],"about":[{"href":"https:\/\/datemobs.com\/en_nz\/wp-json\/wp\/v2\/types\/page"}],"author":[{"embeddable":true,"href":"https:\/\/datemobs.com\/en_nz\/wp-json\/wp\/v2\/users\/1"}],"replies":[{"embeddable":true,"href":"https:\/\/datemobs.com\/en_nz\/wp-json\/wp\/v2\/comments?post=3"}],"version-history":[{"count":2,"href":"https:\/\/datemobs.com\/en_nz\/wp-json\/wp\/v2\/pages\/3\/revisions"}],"predecessor-version":[{"id":849,"href":"https:\/\/datemobs.com\/en_nz\/wp-json\/wp\/v2\/pages\/3\/revisions\/849"}],"wp:attachment":[{"href":"https:\/\/datemobs.com\/en_nz\/wp-json\/wp\/v2\/media?parent=3"}],"curies":[{"name":"wp","href":"https:\/\/api.w.org\/{rel}","templated":true}]}}