{"id":819,"date":"2022-11-08T18:30:39","date_gmt":"2022-11-08T18:30:39","guid":{"rendered":"https:\/\/sites.generatepress.com\/info\/?page_id=819"},"modified":"2025-03-22T05:35:13","modified_gmt":"2025-03-22T05:35:13","slug":"quienes-somos","status":"publish","type":"page","link":"https:\/\/datemobs.com\/es\/quienes-somos\/","title":{"rendered":"Quienes somos"},"content":{"rendered":"<p>Bienvenido a <strong>DateMobs.com<\/strong>\u00a1Tu nueva plataforma para conectar personas de una manera aut\u00e9ntica y divertida! Aqu\u00ed en <strong>DateMobs<\/strong>Creemos que las conexiones humanas son la esencia de la vida y nuestra misi\u00f3n es hacer que estas conexiones sean m\u00e1s accesibles y significativas para todos.<\/p>\n\n\n\n<h2 class=\"wp-block-heading\">Nuestra misi\u00f3n<\/h2>\n\n\n\n<p>Queremos transformar la forma en que las personas se conocen e interact\u00faan en l\u00ednea. Combinamos tecnolog\u00eda de vanguardia con un toque humano para garantizar que encuentres a alguien especial de una manera sencilla, segura y llena de posibilidades.<\/p>\n\n\n\n<h2 class=\"wp-block-heading\">\u00bfQu\u00e9 nos hace diferentes?<\/h2>\n\n\n\n<ul class=\"wp-block-list\">\n<li><strong>Seguridad ante todo:<\/strong> Nos tomamos su privacidad y seguridad muy en serio, utilizando las mejores funciones de protecci\u00f3n de datos del mercado.<\/li>\n\n\n\n<li><strong>Perfiles aut\u00e9nticos:<\/strong> Nuestra plataforma fomenta la creaci\u00f3n y verificaci\u00f3n de perfiles reales para que puedas interactuar con personas genuinas.<\/li>\n\n\n\n<li><strong>Interactividad:<\/strong> Funciones modernas y din\u00e1micas como videos cortos y mensajes creativos para ayudarte a destacar y expresarte.<\/li>\n<\/ul>\n\n\n\n<h2 class=\"wp-block-heading\">Nuestra historia<\/h2>\n\n\n\n<p>EL <strong>DateMobs <\/strong>naci\u00f3 de la idea de crear una experiencia de citas online m\u00e1s ligera, sencilla y alineada con las necesidades reales de las personas. Desde el principio, hemos buscado ofrecer un entorno donde puedas ser t\u00fa mismo y encontrar conexiones verdaderas.<\/p>\n\n\n\n<h2 class=\"wp-block-heading\">\u00bfPor qu\u00e9 elegir? <strong>DateMobs<\/strong>?<\/h2>\n\n\n\n<p>Ya sea que seas nuevo en el mundo de las aplicaciones de citas o un veterano que busca algo diferente, <strong>DateMobs <\/strong>ofertas:<\/p>\n\n\n\n<ul class=\"wp-block-list\">\n<li>Una experiencia intuitiva y sin complicaciones.<\/li>\n\n\n\n<li>Comunidad comprometida y diversa.<\/li>\n\n\n\n<li>Herramientas que realmente te ayudan a crear v\u00ednculos y recuerdos.<\/li>\n<\/ul>\n\n\n\n<p>Ven a formar parte de nuestra comunidad y descubre c\u00f3mo <strong>DateMobs <\/strong>Puede transformar tu vida amorosa. Estamos aqu\u00ed para ayudarte a escribir tu pr\u00f3xima historia de amor, o simplemente encontrar compa\u00f1\u00eda para re\u00edrte mucho y pasar momentos inolvidables.<\/p>\n\n\n\n<p><strong>DateMobs.com<\/strong>\u00a1Donde comienzan las verdaderas conexiones!<\/p>","protected":false},"excerpt":{"rendered":"<p>\u00a1Bienvenido a DateMobs.com, tu nueva plataforma para conectar personas de una manera aut\u00e9ntica y divertida! Aqu\u00ed en DateMobs, creemos que las conexiones humanas son la esencia de la vida y nuestra misi\u00f3n es hacer que esas conexiones sean m\u00e1s accesibles y significativas para todos. Nuestra Misi\u00f3n Queremos transformar la forma en que las personas se conocen e interact\u00faan en l\u00ednea. \u2026 <a title=\"Quienes somos\" class=\"read-more\" href=\"https:\/\/datemobs.com\/es\/quienes-somos\/\" aria-label=\"Lea m\u00e1s sobre qui\u00e9nes somos\">leer m\u00e1s<\/a><\/p>","protected":false},"author":1,"featured_media":0,"parent":0,"menu_order":0,"comment_status":"closed","ping_status":"closed","template":"","meta":{"footnotes":""},"class_list":["post-819","page","type-page","status-publish"],"_links":{"self":[{"href":"https:\/\/datemobs.com\/es\/wp-json\/wp\/v2\/pages\/819","targetHints":{"allow":["GET"]}}],"collection":[{"href":"https:\/\/datemobs.com\/es\/wp-json\/wp\/v2\/pages"}],"about":[{"href":"https:\/\/datemobs.com\/es\/wp-json\/wp\/v2\/types\/page"}],"author":[{"embeddable":true,"href":"https:\/\/datemobs.com\/es\/wp-json\/wp\/v2\/users\/1"}],"replies":[{"embeddable":true,"href":"https:\/\/datemobs.com\/es\/wp-json\/wp\/v2\/comments?post=819"}],"version-history":[{"count":5,"href":"https:\/\/datemobs.com\/es\/wp-json\/wp\/v2\/pages\/819\/revisions"}],"predecessor-version":[{"id":847,"href":"https:\/\/datemobs.com\/es\/wp-json\/wp\/v2\/pages\/819\/revisions\/847"}],"wp:attachment":[{"href":"https:\/\/datemobs.com\/es\/wp-json\/wp\/v2\/media?parent=819"}],"curies":[{"name":"wp","href":"https:\/\/api.w.org\/{rel}","templated":true}]}}