{"id":819,"date":"2022-11-08T18:30:39","date_gmt":"2022-11-08T18:30:39","guid":{"rendered":"https:\/\/sites.generatepress.com\/info\/?page_id=819"},"modified":"2025-03-22T05:35:13","modified_gmt":"2025-03-22T05:35:13","slug":"quienes-somos","status":"publish","type":"page","link":"https:\/\/datemobs.com\/es_co\/quienes-somos\/","title":{"rendered":"Quienes somos"},"content":{"rendered":"<p>Bienvenido a <strong>DateMobs.com<\/strong>\u00a1Tu nueva plataforma para conectar personas de forma aut\u00e9ntica y divertida! Aqu\u00ed en <strong>DateMobs<\/strong>Creemos que las conexiones humanas son la esencia de la vida y nuestra misi\u00f3n es hacer que estas conexiones sean m\u00e1s accesibles y significativas para todos.<\/p>\n\n\n\n<h2 class=\"wp-block-heading\">Nuestra misi\u00f3n<\/h2>\n\n\n\n<p>Queremos transformar la forma en que las personas se conocen e interact\u00faan en l\u00ednea. Combinamos tecnolog\u00eda de vanguardia con un toque humano para garantizar que encuentres a esa persona especial de forma sencilla, segura y plena.<\/p>\n\n\n\n<h2 class=\"wp-block-heading\">Lo que nos hace diferentes<\/h2>\n\n\n\n<ul class=\"wp-block-list\">\n<li><strong>Seguridad ante todo:<\/strong> Nos tomamos su privacidad y seguridad muy en serio, utilizando las mejores funciones de protecci\u00f3n de datos del mercado.<\/li>\n\n\n\n<li><strong>Perfiles aut\u00e9nticos:<\/strong> Nuestra plataforma fomenta la creaci\u00f3n de perfiles reales y verificaciones para que interact\u00faes con personas genuinas.<\/li>\n\n\n\n<li><strong>Interactividad:<\/strong> Las funciones modernas y din\u00e1micas, como los videos cortos y los mensajes creativos, te ayudan a destacar y expresarte.<\/li>\n<\/ul>\n\n\n\n<h2 class=\"wp-block-heading\">Nuestra historia<\/h2>\n\n\n\n<p>EL <strong>DateMobs <\/strong>Naci\u00f3 de la idea de crear una experiencia de citas en l\u00ednea m\u00e1s ligera y directa, adaptada a las necesidades reales de las personas. Desde el principio, nos hemos esforzado por ofrecer un entorno donde puedas ser t\u00fa mismo y encontrar conexiones genuinas.<\/p>\n\n\n\n<h2 class=\"wp-block-heading\">\u00bfPor qu\u00e9 elegir? <strong>DateMobs<\/strong>?<\/h2>\n\n\n\n<p>Ya sea que seas nuevo en el mundo de las aplicaciones de citas o un veterano que busca algo diferente, <strong>DateMobs <\/strong>ofertas:<\/p>\n\n\n\n<ul class=\"wp-block-list\">\n<li>Una experiencia intuitiva y sin complicaciones.<\/li>\n\n\n\n<li>Comunidad comprometida y diversa.<\/li>\n\n\n\n<li>Herramientas que realmente te ayudan a crear v\u00ednculos y recuerdos.<\/li>\n<\/ul>\n\n\n\n<p>Ven a formar parte de nuestra comunidad y descubre c\u00f3mo <strong>DateMobs <\/strong>Puede transformar tu vida amorosa. Estamos aqu\u00ed para ayudarte a escribir tu pr\u00f3xima historia de amor, o simplemente para encontrar compa\u00f1\u00eda para re\u00edrte a carcajadas y disfrutar de momentos inolvidables.<\/p>\n\n\n\n<p><strong>DateMobs.com<\/strong>\u00a1Donde comienzan las verdaderas conexiones!<\/p>","protected":false},"excerpt":{"rendered":"<p>Bem-vindo ao DateMobs.com, a sua nova plataforma para conectar pessoas de forma aut\u00eantica e divertida! Aqui na DateMobs, acreditamos que as conex\u00f5es humanas s\u00e3o a ess\u00eancia da vida, e nossa miss\u00e3o \u00e9 tornar essas conex\u00f5es mais acess\u00edveis e significativas para todos. Nossa Miss\u00e3o Queremos transformar a maneira como as pessoas se encontram e interagem online. &#8230; <a title=\"Quienes somos\" class=\"read-more\" href=\"https:\/\/datemobs.com\/es_co\/quienes-somos\/\" aria-label=\"Read more about Quem Somos\">leer m\u00e1s<\/a><\/p>","protected":false},"author":1,"featured_media":0,"parent":0,"menu_order":0,"comment_status":"closed","ping_status":"closed","template":"","meta":{"footnotes":""},"class_list":["post-819","page","type-page","status-publish"],"_links":{"self":[{"href":"https:\/\/datemobs.com\/es_co\/wp-json\/wp\/v2\/pages\/819","targetHints":{"allow":["GET"]}}],"collection":[{"href":"https:\/\/datemobs.com\/es_co\/wp-json\/wp\/v2\/pages"}],"about":[{"href":"https:\/\/datemobs.com\/es_co\/wp-json\/wp\/v2\/types\/page"}],"author":[{"embeddable":true,"href":"https:\/\/datemobs.com\/es_co\/wp-json\/wp\/v2\/users\/1"}],"replies":[{"embeddable":true,"href":"https:\/\/datemobs.com\/es_co\/wp-json\/wp\/v2\/comments?post=819"}],"version-history":[{"count":5,"href":"https:\/\/datemobs.com\/es_co\/wp-json\/wp\/v2\/pages\/819\/revisions"}],"predecessor-version":[{"id":847,"href":"https:\/\/datemobs.com\/es_co\/wp-json\/wp\/v2\/pages\/819\/revisions\/847"}],"wp:attachment":[{"href":"https:\/\/datemobs.com\/es_co\/wp-json\/wp\/v2\/media?parent=819"}],"curies":[{"name":"wp","href":"https:\/\/api.w.org\/{rel}","templated":true}]}}