{"id":850,"date":"2025-03-22T05:40:19","date_gmt":"2025-03-22T05:40:19","guid":{"rendered":"https:\/\/datemobs.com\/?page_id=850"},"modified":"2025-03-22T05:40:19","modified_gmt":"2025-03-22T05:40:19","slug":"condiciones-de-uso","status":"publish","type":"page","link":"https:\/\/datemobs.com\/es_co\/condiciones-de-uso\/","title":{"rendered":"Condiciones de uso"},"content":{"rendered":"<h2 class=\"wp-block-heading\"><strong>1. Condiciones<\/strong><\/h2>\n\n\n\n<p>Al acceder al sitio web <a href=\"\/es_co\/datemobs.com\/\"><strong>DateMobs<\/strong><\/a>Usted acepta cumplir con estos t\u00e9rminos de servicio, todas las leyes y regulaciones aplicables, y se responsabiliza del cumplimiento de las leyes locales aplicables. Si no acepta alguno de estos t\u00e9rminos, se le proh\u00edbe usar o acceder a este sitio. Los materiales contenidos en este sitio web est\u00e1n protegidos por las leyes de derechos de autor y marcas registradas aplicables.<\/p>\n\n\n\n<h2 class=\"wp-block-heading\"><strong>2. Licencia de uso<\/strong><\/h2>\n\n\n\n<p>Se concede permiso para descargar temporalmente una copia de los materiales (informaci\u00f3n o software) del sitio web. <strong>DateMobs <\/strong>, solo para visualizaci\u00f3n transitoria personal y no comercial. Esta licencia otorga una licencia, no una transferencia de titularidad, y bajo esta licencia no podr\u00e1:\u00a0<\/p>\n\n\n\n<ol class=\"wp-block-list\">\n<li>modificar o copiar los materiales;\u00a0<\/li>\n\n\n\n<li>utilizar los materiales para cualquier prop\u00f3sito comercial o para cualquier exhibici\u00f3n p\u00fablica (comercial o no comercial);\u00a0<\/li>\n\n\n\n<li>Intentar descompilar o aplicar ingenier\u00eda inversa a cualquier software contenido en el sitio web. <strong>DateMobs<\/strong>;\u00a0<\/li>\n\n\n\n<li>eliminar cualquier derecho de autor u otras notaciones de propiedad de los materiales; o\u00a0<\/li>\n\n\n\n<li>transferir los materiales a otra persona o &#039;duplicar&#039; los materiales en cualquier otro servidor.<\/li>\n<\/ol>\n\n\n\n<p>Esta licencia terminar\u00e1 autom\u00e1ticamente si usted viola cualquiera de estas restricciones y podr\u00e1 ser cancelada por <strong>DateMobs <\/strong>En cualquier momento. Al finalizar la visualizaci\u00f3n de estos materiales o al finalizar esta licencia, deber\u00e1 destruir cualquier material descargado que tenga en su poder, ya sea en formato electr\u00f3nico o impreso.<\/p>\n\n\n\n<h2 class=\"wp-block-heading\"><strong>3. Descargo de responsabilidad<\/strong><\/h2>\n\n\n\n<ol class=\"wp-block-list\">\n<li>Los materiales en el sitio web de <strong>DateMobs <\/strong>se proporcionan &quot;tal cual&quot;. <strong>DateMobs <\/strong>no ofrece garant\u00edas, expresas o impl\u00edcitas, y por la presente renuncia y niega todas las dem\u00e1s garant\u00edas, incluidas, entre otras, las garant\u00edas o condiciones impl\u00edcitas de comerciabilidad, idoneidad para un prop\u00f3sito particular o no infracci\u00f3n de la propiedad intelectual u otra violaci\u00f3n de derechos.<\/li>\n\n\n\n<li>Adem\u00e1s, la <strong>DateMobs <\/strong>no garantiza ni hace ninguna declaraci\u00f3n sobre la precisi\u00f3n, los resultados probables o la confiabilidad del uso de los materiales en su sitio web o de otro modo relacionados con dichos materiales o en cualquier sitio vinculado a este sitio.<\/li>\n<\/ol>\n\n\n\n<h2 class=\"wp-block-heading\"><strong>4. Limitaciones<\/strong><\/h2>\n\n\n\n<p>En ning\u00fan caso el <strong>DateMobs <\/strong>o sus proveedores ser\u00e1n responsables de ning\u00fan da\u00f1o (incluidos, sin limitaci\u00f3n, da\u00f1os por p\u00e9rdida de datos o ganancias, o debido a la interrupci\u00f3n del negocio) que surja del uso o la imposibilidad de usar los materiales en <strong>DateMobs<\/strong>, a pesar de <strong>DateMobs <\/strong>o un representante autorizado de <strong>DateMobs <\/strong>Se le ha notificado oralmente o por escrito la posibilidad de dichos da\u00f1os. Dado que algunas jurisdicciones no permiten limitaciones a las garant\u00edas impl\u00edcitas ni a la responsabilidad por da\u00f1os consecuentes o incidentales, es posible que estas limitaciones no le sean aplicables.<\/p>\n\n\n\n<h2 class=\"wp-block-heading\"><strong>5. Precisi\u00f3n de los materiales<\/strong><\/h2>\n\n\n\n<p>Los materiales mostrados en el sitio web de <strong>DateMobs <\/strong>Puede incluir errores t\u00e9cnicos, tipogr\u00e1ficos o fotogr\u00e1ficos. <strong>DateMobs <\/strong>no garantiza que ning\u00fan material de su sitio web sea preciso, completo o actual. <strong>DateMobs <\/strong>puede realizar cambios en los materiales contenidos en su sitio web en cualquier momento sin previo aviso. Sin embargo, <strong>DateMobs <\/strong>no se compromete a actualizar los materiales.<\/p>\n\n\n\n<h2 class=\"wp-block-heading\"><strong>6. Enlaces<\/strong><\/h2>\n\n\n\n<p>EL <strong>DateMobs <\/strong>no ha revisado todos los sitios enlazados a su sitio web y no es responsable del contenido de ninguno de ellos. La inclusi\u00f3n de cualquier enlace no implica la aprobaci\u00f3n por parte de <strong>DateMobs <\/strong>del sitio web. El uso de cualquier sitio web enlazado es bajo el propio riesgo del usuario.<\/p>\n\n\n\n<h3 class=\"wp-block-heading\"><strong>Modificaciones<\/strong><\/h3>\n\n\n\n<p>EL <strong>DateMobs <\/strong>podr\u00e1 revisar estas condiciones de servicio de su sitio web en cualquier momento sin previo aviso. Al utilizar este sitio web, usted acepta regirse por la versi\u00f3n vigente de estas condiciones de servicio.<\/p>\n\n\n\n<h3 class=\"wp-block-heading\"><strong>Ley aplicable<\/strong><\/h3>\n\n\n\n<p>Estos t\u00e9rminos y condiciones se rigen e interpretan de conformidad con las leyes de <strong>DateMobs <\/strong>y usted se somete irrevocablemente a la jurisdicci\u00f3n exclusiva de los tribunales de ese Estado o ubicaci\u00f3n.<\/p>","protected":false},"excerpt":{"rendered":"<p>1. Termos Ao acessar ao site DateMobs, concorda em cumprir estes termos de servi\u00e7o, todas as leis e regulamentos aplic\u00e1veis \u200b\u200be concorda que \u00e9 respons\u00e1vel pelo cumprimento de todas as leis locais aplic\u00e1veis. Se voc\u00ea n\u00e3o concordar com algum desses termos, est\u00e1 proibido de usar ou acessar este site. Os materiais contidos neste site s\u00e3o &#8230; <a title=\"Condiciones de uso\" class=\"read-more\" href=\"https:\/\/datemobs.com\/es_co\/condiciones-de-uso\/\" aria-label=\"Read more about Termos de Uso\">leer m\u00e1s<\/a><\/p>","protected":false},"author":1,"featured_media":0,"parent":0,"menu_order":0,"comment_status":"closed","ping_status":"closed","template":"","meta":{"footnotes":""},"class_list":["post-850","page","type-page","status-publish"],"_links":{"self":[{"href":"https:\/\/datemobs.com\/es_co\/wp-json\/wp\/v2\/pages\/850","targetHints":{"allow":["GET"]}}],"collection":[{"href":"https:\/\/datemobs.com\/es_co\/wp-json\/wp\/v2\/pages"}],"about":[{"href":"https:\/\/datemobs.com\/es_co\/wp-json\/wp\/v2\/types\/page"}],"author":[{"embeddable":true,"href":"https:\/\/datemobs.com\/es_co\/wp-json\/wp\/v2\/users\/1"}],"replies":[{"embeddable":true,"href":"https:\/\/datemobs.com\/es_co\/wp-json\/wp\/v2\/comments?post=850"}],"version-history":[{"count":1,"href":"https:\/\/datemobs.com\/es_co\/wp-json\/wp\/v2\/pages\/850\/revisions"}],"predecessor-version":[{"id":851,"href":"https:\/\/datemobs.com\/es_co\/wp-json\/wp\/v2\/pages\/850\/revisions\/851"}],"wp:attachment":[{"href":"https:\/\/datemobs.com\/es_co\/wp-json\/wp\/v2\/media?parent=850"}],"curies":[{"name":"wp","href":"https:\/\/api.w.org\/{rel}","templated":true}]}}