{"id":3,"date":"2025-03-22T05:11:17","date_gmt":"2025-03-22T05:11:17","guid":{"rendered":"https:\/\/datemobs.com\/?page_id=3"},"modified":"2025-03-22T05:38:42","modified_gmt":"2025-03-22T05:38:42","slug":"politica-de-privacidad","status":"publish","type":"page","link":"https:\/\/datemobs.com\/es_mx\/politica-de-privacidad\/","title":{"rendered":"pol\u00edtica de privacidad"},"content":{"rendered":"<p><span style=\"color: #444444;\">Su privacidad es importante para nosotros. Es nuestra pol\u00edtica. <strong>DateMobs<\/strong> Respetar su privacidad con respecto a cualquier informaci\u00f3n que podamos recopilar de usted en el sitio web <strong><a href=\"\/es_mx\/datemobs.com\/\">DateMobs<\/a><\/strong>y otros sitios web que poseemos y operamos.<\/span><\/p>\n<p><span style=\"color: #444444;\">Solo solicitamos informaci\u00f3n personal cuando realmente la necesitamos para prestarle un servicio. La recopilamos por medios justos y l\u00edcitos, con su conocimiento y consentimiento. Tambi\u00e9n le informamos por qu\u00e9 la recopilamos y c\u00f3mo la utilizaremos.<\/span><\/p>\n<p><span style=\"color: #444444;\">Solo conservamos la informaci\u00f3n recopilada el tiempo necesario para brindarle el servicio solicitado. Los datos que almacenamos los protegemos con medios comercialmente aceptables para evitar p\u00e9rdidas y robos, as\u00ed como el acceso, la divulgaci\u00f3n, la copia, el uso o la modificaci\u00f3n no autorizados.<\/span><\/p>\n<p><span style=\"color: #444444;\">No compartimos informaci\u00f3n de identificaci\u00f3n personal p\u00fablicamente ni con terceros, excepto cuando lo exige la ley.<\/span><\/p>\n<p><span style=\"color: #444444;\">Nuestro sitio web puede contener enlaces a sitios externos que no operamos. Tenga en cuenta que no tenemos control sobre el contenido ni las pr\u00e1cticas de estos sitios y no nos hacemos responsables de su contenido.\u00a0<\/span><a style=\"background-color: transparent; color: #444444;\" href=\"https:\/\/politicaprivacidade.com\/\" target=\"_blank\" rel=\"noopener noreferrer\">pol\u00edticas de privacidad<\/a><span style=\"color: #444444;\">.<\/span><\/p>\n<p><span style=\"color: #444444;\">Usted es libre de rechazar nuestra solicitud de su informaci\u00f3n personal, con el entendimiento de que es posible que no podamos brindarle algunos de los servicios deseados.<\/span><\/p>\n<p><span style=\"color: #444444;\">Su uso continuado de nuestro sitio web se considerar\u00e1 como una aceptaci\u00f3n de nuestras pr\u00e1cticas de privacidad e informaci\u00f3n personal. Si tiene alguna pregunta sobre c\u00f3mo gestionamos los datos de usuario y la informaci\u00f3n personal, p\u00f3ngase en contacto con nosotros.<\/span><\/p>\n<ul>\n<li><span style=\"color: #444444;\">El servicio Google AdSense que utilizamos para mostrar publicidad utiliza una cookie de DoubleClick para mostrar anuncios m\u00e1s relevantes en la web y limitar la cantidad de veces que se le muestra un anuncio determinado.<\/span><\/li>\n<li><span style=\"color: #444444;\">Para obtener m\u00e1s informaci\u00f3n sobre Google AdSense, consulte las preguntas frecuentes oficiales sobre privacidad de Google AdSense.<\/span><\/li>\n<li><span style=\"color: #444444;\">Utilizamos publicidad para compensar los costes de funcionamiento de este sitio web y financiar su desarrollo futuro. Las cookies de publicidad comportamental que utiliza este sitio web est\u00e1n dise\u00f1adas para garantizar que le ofrezcamos la publicidad m\u00e1s relevante posible, rastreando an\u00f3nimamente sus intereses y presentando contenido similar que pueda ser de su inter\u00e9s.<\/span><\/li>\n<li><span style=\"color: #444444;\">Varios socios hacen publicidad en nuestro nombre, y las cookies de seguimiento de afiliados simplemente nos permiten ver si nuestros clientes han llegado al sitio a trav\u00e9s de uno de los sitios de nuestros socios para que podamos acreditarlos adecuadamente y, cuando corresponda, permitir que nuestros socios afiliados brinden cualquier incentivo que puedan brindarle por realizar una compra.<\/span><\/li>\n<\/ul>\n<h3><strong><span style=\"color: #444444;\">Compromiso del usuario<\/span><\/strong><\/h3>\n<p><span style=\"color: #444444;\">El usuario se compromete a hacer un uso adecuado de los contenidos e informaci\u00f3n que la <strong>DateMobs<\/strong> ofertas en el sitio web y a modo de ejemplo, pero no limitado a:<\/span><\/p>\n<ul>\n<li><span style=\"color: #444444;\">A) No incurrir en actividades ilegales o contrarias a la buena fe y al orden p\u00fablico;<\/span><\/li>\n<li><span style=\"color: #444444;\">B) No difundir propaganda o contenidos de car\u00e1cter racista, xen\u00f3fobo, <\/span><span style=\"color: #212529;\">166bet<\/span><span style=\"color: #444444;\"> o mala suerte, cualquier tipo de pornograf\u00eda ilegal, en apoyo al terrorismo o contra los derechos humanos;<\/span><\/li>\n<li><span style=\"color: #444444;\">C) No provocar da\u00f1os a los sistemas f\u00edsicos (hardware) y l\u00f3gicos (software) del <strong>DateMobs<\/strong>, de sus proveedores o de terceros, introducir o difundir en la red virus inform\u00e1ticos o cualesquiera otros sistemas f\u00edsicos o l\u00f3gicos que sean susceptibles de provocar los da\u00f1os anteriormente mencionados.<\/span><\/li>\n<\/ul>\n<h3><strong><span style=\"color: #444444;\">M\u00e1s informaci\u00f3n<\/span><\/strong><\/h3>\n<p><span style=\"color: #444444;\">Esperamos que esto haya aclarado las cosas para usted y, como se mencion\u00f3 anteriormente, si hay algo que no est\u00e1 seguro de si necesita o no, generalmente es m\u00e1s seguro dejar las cookies habilitadas en caso de que interact\u00fae con una de las funciones que utiliza en nuestro sitio.<\/span><\/p>\n<p><em><strong><span style=\"color: #444444;\">Esta pol\u00edtica entra en vigencia a partir del 22 de marzo de 2025 a las 5:36 a. m.<\/span><\/strong><\/em><\/p>","protected":false},"excerpt":{"rendered":"<p>A sua privacidade \u00e9 importante para n\u00f3s. \u00c9 pol\u00edtica do DateMobs respeitar a sua privacidade em rela\u00e7\u00e3o a qualquer informa\u00e7\u00e3o sua que possamos coletar no site DateMobs, e outros sites que possu\u00edmos e operamos. Solicitamos informa\u00e7\u00f5es pessoais apenas quando realmente precisamos delas para lhe fornecer um servi\u00e7o. Fazemo-lo por meios justos e legais, com o &#8230; <a title=\"pol\u00edtica de privacidad\" class=\"read-more\" href=\"https:\/\/datemobs.com\/es_mx\/politica-de-privacidad\/\" aria-label=\"Leer m\u00e1s sobre Pol\u00edtica de Privacidade\">leer m\u00e1s<\/a><\/p>","protected":false},"author":1,"featured_media":0,"parent":0,"menu_order":0,"comment_status":"closed","ping_status":"open","template":"","meta":{"footnotes":""},"class_list":["post-3","page","type-page","status-publish"],"_links":{"self":[{"href":"https:\/\/datemobs.com\/es_mx\/wp-json\/wp\/v2\/pages\/3","targetHints":{"allow":["GET"]}}],"collection":[{"href":"https:\/\/datemobs.com\/es_mx\/wp-json\/wp\/v2\/pages"}],"about":[{"href":"https:\/\/datemobs.com\/es_mx\/wp-json\/wp\/v2\/types\/page"}],"author":[{"embeddable":true,"href":"https:\/\/datemobs.com\/es_mx\/wp-json\/wp\/v2\/users\/1"}],"replies":[{"embeddable":true,"href":"https:\/\/datemobs.com\/es_mx\/wp-json\/wp\/v2\/comments?post=3"}],"version-history":[{"count":2,"href":"https:\/\/datemobs.com\/es_mx\/wp-json\/wp\/v2\/pages\/3\/revisions"}],"predecessor-version":[{"id":849,"href":"https:\/\/datemobs.com\/es_mx\/wp-json\/wp\/v2\/pages\/3\/revisions\/849"}],"wp:attachment":[{"href":"https:\/\/datemobs.com\/es_mx\/wp-json\/wp\/v2\/media?parent=3"}],"curies":[{"name":"wp","href":"https:\/\/api.w.org\/{rel}","templated":true}]}}