{"id":819,"date":"2022-11-08T18:30:39","date_gmt":"2022-11-08T18:30:39","guid":{"rendered":"https:\/\/sites.generatepress.com\/info\/?page_id=819"},"modified":"2025-03-22T05:35:13","modified_gmt":"2025-03-22T05:35:13","slug":"quem-somos","status":"publish","type":"page","link":"https:\/\/datemobs.com\/es_mx\/quem-somos\/","title":{"rendered":"Quem Somos"},"content":{"rendered":"<p>Bem-vindo ao <strong>DateMobs.com<\/strong>, a sua nova plataforma para conectar pessoas de forma aut\u00eantica e divertida! Aqui na <strong>DateMobs<\/strong>, acreditamos que as conex\u00f5es humanas s\u00e3o a ess\u00eancia da vida, e nossa miss\u00e3o \u00e9 tornar essas conex\u00f5es mais acess\u00edveis e significativas para todos.<\/p>\n\n\n\n<h2 class=\"wp-block-heading\">Nossa Miss\u00e3o<\/h2>\n\n\n\n<p>Queremos transformar a maneira como as pessoas se encontram e interagem online. Combinamos tecnologia de ponta com um toque humano para garantir que voc\u00ea encontre algu\u00e9m especial de uma forma simples, segura e cheia de possibilidades.<\/p>\n\n\n\n<h2 class=\"wp-block-heading\">O Que Nos Torna Diferentes<\/h2>\n\n\n\n<ul class=\"wp-block-list\">\n<li><strong>Seguran\u00e7a em Primeiro Lugar:<\/strong> Levamos a s\u00e9rio a sua privacidade e seguran\u00e7a, utilizando os melhores recursos de prote\u00e7\u00e3o de dados do mercado.<\/li>\n\n\n\n<li><strong>Perfis Aut\u00eanticos:<\/strong> Nossa plataforma incentiva a cria\u00e7\u00e3o de perfis reais e verifica\u00e7\u00f5es para que voc\u00ea interaja com pessoas genu\u00ednas.<\/li>\n\n\n\n<li><strong>Interatividade:<\/strong> Recursos modernos e din\u00e2micos, como v\u00eddeos curtos e mensagens criativas, para ajudar voc\u00ea a se destacar e se expressar.<\/li>\n<\/ul>\n\n\n\n<h2 class=\"wp-block-heading\">Nossa Hist\u00f3ria<\/h2>\n\n\n\n<p>EL <strong>DateMobs <\/strong>nasceu da ideia de criar uma experi\u00eancia de namoro online mais leve, descomplicada e alinhada com as necessidades reais das pessoas. Desde o in\u00edcio, buscamos oferecer um ambiente onde voc\u00ea pode ser voc\u00ea mesmo e encontrar conex\u00f5es verdadeiras.<\/p>\n\n\n\n<h2 class=\"wp-block-heading\">Por Que Escolher o <strong>DateMobs<\/strong>?<\/h2>\n\n\n\n<p>Seja voc\u00ea novo no mundo dos apps de relacionamento ou um veterano procurando algo diferente, o <strong>DateMobs <\/strong>oferece:<\/p>\n\n\n\n<ul class=\"wp-block-list\">\n<li>Uma experi\u00eancia intuitiva e sem complica\u00e7\u00f5es.<\/li>\n\n\n\n<li>Comunidade engajada e diversa.<\/li>\n\n\n\n<li>Ferramentas que realmente ajudam voc\u00ea a criar la\u00e7os e mem\u00f3rias.<\/li>\n<\/ul>\n\n\n\n<p>Venha fazer parte da nossa comunidade e descubra como o <strong>DateMobs <\/strong>pode transformar sua vida amorosa. Estamos aqui para ajudar voc\u00ea a escrever sua pr\u00f3xima hist\u00f3ria de amor \u2014 ou apenas encontrar companhia para boas risadas e momentos inesquec\u00edveis.<\/p>\n\n\n\n<p><strong>DateMobs.com<\/strong>: Onde conex\u00f5es verdadeiras come\u00e7am!<\/p>","protected":false},"excerpt":{"rendered":"<p>Bem-vindo ao DateMobs.com, a sua nova plataforma para conectar pessoas de forma aut\u00eantica e divertida! Aqui na DateMobs, acreditamos que as conex\u00f5es humanas s\u00e3o a ess\u00eancia da vida, e nossa miss\u00e3o \u00e9 tornar essas conex\u00f5es mais acess\u00edveis e significativas para todos. Nossa Miss\u00e3o Queremos transformar a maneira como as pessoas se encontram e interagem online. &#8230; <a title=\"Quem Somos\" class=\"read-more\" href=\"https:\/\/datemobs.com\/es_mx\/quem-somos\/\" aria-label=\"Leer m\u00e1s sobre Quem Somos\">leer m\u00e1s<\/a><\/p>","protected":false},"author":1,"featured_media":0,"parent":0,"menu_order":0,"comment_status":"closed","ping_status":"closed","template":"","meta":{"footnotes":""},"class_list":["post-819","page","type-page","status-publish"],"_links":{"self":[{"href":"https:\/\/datemobs.com\/es_mx\/wp-json\/wp\/v2\/pages\/819","targetHints":{"allow":["GET"]}}],"collection":[{"href":"https:\/\/datemobs.com\/es_mx\/wp-json\/wp\/v2\/pages"}],"about":[{"href":"https:\/\/datemobs.com\/es_mx\/wp-json\/wp\/v2\/types\/page"}],"author":[{"embeddable":true,"href":"https:\/\/datemobs.com\/es_mx\/wp-json\/wp\/v2\/users\/1"}],"replies":[{"embeddable":true,"href":"https:\/\/datemobs.com\/es_mx\/wp-json\/wp\/v2\/comments?post=819"}],"version-history":[{"count":5,"href":"https:\/\/datemobs.com\/es_mx\/wp-json\/wp\/v2\/pages\/819\/revisions"}],"predecessor-version":[{"id":847,"href":"https:\/\/datemobs.com\/es_mx\/wp-json\/wp\/v2\/pages\/819\/revisions\/847"}],"wp:attachment":[{"href":"https:\/\/datemobs.com\/es_mx\/wp-json\/wp\/v2\/media?parent=819"}],"curies":[{"name":"wp","href":"https:\/\/api.w.org\/{rel}","templated":true}]}}