{"id":850,"date":"2025-03-22T05:40:19","date_gmt":"2025-03-22T05:40:19","guid":{"rendered":"https:\/\/datemobs.com\/?page_id=850"},"modified":"2025-03-22T05:40:19","modified_gmt":"2025-03-22T05:40:19","slug":"conditions-dutilisation","status":"publish","type":"page","link":"https:\/\/datemobs.com\/fr\/conditions-dutilisation\/","title":{"rendered":"Conditions d&#039;utilisation"},"content":{"rendered":"<h2 class=\"wp-block-heading\"><strong>1. Conditions<\/strong><\/h2>\n\n\n\n<p>Lors de l&#039;acc\u00e8s au site Web <a href=\"\/fr\/datemobs.com\/\"><strong>DateMobs<\/strong><\/a>, vous acceptez de vous conformer aux pr\u00e9sentes conditions de service, \u00e0 toutes les lois et r\u00e9glementations applicables, et acceptez que vous \u00eates responsable du respect de toutes les lois locales applicables. Si vous n\u2019\u00eates pas d\u2019accord avec l\u2019une de ces conditions, il vous est interdit d\u2019utiliser ou d\u2019acc\u00e9der \u00e0 ce site. Les \u00e9l\u00e9ments contenus dans ce site Web sont prot\u00e9g\u00e9s par les lois applicables en mati\u00e8re de droit d\u2019auteur et de marques.<\/p>\n\n\n\n<h2 class=\"wp-block-heading\"><strong>2. Licence d&#039;utilisation<\/strong><\/h2>\n\n\n\n<p>L&#039;autorisation est accord\u00e9e de t\u00e9l\u00e9charger temporairement une copie du mat\u00e9riel (information ou logiciel) sur le site Web <strong>DateMobs <\/strong>, pour un visionnement personnel et non commercial transitoire uniquement. Il s&#039;agit de l&#039;octroi d&#039;une licence, et non d&#039;un transfert de titre, et en vertu de cette licence, vous ne pouvez pas :\u00a0<\/p>\n\n\n\n<ol class=\"wp-block-list\">\n<li>modifier ou copier les documents ;\u00a0<\/li>\n\n\n\n<li>utiliser les mat\u00e9riaux \u00e0 des fins commerciales ou pour toute exposition publique (commerciale ou non commerciale)\u00a0;\u00a0<\/li>\n\n\n\n<li>tenter de d\u00e9compiler ou de proc\u00e9der \u00e0 une ing\u00e9nierie inverse de tout logiciel contenu sur le site Web <strong>DateMobs<\/strong>;\u00a0<\/li>\n\n\n\n<li>supprimer tout droit d\u2019auteur ou autre mention de propri\u00e9t\u00e9 des documents\u00a0; ou\u00a0<\/li>\n\n\n\n<li>transf\u00e9rer les documents \u00e0 une autre personne ou \u00ab refl\u00e9ter \u00bb les documents sur un autre serveur.<\/li>\n<\/ol>\n\n\n\n<p>Cette licence sera automatiquement r\u00e9sili\u00e9e si vous violez l&#039;une de ces restrictions et peut \u00eatre r\u00e9sili\u00e9e par <strong>DateMobs <\/strong>\u00e0 tout moment. \u00c0 la fin de votre consultation de ces documents ou \u00e0 la r\u00e9siliation de cette licence, vous devez d\u00e9truire tout document t\u00e9l\u00e9charg\u00e9 en votre possession, qu&#039;il soit sous forme \u00e9lectronique ou imprim\u00e9e.<\/p>\n\n\n\n<h2 class=\"wp-block-heading\"><strong>3. Clause de non-responsabilit\u00e9<\/strong><\/h2>\n\n\n\n<ol class=\"wp-block-list\">\n<li>Les documents sur le site Web de <strong>DateMobs <\/strong>sont fournis \u00ab tels quels \u00bb. <strong>DateMobs <\/strong>ne donne aucune garantie, expresse ou implicite, et d\u00e9cline et nie par la pr\u00e9sente toutes les autres garanties, y compris, sans limitation, les garanties ou conditions implicites de qualit\u00e9 marchande, d&#039;ad\u00e9quation \u00e0 un usage particulier ou de non-violation de la propri\u00e9t\u00e9 intellectuelle ou autre violation des droits.<\/li>\n\n\n\n<li>En outre, le <strong>DateMobs <\/strong>ne garantit ni ne fait aucune d\u00e9claration concernant l&#039;exactitude, les r\u00e9sultats probables ou la fiabilit\u00e9 de l&#039;utilisation des mat\u00e9riaux sur son site Web ou autrement li\u00e9s \u00e0 ces mat\u00e9riaux ou sur tout site li\u00e9 \u00e0 ce site.<\/li>\n<\/ol>\n\n\n\n<h2 class=\"wp-block-heading\"><strong>4. Limitations<\/strong><\/h2>\n\n\n\n<p>En aucun cas, le <strong>DateMobs <\/strong>ou ses fournisseurs ne peuvent \u00eatre tenus responsables de tout dommage (y compris, sans limitation, les dommages pour perte de donn\u00e9es ou de profit, ou en raison d&#039;une interruption d&#039;activit\u00e9) d\u00e9coulant de l&#039;utilisation ou de l&#039;impossibilit\u00e9 d&#039;utiliser les mat\u00e9riaux sur <strong>DateMobs<\/strong>, m\u00eame si <strong>DateMobs <\/strong>ou un repr\u00e9sentant autoris\u00e9 de <strong>DateMobs <\/strong>avoir \u00e9t\u00e9 inform\u00e9 oralement ou par \u00e9crit de la possibilit\u00e9 de tels dommages. \u00c9tant donn\u00e9 que certaines juridictions n\u2019autorisent pas les limitations des garanties implicites ou les limitations de responsabilit\u00e9 pour les dommages indirects ou accessoires, ces limitations peuvent ne pas s\u2019appliquer \u00e0 vous.<\/p>\n\n\n\n<h2 class=\"wp-block-heading\"><strong>5. Exactitude des mat\u00e9riaux<\/strong><\/h2>\n\n\n\n<p>Les documents affich\u00e9s sur le site Web de <strong>DateMobs <\/strong>peut contenir des erreurs techniques, typographiques ou photographiques. <strong>DateMobs <\/strong>ne garantit pas que tout \u00e9l\u00e9ment de son site Web est exact, complet ou \u00e0 jour. <strong>DateMobs <\/strong>peut apporter des modifications aux \u00e9l\u00e9ments contenus sur son site Web \u00e0 tout moment et sans pr\u00e9avis. Cependant, <strong>DateMobs <\/strong>ne s&#039;engage pas \u00e0 mettre \u00e0 jour les documents.<\/p>\n\n\n\n<h2 class=\"wp-block-heading\"><strong>6. Liens<\/strong><\/h2>\n\n\n\n<p>LE <strong>DateMobs <\/strong>n&#039;a pas examin\u00e9 tous les sites li\u00e9s \u00e0 son site Web et n&#039;est pas responsable du contenu de ces sites li\u00e9s. L&#039;inclusion de tout lien n&#039;implique pas l&#039;approbation par <strong>DateMobs <\/strong>du site. L&#039;utilisation de tout site Web li\u00e9 se fait aux risques et p\u00e9rils de l&#039;utilisateur.<\/p>\n\n\n\n<h3 class=\"wp-block-heading\"><strong>Modifications<\/strong><\/h3>\n\n\n\n<p>LE <strong>DateMobs <\/strong>peut r\u00e9viser les pr\u00e9sentes conditions d&#039;utilisation du site Web \u00e0 tout moment et sans pr\u00e9avis. En utilisant ce site Web, vous acceptez d&#039;\u00eatre li\u00e9 par la version alors en vigueur de ces conditions de service.<\/p>\n\n\n\n<h3 class=\"wp-block-heading\"><strong>Loi applicable<\/strong><\/h3>\n\n\n\n<p>Ces termes et conditions sont r\u00e9gis et interpr\u00e9t\u00e9s conform\u00e9ment aux lois de <strong>DateMobs <\/strong>et vous vous soumettez irr\u00e9vocablement \u00e0 la juridiction exclusive des tribunaux de cet \u00c9tat ou de ce lieu.<\/p>","protected":false},"excerpt":{"rendered":"<p>1. Termos Ao acessar ao site DateMobs, concorda em cumprir estes termos de servi\u00e7o, todas as leis e regulamentos aplic\u00e1veis \u200b\u200be concorda que \u00e9 respons\u00e1vel pelo cumprimento de todas as leis locais aplic\u00e1veis. Se voc\u00ea n\u00e3o concordar com algum desses termos, est\u00e1 proibido de usar ou acessar este site. Os materiais contidos neste site s\u00e3o &#8230; <a title=\"Conditions d&#039;utilisation\" class=\"read-more\" href=\"https:\/\/datemobs.com\/fr\/conditions-dutilisation\/\" aria-label=\"En savoir plus sur Termos de Uso\">En savoir plus<\/a><\/p>","protected":false},"author":1,"featured_media":0,"parent":0,"menu_order":0,"comment_status":"closed","ping_status":"closed","template":"","meta":{"footnotes":""},"class_list":["post-850","page","type-page","status-publish"],"_links":{"self":[{"href":"https:\/\/datemobs.com\/fr\/wp-json\/wp\/v2\/pages\/850","targetHints":{"allow":["GET"]}}],"collection":[{"href":"https:\/\/datemobs.com\/fr\/wp-json\/wp\/v2\/pages"}],"about":[{"href":"https:\/\/datemobs.com\/fr\/wp-json\/wp\/v2\/types\/page"}],"author":[{"embeddable":true,"href":"https:\/\/datemobs.com\/fr\/wp-json\/wp\/v2\/users\/1"}],"replies":[{"embeddable":true,"href":"https:\/\/datemobs.com\/fr\/wp-json\/wp\/v2\/comments?post=850"}],"version-history":[{"count":1,"href":"https:\/\/datemobs.com\/fr\/wp-json\/wp\/v2\/pages\/850\/revisions"}],"predecessor-version":[{"id":851,"href":"https:\/\/datemobs.com\/fr\/wp-json\/wp\/v2\/pages\/850\/revisions\/851"}],"wp:attachment":[{"href":"https:\/\/datemobs.com\/fr\/wp-json\/wp\/v2\/media?parent=850"}],"curies":[{"name":"wp","href":"https:\/\/api.w.org\/{rel}","templated":true}]}}