{"id":3,"date":"2025-03-22T05:11:17","date_gmt":"2025-03-22T05:11:17","guid":{"rendered":"https:\/\/datemobs.com\/?page_id=3"},"modified":"2025-03-22T05:38:42","modified_gmt":"2025-03-22T05:38:42","slug":"politique-de-confidentialite","status":"publish","type":"page","link":"https:\/\/datemobs.com\/fr_be\/politique-de-confidentialite\/","title":{"rendered":"politique de confidentialit\u00e9"},"content":{"rendered":"<p><span style=\"color: #444444;\">Le respect de votre vie priv\u00e9e est important pour nous. C&#039;est notre politique. <strong>DateMobs<\/strong> Nous respecterons votre vie priv\u00e9e concernant toute information que nous pourrions recueillir aupr\u00e8s de vous sur le site web. <strong><a href=\"\/fr_be\/datemobs.com\/\">DateMobs<\/a><\/strong>et d&#039;autres sites web que nous poss\u00e9dons et exploitons.<\/span><\/p>\n<p><span style=\"color: #444444;\">Nous ne demandons des renseignements personnels que lorsque cela est strictement n\u00e9cessaire pour vous fournir un service. Nous agissons de mani\u00e8re loyale et licite, avec votre consentement \u00e9clair\u00e9. Nous vous informons \u00e9galement des raisons pour lesquelles nous recueillons ces donn\u00e9es et de l&#039;usage qui en sera fait.<\/span><\/p>\n<p><span style=\"color: #444444;\">Nous ne conservons les informations collect\u00e9es que le temps n\u00e9cessaire \u00e0 la fourniture du service demand\u00e9. Lors du stockage des donn\u00e9es, nous les prot\u00e9geons par des moyens commercialement acceptables afin de pr\u00e9venir toute perte, vol, acc\u00e8s non autoris\u00e9, divulgation, copie, utilisation ou modification.<\/span><\/p>\n<p><span style=\"color: #444444;\">Nous ne partageons pas publiquement ni avec des tiers les informations permettant d&#039;identifier une personne, sauf lorsque la loi l&#039;exige.<\/span><\/p>\n<p><span style=\"color: #444444;\">Notre site web peut contenir des liens vers des sites externes qui ne sont pas exploit\u00e9s par nous. Veuillez noter que nous n&#039;avons aucun contr\u00f4le sur le contenu et les pratiques de ces sites et que nous ne pouvons \u00eatre tenus responsables de leurs politiques respectives.\u00a0<\/span><a style=\"background-color: transparent; color: #444444;\" href=\"https:\/\/politicaprivacidade.com\/\" target=\"_blank\" rel=\"noopener noreferrer\">politiques de confidentialit\u00e9<\/a><span style=\"color: #444444;\">.<\/span><\/p>\n<p><span style=\"color: #444444;\">Vous \u00eates libre de refuser notre demande de renseignements personnels, \u00e9tant entendu que nous pourrions alors ne pas \u00eatre en mesure de vous fournir certains des services que vous souhaitez.<\/span><\/p>\n<p><span style=\"color: #444444;\">En continuant \u00e0 utiliser notre site web, vous acceptez nos pratiques en mati\u00e8re de confidentialit\u00e9 et de traitement des donn\u00e9es personnelles. Pour toute question concernant la gestion de vos donn\u00e9es personnelles, veuillez nous contacter.<\/span><\/p>\n<ul>\n<li><span style=\"color: #444444;\">Le service Google AdSense que nous utilisons pour diffuser des publicit\u00e9s utilise un cookie DoubleClick afin de vous proposer des annonces plus pertinentes sur le Web et de limiter le nombre de fois o\u00f9 une m\u00eame annonce vous est pr\u00e9sent\u00e9e.<\/span><\/li>\n<li><span style=\"color: #444444;\">Pour plus d&#039;informations sur Google AdSense, veuillez consulter la FAQ officielle sur la confidentialit\u00e9 de Google AdSense.<\/span><\/li>\n<li><span style=\"color: #444444;\">Nous utilisons la publicit\u00e9 pour couvrir les frais de fonctionnement de ce site et financer son d\u00e9veloppement futur. Les cookies de publicit\u00e9 comportementale utilis\u00e9s par ce site sont con\u00e7us pour vous proposer les publicit\u00e9s les plus pertinentes possible en suivant anonymement vos centres d&#039;int\u00e9r\u00eat et en vous pr\u00e9sentant des contenus similaires susceptibles de vous int\u00e9resser.<\/span><\/li>\n<li><span style=\"color: #444444;\">Plusieurs partenaires font de la publicit\u00e9 en notre nom, et les cookies de suivi d&#039;affiliation nous permettent simplement de voir si nos clients ont acc\u00e9d\u00e9 au site via l&#039;un de nos sites partenaires, afin que nous puissions les cr\u00e9diter comme il se doit et, le cas \u00e9ch\u00e9ant, permettre \u00e0 nos partenaires affili\u00e9s de proposer les promotions qu&#039;ils peuvent offrir pour vous encourager \u00e0 effectuer un achat.<\/span><\/li>\n<\/ul>\n<h3><strong><span style=\"color: #444444;\">Engagement de l&#039;utilisateur<\/span><\/strong><\/h3>\n<p><span style=\"color: #444444;\">L&#039;utilisateur s&#039;engage \u00e0 faire un usage appropri\u00e9 du contenu et des informations fournis. <strong>DateMobs<\/strong> Le site web propose les services suivants, sans que cette liste soit exhaustive\u00a0:<\/span><\/p>\n<ul>\n<li><span style=\"color: #444444;\">A) Ne pas se livrer \u00e0 des activit\u00e9s ill\u00e9gales ou contraires \u00e0 la bonne foi et \u00e0 l\u2019ordre public ;<\/span><\/li>\n<li><span style=\"color: #444444;\">B) Ne pas diffuser de propagande ou de contenu \u00e0 caract\u00e8re raciste ou x\u00e9nophobe, <\/span><span style=\"color: #212529;\">166bet<\/span><span style=\"color: #444444;\"> ou la malchance, tout type de pornographie ill\u00e9gale, l&#039;incitation au terrorisme ou tout contenu qui viole les droits de l&#039;homme ;<\/span><\/li>\n<li><span style=\"color: #444444;\">C) Ne pas endommager les syst\u00e8mes physiques (mat\u00e9riels) et logiques (logiciels) de <strong>DateMobs<\/strong>, de ses fournisseurs ou de tiers, pour introduire ou diffuser des virus informatiques ou tout autre syst\u00e8me mat\u00e9riel ou logiciel susceptible de causer les dommages susmentionn\u00e9s.<\/span><\/li>\n<\/ul>\n<h3><strong><span style=\"color: #444444;\">Plus d&#039;informations<\/span><\/strong><\/h3>\n<p><span style=\"color: #444444;\">Nous esp\u00e9rons que cela est clair et, comme mentionn\u00e9 pr\u00e9c\u00e9demment, en cas de doute sur la n\u00e9cessit\u00e9 d&#039;activer ou non les cookies, il est g\u00e9n\u00e9ralement plus s\u00fbr de les laisser activ\u00e9s si vous interagissez avec l&#039;une des fonctionnalit\u00e9s de notre site web.<\/span><\/p>\n<p><em><strong><span style=\"color: #444444;\">Cette politique entrera en vigueur le 22 mars 2025 \u00e0 5 h 36.<\/span><\/strong><\/em><\/p>","protected":false},"excerpt":{"rendered":"<p>A sua privacidade \u00e9 importante para n\u00f3s. \u00c9 pol\u00edtica do DateMobs respeitar a sua privacidade em rela\u00e7\u00e3o a qualquer informa\u00e7\u00e3o sua que possamos coletar no site DateMobs, e outros sites que possu\u00edmos e operamos. Solicitamos informa\u00e7\u00f5es pessoais apenas quando realmente precisamos delas para lhe fornecer um servi\u00e7o. Fazemo-lo por meios justos e legais, com o &#8230; <a title=\"politique de confidentialit\u00e9\" class=\"read-more\" href=\"https:\/\/datemobs.com\/fr_be\/politique-de-confidentialite\/\" aria-label=\"Read more about Pol\u00edtica de Privacidade\">En savoir plus<\/a><\/p>","protected":false},"author":1,"featured_media":0,"parent":0,"menu_order":0,"comment_status":"closed","ping_status":"open","template":"","meta":{"footnotes":""},"class_list":["post-3","page","type-page","status-publish"],"_links":{"self":[{"href":"https:\/\/datemobs.com\/fr_be\/wp-json\/wp\/v2\/pages\/3","targetHints":{"allow":["GET"]}}],"collection":[{"href":"https:\/\/datemobs.com\/fr_be\/wp-json\/wp\/v2\/pages"}],"about":[{"href":"https:\/\/datemobs.com\/fr_be\/wp-json\/wp\/v2\/types\/page"}],"author":[{"embeddable":true,"href":"https:\/\/datemobs.com\/fr_be\/wp-json\/wp\/v2\/users\/1"}],"replies":[{"embeddable":true,"href":"https:\/\/datemobs.com\/fr_be\/wp-json\/wp\/v2\/comments?post=3"}],"version-history":[{"count":2,"href":"https:\/\/datemobs.com\/fr_be\/wp-json\/wp\/v2\/pages\/3\/revisions"}],"predecessor-version":[{"id":849,"href":"https:\/\/datemobs.com\/fr_be\/wp-json\/wp\/v2\/pages\/3\/revisions\/849"}],"wp:attachment":[{"href":"https:\/\/datemobs.com\/fr_be\/wp-json\/wp\/v2\/media?parent=3"}],"curies":[{"name":"wp","href":"https:\/\/api.w.org\/{rel}","templated":true}]}}