{"id":819,"date":"2022-11-08T18:30:39","date_gmt":"2022-11-08T18:30:39","guid":{"rendered":"https:\/\/sites.generatepress.com\/info\/?page_id=819"},"modified":"2025-03-22T05:35:13","modified_gmt":"2025-03-22T05:35:13","slug":"qui-sommes-nous","status":"publish","type":"page","link":"https:\/\/datemobs.com\/fr_be\/qui-sommes-nous\/","title":{"rendered":"Qui sommes-nous"},"content":{"rendered":"<p>Bienvenue \u00e0 <strong>DateMobs.com<\/strong>, votre nouvelle plateforme pour connecter les gens de mani\u00e8re authentique et amusante\u00a0! Ici, \u00e0 <strong>DateMobs<\/strong>, nous croyons que les relations humaines sont l\u2019essence de la vie, et notre mission est de rendre ces relations plus accessibles et plus significatives pour tous.<\/p>\n\n\n\n<h2 class=\"wp-block-heading\">Notre mission<\/h2>\n\n\n\n<p>Nous voulons transformer la fa\u00e7on dont les gens se rencontrent et interagissent en ligne. Nous allions technologie de pointe et humanit\u00e9 pour vous permettre de trouver l&#039;\u00e2me s\u0153ur de mani\u00e8re simple, s\u00fbre et accessible.<\/p>\n\n\n\n<h2 class=\"wp-block-heading\">Ce qui nous rend diff\u00e9rent<\/h2>\n\n\n\n<ul class=\"wp-block-list\">\n<li><strong>La s\u00e9curit\u00e9 avant tout :<\/strong> Nous prenons votre confidentialit\u00e9 et votre s\u00e9curit\u00e9 au s\u00e9rieux, en utilisant les meilleures fonctionnalit\u00e9s de protection des donn\u00e9es du march\u00e9.<\/li>\n\n\n\n<li><strong>Profils authentiques :<\/strong> Notre plateforme encourage la cr\u00e9ation et la v\u00e9rification de profils r\u00e9els afin que vous interagissiez avec de vraies personnes.<\/li>\n\n\n\n<li><strong>Interactivit\u00e9 :<\/strong> Des fonctionnalit\u00e9s modernes et dynamiques telles que de courtes vid\u00e9os et des messages cr\u00e9atifs pour vous aider \u00e0 vous d\u00e9marquer et \u00e0 vous exprimer.<\/li>\n<\/ul>\n\n\n\n<h2 class=\"wp-block-heading\">Notre histoire<\/h2>\n\n\n\n<p>LE <strong>DateMobs <\/strong>est n\u00e9 de l&#039;id\u00e9e de cr\u00e9er une exp\u00e9rience de rencontre en ligne plus l\u00e9g\u00e8re, plus simple et plus adapt\u00e9e aux besoins r\u00e9els des utilisateurs. D\u00e8s le d\u00e9part, nous avons cherch\u00e9 \u00e0 offrir un environnement o\u00f9 vous pouvez \u00eatre vous-m\u00eame et trouver de v\u00e9ritables connexions.<\/p>\n\n\n\n<h2 class=\"wp-block-heading\">Pourquoi choisir <strong>DateMobs<\/strong>?<\/h2>\n\n\n\n<p>Que vous soyez nouveau dans le monde des applications de rencontres ou un v\u00e9t\u00e9ran \u00e0 la recherche de quelque chose de diff\u00e9rent, <strong>DateMobs <\/strong>offres :<\/p>\n\n\n\n<ul class=\"wp-block-list\">\n<li>Une exp\u00e9rience intuitive et sans tracas.<\/li>\n\n\n\n<li>Communaut\u00e9 engag\u00e9e et diversifi\u00e9e.<\/li>\n\n\n\n<li>Des outils qui vous aident r\u00e9ellement \u00e0 cr\u00e9er des liens et des souvenirs.<\/li>\n<\/ul>\n\n\n\n<p>Venez faire partie de notre communaut\u00e9 et d\u00e9couvrez comment <strong>DateMobs <\/strong>peut transformer votre vie amoureuse. Nous sommes l\u00e0 pour vous aider \u00e0 \u00e9crire votre prochaine histoire d&#039;amour, ou simplement \u00e0 trouver de la compagnie pour rire et partager des moments inoubliables.<\/p>\n\n\n\n<p><strong>DateMobs.com<\/strong>:L\u00e0 o\u00f9 commencent les vraies connexions !<\/p>","protected":false},"excerpt":{"rendered":"<p>Bem-vindo ao DateMobs.com, a sua nova plataforma para conectar pessoas de forma aut\u00eantica e divertida! Aqui na DateMobs, acreditamos que as conex\u00f5es humanas s\u00e3o a ess\u00eancia da vida, e nossa miss\u00e3o \u00e9 tornar essas conex\u00f5es mais acess\u00edveis e significativas para todos. Nossa Miss\u00e3o Queremos transformar a maneira como as pessoas se encontram e interagem online. &#8230; <a title=\"Qui sommes-nous\" class=\"read-more\" href=\"https:\/\/datemobs.com\/fr_be\/qui-sommes-nous\/\" aria-label=\"Read more about Quem Somos\">En savoir plus<\/a><\/p>","protected":false},"author":1,"featured_media":0,"parent":0,"menu_order":0,"comment_status":"closed","ping_status":"closed","template":"","meta":{"footnotes":""},"class_list":["post-819","page","type-page","status-publish"],"_links":{"self":[{"href":"https:\/\/datemobs.com\/fr_be\/wp-json\/wp\/v2\/pages\/819","targetHints":{"allow":["GET"]}}],"collection":[{"href":"https:\/\/datemobs.com\/fr_be\/wp-json\/wp\/v2\/pages"}],"about":[{"href":"https:\/\/datemobs.com\/fr_be\/wp-json\/wp\/v2\/types\/page"}],"author":[{"embeddable":true,"href":"https:\/\/datemobs.com\/fr_be\/wp-json\/wp\/v2\/users\/1"}],"replies":[{"embeddable":true,"href":"https:\/\/datemobs.com\/fr_be\/wp-json\/wp\/v2\/comments?post=819"}],"version-history":[{"count":5,"href":"https:\/\/datemobs.com\/fr_be\/wp-json\/wp\/v2\/pages\/819\/revisions"}],"predecessor-version":[{"id":847,"href":"https:\/\/datemobs.com\/fr_be\/wp-json\/wp\/v2\/pages\/819\/revisions\/847"}],"wp:attachment":[{"href":"https:\/\/datemobs.com\/fr_be\/wp-json\/wp\/v2\/media?parent=819"}],"curies":[{"name":"wp","href":"https:\/\/api.w.org\/{rel}","templated":true}]}}