{"id":3,"date":"2025-03-22T05:11:17","date_gmt":"2025-03-22T05:11:17","guid":{"rendered":"https:\/\/datemobs.com\/?page_id=3"},"modified":"2025-03-22T05:38:42","modified_gmt":"2025-03-22T05:38:42","slug":"politique-de-confidentialite","status":"publish","type":"page","link":"https:\/\/datemobs.com\/fr_ca\/politica-de-privacidade\/","title":{"rendered":"politique de confidentialit\u00e9"},"content":{"rendered":"<p><span style=\"color: #444444;\">Votre vie priv\u00e9e est importante pour nous. C&#039;est notre politique. <strong>DateMobs<\/strong> respecter votre vie priv\u00e9e concernant toute information que nous pouvons recueillir aupr\u00e8s de vous sur le site Web <strong><a href=\"\/fr_ca\/datemobs.com\/\">DateMobs<\/a><\/strong>, et d\u2019autres sites Web que nous poss\u00e9dons et exploitons.<\/span><\/p>\n<p><span style=\"color: #444444;\">Nous ne vous demandons des informations personnelles que lorsque nous en avons r\u00e9ellement besoin pour vous fournir un service. Nous les collectons de mani\u00e8re juste et l\u00e9gale, avec votre consentement et votre connaissance. Nous vous informons \u00e9galement des raisons pour lesquelles nous les collectons et de l&#039;utilisation qui en sera faite.<\/span><\/p>\n<p><span style=\"color: #444444;\">Nous conservons les informations collect\u00e9es uniquement le temps n\u00e9cessaire pour vous fournir le service demand\u00e9. Nous prot\u00e9geons les donn\u00e9es que nous stockons par des moyens commercialement acceptables afin de pr\u00e9venir la perte et le vol, ainsi que l&#039;acc\u00e8s, la divulgation, la copie, l&#039;utilisation ou la modification non autoris\u00e9s.<\/span><\/p>\n<p><span style=\"color: #444444;\">Nous ne partageons pas d\u2019informations personnelles identifiables publiquement ou avec des tiers, sauf lorsque la loi l\u2019exige.<\/span><\/p>\n<p><span style=\"color: #444444;\">Notre site web peut contenir des liens vers des sites externes que nous n&#039;exploitons pas. Veuillez noter que nous n&#039;avons aucun contr\u00f4le sur le contenu et les pratiques de ces sites et d\u00e9clinons toute responsabilit\u00e9 quant \u00e0 leur contenu.\u00a0<\/span><a style=\"background-color: transparent; color: #444444;\" href=\"https:\/\/politicaprivacidade.com\/\" target=\"_blank\" rel=\"noopener noreferrer\">politiques de confidentialit\u00e9<\/a><span style=\"color: #444444;\">.<\/span><\/p>\n<p><span style=\"color: #444444;\">Vous \u00eates libre de refuser notre demande de renseignements personnels, sachant que nous pourrions ne pas \u00eatre en mesure de vous fournir certains des services souhait\u00e9s.<\/span><\/p>\n<p><span style=\"color: #444444;\">Votre utilisation continue de notre site web sera consid\u00e9r\u00e9e comme une acceptation de nos pratiques en mati\u00e8re de confidentialit\u00e9 et de donn\u00e9es personnelles. Pour toute question concernant notre traitement des donn\u00e9es utilisateur et des donn\u00e9es personnelles, veuillez nous contacter.<\/span><\/p>\n<ul>\n<li><span style=\"color: #444444;\">Le service Google AdSense que nous utilisons pour diffuser des publicit\u00e9s utilise un cookie DoubleClick pour diffuser des annonces plus pertinentes sur le Web et limiter le nombre de fois qu&#039;une annonce donn\u00e9e vous est pr\u00e9sent\u00e9e.<\/span><\/li>\n<li><span style=\"color: #444444;\">Pour plus d&#039;informations sur Google AdSense, consultez la FAQ officielle sur la confidentialit\u00e9 de Google AdSense.<\/span><\/li>\n<li><span style=\"color: #444444;\">Nous utilisons la publicit\u00e9 pour compenser les co\u00fbts de fonctionnement de ce site web et financer son d\u00e9veloppement futur. Les cookies de publicit\u00e9 comportementale utilis\u00e9s par ce site web sont con\u00e7us pour vous proposer les publicit\u00e9s les plus pertinentes possible en suivant anonymement vos centres d&#039;int\u00e9r\u00eat et en vous pr\u00e9sentant du contenu similaire susceptible de vous int\u00e9resser.<\/span><\/li>\n<li><span style=\"color: #444444;\">Plusieurs partenaires font de la publicit\u00e9 en notre nom, et les cookies de suivi d&#039;affiliation nous permettent simplement de voir si nos clients sont venus sur le site via l&#039;un de nos sites partenaires afin que nous puissions les cr\u00e9diter de mani\u00e8re appropri\u00e9e et, le cas \u00e9ch\u00e9ant, permettre \u00e0 nos partenaires affili\u00e9s de fournir toute incitation qu&#039;ils peuvent vous fournir pour effectuer un achat.<\/span><\/li>\n<\/ul>\n<h3><strong><span style=\"color: #444444;\">Engagement des utilisateurs<\/span><\/strong><\/h3>\n<p><span style=\"color: #444444;\">L&#039;utilisateur s&#039;engage \u00e0 faire un usage appropri\u00e9 du contenu et des informations qu&#039;il met \u00e0 sa disposition. <strong>DateMobs<\/strong> offres sur le site Web et \u00e0 titre d&#039;exemple, mais sans s&#039;y limiter :<\/span><\/p>\n<ul>\n<li><span style=\"color: #444444;\">A) Ne pas se livrer \u00e0 des activit\u00e9s ill\u00e9gales ou contraires \u00e0 la bonne foi et \u00e0 l\u2019ordre public ;<\/span><\/li>\n<li><span style=\"color: #444444;\">B) Ne pas diffuser de propagande ou de contenu \u00e0 caract\u00e8re raciste, x\u00e9nophobe, <\/span><span style=\"color: #212529;\">166bet<\/span><span style=\"color: #444444;\"> ou de malchance, tout type de pornographie ill\u00e9gale, en soutien au terrorisme ou contre les droits de l\u2019homme ;<\/span><\/li>\n<li><span style=\"color: #444444;\">C) Ne pas endommager les syst\u00e8mes physiques (mat\u00e9riels) et logiques (logiciels) du <strong>DateMobs<\/strong>, ses fournisseurs ou des tiers, d&#039;introduire ou de diffuser des virus informatiques ou tout autre syst\u00e8me mat\u00e9riel ou logiciel susceptible de provoquer les dommages susmentionn\u00e9s.<\/span><\/li>\n<\/ul>\n<h3><strong><span style=\"color: #444444;\">Plus d&#039;informations<\/span><\/strong><\/h3>\n<p><span style=\"color: #444444;\">J&#039;esp\u00e8re que cela a clarifi\u00e9 les choses pour vous et comme cela a \u00e9t\u00e9 mentionn\u00e9 pr\u00e9c\u00e9demment, s&#039;il y a quelque chose dont vous n&#039;\u00eates pas s\u00fbr d&#039;avoir besoin ou non, il est g\u00e9n\u00e9ralement plus s\u00fbr de laisser les cookies activ\u00e9s au cas o\u00f9 ils interagiraient avec l&#039;une des fonctionnalit\u00e9s que vous utilisez sur notre site.<\/span><\/p>\n<p><em><strong><span style=\"color: #444444;\">Cette politique est en vigueur \u00e0 compter du 22 mars 2025 \u00e0 5 h 36.<\/span><\/strong><\/em><\/p>","protected":false},"excerpt":{"rendered":"<p>A sua privacidade \u00e9 importante para n\u00f3s. \u00c9 pol\u00edtica do DateMobs respeitar a sua privacidade em rela\u00e7\u00e3o a qualquer informa\u00e7\u00e3o sua que possamos coletar no site DateMobs, e outros sites que possu\u00edmos e operamos. Solicitamos informa\u00e7\u00f5es pessoais apenas quando realmente precisamos delas para lhe fornecer um servi\u00e7o. Fazemo-lo por meios justos e legais, com o &#8230; <a title=\"politique de confidentialit\u00e9\" class=\"read-more\" href=\"https:\/\/datemobs.com\/fr_ca\/politica-de-privacidade\/\" aria-label=\"Read more about Pol\u00edtica de Privacidade\">En savoir plus<\/a><\/p>","protected":false},"author":1,"featured_media":0,"parent":0,"menu_order":0,"comment_status":"closed","ping_status":"open","template":"","meta":{"footnotes":""},"class_list":["post-3","page","type-page","status-publish"],"_links":{"self":[{"href":"https:\/\/datemobs.com\/fr_ca\/wp-json\/wp\/v2\/pages\/3","targetHints":{"allow":["GET"]}}],"collection":[{"href":"https:\/\/datemobs.com\/fr_ca\/wp-json\/wp\/v2\/pages"}],"about":[{"href":"https:\/\/datemobs.com\/fr_ca\/wp-json\/wp\/v2\/types\/page"}],"author":[{"embeddable":true,"href":"https:\/\/datemobs.com\/fr_ca\/wp-json\/wp\/v2\/users\/1"}],"replies":[{"embeddable":true,"href":"https:\/\/datemobs.com\/fr_ca\/wp-json\/wp\/v2\/comments?post=3"}],"version-history":[{"count":2,"href":"https:\/\/datemobs.com\/fr_ca\/wp-json\/wp\/v2\/pages\/3\/revisions"}],"predecessor-version":[{"id":849,"href":"https:\/\/datemobs.com\/fr_ca\/wp-json\/wp\/v2\/pages\/3\/revisions\/849"}],"wp:attachment":[{"href":"https:\/\/datemobs.com\/fr_ca\/wp-json\/wp\/v2\/media?parent=3"}],"curies":[{"name":"wp","href":"https:\/\/api.w.org\/{rel}","templated":true}]}}