{"id":3,"date":"2025-03-22T05:11:17","date_gmt":"2025-03-22T05:11:17","guid":{"rendered":"https:\/\/datemobs.com\/?page_id=3"},"modified":"2025-03-22T05:38:42","modified_gmt":"2025-03-22T05:38:42","slug":"%d7%9e%d7%93%d7%99%d7%a0%d7%99%d7%95%d7%aa-%d7%a4%d7%a8%d7%98%d7%99%d7%95%d7%aa","status":"publish","type":"page","link":"https:\/\/datemobs.com\/he\/%d7%9e%d7%93%d7%99%d7%a0%d7%99%d7%95%d7%aa-%d7%a4%d7%a8%d7%98%d7%99%d7%95%d7%aa\/","title":{"rendered":"\u05de\u05d3\u05d9\u05e0\u05d9\u05d5\u05ea \u05e4\u05e8\u05d8\u05d9\u05d5\u05ea"},"content":{"rendered":"<p><span style=\"color: #444444;\">\u05d4\u05e4\u05e8\u05d8\u05d9\u05d5\u05ea \u05e9\u05dc\u05da \u05d7\u05e9\u05d5\u05d1\u05d4 \u05dc\u05e0\u05d5. \u05d6\u05d5 \u05d4\u05de\u05d3\u05d9\u05e0\u05d9\u05d5\u05ea \u05e9\u05dc <strong>DateMobs<\/strong> \u05dc\u05db\u05d1\u05d3 \u05d0\u05ea \u05e4\u05e8\u05d8\u05d9\u05d5\u05ea\u05da \u05dc\u05d2\u05d1\u05d9 \u05db\u05dc \u05de\u05d9\u05d3\u05e2 \u05e9\u05d0\u05e0\u05d5 \u05e2\u05e9\u05d5\u05d9\u05d9\u05dd \u05dc\u05d0\u05e1\u05d5\u05e3 \u05de\u05de\u05da \u05d1\u05d0\u05ea\u05e8 <strong><a href=\"\/he\/datemobs.com\/\">DateMobs<\/a><\/strong>, \u05d5\u05d0\u05ea\u05e8\u05d9\u05dd \u05d0\u05d7\u05e8\u05d9\u05dd \u05e9\u05d1\u05d1\u05e2\u05dc\u05d5\u05ea\u05e0\u05d5 \u05d5\u05d1\u05e0\u05d9\u05d4\u05d5\u05dc\u05e0\u05d5.<\/span><\/p>\n<p><span style=\"color: #444444;\">\u05d0\u05e0\u05d5 \u05de\u05d1\u05e7\u05e9\u05d9\u05dd \u05de\u05d9\u05d3\u05e2 \u05d0\u05d9\u05e9\u05d9 \u05e8\u05e7 \u05db\u05d0\u05e9\u05e8 \u05d0\u05e0\u05d5 \u05d1\u05d0\u05de\u05ea \u05d6\u05e7\u05d5\u05e7\u05d9\u05dd \u05dc\u05d5 \u05db\u05d3\u05d9 \u05dc\u05e1\u05e4\u05e7 \u05dc\u05da \u05e9\u05d9\u05e8\u05d5\u05ea. \u05d0\u05e0\u05d5 \u05e2\u05d5\u05e9\u05d9\u05dd \u05d6\u05d0\u05ea \u05d1\u05d0\u05de\u05e6\u05e2\u05d9\u05dd \u05d4\u05d5\u05d2\u05e0\u05d9\u05dd \u05d5\u05d7\u05d5\u05e7\u05d9\u05dd, \u05d1\u05d9\u05d3\u05d9\u05e2\u05ea\u05da \u05d5\u05d1\u05d4\u05e1\u05db\u05de\u05ea\u05da. \u05d0\u05e0\u05d5 \u05d2\u05dd \u05de\u05d5\u05d3\u05d9\u05e2\u05d9\u05dd \u05dc\u05da \u05de\u05d3\u05d5\u05e2 \u05d0\u05e0\u05d5 \u05d0\u05d5\u05e1\u05e4\u05d9\u05dd \u05d0\u05d5\u05ea\u05d5 \u05d5\u05db\u05d9\u05e6\u05d3 \u05d9\u05e9\u05de\u05e9\u05d5 \u05d0\u05d5\u05ea\u05d5.<\/span><\/p>\n<p><span style=\"color: #444444;\">\u05d0\u05e0\u05d5 \u05e9\u05d5\u05de\u05e8\u05d9\u05dd \u05de\u05d9\u05d3\u05e2 \u05e9\u05e0\u05d0\u05e1\u05e3 \u05e8\u05e7 \u05db\u05dc \u05d6\u05de\u05df \u05d4\u05d3\u05e8\u05d5\u05e9 \u05db\u05d3\u05d9 \u05dc\u05e1\u05e4\u05e7 \u05dc\u05da \u05d0\u05ea \u05d4\u05e9\u05d9\u05e8\u05d5\u05ea \u05d4\u05de\u05d1\u05d5\u05e7\u05e9. \u05e2\u05dc \u05d4\u05e0\u05ea\u05d5\u05e0\u05d9\u05dd \u05e9\u05d0\u05e0\u05d5 \u05de\u05d0\u05d7\u05e1\u05e0\u05d9\u05dd, \u05e0\u05d2\u05df \u05d1\u05d0\u05de\u05e6\u05e2\u05d9\u05dd \u05de\u05e7\u05d5\u05d1\u05dc\u05d9\u05dd \u05de\u05d1\u05d7\u05d9\u05e0\u05d4 \u05de\u05e1\u05d7\u05e8\u05d9\u05ea \u05db\u05d3\u05d9 \u05dc\u05de\u05e0\u05d5\u05e2 \u05d0\u05d5\u05d1\u05d3\u05df \u05d5\u05d2\u05e0\u05d9\u05d1\u05d4, \u05db\u05de\u05d5 \u05d2\u05dd \u05d2\u05d9\u05e9\u05d4 \u05dc\u05d0 \u05de\u05d5\u05e8\u05e9\u05d9\u05ea, \u05d7\u05e9\u05d9\u05e4\u05d4, \u05d4\u05e2\u05ea\u05e7\u05d4, \u05e9\u05d9\u05de\u05d5\u05e9 \u05d0\u05d5 \u05e9\u05d9\u05e0\u05d5\u05d9.<\/span><\/p>\n<p><span style=\"color: #444444;\">\u05d0\u05d9\u05e0\u05e0\u05d5 \u05d7\u05d5\u05dc\u05e7\u05d9\u05dd \u05de\u05d9\u05d3\u05e2 \u05de\u05d6\u05d4\u05d4 \u05d0\u05d9\u05e9\u05d9 \u05d1\u05e4\u05d5\u05de\u05d1\u05d9 \u05d0\u05d5 \u05e2\u05dd \u05e6\u05d3\u05d3\u05d9\u05dd \u05e9\u05dc\u05d9\u05e9\u05d9\u05d9\u05dd, \u05dc\u05de\u05e2\u05d8 \u05db\u05d0\u05e9\u05e8 \u05d4\u05d3\u05d1\u05e8 \u05e0\u05d3\u05e8\u05e9 \u05e2\u05dc \u05e4\u05d9 \u05d7\u05d5\u05e7.<\/span><\/p>\n<p><span style=\"color: #444444;\">\u05d4\u05d0\u05ea\u05e8 \u05e9\u05dc\u05e0\u05d5 \u05e2\u05e9\u05d5\u05d9 \u05dc\u05d4\u05db\u05d9\u05dc \u05e7\u05d9\u05e9\u05d5\u05e8\u05d9\u05dd \u05dc\u05d0\u05ea\u05e8\u05d9\u05dd \u05d7\u05d9\u05e6\u05d5\u05e0\u05d9\u05d9\u05dd \u05e9\u05d0\u05d9\u05e0\u05dd \u05de\u05d5\u05e4\u05e2\u05dc\u05d9\u05dd \u05e2\u05dc \u05d9\u05d3\u05d9\u05e0\u05d5. \u05d0\u05e0\u05d0 \u05e9\u05d9\u05dd \u05dc\u05d1 \u05e9\u05d0\u05d9\u05df \u05dc\u05e0\u05d5 \u05e9\u05dc\u05d9\u05d8\u05d4 \u05e2\u05dc \u05d4\u05ea\u05d5\u05db\u05df \u05d5\u05d4\u05e0\u05d4\u05dc\u05d9\u05dd \u05e9\u05dc \u05d0\u05ea\u05e8\u05d9\u05dd \u05d0\u05dc\u05d4 \u05d5\u05d0\u05d9\u05df \u05dc\u05e0\u05d5 \u05d0\u05e4\u05e9\u05e8\u05d5\u05ea \u05dc\u05e7\u05d1\u05dc \u05d0\u05d7\u05e8\u05d9\u05d5\u05ea \u05dc\u05d2\u05d1\u05d9\u05d4\u05dd\u00a0<\/span><a style=\"background-color: transparent; color: #444444;\" href=\"https:\/\/politicaprivacidade.com\/\" target=\"_blank\" rel=\"noopener noreferrer\">\u05de\u05d3\u05d9\u05e0\u05d9\u05d5\u05ea \u05d4\u05e4\u05e8\u05d8\u05d9\u05d5\u05ea<\/a><span style=\"color: #444444;\">.<\/span><\/p>\n<p><span style=\"color: #444444;\">\u05d0\u05ea\u05d4 \u05d7\u05d5\u05e4\u05e9\u05d9 \u05dc\u05e1\u05e8\u05d1 \u05dc\u05d1\u05e7\u05e9\u05ea\u05e0\u05d5 \u05dc\u05e7\u05d1\u05dc\u05ea \u05d4\u05de\u05d9\u05d3\u05e2 \u05d4\u05d0\u05d9\u05e9\u05d9 \u05e9\u05dc\u05da, \u05de\u05ea\u05d5\u05da \u05d4\u05d1\u05e0\u05d4 \u05db\u05d9 \u05d9\u05d9\u05ea\u05db\u05df \u05e9\u05dc\u05d0 \u05e0\u05d5\u05db\u05dc \u05dc\u05e1\u05e4\u05e7 \u05dc\u05da \u05d7\u05dc\u05e7 \u05de\u05d4\u05e9\u05d9\u05e8\u05d5\u05ea\u05d9\u05dd \u05d4\u05e8\u05e6\u05d5\u05d9\u05d9\u05dd \u05dc\u05da.<\/span><\/p>\n<p><span style=\"color: #444444;\">\u05d4\u05de\u05e9\u05da \u05d4\u05e9\u05d9\u05de\u05d5\u05e9 \u05e9\u05dc\u05da \u05d1\u05d0\u05ea\u05e8 \u05d4\u05d0\u05d9\u05e0\u05d8\u05e8\u05e0\u05d8 \u05e9\u05dc\u05e0\u05d5 \u05d9\u05d9\u05d7\u05e9\u05d1 \u05db\u05d4\u05e1\u05db\u05de\u05d4 \u05dc\u05e9\u05d9\u05d8\u05d5\u05ea \u05e9\u05dc\u05e0\u05d5 \u05d1\u05e0\u05d5\u05e9\u05d0 \u05e4\u05e8\u05d8\u05d9\u05d5\u05ea \u05d5\u05de\u05d9\u05d3\u05e2 \u05d0\u05d9\u05e9\u05d9. \u05d0\u05dd \u05d9\u05e9 \u05dc\u05da \u05e9\u05d0\u05dc\u05d5\u05ea \u05db\u05dc\u05e9\u05d4\u05df \u05dc\u05d2\u05d1\u05d9 \u05d4\u05d0\u05d5\u05e4\u05df \u05e9\u05d1\u05d5 \u05d0\u05e0\u05d5 \u05de\u05d8\u05e4\u05dc\u05d9\u05dd \u05d1\u05e0\u05ea\u05d5\u05e0\u05d9 \u05de\u05e9\u05ea\u05de\u05e9\u05d9\u05dd \u05d5\u05d1\u05de\u05d9\u05d3\u05e2 \u05d0\u05d9\u05e9\u05d9, \u05d0\u05e0\u05d0 \u05e6\u05d5\u05e8 \u05d0\u05d9\u05ea\u05e0\u05d5 \u05e7\u05e9\u05e8.<\/span><\/p>\n<ul>\n<li><span style=\"color: #444444;\">\u05e9\u05d9\u05e8\u05d5\u05ea Google AdSense \u05e9\u05d1\u05d5 \u05d0\u05e0\u05d5 \u05de\u05e9\u05ea\u05de\u05e9\u05d9\u05dd \u05dc\u05e4\u05e8\u05e1\u05d5\u05dd \u05e4\u05e8\u05e1\u05d5\u05dd \u05de\u05e9\u05ea\u05de\u05e9 \u05d1\u05e7\u05d5\u05d1\u05e5 Cookie \u05e9\u05dc DoubleClick \u05db\u05d3\u05d9 \u05dc\u05d4\u05e6\u05d9\u05d2 \u05de\u05d5\u05d3\u05e2\u05d5\u05ea \u05e8\u05dc\u05d5\u05d5\u05e0\u05d8\u05d9\u05d5\u05ea \u05d9\u05d5\u05ea\u05e8 \u05d1\u05e8\u05d7\u05d1\u05d9 \u05d4\u05d0\u05d9\u05e0\u05d8\u05e8\u05e0\u05d8 \u05d5\u05dc\u05d4\u05d2\u05d1\u05d9\u05dc \u05d0\u05ea \u05de\u05e1\u05e4\u05e8 \u05d4\u05e4\u05e2\u05de\u05d9\u05dd \u05e9\u05de\u05d5\u05d3\u05e2\u05d4 \u05e0\u05ea\u05d5\u05e0\u05d4 \u05de\u05d5\u05e6\u05d2\u05ea \u05dc\u05da.<\/span><\/li>\n<li><span style=\"color: #444444;\">\u05dc\u05de\u05d9\u05d3\u05e2 \u05e0\u05d5\u05e1\u05e3 \u05e2\u05dc Google AdSense, \u05e2\u05d9\u05d9\u05df \u05d1\u05e9\u05d0\u05dc\u05d5\u05ea \u05d4\u05e0\u05e4\u05d5\u05e6\u05d5\u05ea \u05d4\u05e8\u05e9\u05de\u05d9\u05d5\u05ea \u05d1\u05e0\u05d5\u05e9\u05d0 \u05d4\u05e4\u05e8\u05d8\u05d9\u05d5\u05ea \u05e9\u05dc Google AdSense.<\/span><\/li>\n<li><span style=\"color: #444444;\">\u05d0\u05e0\u05d5 \u05de\u05e9\u05ea\u05de\u05e9\u05d9\u05dd \u05d1\u05e4\u05e8\u05e1\u05d5\u05de\u05d5\u05ea \u05db\u05d3\u05d9 \u05dc\u05e7\u05d6\u05d6 \u05d0\u05ea \u05d4\u05e2\u05dc\u05d5\u05d9\u05d5\u05ea \u05e9\u05dc \u05d4\u05e4\u05e2\u05dc\u05ea \u05d0\u05ea\u05e8 \u05d6\u05d4 \u05d5\u05dc\u05e1\u05e4\u05e7 \u05de\u05d9\u05de\u05d5\u05df \u05dc\u05e4\u05d9\u05ea\u05d5\u05d7 \u05e2\u05ea\u05d9\u05d3\u05d9. \u05e2\u05d5\u05d2\u05d9\u05d5\u05ea \u05d4\u05e4\u05e8\u05e1\u05d5\u05dd \u05d4\u05d4\u05ea\u05e0\u05d4\u05d2\u05d5\u05ea\u05d9\u05d5\u05ea \u05d1\u05d4\u05df \u05e0\u05e2\u05e9\u05d4 \u05e9\u05d9\u05de\u05d5\u05e9 \u05d1\u05d0\u05ea\u05e8 \u05d6\u05d4 \u05e0\u05d5\u05e2\u05d3\u05d5 \u05dc\u05d4\u05d1\u05d8\u05d9\u05d7 \u05e9\u05d0\u05e0\u05d5 \u05de\u05e1\u05e4\u05e7\u05d9\u05dd \u05dc\u05da \u05d0\u05ea \u05d4\u05e4\u05e8\u05e1\u05d5\u05de\u05d5\u05ea \u05d4\u05e8\u05dc\u05d5\u05d5\u05e0\u05d8\u05d9\u05d5\u05ea \u05d1\u05d9\u05d5\u05ea\u05e8 \u05d1\u05de\u05d9\u05d3\u05ea \u05d4\u05d0\u05e4\u05e9\u05e8 \u05e2\u05dc \u05d9\u05d3\u05d9 \u05de\u05e2\u05e7\u05d1 \u05d0\u05e0\u05d5\u05e0\u05d9\u05de\u05d9 \u05d0\u05d7\u05e8 \u05ea\u05d7\u05d5\u05de\u05d9 \u05d4\u05e2\u05e0\u05d9\u05d9\u05df \u05e9\u05dc\u05da \u05d5\u05d4\u05e6\u05d2\u05ea \u05d3\u05d1\u05e8\u05d9\u05dd \u05d3\u05d5\u05de\u05d9\u05dd \u05e9\u05e2\u05e9\u05d5\u05d9\u05d9\u05dd \u05dc\u05e2\u05e0\u05d9\u05d9\u05df.<\/span><\/li>\n<li><span style=\"color: #444444;\">\u05de\u05e1\u05e4\u05e8 \u05e9\u05d5\u05ea\u05e4\u05d9\u05dd \u05de\u05e4\u05e8\u05e1\u05de\u05d9\u05dd \u05d1\u05e9\u05de\u05e0\u05d5 \u05d5\u05e2\u05d5\u05d2\u05d9\u05d5\u05ea \u05dc\u05de\u05e2\u05e7\u05d1 \u05e9\u05dc \u05e9\u05d5\u05ea\u05e4\u05d9\u05dd \u05e4\u05e9\u05d5\u05d8\u05d9\u05dd \u05de\u05d0\u05e4\u05e9\u05e8\u05d9\u05dd \u05dc\u05e0\u05d5 \u05dc\u05e8\u05d0\u05d5\u05ea \u05d0\u05dd \u05d4\u05dc\u05e7\u05d5\u05d7\u05d5\u05ea \u05e9\u05dc\u05e0\u05d5 \u05d4\u05d2\u05d9\u05e2\u05d5 \u05dc\u05d0\u05ea\u05e8 \u05d3\u05e8\u05da \u05d0\u05d7\u05d3 \u05de\u05d0\u05ea\u05e8\u05d9 \u05d4\u05e9\u05d5\u05ea\u05e4\u05d9\u05dd \u05e9\u05dc\u05e0\u05d5, \u05db\u05da \u05e9\u05e0\u05d5\u05db\u05dc \u05dc\u05d6\u05db\u05d5\u05ea \u05d0\u05d5\u05ea\u05dd \u05db\u05e8\u05d0\u05d5\u05d9, \u05d5\u05d1\u05de\u05d9\u05d3\u05ea \u05d4\u05e6\u05d5\u05e8\u05da, \u05dc\u05d0\u05e4\u05e9\u05e8 \u05dc\u05e9\u05d5\u05ea\u05e4\u05d9\u05dd \u05d4\u05e9\u05d5\u05ea\u05e4\u05d9\u05dd \u05e9\u05dc\u05e0\u05d5 \u05dc\u05e1\u05e4\u05e7 \u05db\u05dc \u05d1\u05d5\u05e0\u05d5\u05e1 \u05e9\u05d4\u05dd \u05e2\u05e9\u05d5\u05d9\u05d9\u05dd \u05dc\u05e1\u05e4\u05e7 \u05dc\u05da \u05e2\u05d1\u05d5\u05e8 \u05d1\u05d9\u05e6\u05d5\u05e2 \u05e8\u05db\u05d9\u05e9\u05d4.<\/span><\/li>\n<\/ul>\n<h3><strong><span style=\"color: #444444;\">\u05de\u05d7\u05d5\u05d9\u05d1\u05d5\u05ea \u05de\u05e9\u05ea\u05de\u05e9<\/span><\/strong><\/h3>\n<p><span style=\"color: #444444;\">\u05d4\u05de\u05e9\u05ea\u05de\u05e9 \u05de\u05ea\u05d7\u05d9\u05d9\u05d1 \u05dc\u05e2\u05e9\u05d5\u05ea \u05e9\u05d9\u05de\u05d5\u05e9 \u05d4\u05d5\u05dc\u05dd \u05d1\u05ea\u05db\u05e0\u05d9\u05dd \u05d5\u05d1\u05de\u05d9\u05d3\u05e2 \u05d0\u05d5\u05ea\u05dd <strong>DateMobs<\/strong> \u05d4\u05e6\u05e2\u05d5\u05ea \u05d1\u05d0\u05ea\u05e8 \u05d5\u05dc\u05d3\u05d5\u05d2\u05de\u05d4, \u05d0\u05da \u05dc\u05d0 \u05e8\u05e7:<\/span><\/p>\n<ul>\n<li><span style=\"color: #444444;\">\u05d0) \u05dc\u05d0 \u05dc\u05e2\u05e1\u05d5\u05e7 \u05d1\u05e4\u05e2\u05d9\u05dc\u05d5\u05d9\u05d5\u05ea \u05e9\u05d0\u05d9\u05e0\u05df \u05d7\u05d5\u05e7\u05d9\u05d5\u05ea \u05d0\u05d5 \u05de\u05e0\u05d5\u05d2\u05d3\u05d5\u05ea \u05dc\u05ea\u05d5\u05dd \u05d4\u05dc\u05d1 \u05d5\u05dc\u05e1\u05d3\u05e8 \u05d4\u05e6\u05d9\u05d1\u05d5\u05e8\u05d9;<\/span><\/li>\n<li><span style=\"color: #444444;\">\u05d1) \u05d0\u05d9\u05df \u05dc\u05d4\u05e4\u05d9\u05e5 \u05ea\u05e2\u05de\u05d5\u05dc\u05d4 \u05d0\u05d5 \u05ea\u05db\u05e0\u05d9\u05dd \u05d1\u05e2\u05dc\u05d9 \u05d0\u05d5\u05e4\u05d9 \u05d2\u05d6\u05e2\u05e0\u05d9, \u05e9\u05e0\u05d0\u05ea \u05d6\u05e8\u05d9\u05dd, <\/span><span style=\"color: #212529;\">166 \u05d4\u05d9\u05de\u05d5\u05e8<\/span><span style=\"color: #444444;\"> \u05d0\u05d5 \u05de\u05d6\u05dc \u05e8\u05e2, \u05db\u05dc \u05e1\u05d5\u05d2 \u05e9\u05dc \u05e4\u05d5\u05e8\u05e0\u05d5\u05d2\u05e8\u05e4\u05d9\u05d4 \u05d1\u05dc\u05ea\u05d9 \u05d7\u05d5\u05e7\u05d9\u05ea, \u05dc\u05ea\u05de\u05d9\u05db\u05d4 \u05d1\u05d8\u05e8\u05d5\u05e8 \u05d0\u05d5 \u05e0\u05d2\u05d3 \u05d6\u05db\u05d5\u05d9\u05d5\u05ea \u05d0\u05d3\u05dd;<\/span><\/li>\n<li><span style=\"color: #444444;\">\u05d2) \u05d0\u05d9\u05df \u05dc\u05d2\u05e8\u05d5\u05dd \u05e0\u05d6\u05e7 \u05dc\u05de\u05e2\u05e8\u05db\u05d5\u05ea \u05d4\u05e4\u05d9\u05d6\u05d9\u05d5\u05ea (\u05d7\u05d5\u05de\u05e8\u05d4) \u05d5\u05d4\u05dc\u05d5\u05d2\u05d9\u05d5\u05ea (\u05ea\u05d5\u05db\u05e0\u05d4) \u05e9\u05dc <strong>DateMobs<\/strong>, \u05e1\u05e4\u05e7\u05d9\u05d4 \u05d0\u05d5 \u05e6\u05d3\u05d3\u05d9\u05dd \u05e9\u05dc\u05d9\u05e9\u05d9\u05d9\u05dd, \u05dc\u05d4\u05d7\u05d3\u05d9\u05e8 \u05d0\u05d5 \u05dc\u05d4\u05e4\u05d9\u05e5 \u05d5\u05d9\u05e8\u05d5\u05e1\u05d9 \u05de\u05d7\u05e9\u05d1 \u05d0\u05d5 \u05db\u05dc \u05de\u05e2\u05e8\u05db\u05d5\u05ea \u05d7\u05d5\u05de\u05e8\u05d4 \u05d0\u05d5 \u05ea\u05d5\u05db\u05e0\u05d4 \u05d0\u05d7\u05e8\u05d5\u05ea \u05d4\u05de\u05e1\u05d5\u05d2\u05dc\u05d5\u05ea \u05dc\u05d2\u05e8\u05d5\u05dd \u05dc\u05e0\u05d6\u05e7 \u05d4\u05d0\u05de\u05d5\u05e8 \u05dc\u05e2\u05d9\u05dc.<\/span><\/li>\n<\/ul>\n<h3><strong><span style=\"color: #444444;\">\u05de\u05d9\u05d3\u05e2 \u05e0\u05d5\u05e1\u05e3<\/span><\/strong><\/h3>\n<p><span style=\"color: #444444;\">\u05d0\u05e0\u05d9 \u05de\u05e7\u05d5\u05d5\u05d4 \u05e9\u05d6\u05d4 \u05d4\u05d1\u05d4\u05d9\u05e8 \u05dc\u05da \u05d0\u05ea \u05d4\u05d3\u05d1\u05e8\u05d9\u05dd \u05d5\u05db\u05e4\u05d9 \u05e9\u05e6\u05d5\u05d9\u05df \u05e7\u05d5\u05d3\u05dd \u05dc\u05db\u05df \u05d0\u05dd \u05d9\u05e9 \u05de\u05e9\u05d4\u05d5 \u05e9\u05d0\u05ea\u05d4 \u05dc\u05d0 \u05d1\u05d8\u05d5\u05d7 \u05d0\u05dd \u05d0\u05ea\u05d4 \u05e6\u05e8\u05d9\u05da \u05d0\u05d5 \u05dc\u05d0, \u05d6\u05d4 \u05d1\u05d3\u05e8\u05da \u05db\u05dc\u05dc \u05d1\u05d8\u05d5\u05d7 \u05d9\u05d5\u05ea\u05e8 \u05dc\u05d4\u05e9\u05d0\u05d9\u05e8 \u05e7\u05d5\u05d1\u05e6\u05d9 Cookie \u05de\u05d5\u05e4\u05e2\u05dc\u05d9\u05dd \u05d1\u05de\u05e7\u05e8\u05d4 \u05e9\u05d4\u05d5\u05d0 \u05d0\u05db\u05df \u05d9\u05d5\u05e6\u05e8 \u05d0\u05d9\u05e0\u05d8\u05e8\u05d0\u05e7\u05e6\u05d9\u05d4 \u05e2\u05dd \u05d0\u05d7\u05ea \u05de\u05d4\u05ea\u05db\u05d5\u05e0\u05d5\u05ea \u05e9\u05d1\u05d4\u05df \u05d0\u05ea\u05d4 \u05de\u05e9\u05ea\u05de\u05e9 \u05d1\u05d0\u05ea\u05e8 \u05e9\u05dc\u05e0\u05d5.<\/span><\/p>\n<p><em><strong><span style=\"color: #444444;\">\u05de\u05d3\u05d9\u05e0\u05d9\u05d5\u05ea \u05d6\u05d5 \u05ea\u05d9\u05db\u05e0\u05e1 \u05dc\u05ea\u05d5\u05e7\u05e3 \u05d4\u05d7\u05dc \u05de\u05d4-22 \u05d1\u05de\u05e8\u05e5 2025 \u05d1\u05e9\u05e2\u05d4 05:36.<\/span><\/strong><\/em><\/p>","protected":false},"excerpt":{"rendered":"<p>A sua privacidade \u00e9 importante para n\u00f3s. \u00c9 pol\u00edtica do DateMobs respeitar a sua privacidade em rela\u00e7\u00e3o a qualquer informa\u00e7\u00e3o sua que possamos coletar no site DateMobs, e outros sites que possu\u00edmos e operamos. Solicitamos informa\u00e7\u00f5es pessoais apenas quando realmente precisamos delas para lhe fornecer um servi\u00e7o. Fazemo-lo por meios justos e legais, com o &#8230; <a title=\"\u05de\u05d3\u05d9\u05e0\u05d9\u05d5\u05ea \u05e4\u05e8\u05d8\u05d9\u05d5\u05ea\" class=\"read-more\" href=\"https:\/\/datemobs.com\/he\/%d7%9e%d7%93%d7%99%d7%a0%d7%99%d7%95%d7%aa-%d7%a4%d7%a8%d7%98%d7%99%d7%95%d7%aa\/\" aria-label=\"Read more about Pol\u00edtica de Privacidade\">\u05e7\u05e8\u05d0 \u05e2\u05d5\u05d3<\/a><\/p>","protected":false},"author":1,"featured_media":0,"parent":0,"menu_order":0,"comment_status":"closed","ping_status":"open","template":"","meta":{"footnotes":""},"class_list":["post-3","page","type-page","status-publish"],"_links":{"self":[{"href":"https:\/\/datemobs.com\/he\/wp-json\/wp\/v2\/pages\/3","targetHints":{"allow":["GET"]}}],"collection":[{"href":"https:\/\/datemobs.com\/he\/wp-json\/wp\/v2\/pages"}],"about":[{"href":"https:\/\/datemobs.com\/he\/wp-json\/wp\/v2\/types\/page"}],"author":[{"embeddable":true,"href":"https:\/\/datemobs.com\/he\/wp-json\/wp\/v2\/users\/1"}],"replies":[{"embeddable":true,"href":"https:\/\/datemobs.com\/he\/wp-json\/wp\/v2\/comments?post=3"}],"version-history":[{"count":2,"href":"https:\/\/datemobs.com\/he\/wp-json\/wp\/v2\/pages\/3\/revisions"}],"predecessor-version":[{"id":849,"href":"https:\/\/datemobs.com\/he\/wp-json\/wp\/v2\/pages\/3\/revisions\/849"}],"wp:attachment":[{"href":"https:\/\/datemobs.com\/he\/wp-json\/wp\/v2\/media?parent=3"}],"curies":[{"name":"wp","href":"https:\/\/api.w.org\/{rel}","templated":true}]}}