{"id":819,"date":"2022-11-08T18:30:39","date_gmt":"2022-11-08T18:30:39","guid":{"rendered":"https:\/\/sites.generatepress.com\/info\/?page_id=819"},"modified":"2025-03-22T05:35:13","modified_gmt":"2025-03-22T05:35:13","slug":"%d7%9e%d7%99-%d7%90%d7%a0%d7%97%d7%a0%d7%95","status":"publish","type":"page","link":"https:\/\/datemobs.com\/he\/%d7%9e%d7%99-%d7%90%d7%a0%d7%97%d7%a0%d7%95\/","title":{"rendered":"\u05de\u05d9 \u05d0\u05e0\u05d7\u05e0\u05d5"},"content":{"rendered":"<p>\u05d1\u05e8\u05d5\u05db\u05d9\u05dd \u05d4\u05d1\u05d0\u05d9\u05dd \u05dc <strong>DateMobs.com<\/strong>, \u05d4\u05e4\u05dc\u05d8\u05e4\u05d5\u05e8\u05de\u05d4 \u05d4\u05d7\u05d3\u05e9\u05d4 \u05e9\u05dc\u05db\u05dd \u05dc\u05d7\u05d9\u05d1\u05d5\u05e8 \u05d0\u05e0\u05e9\u05d9\u05dd \u05d1\u05e6\u05d5\u05e8\u05d4 \u05d0\u05d5\u05ea\u05e0\u05d8\u05d9\u05ea \u05d5\u05db\u05d9\u05e4\u05d9\u05ea! \u05db\u05d0\u05df \u05d1 <strong>DateMobs<\/strong>\u05d0\u05e0\u05d5 \u05de\u05d0\u05de\u05d9\u05e0\u05d9\u05dd \u05e9\u05e7\u05e9\u05e8\u05d9\u05dd \u05d0\u05e0\u05d5\u05e9\u05d9\u05d9\u05dd \u05d4\u05dd \u05de\u05d4\u05d5\u05ea \u05d4\u05d7\u05d9\u05d9\u05dd, \u05d5\u05de\u05e9\u05d9\u05de\u05ea\u05e0\u05d5 \u05d4\u05d9\u05d0 \u05dc\u05d4\u05e4\u05d5\u05da \u05d0\u05ea \u05d4\u05e7\u05e9\u05e8\u05d9\u05dd \u05d4\u05dc\u05dc\u05d5 \u05dc\u05e0\u05d2\u05d9\u05e9\u05d9\u05dd \u05d5\u05de\u05e9\u05de\u05e2\u05d5\u05ea\u05d9\u05d9\u05dd \u05d9\u05d5\u05ea\u05e8 \u05e2\u05d1\u05d5\u05e8 \u05db\u05d5\u05dc\u05dd.<\/p>\n\n\n\n<h2 class=\"wp-block-heading\">\u05d4\u05de\u05e9\u05d9\u05de\u05d4 \u05e9\u05dc\u05e0\u05d5<\/h2>\n\n\n\n<p>\u05d0\u05e0\u05d7\u05e0\u05d5 \u05e8\u05d5\u05e6\u05d9\u05dd \u05dc\u05e9\u05e0\u05d5\u05ea \u05d0\u05ea \u05d4\u05d0\u05d5\u05e4\u05df \u05e9\u05d1\u05d5 \u05d0\u05e0\u05e9\u05d9\u05dd \u05e0\u05e4\u05d2\u05e9\u05d9\u05dd \u05d5\u05de\u05e7\u05d9\u05d9\u05de\u05d9\u05dd \u05d0\u05d9\u05e0\u05d8\u05e8\u05d0\u05e7\u05e6\u05d9\u05d4 \u05d1\u05d0\u05d9\u05e0\u05d8\u05e8\u05e0\u05d8. \u05d0\u05e0\u05d5 \u05de\u05e9\u05dc\u05d1\u05d9\u05dd \u05d8\u05db\u05e0\u05d5\u05dc\u05d5\u05d2\u05d9\u05d4 \u05de\u05ea\u05e7\u05d3\u05de\u05ea \u05e2\u05dd \u05de\u05d2\u05e2 \u05d0\u05e0\u05d5\u05e9\u05d9 \u05db\u05d3\u05d9 \u05dc\u05d4\u05d1\u05d8\u05d9\u05d7 \u05e9\u05ea\u05de\u05e6\u05d0\u05d5 \u05d0\u05ea \u05d4\u05d0\u05d3\u05dd \u05d4\u05de\u05d9\u05d5\u05d7\u05d3 \u05e9\u05dc\u05db\u05dd \u05d1\u05e6\u05d5\u05e8\u05d4 \u05e4\u05e9\u05d5\u05d8\u05d4, \u05d1\u05d8\u05d5\u05d7\u05d4 \u05d5\u05d0\u05e4\u05e9\u05e8\u05d9\u05ea.<\/p>\n\n\n\n<h2 class=\"wp-block-heading\">\u05de\u05d4 \u05e9\u05de\u05d9\u05d9\u05d7\u05d3 \u05d0\u05d5\u05ea\u05e0\u05d5<\/h2>\n\n\n\n<ul class=\"wp-block-list\">\n<li><strong>\u05d1\u05d8\u05d9\u05d7\u05d5\u05ea \u05ea\u05d7\u05d9\u05dc\u05d4:<\/strong> \u05d0\u05e0\u05d5 \u05de\u05ea\u05d9\u05d9\u05d7\u05e1\u05d9\u05dd \u05d1\u05e8\u05e6\u05d9\u05e0\u05d5\u05ea \u05dc\u05e4\u05e8\u05d8\u05d9\u05d5\u05ea \u05d5\u05dc\u05d0\u05d1\u05d8\u05d7\u05d4 \u05e9\u05dc\u05da, \u05d5\u05de\u05e9\u05ea\u05de\u05e9\u05d9\u05dd \u05d1\u05ea\u05db\u05d5\u05e0\u05d5\u05ea \u05d4\u05d2\u05e0\u05ea \u05d4\u05e0\u05ea\u05d5\u05e0\u05d9\u05dd \u05d4\u05d8\u05d5\u05d1\u05d5\u05ea \u05d1\u05d9\u05d5\u05ea\u05e8 \u05d1\u05e9\u05d5\u05e7.<\/li>\n\n\n\n<li><strong>\u05e4\u05e8\u05d5\u05e4\u05d9\u05dc\u05d9\u05dd \u05d0\u05d5\u05ea\u05e0\u05d8\u05d9\u05d9\u05dd:<\/strong> \u05d4\u05e4\u05dc\u05d8\u05e4\u05d5\u05e8\u05de\u05d4 \u05e9\u05dc\u05e0\u05d5 \u05de\u05e2\u05d5\u05d3\u05d3\u05ea \u05d9\u05e6\u05d9\u05e8\u05d4 \u05d5\u05d0\u05d9\u05de\u05d5\u05ea \u05e9\u05dc \u05e4\u05e8\u05d5\u05e4\u05d9\u05dc\u05d9\u05dd \u05d0\u05de\u05d9\u05ea\u05d9\u05d9\u05dd \u05db\u05d3\u05d9 \u05e9\u05ea\u05d5\u05db\u05dc\u05d5 \u05dc\u05ea\u05e7\u05e9\u05e8 \u05e2\u05dd \u05d0\u05e0\u05e9\u05d9\u05dd \u05d0\u05de\u05d9\u05ea\u05d9\u05d9\u05dd.<\/li>\n\n\n\n<li><strong>\u05d0\u05d9\u05e0\u05d8\u05e8\u05d0\u05e7\u05d8\u05d9\u05d1\u05d9\u05d5\u05ea:<\/strong> \u05ea\u05db\u05d5\u05e0\u05d5\u05ea \u05de\u05d5\u05d3\u05e8\u05e0\u05d9\u05d5\u05ea \u05d5\u05d3\u05d9\u05e0\u05de\u05d9\u05d5\u05ea \u05db\u05de\u05d5 \u05e1\u05e8\u05d8\u05d5\u05e0\u05d9\u05dd \u05e7\u05e6\u05e8\u05d9\u05dd \u05d5\u05de\u05e1\u05e8\u05d9\u05dd \u05d9\u05e6\u05d9\u05e8\u05ea\u05d9\u05d9\u05dd \u05e9\u05d9\u05e2\u05d6\u05e8\u05d5 \u05dc\u05db\u05dd \u05dc\u05d4\u05ea\u05d1\u05dc\u05d8 \u05d5\u05dc\u05d1\u05d8\u05d0 \u05d0\u05ea \u05e2\u05e6\u05de\u05db\u05dd.<\/li>\n<\/ul>\n\n\n\n<h2 class=\"wp-block-heading\">\u05d4\u05d4\u05d9\u05e1\u05d8\u05d5\u05e8\u05d9\u05d4 \u05e9\u05dc\u05e0\u05d5<\/h2>\n\n\n\n<p>THE <strong>DateMobs <\/strong>\u05e0\u05d5\u05dc\u05d3\u05d4 \u05de\u05d4\u05e8\u05e2\u05d9\u05d5\u05df \u05e9\u05dc \u05d9\u05e6\u05d9\u05e8\u05ea \u05d7\u05d5\u05d5\u05d9\u05d9\u05ea \u05d4\u05d9\u05db\u05e8\u05d5\u05d9\u05d5\u05ea \u05de\u05e7\u05d5\u05d5\u05e0\u05ea \u05e7\u05dc\u05d9\u05dc\u05d4 \u05d9\u05d5\u05ea\u05e8, \u05d9\u05e9\u05d9\u05e8\u05d4 \u05d9\u05d5\u05ea\u05e8 \u05d5\u05de\u05d5\u05ea\u05d0\u05de\u05ea \u05dc\u05e6\u05e8\u05db\u05d9\u05dd \u05d4\u05d0\u05de\u05d9\u05ea\u05d9\u05d9\u05dd \u05e9\u05dc \u05d0\u05e0\u05e9\u05d9\u05dd. \u05de\u05d4\u05d4\u05ea\u05d7\u05dc\u05d4, \u05d1\u05d9\u05e7\u05e9\u05e0\u05d5 \u05dc\u05d4\u05e6\u05d9\u05e2 \u05e1\u05d1\u05d9\u05d1\u05d4 \u05e9\u05d1\u05d4 \u05ea\u05d5\u05db\u05dc\u05d5 \u05dc\u05d4\u05d9\u05d5\u05ea \u05e2\u05e6\u05de\u05db\u05dd \u05d5\u05dc\u05de\u05e6\u05d5\u05d0 \u05e7\u05e9\u05e8\u05d9\u05dd \u05d0\u05de\u05d9\u05ea\u05d9\u05d9\u05dd.<\/p>\n\n\n\n<h2 class=\"wp-block-heading\">\u05dc\u05de\u05d4 \u05dc\u05d1\u05d7\u05d5\u05e8 <strong>DateMobs<\/strong>?<\/h2>\n\n\n\n<p>\u05d1\u05d9\u05df \u05d0\u05dd \u05d0\u05ea\u05dd \u05d7\u05d3\u05e9\u05d9\u05dd \u05d1\u05e2\u05d5\u05dc\u05dd \u05d0\u05e4\u05dc\u05d9\u05e7\u05e6\u05d9\u05d5\u05ea \u05d4\u05d4\u05d9\u05db\u05e8\u05d5\u05d9\u05d5\u05ea \u05d0\u05d5 \u05d5\u05ea\u05d9\u05e7\u05d9\u05dd \u05e9\u05de\u05d7\u05e4\u05e9\u05d9\u05dd \u05de\u05e9\u05d4\u05d5 \u05e9\u05d5\u05e0\u05d4, <strong>DateMobs <\/strong>\u05d4\u05e6\u05e2\u05d5\u05ea:<\/p>\n\n\n\n<ul class=\"wp-block-list\">\n<li>\u05d7\u05d5\u05d5\u05d9\u05d4 \u05d0\u05d9\u05e0\u05d8\u05d5\u05d0\u05d9\u05d8\u05d9\u05d1\u05d9\u05ea \u05d5\u05dc\u05dc\u05d0 \u05d8\u05e8\u05d7\u05d4.<\/li>\n\n\n\n<li>\u05e7\u05d4\u05d9\u05dc\u05d4 \u05de\u05e2\u05d5\u05e8\u05d1\u05ea \u05d5\u05de\u05d2\u05d5\u05d5\u05e0\u05ea.<\/li>\n\n\n\n<li>\u05db\u05dc\u05d9\u05dd \u05e9\u05d1\u05d0\u05de\u05ea \u05e2\u05d5\u05d6\u05e8\u05d9\u05dd \u05dc\u05da \u05dc\u05d9\u05e6\u05d5\u05e8 \u05e7\u05e9\u05e8\u05d9\u05dd \u05d5\u05d6\u05db\u05e8\u05d5\u05e0\u05d5\u05ea.<\/li>\n<\/ul>\n\n\n\n<p>\u05d1\u05d5\u05d0\u05d5 \u05dc\u05d4\u05d9\u05d5\u05ea \u05d7\u05dc\u05e7 \u05de\u05d4\u05e7\u05d4\u05d9\u05dc\u05d4 \u05e9\u05dc\u05e0\u05d5 \u05d5\u05d2\u05dc\u05d5 \u05d0\u05d9\u05da <strong>DateMobs <\/strong>\u05d9\u05db\u05d5\u05dc \u05dc\u05e9\u05e0\u05d5\u05ea \u05d0\u05ea \u05d7\u05d9\u05d9 \u05d4\u05d0\u05d4\u05d1\u05d4 \u05e9\u05dc\u05da. \u05d0\u05e0\u05d7\u05e0\u05d5 \u05db\u05d0\u05df \u05db\u05d3\u05d9 \u05dc\u05e2\u05d6\u05d5\u05e8 \u05dc\u05da \u05dc\u05db\u05ea\u05d5\u05d1 \u05d0\u05ea \u05e1\u05d9\u05e4\u05d5\u05e8 \u05d4\u05d0\u05d4\u05d1\u05d4 \u05d4\u05d1\u05d0 \u05e9\u05dc\u05da - \u05d0\u05d5 \u05e1\u05ea\u05dd \u05dc\u05de\u05e6\u05d5\u05d0 \u05d7\u05d1\u05e8\u05d4 \u05dc\u05e6\u05d7\u05d5\u05e7 \u05d8\u05d5\u05d1 \u05d5\u05e8\u05d2\u05e2\u05d9\u05dd \u05d1\u05dc\u05ea\u05d9 \u05e0\u05e9\u05db\u05d7\u05d9\u05dd.<\/p>\n\n\n\n<p><strong>DateMobs.com<\/strong>\u05d4\u05de\u05e7\u05d5\u05dd \u05d1\u05d5 \u05de\u05ea\u05d7\u05d9\u05dc\u05d9\u05dd \u05e7\u05e9\u05e8\u05d9\u05dd \u05d0\u05de\u05d9\u05ea\u05d9\u05d9\u05dd!<\/p>","protected":false},"excerpt":{"rendered":"<p>Bem-vindo ao DateMobs.com, a sua nova plataforma para conectar pessoas de forma aut\u00eantica e divertida! Aqui na DateMobs, acreditamos que as conex\u00f5es humanas s\u00e3o a ess\u00eancia da vida, e nossa miss\u00e3o \u00e9 tornar essas conex\u00f5es mais acess\u00edveis e significativas para todos. Nossa Miss\u00e3o Queremos transformar a maneira como as pessoas se encontram e interagem online. &#8230; <a title=\"\u05de\u05d9 \u05d0\u05e0\u05d7\u05e0\u05d5\" class=\"read-more\" href=\"https:\/\/datemobs.com\/he\/%d7%9e%d7%99-%d7%90%d7%a0%d7%97%d7%a0%d7%95\/\" aria-label=\"Read more about Quem Somos\">\u05e7\u05e8\u05d0 \u05e2\u05d5\u05d3<\/a><\/p>","protected":false},"author":1,"featured_media":0,"parent":0,"menu_order":0,"comment_status":"closed","ping_status":"closed","template":"","meta":{"footnotes":""},"class_list":["post-819","page","type-page","status-publish"],"_links":{"self":[{"href":"https:\/\/datemobs.com\/he\/wp-json\/wp\/v2\/pages\/819","targetHints":{"allow":["GET"]}}],"collection":[{"href":"https:\/\/datemobs.com\/he\/wp-json\/wp\/v2\/pages"}],"about":[{"href":"https:\/\/datemobs.com\/he\/wp-json\/wp\/v2\/types\/page"}],"author":[{"embeddable":true,"href":"https:\/\/datemobs.com\/he\/wp-json\/wp\/v2\/users\/1"}],"replies":[{"embeddable":true,"href":"https:\/\/datemobs.com\/he\/wp-json\/wp\/v2\/comments?post=819"}],"version-history":[{"count":5,"href":"https:\/\/datemobs.com\/he\/wp-json\/wp\/v2\/pages\/819\/revisions"}],"predecessor-version":[{"id":847,"href":"https:\/\/datemobs.com\/he\/wp-json\/wp\/v2\/pages\/819\/revisions\/847"}],"wp:attachment":[{"href":"https:\/\/datemobs.com\/he\/wp-json\/wp\/v2\/media?parent=819"}],"curies":[{"name":"wp","href":"https:\/\/api.w.org\/{rel}","templated":true}]}}