{"id":3,"date":"2025-03-22T05:11:17","date_gmt":"2025-03-22T05:11:17","guid":{"rendered":"https:\/\/datemobs.com\/?page_id=3"},"modified":"2025-03-22T05:38:42","modified_gmt":"2025-03-22T05:38:42","slug":"politika-privatnosti","status":"publish","type":"page","link":"https:\/\/datemobs.com\/hr\/politika-privatnosti\/","title":{"rendered":"Politika privatnosti"},"content":{"rendered":"<p><span style=\"color: #444444;\">Va\u0161a privatnost nam je va\u017ena. To je politika <strong>DateMobs<\/strong> po\u0161tivati va\u0161u privatnost u vezi sa svim informacijama koje mo\u017eemo prikupiti od vas na web stranici <strong><a href=\"\/hr\/datemobs.com\/\">DateMobs<\/a><\/strong>, i druge web stranice koje posjedujemo i kojima upravljamo.<\/span><\/p>\n<p><span style=\"color: #444444;\">Osobne podatke tra\u017eimo samo kada su nam doista potrebni kako bismo vam pru\u017eili uslugu. To \u010dinimo po\u0161tenim i zakonitim sredstvima, uz va\u0161e znanje i pristanak. Tako\u0111er vas obavje\u0161tavamo za\u0161to ih prikupljamo i kako \u0107emo ih koristiti.<\/span><\/p>\n<p><span style=\"color: #444444;\">Prikupljene podatke zadr\u017eavamo samo onoliko dugo koliko je potrebno da vam pru\u017eimo tra\u017eenu uslugu. Podatke koje pohranjujemo za\u0161titit \u0107emo u okviru komercijalno prihvatljivih sredstava kako bismo sprije\u010dili gubitak i kra\u0111u, kao i neovla\u0161teni pristup, otkrivanje, kopiranje, kori\u0161tenje ili modificiranje.<\/span><\/p>\n<p><span style=\"color: #444444;\">Javno ili s tre\u0107im stranama ne dijelimo nikakve osobne podatke, osim kada to zahtijeva zakon.<\/span><\/p>\n<p><span style=\"color: #444444;\">Na\u0161a web stranica mo\u017ee sadr\u017eavati poveznice na vanjske web stranice kojima ne upravljamo mi. Imajte na umu da nemamo kontrolu nad sadr\u017eajem i postupcima ovih stranica i ne mo\u017eemo prihvatiti odgovornost za njih\u00a0<\/span><a style=\"background-color: transparent; color: #444444;\" href=\"https:\/\/politicaprivacidade.com\/\" target=\"_blank\" rel=\"noopener noreferrer\">politike privatnosti<\/a><span style=\"color: #444444;\">.<\/span><\/p>\n<p><span style=\"color: #444444;\">Slobodni ste odbiti na\u0161 zahtjev za va\u0161im osobnim podacima, uz razumijevanje da vam mo\u017eda ne\u0107emo mo\u0107i pru\u017eiti neke od \u017eeljenih usluga.<\/span><\/p>\n<p><span style=\"color: #444444;\">Va\u0161e daljnje kori\u0161tenje na\u0161e web stranice smatrat \u0107e se prihva\u0107anjem na\u0161e prakse u vezi s privatno\u0161\u0107u i osobnim podacima. Ako imate bilo kakvih pitanja o tome kako postupamo s korisni\u010dkim podacima i osobnim podacima, obratite nam se.<\/span><\/p>\n<ul>\n<li><span style=\"color: #444444;\">Usluga Google AdSense koju koristimo za poslu\u017eivanje ogla\u0161avanja koristi kola\u010di\u0107 DoubleClick za poslu\u017eivanje relevantnijih oglasa na webu i ograni\u010davanje broja prikaza odre\u0111enog oglasa.<\/span><\/li>\n<li><span style=\"color: #444444;\">Za vi\u0161e informacija o Google AdSenseu pogledajte slu\u017ebena \u010desto postavljana pitanja o privatnosti Google AdSensea.<\/span><\/li>\n<li><span style=\"color: #444444;\">Koristimo se oglasima kako bismo nadoknadili tro\u0161kove rada ove web stranice i osigurali sredstva za budu\u0107i razvoj. Kola\u010di\u0107i za bihevioralno ogla\u0161avanje koje koristi ova stranica osmi\u0161ljeni su kako bi osigurali da vam pru\u017eimo najrelevantnije oglase gdje je to mogu\u0107e anonimnim pra\u0107enjem va\u0161ih interesa i predstavljanjem sli\u010dnih stvari koje bi mogle biti od interesa.<\/span><\/li>\n<li><span style=\"color: #444444;\">Nekoliko partnera reklamira u na\u0161e ime, a kola\u010di\u0107i za pra\u0107enje pridru\u017eenih partnera jednostavno nam omogu\u0107uju da vidimo jesu li na\u0161i klijenti do\u0161li na stranicu putem jedne od na\u0161ih partnerskih stranica kako bismo ih mogli prikladno kreditirati i, gdje je primjenjivo, dopustiti na\u0161im pridru\u017eenim partnerima da vam pru\u017ee bonus koji vam mogu dati za kupnju.<\/span><\/li>\n<\/ul>\n<h3><strong><span style=\"color: #444444;\">Obveza korisnika<\/span><\/strong><\/h3>\n<p><span style=\"color: #444444;\">Korisnik se obvezuje na odgovaraju\u0107i na\u010din koristiti sadr\u017eaje i informacije koje <strong>DateMobs<\/strong> ponude na web stranici i kao primjer, ali ne ograni\u010davaju\u0107i se na:<\/span><\/p>\n<ul>\n<li><span style=\"color: #444444;\">A) Ne sudjelovati u aktivnostima koje su nezakonite ili protivne dobroj vjeri i javnom redu;<\/span><\/li>\n<li><span style=\"color: #444444;\">B) Nemojte \u0161iriti propagandu ili sadr\u017eaj rasisti\u010dke, ksenofobne prirode, <\/span><span style=\"color: #212529;\">166bet<\/span><span style=\"color: #444444;\"> ili lo\u0161a sre\u0107a, bilo koja vrsta ilegalne pornografije, koja podr\u017eava terorizam ili protiv ljudskih prava;<\/span><\/li>\n<li><span style=\"color: #444444;\">C) Nemojte uzrokovati \u0161tetu fizi\u010dkim (hardverskim) i logi\u010dkim (softverskim) sustavima <strong>DateMobs<\/strong>, njegovih dobavlja\u010da ili tre\u0107ih strana, za uvo\u0111enje ili \u0161irenje ra\u010dunalnih virusa ili bilo kojeg drugog hardverskog ili softverskog sustava koji mo\u017ee prouzro\u010diti gore navedenu \u0161tetu.<\/span><\/li>\n<\/ul>\n<h3><strong><span style=\"color: #444444;\">Vi\u0161e informacija<\/span><\/strong><\/h3>\n<p><span style=\"color: #444444;\">Nadamo se da vam je to razjasnilo stvari i kao \u0161to je ranije spomenuto, ako postoji ne\u0161to za \u0161to niste sigurni treba li vam ili ne, obi\u010dno je sigurnije ostaviti kola\u010di\u0107e omogu\u0107enima u slu\u010daju da je u interakciji s nekom od zna\u010dajki koje koristite na na\u0161oj stranici.<\/span><\/p>\n<p><em><strong><span style=\"color: #444444;\">Ova politika stupa na snagu 22. o\u017eujka 2025. u 05:36.<\/span><\/strong><\/em><\/p>","protected":false},"excerpt":{"rendered":"<p>A sua privacidade \u00e9 importante para n\u00f3s. \u00c9 pol\u00edtica do DateMobs respeitar a sua privacidade em rela\u00e7\u00e3o a qualquer informa\u00e7\u00e3o sua que possamos coletar no site DateMobs, e outros sites que possu\u00edmos e operamos. Solicitamos informa\u00e7\u00f5es pessoais apenas quando realmente precisamos delas para lhe fornecer um servi\u00e7o. Fazemo-lo por meios justos e legais, com o &#8230; <a title=\"Politika privatnosti\" class=\"read-more\" href=\"https:\/\/datemobs.com\/hr\/politika-privatnosti\/\" aria-label=\"Read more about Pol\u00edtica de Privacidade\">pro\u010ditaj vi\u0161e<\/a><\/p>","protected":false},"author":1,"featured_media":0,"parent":0,"menu_order":0,"comment_status":"closed","ping_status":"open","template":"","meta":{"footnotes":""},"class_list":["post-3","page","type-page","status-publish"],"_links":{"self":[{"href":"https:\/\/datemobs.com\/hr\/wp-json\/wp\/v2\/pages\/3","targetHints":{"allow":["GET"]}}],"collection":[{"href":"https:\/\/datemobs.com\/hr\/wp-json\/wp\/v2\/pages"}],"about":[{"href":"https:\/\/datemobs.com\/hr\/wp-json\/wp\/v2\/types\/page"}],"author":[{"embeddable":true,"href":"https:\/\/datemobs.com\/hr\/wp-json\/wp\/v2\/users\/1"}],"replies":[{"embeddable":true,"href":"https:\/\/datemobs.com\/hr\/wp-json\/wp\/v2\/comments?post=3"}],"version-history":[{"count":2,"href":"https:\/\/datemobs.com\/hr\/wp-json\/wp\/v2\/pages\/3\/revisions"}],"predecessor-version":[{"id":849,"href":"https:\/\/datemobs.com\/hr\/wp-json\/wp\/v2\/pages\/3\/revisions\/849"}],"wp:attachment":[{"href":"https:\/\/datemobs.com\/hr\/wp-json\/wp\/v2\/media?parent=3"}],"curies":[{"name":"wp","href":"https:\/\/api.w.org\/{rel}","templated":true}]}}