{"id":819,"date":"2022-11-08T18:30:39","date_gmt":"2022-11-08T18:30:39","guid":{"rendered":"https:\/\/sites.generatepress.com\/info\/?page_id=819"},"modified":"2025-03-22T05:35:13","modified_gmt":"2025-03-22T05:35:13","slug":"tko-smo-mi","status":"publish","type":"page","link":"https:\/\/datemobs.com\/hr\/tko-smo-mi\/","title":{"rendered":"Tko smo mi"},"content":{"rendered":"<p>Dobrodo\u0161li u <strong>DateMobs.com<\/strong>, va\u0161a nova platforma za povezivanje ljudi na autenti\u010dan i zabavan na\u010din! Ovdje u <strong>DateMobs<\/strong>, vjerujemo da su ljudske veze bit \u017eivota, a na\u0161a je misija te veze u\u010diniti pristupa\u010dnijim i smislenijim za sve.<\/p>\n\n\n\n<h2 class=\"wp-block-heading\">Na\u0161a misija<\/h2>\n\n\n\n<p>\u017delimo transformirati na\u010din na koji se ljudi upoznaju i komuniciraju online. Kombiniramo vrhunsku tehnologiju s ljudskim dodirom kako bismo osigurali da prona\u0111ete nekoga posebnog na jednostavan, siguran na\u010din pun mogu\u0107nosti.<\/p>\n\n\n\n<h2 class=\"wp-block-heading\">\u0160to nas \u010dini druga\u010dijima<\/h2>\n\n\n\n<ul class=\"wp-block-list\">\n<li><strong>Sigurnost prije svega:<\/strong> Va\u0161u privatnost i sigurnost shva\u0107amo ozbiljno, koriste\u0107i najbolje zna\u010dajke za\u0161tite podataka na tr\u017ei\u0161tu.<\/li>\n\n\n\n<li><strong>Autenti\u010dni profili:<\/strong> Na\u0161a platforma poti\u010de stvaranje stvarnog profila i provjeru kako biste komunicirali s pravim ljudima.<\/li>\n\n\n\n<li><strong>Interaktivnost:<\/strong> Moderne, dinami\u010dne zna\u010dajke poput kratkih videozapisa i kreativnih poruka koje \u0107e vam pomo\u0107i da se istaknete i izrazite.<\/li>\n<\/ul>\n\n\n\n<h2 class=\"wp-block-heading\">Na\u0161a povijest<\/h2>\n\n\n\n<p>THE <strong>DateMobs <\/strong>nastao je iz ideje o stvaranju lak\u0161eg, nekompliciranijeg iskustva online upoznavanja koje je uskla\u0111eno sa stvarnim potrebama ljudi. Od po\u010detka smo nastojali pru\u017eiti okru\u017eenje u kojem mo\u017eete biti ono \u0161to jeste i prona\u0107i prave veze.<\/p>\n\n\n\n<h2 class=\"wp-block-heading\">Za\u0161to odabrati <strong>DateMobs<\/strong>?<\/h2>\n\n\n\n<p>Bilo da ste novi u svijetu aplikacija za upoznavanje ili ste veteran koji tra\u017ei ne\u0161to druga\u010dije, <strong>DateMobs <\/strong>ponude:<\/p>\n\n\n\n<ul class=\"wp-block-list\">\n<li>Intuitivno iskustvo bez muke.<\/li>\n\n\n\n<li>Anga\u017eirana i raznolika zajednica.<\/li>\n\n\n\n<li>Alati koji vam stvarno poma\u017eu u stvaranju veza i uspomena.<\/li>\n<\/ul>\n\n\n\n<p>Do\u0111ite i postanite dio na\u0161e zajednice i otkrijte kako <strong>DateMobs <\/strong>mo\u017ee promijeniti va\u0161 ljubavni \u017eivot. Ovdje smo da vam pomognemo napisati va\u0161u sljede\u0107u ljubavnu pri\u010du \u2014 ili jednostavno prona\u0107i dru\u0161tvo za dobar smijeh i nezaboravne trenutke.<\/p>\n\n\n\n<p><strong>DateMobs.com<\/strong>: Gdje po\u010dinju prave veze!<\/p>","protected":false},"excerpt":{"rendered":"<p>Bem-vindo ao DateMobs.com, a sua nova plataforma para conectar pessoas de forma aut\u00eantica e divertida! Aqui na DateMobs, acreditamos que as conex\u00f5es humanas s\u00e3o a ess\u00eancia da vida, e nossa miss\u00e3o \u00e9 tornar essas conex\u00f5es mais acess\u00edveis e significativas para todos. Nossa Miss\u00e3o Queremos transformar a maneira como as pessoas se encontram e interagem online. &#8230; <a title=\"Tko smo mi\" class=\"read-more\" href=\"https:\/\/datemobs.com\/hr\/tko-smo-mi\/\" aria-label=\"Read more about Quem Somos\">pro\u010ditaj vi\u0161e<\/a><\/p>","protected":false},"author":1,"featured_media":0,"parent":0,"menu_order":0,"comment_status":"closed","ping_status":"closed","template":"","meta":{"footnotes":""},"class_list":["post-819","page","type-page","status-publish"],"_links":{"self":[{"href":"https:\/\/datemobs.com\/hr\/wp-json\/wp\/v2\/pages\/819","targetHints":{"allow":["GET"]}}],"collection":[{"href":"https:\/\/datemobs.com\/hr\/wp-json\/wp\/v2\/pages"}],"about":[{"href":"https:\/\/datemobs.com\/hr\/wp-json\/wp\/v2\/types\/page"}],"author":[{"embeddable":true,"href":"https:\/\/datemobs.com\/hr\/wp-json\/wp\/v2\/users\/1"}],"replies":[{"embeddable":true,"href":"https:\/\/datemobs.com\/hr\/wp-json\/wp\/v2\/comments?post=819"}],"version-history":[{"count":5,"href":"https:\/\/datemobs.com\/hr\/wp-json\/wp\/v2\/pages\/819\/revisions"}],"predecessor-version":[{"id":847,"href":"https:\/\/datemobs.com\/hr\/wp-json\/wp\/v2\/pages\/819\/revisions\/847"}],"wp:attachment":[{"href":"https:\/\/datemobs.com\/hr\/wp-json\/wp\/v2\/media?parent=819"}],"curies":[{"name":"wp","href":"https:\/\/api.w.org\/{rel}","templated":true}]}}