{"id":850,"date":"2025-03-22T05:40:19","date_gmt":"2025-03-22T05:40:19","guid":{"rendered":"https:\/\/datemobs.com\/?page_id=850"},"modified":"2025-03-22T05:40:19","modified_gmt":"2025-03-22T05:40:19","slug":"uvjeti-koristenja","status":"publish","type":"page","link":"https:\/\/datemobs.com\/hr\/uvjeti-koristenja\/","title":{"rendered":"Uvjeti kori\u0161tenja"},"content":{"rendered":"<h2 class=\"wp-block-heading\"><strong>1. Uvjeti<\/strong><\/h2>\n\n\n\n<p>Prilikom pristupa web stranici <a href=\"\/hr\/datemobs.com\/\"><strong>DateMobs<\/strong><\/a>, suglasni ste da \u0107ete se pridr\u017eavati ovih uvjeta pru\u017eanja usluge, svih primjenjivih zakona i propisa te se sla\u017eete da ste odgovorni za po\u0161tivanje svih primjenjivih lokalnih zakona. Ako se ne sla\u017eete s bilo kojim od ovih uvjeta, zabranjeno vam je kori\u0161tenje ili pristup ovoj stranici. Materijali sadr\u017eani na ovoj web stranici za\u0161ti\u0107eni su va\u017ee\u0107im zakonom o autorskim pravima i za\u0161titnim znakovima.<\/p>\n\n\n\n<h2 class=\"wp-block-heading\"><strong>2. Koristite Licencu<\/strong><\/h2>\n\n\n\n<p>Dopu\u0161teno je privremeno preuzimanje jedne kopije materijala (informacija ili softvera) na web stranici <strong>DateMobs <\/strong>, samo za osobno, nekomercijalno prolazno gledanje. Ovo je dodjela licence, a ne prijenos vlasni\u0161tva, i prema ovoj licenci ne smijete:\u00a0<\/p>\n\n\n\n<ol class=\"wp-block-list\">\n<li>mijenjati ili kopirati materijale;\u00a0<\/li>\n\n\n\n<li>koristiti materijale u bilo koju komercijalnu svrhu ili za bilo kakvo javno prikazivanje (komercijalno ili nekomercijalno);\u00a0<\/li>\n\n\n\n<li>poku\u0161ati dekompilirati ili obrnuti in\u017eenjering bilo kojeg softvera koji se nalazi na web stranici <strong>DateMobs<\/strong>;\u00a0<\/li>\n\n\n\n<li>ukloniti sva autorska prava ili druge vlasni\u010dke oznake iz materijala; ili\u00a0<\/li>\n\n\n\n<li>prenijeti materijale drugoj osobi ili &#039;zrcaliti&#039; materijale na bilo kojem drugom poslu\u017eitelju.<\/li>\n<\/ol>\n\n\n\n<p>Ova licenca \u0107e automatski prestati ako prekr\u0161ite bilo koje od ovih ograni\u010denja i mo\u017ee biti prekinuta do <strong>DateMobs <\/strong>bilo kada. Nakon prestanka pregledavanja ovih materijala ili nakon raskida ove licence, morate uni\u0161titi sve preuzete materijale u svom posjedu, bilo u elektroni\u010dkom ili tiskanom obliku.<\/p>\n\n\n\n<h2 class=\"wp-block-heading\"><strong>3. Odricanje od odgovornosti<\/strong><\/h2>\n\n\n\n<ol class=\"wp-block-list\">\n<li>Materijali na web stranici <strong>DateMobs <\/strong>pru\u017eaju se &#039;kakvi jesu&#039;. <strong>DateMobs <\/strong>ne daje nikakva jamstva, izri\u010dita ili pre\u0161utna, te se ovime odri\u010de i negira sva druga jamstva, uklju\u010duju\u0107i, bez ograni\u010denja, pre\u0161utna jamstva ili uvjete utr\u017eivosti, prikladnosti za odre\u0111enu svrhu ili nekr\u0161enja intelektualnog vlasni\u0161tva ili drugog kr\u0161enja prava.<\/li>\n\n\n\n<li>Nadalje, <strong>DateMobs <\/strong>ne jam\u010di niti daje bilo kakve izjave o to\u010dnosti, vjerojatnim rezultatima ili pouzdanosti upotrebe materijala na svojoj web stranici ili na drugi na\u010din koji se odnosi na takve materijale ili na bilo koje stranice povezane s ovom stranicom.<\/li>\n<\/ol>\n\n\n\n<h2 class=\"wp-block-heading\"><strong>4. Ograni\u010denja<\/strong><\/h2>\n\n\n\n<p>Ni u kojem slu\u010daju <strong>DateMobs <\/strong>ili njegovi dobavlja\u010di odgovorni su za bilo kakvu \u0161tetu (uklju\u010duju\u0107i, bez ograni\u010denja, \u0161tetu zbog gubitka podataka ili dobiti, ili zbog prekida poslovanja) koja proizlazi iz uporabe ili nemogu\u0107nosti kori\u0161tenja materijala na <strong>DateMobs<\/strong>, iako <strong>DateMobs <\/strong>ili ovla\u0161teni predstavnik <strong>DateMobs <\/strong>bili usmeno ili pismeno obavije\u0161teni o mogu\u0107nosti takve \u0161tete. Budu\u0107i da neke jurisdikcije ne dopu\u0161taju ograni\u010denja implicitnih jamstava ili ograni\u010denja odgovornosti za posljedi\u010dne ili slu\u010dajne \u0161tete, ta se ograni\u010denja mo\u017eda ne odnose na vas.<\/p>\n\n\n\n<h2 class=\"wp-block-heading\"><strong>5. To\u010dnost materijala<\/strong><\/h2>\n\n\n\n<p>Materijali prikazani na web stranici <strong>DateMobs <\/strong>mo\u017ee uklju\u010divati tehni\u010dke, tiskarske ili fotografske pogre\u0161ke. <strong>DateMobs <\/strong>ne jam\u010di da je bilo koji materijal na njegovoj web stranici to\u010dan, potpun ili aktualan. <strong>DateMobs <\/strong>mo\u017ee mijenjati materijale sadr\u017eane na svojoj web stranici u bilo koje vrijeme bez prethodne najave. Me\u0111utim, <strong>DateMobs <\/strong>ne obvezuje se a\u017eurirati materijale.<\/p>\n\n\n\n<h2 class=\"wp-block-heading\"><strong>6. Poveznice<\/strong><\/h2>\n\n\n\n<p>THE <strong>DateMobs <\/strong>nije pregledao sve stranice povezane s njegovom web stranicom i nije odgovoran za sadr\u017eaj bilo koje takve povezane stranice. Uklju\u010divanje bilo koje veze ne podrazumijeva potporu od strane <strong>DateMobs <\/strong>web stranice. Kori\u0161tenje bilo koje povezane web stranice je na vlastitu odgovornost korisnika.<\/p>\n\n\n\n<h3 class=\"wp-block-heading\"><strong>Izmjene<\/strong><\/h3>\n\n\n\n<p>THE <strong>DateMobs <\/strong>mo\u017ee revidirati ove uvjete pru\u017eanja usluge web stranice u bilo kojem trenutku bez prethodne najave. Kori\u0161tenjem ove web stranice suglasni ste s va\u017ee\u0107om verzijom ovih uvjeta pru\u017eanja usluge.<\/p>\n\n\n\n<h3 class=\"wp-block-heading\"><strong>Mjerodavno pravo<\/strong><\/h3>\n\n\n\n<p>Ovi uvjeti i odredbe ure\u0111eni su i tuma\u010de se u skladu sa zakonima <strong>DateMobs <\/strong>i neopozivo se podvrgavate isklju\u010divoj nadle\u017enosti sudova u toj dr\u017eavi ili mjestu.<\/p>","protected":false},"excerpt":{"rendered":"<p>1. Termos Ao acessar ao site DateMobs, concorda em cumprir estes termos de servi\u00e7o, todas as leis e regulamentos aplic\u00e1veis \u200b\u200be concorda que \u00e9 respons\u00e1vel pelo cumprimento de todas as leis locais aplic\u00e1veis. Se voc\u00ea n\u00e3o concordar com algum desses termos, est\u00e1 proibido de usar ou acessar este site. Os materiais contidos neste site s\u00e3o &#8230; <a title=\"Uvjeti kori\u0161tenja\" class=\"read-more\" href=\"https:\/\/datemobs.com\/hr\/uvjeti-koristenja\/\" aria-label=\"Read more about Termos de Uso\">pro\u010ditaj vi\u0161e<\/a><\/p>","protected":false},"author":1,"featured_media":0,"parent":0,"menu_order":0,"comment_status":"closed","ping_status":"closed","template":"","meta":{"footnotes":""},"class_list":["post-850","page","type-page","status-publish"],"_links":{"self":[{"href":"https:\/\/datemobs.com\/hr\/wp-json\/wp\/v2\/pages\/850","targetHints":{"allow":["GET"]}}],"collection":[{"href":"https:\/\/datemobs.com\/hr\/wp-json\/wp\/v2\/pages"}],"about":[{"href":"https:\/\/datemobs.com\/hr\/wp-json\/wp\/v2\/types\/page"}],"author":[{"embeddable":true,"href":"https:\/\/datemobs.com\/hr\/wp-json\/wp\/v2\/users\/1"}],"replies":[{"embeddable":true,"href":"https:\/\/datemobs.com\/hr\/wp-json\/wp\/v2\/comments?post=850"}],"version-history":[{"count":1,"href":"https:\/\/datemobs.com\/hr\/wp-json\/wp\/v2\/pages\/850\/revisions"}],"predecessor-version":[{"id":851,"href":"https:\/\/datemobs.com\/hr\/wp-json\/wp\/v2\/pages\/850\/revisions\/851"}],"wp:attachment":[{"href":"https:\/\/datemobs.com\/hr\/wp-json\/wp\/v2\/media?parent=850"}],"curies":[{"name":"wp","href":"https:\/\/api.w.org\/{rel}","templated":true}]}}