{"id":3,"date":"2025-03-22T05:11:17","date_gmt":"2025-03-22T05:11:17","guid":{"rendered":"https:\/\/datemobs.com\/?page_id=3"},"modified":"2025-03-22T05:38:42","modified_gmt":"2025-03-22T05:38:42","slug":"adatvedelmi-szabalyzat","status":"publish","type":"page","link":"https:\/\/datemobs.com\/hu\/adatvedelmi-szabalyzat\/","title":{"rendered":"Adatv\u00e9delmi szab\u00e1lyzat"},"content":{"rendered":"<p><span style=\"color: #444444;\">Az \u00d6n adatainak v\u00e9delme fontos sz\u00e1munkra. Ez a politika <strong>DateMobs<\/strong> tiszteletben tartsa az \u00d6n adatainak v\u00e9delm\u00e9t minden olyan inform\u00e1ci\u00f3 tekintet\u00e9ben, amelyet \u00d6nt\u0151l gy\u0171jthet\u00fcnk a webhelyen <strong><a href=\"\/hu\/datemobs.com\/\">DateMobs<\/a><\/strong>, valamint a tulajdonunkban l\u00e9v\u0151 \u00e9s \u00e1ltalunk m\u0171k\u00f6dtetett egy\u00e9b webhelyek.<\/span><\/p>\n<p><span style=\"color: #444444;\">Csak akkor k\u00e9r\u00fcnk szem\u00e9lyes adatokat, ha val\u00f3ban sz\u00fcks\u00e9g\u00fcnk van r\u00e1juk ahhoz, hogy szolg\u00e1ltat\u00e1st ny\u00fajthassunk \u00d6nnek. Ezt tisztess\u00e9ges \u00e9s t\u00f6rv\u00e9nyes eszk\u00f6z\u00f6kkel, az \u00d6n tudt\u00e1val \u00e9s beleegyez\u00e9s\u00e9vel tessz\u00fck. Azt is tudatjuk, hogy mi\u00e9rt gy\u0171jtj\u00fck \u00e9s hogyan fogjuk felhaszn\u00e1lni.<\/span><\/p>\n<p><span style=\"color: #444444;\">Az \u00f6sszegy\u0171jt\u00f6tt inform\u00e1ci\u00f3kat csak addig \u0151rizz\u00fck meg, ameddig sz\u00fcks\u00e9ges ahhoz, hogy az \u00d6n \u00e1ltal k\u00e9rt szolg\u00e1ltat\u00e1st ny\u00fajthassuk. Az \u00e1ltalunk t\u00e1rolt adatokat kereskedelmileg elfogadhat\u00f3 m\u00f3don v\u00e9dj\u00fck, hogy megakad\u00e1lyozzuk az elveszt\u00e9st \u00e9s lop\u00e1st, valamint a jogosulatlan hozz\u00e1f\u00e9r\u00e9st, nyilv\u00e1noss\u00e1gra hozatalt, m\u00e1sol\u00e1st, felhaszn\u00e1l\u00e1st vagy m\u00f3dos\u00edt\u00e1st.<\/span><\/p>\n<p><span style=\"color: #444444;\">Nem osztunk meg semmilyen szem\u00e9lyazonos\u00edt\u00e1sra alkalmas inform\u00e1ci\u00f3t nyilv\u00e1nosan vagy harmadik felekkel, kiv\u00e9ve, ha azt t\u00f6rv\u00e9ny \u00edrja el\u0151.<\/span><\/p>\n<p><span style=\"color: #444444;\">Weboldalunk olyan k\u00fcls\u0151 webhelyekre mutat\u00f3 hivatkoz\u00e1sokat tartalmazhat, amelyeket nem mi \u00fczemeltet\u00fcnk. K\u00e9rj\u00fck, vegye figyelembe, hogy nincs befoly\u00e1sunk ezeknek a webhelyeknek a tartalm\u00e1ra \u00e9s gyakorlat\u00e1ra, \u00e9s nem v\u00e1llalhatunk felel\u0151ss\u00e9get azok\u00e9rt\u00a0<\/span><a style=\"background-color: transparent; color: #444444;\" href=\"https:\/\/politicaprivacidade.com\/\" target=\"_blank\" rel=\"noopener noreferrer\">adatv\u00e9delmi szab\u00e1lyzatok<\/a><span style=\"color: #444444;\">.<\/span><\/p>\n<p><span style=\"color: #444444;\">\u00d6n szabadon visszautas\u00edthatja szem\u00e9lyes adataira vonatkoz\u00f3 k\u00e9r\u00e9s\u00fcnket, azzal a tudattal, hogy el\u0151fordulhat, hogy nem tudjuk biztos\u00edtani az \u00d6n \u00e1ltal k\u00edv\u00e1nt szolg\u00e1ltat\u00e1sok egy r\u00e9sz\u00e9t.<\/span><\/p>\n<p><span style=\"color: #444444;\">Weboldalunk tov\u00e1bbi haszn\u00e1lata az adatv\u00e9delemmel \u00e9s szem\u00e9lyes adatokkal kapcsolatos gyakorlatunk elfogad\u00e1s\u00e1nak min\u0151s\u00fcl. Ha b\u00e1rmilyen k\u00e9rd\u00e9se van a felhaszn\u00e1l\u00f3i adatok \u00e9s szem\u00e9lyes adatok kezel\u00e9s\u00e9vel kapcsolatban, k\u00e9rj\u00fck, l\u00e9pjen kapcsolatba vel\u00fcnk.<\/span><\/p>\n<ul>\n<li><span style=\"color: #444444;\">A hirdet\u00e9sek megjelen\u00edt\u00e9s\u00e9re haszn\u00e1lt Google AdSense szolg\u00e1ltat\u00e1s DoubleClick cookie-t haszn\u00e1l, hogy relev\u00e1nsabb hirdet\u00e9seket jelen\u00edtsen meg az interneten, \u00e9s korl\u00e1tozza, hogy egy adott hirdet\u00e9s h\u00e1nyszor jelenjen meg \u00d6nnek.<\/span><\/li>\n<li><span style=\"color: #444444;\">A Google AdSense szolg\u00e1ltat\u00e1ssal kapcsolatos tov\u00e1bbi inform\u00e1ci\u00f3k\u00e9rt tekintse meg a hivatalos Google AdSense adatv\u00e9delmi GYIK-et.<\/span><\/li>\n<li><span style=\"color: #444444;\">Hirdet\u00e9sekkel ellens\u00falyozzuk a webhely \u00fczemeltet\u00e9si k\u00f6lts\u00e9geit, \u00e9s finansz\u00edroz\u00e1st biztos\u00edtunk a j\u00f6v\u0151beni fejleszt\u00e9sekhez. Az ezen az oldalon haszn\u00e1lt viselked\u00e9salap\u00fa hirdet\u00e9si cookie-k c\u00e9lja annak biztos\u00edt\u00e1sa, hogy lehet\u0151s\u00e9g szerint a legrelev\u00e1nsabb hirdet\u00e9seket biztos\u00edtsuk az \u00d6n \u00e9rdekl\u0151d\u00e9si k\u00f6r\u00e9nek anonim nyomon k\u00f6vet\u00e9s\u00e9vel \u00e9s hasonl\u00f3 \u00e9rdekess\u00e9gek bemutat\u00e1s\u00e1val.<\/span><\/li>\n<li><span style=\"color: #444444;\">Sz\u00e1mos partner hirdet a nev\u00fcnkben, \u00e9s a kapcsolt v\u00e1llalkoz\u00e1sok nyomk\u00f6vet\u0151 s\u00fctijei egyszer\u0171en lehet\u0151v\u00e9 teszik sz\u00e1munkra, hogy megn\u00e9zz\u00fck, \u00fcgyfeleink valamelyik partneroldalunkon kereszt\u00fcl \u00e9rkeztek-e az oldalra, \u00edgy megfelel\u0151en j\u00f3v\u00e1\u00edrhatjuk \u0151ket, \u00e9s adott esetben lehet\u0151v\u00e9 tessz\u00fck kapcsolt partnereink sz\u00e1m\u00e1ra, hogy b\u00e1rmilyen b\u00f3nuszt biztos\u00edtsanak \u00d6nnek a v\u00e1s\u00e1rl\u00e1shoz.<\/span><\/li>\n<\/ul>\n<h3><strong><span style=\"color: #444444;\">Felhaszn\u00e1l\u00f3i k\u00f6telezetts\u00e9gv\u00e1llal\u00e1s<\/span><\/strong><\/h3>\n<p><span style=\"color: #444444;\">A felhaszn\u00e1l\u00f3 k\u00f6telezetts\u00e9get v\u00e1llal arra, hogy az \u00e1ltala megadott tartalmat \u00e9s inform\u00e1ci\u00f3kat megfelel\u0151 m\u00f3don haszn\u00e1lja fel <strong>DateMobs<\/strong> aj\u00e1nlatok a weboldalon \u00e9s p\u00e9ldak\u00e9nt, de nem kiz\u00e1r\u00f3lagosan:<\/span><\/p>\n<ul>\n<li><span style=\"color: #444444;\">A) Tilos olyan tev\u00e9kenys\u00e9get folytatni, amely illeg\u00e1lis vagy ellent\u00e9tes a j\u00f3hiszem\u0171s\u00e9ggel \u00e9s a k\u00f6zrenddel;<\/span><\/li>\n<li><span style=\"color: #444444;\">B) Ne terjesszen propagand\u00e1t vagy rasszista, idegengy\u0171l\u00f6l\u0151 jelleg\u0171 tartalmat, <\/span><span style=\"color: #212529;\">166bet<\/span><span style=\"color: #444444;\"> vagy balszerencse, b\u00e1rmilyen t\u00edpus\u00fa illeg\u00e1lis pornogr\u00e1fia, a terrorizmus t\u00e1mogat\u00e1s\u00e1ra vagy az emberi jogok ellen;<\/span><\/li>\n<li><span style=\"color: #444444;\">C) Ne okozzon k\u00e1rt a sz\u00e1m\u00edt\u00f3g\u00e9p fizikai (hardver) \u00e9s logikai (szoftver) rendszer\u00e9ben <strong>DateMobs<\/strong>, besz\u00e1ll\u00edt\u00f3i vagy harmadik felek, sz\u00e1m\u00edt\u00f3g\u00e9pes v\u00edrusok vagy b\u00e1rmely m\u00e1s hardver vagy szoftverrendszer bevezet\u00e9s\u00e9re vagy terjeszt\u00e9s\u00e9re, amelyek k\u00e9pesek a fent eml\u00edtett k\u00e1rokat okozni.<\/span><\/li>\n<\/ul>\n<h3><strong><span style=\"color: #444444;\">Tov\u00e1bbi inform\u00e1ci\u00f3<\/span><\/strong><\/h3>\n<p><span style=\"color: #444444;\">Rem\u00e9lhet\u0151leg ez tiszt\u00e1zta a dolgokat, \u00e9s amint azt kor\u00e1bban eml\u00edtett\u00fck, ha nem biztos abban, hogy sz\u00fcks\u00e9ge van-e vagy sem, \u00e1ltal\u00e1ban biztons\u00e1gosabb enged\u00e9lyezni a cookie-kat arra az esetre, ha azok k\u00f6lcs\u00f6nhat\u00e1sba l\u00e9pnek az oldalunkon haszn\u00e1lt funkci\u00f3k valamelyik\u00e9vel.<\/span><\/p>\n<p><em><strong><span style=\"color: #444444;\">Ez a szab\u00e1lyzat 2025. m\u00e1rcius 22-\u00e9n 05:36-t\u00f3l hat\u00e1lyos.<\/span><\/strong><\/em><\/p>","protected":false},"excerpt":{"rendered":"<p>A sua privacidade \u00e9 importante para n\u00f3s. \u00c9 pol\u00edtica do DateMobs respeitar a sua privacidade em rela\u00e7\u00e3o a qualquer informa\u00e7\u00e3o sua que possamos coletar no site DateMobs, e outros sites que possu\u00edmos e operamos. Solicitamos informa\u00e7\u00f5es pessoais apenas quando realmente precisamos delas para lhe fornecer um servi\u00e7o. Fazemo-lo por meios justos e legais, com o &#8230; <a title=\"Adatv\u00e9delmi szab\u00e1lyzat\" class=\"read-more\" href=\"https:\/\/datemobs.com\/hu\/adatvedelmi-szabalyzat\/\" aria-label=\"Read more about Pol\u00edtica de Privacidade\">b\u0151vebben<\/a><\/p>","protected":false},"author":1,"featured_media":0,"parent":0,"menu_order":0,"comment_status":"closed","ping_status":"open","template":"","meta":{"footnotes":""},"class_list":["post-3","page","type-page","status-publish"],"_links":{"self":[{"href":"https:\/\/datemobs.com\/hu\/wp-json\/wp\/v2\/pages\/3","targetHints":{"allow":["GET"]}}],"collection":[{"href":"https:\/\/datemobs.com\/hu\/wp-json\/wp\/v2\/pages"}],"about":[{"href":"https:\/\/datemobs.com\/hu\/wp-json\/wp\/v2\/types\/page"}],"author":[{"embeddable":true,"href":"https:\/\/datemobs.com\/hu\/wp-json\/wp\/v2\/users\/1"}],"replies":[{"embeddable":true,"href":"https:\/\/datemobs.com\/hu\/wp-json\/wp\/v2\/comments?post=3"}],"version-history":[{"count":2,"href":"https:\/\/datemobs.com\/hu\/wp-json\/wp\/v2\/pages\/3\/revisions"}],"predecessor-version":[{"id":849,"href":"https:\/\/datemobs.com\/hu\/wp-json\/wp\/v2\/pages\/3\/revisions\/849"}],"wp:attachment":[{"href":"https:\/\/datemobs.com\/hu\/wp-json\/wp\/v2\/media?parent=3"}],"curies":[{"name":"munkaf\u00fczet","href":"https:\/\/api.w.org\/{rel}","templated":true}]}}