{"id":850,"date":"2025-03-22T05:40:19","date_gmt":"2025-03-22T05:40:19","guid":{"rendered":"https:\/\/datemobs.com\/?page_id=850"},"modified":"2025-03-22T05:40:19","modified_gmt":"2025-03-22T05:40:19","slug":"felhasznalasi-feltetelek","status":"publish","type":"page","link":"https:\/\/datemobs.com\/hu\/felhasznalasi-feltetelek\/","title":{"rendered":"Felhaszn\u00e1l\u00e1si felt\u00e9telek"},"content":{"rendered":"<h2 class=\"wp-block-heading\"><strong>1. Felt\u00e9telek<\/strong><\/h2>\n\n\n\n<p>A weboldal el\u00e9r\u00e9sekor <a href=\"\/hu\/datemobs.com\/\"><strong>DateMobs<\/strong><\/a>, \u00d6n v\u00e1llalja, hogy betartja ezeket a szolg\u00e1ltat\u00e1si felt\u00e9teleket, az \u00f6sszes vonatkoz\u00f3 t\u00f6rv\u00e9nyt \u00e9s el\u0151\u00edr\u00e1st, \u00e9s elfogadja, hogy \u00d6n felel\u0151s az \u00f6sszes vonatkoz\u00f3 helyi t\u00f6rv\u00e9ny betart\u00e1s\u00e1\u00e9rt. Ha nem \u00e9rt egyet e felt\u00e9telek b\u00e1rmelyik\u00e9vel, tilos az oldal haszn\u00e1lata vagy el\u00e9r\u00e9se. Az ezen a weboldalon tal\u00e1lhat\u00f3 anyagokat a vonatkoz\u00f3 szerz\u0151i jogi \u00e9s v\u00e9djegyjog v\u00e9di.<\/p>\n\n\n\n<h2 class=\"wp-block-heading\"><strong>2. Licenc haszn\u00e1lata<\/strong><\/h2>\n\n\n\n<p>A weboldalon tal\u00e1lhat\u00f3 anyagok (inform\u00e1ci\u00f3k vagy szoftverek) egy p\u00e9ld\u00e1ny\u00e1nak ideiglenes let\u00f6lt\u00e9se enged\u00e9lyezett <strong>DateMobs <\/strong>, csak szem\u00e9lyes, nem kereskedelmi c\u00e9l\u00fa \u00e1tmeneti megtekint\u00e9sre. Ez egy enged\u00e9ly megad\u00e1sa, nem pedig a tulajdonjog \u00e1truh\u00e1z\u00e1sa, \u00e9s ezen enged\u00e9ly alapj\u00e1n nem:\u00a0<\/p>\n\n\n\n<ol class=\"wp-block-list\">\n<li>m\u00f3dos\u00edtani vagy m\u00e1solni az anyagokat;\u00a0<\/li>\n\n\n\n<li>az anyagokat b\u00e1rmilyen kereskedelmi c\u00e9lra vagy nyilv\u00e1nos (kereskedelmi vagy nem kereskedelmi) megjelen\u00edt\u00e9sre haszn\u00e1lja;\u00a0<\/li>\n\n\n\n<li>megpr\u00f3b\u00e1lja visszafejteni vagy visszafejteni a webhelyen tal\u00e1lhat\u00f3 szoftvereket <strong>DateMobs<\/strong>;\u00a0<\/li>\n\n\n\n<li>t\u00e1vol\u00edtsa el az anyagokr\u00f3l a szerz\u0151i jogi vagy egy\u00e9b tulajdonjogi megjegyz\u00e9seket; vagy\u00a0<\/li>\n\n\n\n<li>\u00e1tviheti az anyagokat egy m\u00e1sik szem\u00e9lynek, vagy \u201et\u00fckr\u00f6zheti\u201d az anyagokat egy m\u00e1sik szerveren.<\/li>\n<\/ol>\n\n\n\n<p>Ez a licenc automatikusan megsz\u0171nik, ha \u00d6n megs\u00e9rti ezen korl\u00e1toz\u00e1sok b\u00e1rmelyik\u00e9t, \u00e9s felmondhatja <strong>DateMobs <\/strong>b\u00e1rmikor. Ezen anyagok megtekint\u00e9s\u00e9nek megsz\u00fcntet\u00e9sekor vagy a jelen licenc hat\u00e1ly\u00e1nak megsz\u0171n\u00e9sekor meg kell semmis\u00edtenie a birtok\u00e1ban l\u00e9v\u0151 let\u00f6lt\u00f6tt anyagokat, ak\u00e1r elektronikus, ak\u00e1r nyomtatott form\u00e1ban.<\/p>\n\n\n\n<h2 class=\"wp-block-heading\"><strong>3. Jogi nyilatkozat<\/strong><\/h2>\n\n\n\n<ol class=\"wp-block-list\">\n<li>A weboldalon tal\u00e1lhat\u00f3 anyagok <strong>DateMobs <\/strong>\u201eahogy vannak\u201d. <strong>DateMobs <\/strong>nem v\u00e1llal sem kifejezett, sem hallgat\u00f3lagos garanci\u00e1t, \u00e9s ezennel visszautas\u00edt \u00e9s megtagad minden egy\u00e9b garanci\u00e1t, bele\u00e9rtve korl\u00e1toz\u00e1s n\u00e9lk\u00fcl a v\u00e9lelmezett garanci\u00e1kat vagy felt\u00e9teleket az eladhat\u00f3s\u00e1gra, egy adott c\u00e9lra val\u00f3 alkalmass\u00e1gra, a szellemi tulajdon megs\u00e9rt\u00e9s\u00e9re vagy a jogok egy\u00e9b megs\u00e9rt\u00e9s\u00e9re vonatkoz\u00f3an.<\/li>\n\n\n\n<li>Tov\u00e1bb\u00e1 a <strong>DateMobs <\/strong>nem v\u00e1llal garanci\u00e1t \u00e9s nem v\u00e1llal semmilyen kijelent\u00e9st a weboldal\u00e1n vagy az ilyen anyagokkal vagy az oldalra hivatkozott webhelyeken tal\u00e1lhat\u00f3 anyagok felhaszn\u00e1l\u00e1s\u00e1nak pontoss\u00e1g\u00e1val, val\u00f3sz\u00edn\u0171 eredm\u00e9nyeivel vagy megb\u00edzhat\u00f3s\u00e1g\u00e1val kapcsolatban.<\/li>\n<\/ol>\n\n\n\n<h2 class=\"wp-block-heading\"><strong>4. Korl\u00e1toz\u00e1sok<\/strong><\/h2>\n\n\n\n<p>Semmi esetre sem a <strong>DateMobs <\/strong>vagy besz\u00e1ll\u00edt\u00f3i felel\u0151sek minden olyan k\u00e1r\u00e9rt (bele\u00e9rtve, de nem kiz\u00e1r\u00f3lagosan az adat- vagy haszonveszt\u00e9sb\u0151l vagy az \u00fczlet megszak\u00edt\u00e1s\u00e1b\u00f3l ered\u0151 k\u00e1rokat), amelyek az anyagok felhaszn\u00e1l\u00e1s\u00e1b\u00f3l vagy felhaszn\u00e1l\u00e1s\u00e1nak k\u00e9ptelens\u00e9g\u00e9b\u0151l erednek. <strong>DateMobs<\/strong>, b\u00e1r <strong>DateMobs <\/strong>vagy meghatalmazott k\u00e9pvisel\u0151je <strong>DateMobs <\/strong>sz\u00f3ban vagy \u00edr\u00e1sban \u00e9rtes\u00edtett\u00e9k az ilyen k\u00e1rok lehet\u0151s\u00e9g\u00e9r\u0151l. Mivel egyes joghat\u00f3s\u00e1gok nem enged\u00e9lyezik a v\u00e9lelmezett garanci\u00e1k korl\u00e1toz\u00e1s\u00e1t, illetve a k\u00f6vetkezm\u00e9nyes vagy v\u00e9letlen k\u00e1rok\u00e9rt val\u00f3 felel\u0151ss\u00e9g korl\u00e1toz\u00e1s\u00e1t, el\u0151fordulhat, hogy ezek a korl\u00e1toz\u00e1sok nem vonatkoznak \u00d6nre.<\/p>\n\n\n\n<h2 class=\"wp-block-heading\"><strong>5. Az anyagok pontoss\u00e1ga<\/strong><\/h2>\n\n\n\n<p>A weboldalon megjelen\u00edtett anyagok <strong>DateMobs <\/strong>technikai, tipogr\u00e1fiai vagy f\u00e9nyk\u00e9p\u00e9szeti hib\u00e1kat tartalmazhat. <strong>DateMobs <\/strong>nem garant\u00e1lja, hogy a weboldal\u00e1n tal\u00e1lhat\u00f3 anyagok pontosak, teljesek vagy aktu\u00e1lisak. <strong>DateMobs <\/strong>b\u00e1rmikor, el\u0151zetes \u00e9rtes\u00edt\u00e9s n\u00e9lk\u00fcl m\u00f3dos\u00edthatja a weboldal\u00e1n tal\u00e1lhat\u00f3 anyagokat. Viszont, <strong>DateMobs <\/strong>nem v\u00e1llalja az anyagok friss\u00edt\u00e9s\u00e9t.<\/p>\n\n\n\n<h2 class=\"wp-block-heading\"><strong>6. Linkek<\/strong><\/h2>\n\n\n\n<p>A <strong>DateMobs <\/strong>nem vizsg\u00e1lta \u00e1t az \u00f6sszes webhely\u00e9re hivatkozott webhelyet, \u00e9s nem v\u00e1llal felel\u0151ss\u00e9get az ilyen linkelt webhelyek tartalm\u00e1\u00e9rt. B\u00e1rmely hivatkoz\u00e1s felt\u00fcntet\u00e9se nem jelenti a j\u00f3v\u00e1hagy\u00e1s\u00e1t <strong>DateMobs <\/strong>a webhelyr\u0151l. A hivatkozott webhelyek haszn\u00e1lata a felhaszn\u00e1l\u00f3 saj\u00e1t felel\u0151ss\u00e9g\u00e9re t\u00f6rt\u00e9nik.<\/p>\n\n\n\n<h3 class=\"wp-block-heading\"><strong>M\u00f3dos\u00edt\u00e1sok<\/strong><\/h3>\n\n\n\n<p>A <strong>DateMobs <\/strong>b\u00e1rmikor, el\u0151zetes \u00e9rtes\u00edt\u00e9s n\u00e9lk\u00fcl fel\u00fclvizsg\u00e1lhatja jelen weboldal szolg\u00e1ltat\u00e1si felt\u00e9teleit. A weboldal haszn\u00e1lat\u00e1val \u00d6n elfogadja, hogy mag\u00e1ra n\u00e9zve k\u00f6telez\u0151nek ismeri el a jelen szolg\u00e1ltat\u00e1si felt\u00e9telek aktu\u00e1lis verzi\u00f3j\u00e1t.<\/p>\n\n\n\n<h3 class=\"wp-block-heading\"><strong>Alkalmazand\u00f3 jog<\/strong><\/h3>\n\n\n\n<p>Ezekre a felt\u00e9telekre \u00e9s felt\u00e9telekre a t\u00f6rv\u00e9nyek az ir\u00e1nyad\u00f3k \u00e9s azok \u00e9rtelmez\u00e9s\u00e9re vonatkoznak <strong>DateMobs <\/strong>\u00e9s \u00d6n visszavonhatatlanul al\u00e1veti mag\u00e1t az adott \u00e1llam vagy hely b\u00edr\u00f3s\u00e1gainak kiz\u00e1r\u00f3lagos joghat\u00f3s\u00e1g\u00e1nak.<\/p>","protected":false},"excerpt":{"rendered":"<p>1. Termos Ao acessar ao site DateMobs, concorda em cumprir estes termos de servi\u00e7o, todas as leis e regulamentos aplic\u00e1veis \u200b\u200be concorda que \u00e9 respons\u00e1vel pelo cumprimento de todas as leis locais aplic\u00e1veis. Se voc\u00ea n\u00e3o concordar com algum desses termos, est\u00e1 proibido de usar ou acessar este site. Os materiais contidos neste site s\u00e3o &#8230; <a title=\"Felhaszn\u00e1l\u00e1si felt\u00e9telek\" class=\"read-more\" href=\"https:\/\/datemobs.com\/hu\/felhasznalasi-feltetelek\/\" aria-label=\"Read more about Termos de Uso\">b\u0151vebben<\/a><\/p>","protected":false},"author":1,"featured_media":0,"parent":0,"menu_order":0,"comment_status":"closed","ping_status":"closed","template":"","meta":{"footnotes":""},"class_list":["post-850","page","type-page","status-publish"],"_links":{"self":[{"href":"https:\/\/datemobs.com\/hu\/wp-json\/wp\/v2\/pages\/850","targetHints":{"allow":["GET"]}}],"collection":[{"href":"https:\/\/datemobs.com\/hu\/wp-json\/wp\/v2\/pages"}],"about":[{"href":"https:\/\/datemobs.com\/hu\/wp-json\/wp\/v2\/types\/page"}],"author":[{"embeddable":true,"href":"https:\/\/datemobs.com\/hu\/wp-json\/wp\/v2\/users\/1"}],"replies":[{"embeddable":true,"href":"https:\/\/datemobs.com\/hu\/wp-json\/wp\/v2\/comments?post=850"}],"version-history":[{"count":1,"href":"https:\/\/datemobs.com\/hu\/wp-json\/wp\/v2\/pages\/850\/revisions"}],"predecessor-version":[{"id":851,"href":"https:\/\/datemobs.com\/hu\/wp-json\/wp\/v2\/pages\/850\/revisions\/851"}],"wp:attachment":[{"href":"https:\/\/datemobs.com\/hu\/wp-json\/wp\/v2\/media?parent=850"}],"curies":[{"name":"munkaf\u00fczet","href":"https:\/\/api.w.org\/{rel}","templated":true}]}}