{"id":3,"date":"2025-03-22T05:11:17","date_gmt":"2025-03-22T05:11:17","guid":{"rendered":"https:\/\/datemobs.com\/?page_id=3"},"modified":"2025-03-22T05:38:42","modified_gmt":"2025-03-22T05:38:42","slug":"kebijakan-privasi","status":"publish","type":"page","link":"https:\/\/datemobs.com\/id\/kebijakan-privasi\/","title":{"rendered":"Kebijakan Privasi"},"content":{"rendered":"<p><span style=\"color: #444444;\">Privasi Anda penting bagi kami. Ini adalah kebijakan <strong>TanggalMobs<\/strong> hormati privasi Anda mengenai informasi apa pun yang kami kumpulkan dari Anda di situs web <strong><a href=\"\/id\/datemobs.com\/\">TanggalMobs<\/a><\/strong>, dan situs web lain yang kami miliki dan operasikan.<\/span><\/p>\n<p><span style=\"color: #444444;\">Kami hanya meminta informasi pribadi ketika kami benar-benar membutuhkannya untuk menyediakan layanan kepada Anda. Kami melakukannya dengan cara yang adil dan sah, dengan sepengetahuan dan persetujuan Anda. Kami juga memberi tahu Anda mengapa kami mengumpulkan data tersebut dan bagaimana data tersebut akan digunakan.<\/span><\/p>\n<p><span style=\"color: #444444;\">Kami hanya menyimpan informasi yang dikumpulkan selama diperlukan untuk menyediakan layanan yang Anda minta. Data yang kami simpan akan kami lindungi dengan cara yang dapat diterima secara komersial untuk mencegah kehilangan dan pencurian, serta akses, pengungkapan, penyalinan, penggunaan, atau modifikasi yang tidak sah.<\/span><\/p>\n<p><span style=\"color: #444444;\">Kami tidak membagikan informasi pengenal pribadi apa pun kepada publik atau pihak ketiga, kecuali jika diwajibkan oleh hukum.<\/span><\/p>\n<p><span style=\"color: #444444;\">Situs web kami mungkin berisi tautan ke situs web eksternal yang tidak dioperasikan oleh kami. Harap diperhatikan bahwa kami tidak memiliki kendali atas konten dan praktik situs ini dan tidak dapat bertanggung jawab atas konten dan praktik tersebut.\u00a0<\/span><a style=\"background-color: transparent; color: #444444;\" href=\"https:\/\/politicaprivacidade.com\/\" target=\"_blank\" rel=\"noopener noreferrer\">kebijakan privasi<\/a><span style=\"color: #444444;\">.<\/span><\/p>\n<p><span style=\"color: #444444;\">Anda bebas menolak permintaan kami atas informasi pribadi Anda, dengan pengertian bahwa kami mungkin tidak dapat memberi Anda beberapa layanan yang Anda inginkan.<\/span><\/p>\n<p><span style=\"color: #444444;\">Penggunaan situs web kami secara berkelanjutan akan dianggap sebagai penerimaan praktik kami seputar privasi dan informasi pribadi. Jika Anda memiliki pertanyaan tentang bagaimana kami menangani data pengguna dan informasi pribadi, silakan hubungi kami.<\/span><\/p>\n<ul>\n<li><span style=\"color: #444444;\">Layanan Google AdSense yang kami gunakan untuk menayangkan iklan menggunakan cookie DoubleClick untuk menayangkan iklan yang lebih relevan di seluruh web dan membatasi berapa kali iklan tertentu ditayangkan kepada Anda.<\/span><\/li>\n<li><span style=\"color: #444444;\">Untuk informasi lebih lanjut tentang Google AdSense, lihat FAQ Privasi Google AdSense resmi.<\/span><\/li>\n<li><span style=\"color: #444444;\">Kami menggunakan iklan untuk mengimbangi biaya pengoperasian situs web ini dan menyediakan dana untuk pengembangan di masa mendatang. Kuki periklanan perilaku yang digunakan oleh situs ini dirancang untuk memastikan bahwa kami memberi Anda iklan yang paling relevan jika memungkinkan dengan melacak minat Anda secara anonim dan menyajikan hal-hal serupa yang mungkin menarik.<\/span><\/li>\n<li><span style=\"color: #444444;\">Beberapa mitra beriklan atas nama kami dan cookie pelacakan afiliasi hanya memungkinkan kami untuk mengetahui apakah pelanggan kami telah mengunjungi situs kami melalui salah satu situs mitra kami sehingga kami dapat memberikan penghargaan kepada mereka dengan tepat dan, jika berlaku, memungkinkan mitra afiliasi kami untuk memberikan bonus apa pun yang mungkin mereka berikan kepada Anda karena melakukan pembelian.<\/span><\/li>\n<\/ul>\n<h3><strong><span style=\"color: #444444;\">Komitmen Pengguna<\/span><\/strong><\/h3>\n<p><span style=\"color: #444444;\">Pengguna berjanji untuk menggunakan konten dan informasi yang disediakan dengan tepat. <strong>TanggalMobs<\/strong> penawaran di situs web dan sebagai contoh, tetapi tidak terbatas pada:<\/span><\/p>\n<ul>\n<li><span style=\"color: #444444;\">A) Tidak terlibat dalam kegiatan yang melanggar hukum atau bertentangan dengan itikad baik dan ketertiban umum;<\/span><\/li>\n<li><span style=\"color: #444444;\">B) Jangan menyebarkan propaganda atau konten yang bersifat rasis dan xenofobia, <\/span><span style=\"color: #212529;\">166 taruhan<\/span><span style=\"color: #444444;\"> atau nasib buruk, segala jenis pornografi ilegal, yang mendukung terorisme atau melanggar hak asasi manusia;<\/span><\/li>\n<li><span style=\"color: #444444;\">C) Tidak menimbulkan kerusakan pada sistem fisik (perangkat keras) dan logis (perangkat lunak) <strong>TanggalMobs<\/strong>, pemasoknya, atau pihak ketiga, untuk memperkenalkan atau menyebarkan virus komputer atau sistem perangkat keras atau perangkat lunak lainnya yang mampu menyebabkan kerusakan tersebut di atas.<\/span><\/li>\n<\/ul>\n<h3><strong><span style=\"color: #444444;\">Informasi lebih lanjut<\/span><\/strong><\/h3>\n<p><span style=\"color: #444444;\">Semoga hal itu telah memperjelas banyak hal bagi Anda dan seperti yang telah disebutkan sebelumnya, jika ada sesuatu yang Anda tidak yakin apakah Anda perlukan atau tidak, biasanya lebih aman untuk membiarkan cookie diaktifkan apabila itu berinteraksi dengan salah satu fitur yang Anda gunakan di situs kami.<\/span><\/p>\n<p><em><strong><span style=\"color: #444444;\">Kebijakan ini berlaku mulai tanggal 22 Maret 2025 pukul 05:36.<\/span><\/strong><\/em><\/p>","protected":false},"excerpt":{"rendered":"<p>A sua privacidade \u00e9 importante para n\u00f3s. \u00c9 pol\u00edtica do DateMobs respeitar a sua privacidade em rela\u00e7\u00e3o a qualquer informa\u00e7\u00e3o sua que possamos coletar no site DateMobs, e outros sites que possu\u00edmos e operamos. Solicitamos informa\u00e7\u00f5es pessoais apenas quando realmente precisamos delas para lhe fornecer um servi\u00e7o. Fazemo-lo por meios justos e legais, com o &#8230; <a title=\"Kebijakan Privasi\" class=\"read-more\" href=\"https:\/\/datemobs.com\/id\/kebijakan-privasi\/\" aria-label=\"Baca selengkapnya tentang Pol\u00edtica de Privacidade\">Baca selengkapnya<\/a><\/p>","protected":false},"author":1,"featured_media":0,"parent":0,"menu_order":0,"comment_status":"closed","ping_status":"open","template":"","meta":{"footnotes":""},"class_list":["post-3","page","type-page","status-publish"],"_links":{"self":[{"href":"https:\/\/datemobs.com\/id\/wp-json\/wp\/v2\/pages\/3","targetHints":{"allow":["GET"]}}],"collection":[{"href":"https:\/\/datemobs.com\/id\/wp-json\/wp\/v2\/pages"}],"about":[{"href":"https:\/\/datemobs.com\/id\/wp-json\/wp\/v2\/types\/page"}],"author":[{"embeddable":true,"href":"https:\/\/datemobs.com\/id\/wp-json\/wp\/v2\/users\/1"}],"replies":[{"embeddable":true,"href":"https:\/\/datemobs.com\/id\/wp-json\/wp\/v2\/comments?post=3"}],"version-history":[{"count":2,"href":"https:\/\/datemobs.com\/id\/wp-json\/wp\/v2\/pages\/3\/revisions"}],"predecessor-version":[{"id":849,"href":"https:\/\/datemobs.com\/id\/wp-json\/wp\/v2\/pages\/3\/revisions\/849"}],"wp:attachment":[{"href":"https:\/\/datemobs.com\/id\/wp-json\/wp\/v2\/media?parent=3"}],"curies":[{"name":"wp","href":"https:\/\/api.w.org\/{rel}","templated":true}]}}