{"id":819,"date":"2022-11-08T18:30:39","date_gmt":"2022-11-08T18:30:39","guid":{"rendered":"https:\/\/sites.generatepress.com\/info\/?page_id=819"},"modified":"2025-03-22T05:35:13","modified_gmt":"2025-03-22T05:35:13","slug":"siapakah-kami","status":"publish","type":"page","link":"https:\/\/datemobs.com\/id\/siapakah-kami\/","title":{"rendered":"Siapakah Kami"},"content":{"rendered":"<p>Selamat Datang di <strong>DateMobs.com<\/strong>, platform baru Anda untuk menghubungkan orang-orang dengan cara yang autentik dan menyenangkan! Di sini di <strong>TanggalMobs<\/strong>, kami percaya bahwa hubungan antarmanusia merupakan hakikat kehidupan, dan misi kami adalah membuat hubungan ini lebih mudah diakses dan bermakna bagi semua orang.<\/p>\n\n\n\n<h2 class=\"wp-block-heading\">Misi Kami<\/h2>\n\n\n\n<p>Kami ingin mengubah cara orang bertemu dan berinteraksi daring. Kami menggabungkan teknologi canggih dengan sentuhan manusia untuk memastikan Anda menemukan seseorang yang istimewa dengan cara yang sederhana, aman, dan penuh kemungkinan.<\/p>\n\n\n\n<h2 class=\"wp-block-heading\">Apa yang Membuat Kami Berbeda<\/h2>\n\n\n\n<ul class=\"wp-block-list\">\n<li><strong>Keselamatan Pertama:<\/strong> Kami menjaga privasi dan keamanan Anda dengan serius, menggunakan fitur perlindungan data terbaik di pasaran.<\/li>\n\n\n\n<li><strong>Profil Autentik:<\/strong> Platform kami mendorong pembuatan dan verifikasi profil nyata sehingga Anda berinteraksi dengan orang asli.<\/li>\n\n\n\n<li><strong>Interaktivitas:<\/strong> Fitur modern dan dinamis seperti video pendek dan pesan kreatif untuk membantu Anda menonjol dan mengekspresikan diri.<\/li>\n<\/ul>\n\n\n\n<h2 class=\"wp-block-heading\">Sejarah Kami<\/h2>\n\n\n\n<p>ITU <strong>TanggalMobs <\/strong>lahir dari ide untuk menciptakan pengalaman kencan daring yang lebih ringan dan tidak rumit serta selaras dengan kebutuhan nyata orang-orang. Sejak awal, kami berupaya menyediakan lingkungan tempat Anda dapat menjadi diri sendiri dan menemukan koneksi sejati.<\/p>\n\n\n\n<h2 class=\"wp-block-heading\">Mengapa Memilih <strong>TanggalMobs<\/strong>?<\/h2>\n\n\n\n<p>Baik Anda baru mengenal dunia aplikasi kencan atau veteran yang mencari sesuatu yang berbeda, <strong>TanggalMobs <\/strong>menawarkan:<\/p>\n\n\n\n<ul class=\"wp-block-list\">\n<li>Pengalaman yang intuitif dan bebas repot.<\/li>\n\n\n\n<li>Komunitas yang terlibat dan beragam.<\/li>\n\n\n\n<li>Alat yang benar-benar membantu Anda menciptakan ikatan dan kenangan.<\/li>\n<\/ul>\n\n\n\n<p>Ayo jadilah bagian dari komunitas kami dan temukan caranya <strong>TanggalMobs <\/strong>dapat mengubah kehidupan cinta Anda. Kami hadir untuk membantu Anda menulis kisah cinta Anda berikutnya \u2014 atau sekadar mencari teman untuk tertawa dan menikmati momen tak terlupakan.<\/p>\n\n\n\n<p><strong>DateMobs.com<\/strong>:Di mana hubungan sejati dimulai!<\/p>","protected":false},"excerpt":{"rendered":"<p>Bem-vindo ao DateMobs.com, a sua nova plataforma para conectar pessoas de forma aut\u00eantica e divertida! Aqui na DateMobs, acreditamos que as conex\u00f5es humanas s\u00e3o a ess\u00eancia da vida, e nossa miss\u00e3o \u00e9 tornar essas conex\u00f5es mais acess\u00edveis e significativas para todos. Nossa Miss\u00e3o Queremos transformar a maneira como as pessoas se encontram e interagem online. &#8230; <a title=\"Siapakah Kami\" class=\"read-more\" href=\"https:\/\/datemobs.com\/id\/siapakah-kami\/\" aria-label=\"Baca selengkapnya tentang Quem Somos\">Baca selengkapnya<\/a><\/p>","protected":false},"author":1,"featured_media":0,"parent":0,"menu_order":0,"comment_status":"closed","ping_status":"closed","template":"","meta":{"footnotes":""},"class_list":["post-819","page","type-page","status-publish"],"_links":{"self":[{"href":"https:\/\/datemobs.com\/id\/wp-json\/wp\/v2\/pages\/819","targetHints":{"allow":["GET"]}}],"collection":[{"href":"https:\/\/datemobs.com\/id\/wp-json\/wp\/v2\/pages"}],"about":[{"href":"https:\/\/datemobs.com\/id\/wp-json\/wp\/v2\/types\/page"}],"author":[{"embeddable":true,"href":"https:\/\/datemobs.com\/id\/wp-json\/wp\/v2\/users\/1"}],"replies":[{"embeddable":true,"href":"https:\/\/datemobs.com\/id\/wp-json\/wp\/v2\/comments?post=819"}],"version-history":[{"count":5,"href":"https:\/\/datemobs.com\/id\/wp-json\/wp\/v2\/pages\/819\/revisions"}],"predecessor-version":[{"id":847,"href":"https:\/\/datemobs.com\/id\/wp-json\/wp\/v2\/pages\/819\/revisions\/847"}],"wp:attachment":[{"href":"https:\/\/datemobs.com\/id\/wp-json\/wp\/v2\/media?parent=819"}],"curies":[{"name":"wp","href":"https:\/\/api.w.org\/{rel}","templated":true}]}}