{"id":850,"date":"2025-03-22T05:40:19","date_gmt":"2025-03-22T05:40:19","guid":{"rendered":"https:\/\/datemobs.com\/?page_id=850"},"modified":"2025-03-22T05:40:19","modified_gmt":"2025-03-22T05:40:19","slug":"ketentuan-penggunaan","status":"publish","type":"page","link":"https:\/\/datemobs.com\/id\/ketentuan-penggunaan\/","title":{"rendered":"Ketentuan Penggunaan"},"content":{"rendered":"<h2 class=\"wp-block-heading\"><strong>1. Ketentuan<\/strong><\/h2>\n\n\n\n<p>Saat mengakses situs web <a href=\"\/id\/datemobs.com\/\"><strong>TanggalMobs<\/strong><\/a>, Anda setuju untuk mematuhi persyaratan layanan ini, semua hukum dan peraturan yang berlaku, dan setuju bahwa Anda bertanggung jawab untuk mematuhi semua hukum setempat yang berlaku. Jika Anda tidak menyetujui persyaratan ini, Anda dilarang menggunakan atau mengakses situs ini. Materi yang terkandung dalam situs web ini dilindungi oleh hukum hak cipta dan merek dagang yang berlaku.<\/p>\n\n\n\n<h2 class=\"wp-block-heading\"><strong>2. Lisensi Penggunaan<\/strong><\/h2>\n\n\n\n<p>Diberikan izin untuk mengunduh sementara satu salinan materi (informasi atau perangkat lunak) di situs web <strong>TanggalMobs <\/strong>, hanya untuk tontonan sementara pribadi dan nonkomersial. Ini adalah pemberian lisensi, bukan pengalihan hak milik, dan berdasarkan lisensi ini Anda tidak boleh:\u00a0<\/p>\n\n\n\n<ol class=\"wp-block-list\">\n<li>mengubah atau menyalin materi;\u00a0<\/li>\n\n\n\n<li>menggunakan materi untuk tujuan komersial apa pun, atau untuk tampilan publik apa pun (komersial atau non-komersial);\u00a0<\/li>\n\n\n\n<li>mencoba mendekompilasi atau merekayasa ulang perangkat lunak apa pun yang terdapat di situs web <strong>TanggalMobs<\/strong>;\u00a0<\/li>\n\n\n\n<li>menghapus hak cipta atau notasi hak milik lainnya dari materi tersebut; atau\u00a0<\/li>\n\n\n\n<li>mentransfer materi ke orang lain atau &#039;mencerminkan&#039; materi pada server lain mana pun.<\/li>\n<\/ol>\n\n\n\n<p>Lisensi ini akan secara otomatis berakhir jika Anda melanggar salah satu batasan ini dan dapat diakhiri oleh <strong>TanggalMobs <\/strong>kapan saja. Setelah Anda mengakhiri penayangan materi ini atau setelah berakhirnya lisensi ini, Anda harus memusnahkan semua materi unduhan yang Anda miliki, baik dalam format elektronik maupun cetak.<\/p>\n\n\n\n<h2 class=\"wp-block-heading\"><strong>3. Penafian<\/strong><\/h2>\n\n\n\n<ol class=\"wp-block-list\">\n<li>Materi yang ada di situs web <strong>TanggalMobs <\/strong>disediakan &#039;apa adanya&#039;. <strong>TanggalMobs <\/strong>tidak memberikan jaminan, baik tersurat maupun tersirat, dan dengan ini menyangkal dan meniadakan semua jaminan lainnya, termasuk tanpa batasan, jaminan atau ketentuan tersirat tentang kelayakan untuk diperjualbelikan, kesesuaian untuk tujuan tertentu, atau tidak adanya pelanggaran hak kekayaan intelektual atau pelanggaran hak lainnya.<\/li>\n\n\n\n<li>Selain itu, <strong>TanggalMobs <\/strong>tidak memberikan jaminan atau membuat pernyataan apa pun mengenai keakuratan, kemungkinan hasil, atau keandalan penggunaan materi di situs webnya atau materi yang berkaitan dengan materi tersebut atau di situs mana pun yang tertaut ke situs ini.<\/li>\n<\/ol>\n\n\n\n<h2 class=\"wp-block-heading\"><strong>4. Keterbatasan<\/strong><\/h2>\n\n\n\n<p>Dalam hal apapun <strong>TanggalMobs <\/strong>atau pemasoknya tidak bertanggung jawab atas segala kerusakan (termasuk, namun tidak terbatas pada, kerusakan karena kehilangan data atau keuntungan, atau karena gangguan bisnis) yang timbul dari penggunaan atau ketidakmampuan penggunaan materi di <strong>TanggalMobs<\/strong>, meskipun <strong>TanggalMobs <\/strong>atau perwakilan resmi dari <strong>TanggalMobs <\/strong>telah diberitahu secara lisan atau tertulis tentang kemungkinan terjadinya kerugian tersebut. Karena beberapa yurisdiksi tidak mengizinkan pembatasan pada jaminan tersirat, atau pembatasan tanggung jawab atas kerusakan konsekuensial atau insidental, pembatasan ini mungkin tidak berlaku bagi Anda.<\/p>\n\n\n\n<h2 class=\"wp-block-heading\"><strong>5. Akurasi bahan<\/strong><\/h2>\n\n\n\n<p>Materi yang ditampilkan di situs web <strong>TanggalMobs <\/strong>dapat mencakup kesalahan teknis, tipografi, atau fotografi. <strong>TanggalMobs <\/strong>tidak menjamin bahwa materi apa pun di situs webnya akurat, lengkap, atau terkini. <strong>TanggalMobs <\/strong>dapat membuat perubahan terhadap materi yang terkandung di situs webnya kapan saja tanpa pemberitahuan. Namun, <strong>TanggalMobs <\/strong>tidak berkewajiban memperbarui materi.<\/p>\n\n\n\n<h2 class=\"wp-block-heading\"><strong>6. Tautan<\/strong><\/h2>\n\n\n\n<p>ITU <strong>TanggalMobs <\/strong>belum meninjau semua situs yang tertaut ke situs webnya dan tidak bertanggung jawab atas konten situs tertaut tersebut. Penyertaan tautan apapun tidak menyiratkan dukungan oleh <strong>TanggalMobs <\/strong>situs web. Penggunaan situs web apa pun yang tertaut merupakan risiko pengguna sendiri.<\/p>\n\n\n\n<h3 class=\"wp-block-heading\"><strong>Modifikasi<\/strong><\/h3>\n\n\n\n<p>ITU <strong>TanggalMobs <\/strong>dapat merevisi ketentuan layanan situs web ini kapan saja tanpa pemberitahuan. Dengan menggunakan situs web ini, Anda setuju untuk terikat oleh versi persyaratan layanan yang berlaku saat itu.<\/p>\n\n\n\n<h3 class=\"wp-block-heading\"><strong>Hukum yang berlaku<\/strong><\/h3>\n\n\n\n<p>Syarat dan ketentuan ini diatur dan ditafsirkan sesuai dengan hukum <strong>TanggalMobs <\/strong>dan Anda secara tidak dapat ditarik kembali tunduk pada yurisdiksi eksklusif pengadilan di Negara Bagian atau lokasi tersebut.<\/p>","protected":false},"excerpt":{"rendered":"<p>1. Termos Ao acessar ao site DateMobs, concorda em cumprir estes termos de servi\u00e7o, todas as leis e regulamentos aplic\u00e1veis \u200b\u200be concorda que \u00e9 respons\u00e1vel pelo cumprimento de todas as leis locais aplic\u00e1veis. Se voc\u00ea n\u00e3o concordar com algum desses termos, est\u00e1 proibido de usar ou acessar este site. Os materiais contidos neste site s\u00e3o &#8230; <a title=\"Ketentuan Penggunaan\" class=\"read-more\" href=\"https:\/\/datemobs.com\/id\/ketentuan-penggunaan\/\" aria-label=\"Baca selengkapnya tentang Termos de Uso\">Baca selengkapnya<\/a><\/p>","protected":false},"author":1,"featured_media":0,"parent":0,"menu_order":0,"comment_status":"closed","ping_status":"closed","template":"","meta":{"footnotes":""},"class_list":["post-850","page","type-page","status-publish"],"_links":{"self":[{"href":"https:\/\/datemobs.com\/id\/wp-json\/wp\/v2\/pages\/850","targetHints":{"allow":["GET"]}}],"collection":[{"href":"https:\/\/datemobs.com\/id\/wp-json\/wp\/v2\/pages"}],"about":[{"href":"https:\/\/datemobs.com\/id\/wp-json\/wp\/v2\/types\/page"}],"author":[{"embeddable":true,"href":"https:\/\/datemobs.com\/id\/wp-json\/wp\/v2\/users\/1"}],"replies":[{"embeddable":true,"href":"https:\/\/datemobs.com\/id\/wp-json\/wp\/v2\/comments?post=850"}],"version-history":[{"count":1,"href":"https:\/\/datemobs.com\/id\/wp-json\/wp\/v2\/pages\/850\/revisions"}],"predecessor-version":[{"id":851,"href":"https:\/\/datemobs.com\/id\/wp-json\/wp\/v2\/pages\/850\/revisions\/851"}],"wp:attachment":[{"href":"https:\/\/datemobs.com\/id\/wp-json\/wp\/v2\/media?parent=850"}],"curies":[{"name":"wp","href":"https:\/\/api.w.org\/{rel}","templated":true}]}}