{"id":3,"date":"2025-03-22T05:11:17","date_gmt":"2025-03-22T05:11:17","guid":{"rendered":"https:\/\/datemobs.com\/?page_id=3"},"modified":"2025-03-22T05:38:42","modified_gmt":"2025-03-22T05:38:42","slug":"politica-sulla-riservatezza","status":"publish","type":"page","link":"https:\/\/datemobs.com\/it\/politica-sulla-riservatezza\/","title":{"rendered":"politica sulla riservatezza"},"content":{"rendered":"<p><span style=\"color: #444444;\">La tua privacy \u00e8 importante per noi. \u00c8 la politica di <strong>DateMobs<\/strong> rispettiamo la tua privacy riguardo a qualsiasi informazione che potremmo raccogliere da te sul sito web <strong><a href=\"\/it\/datemobs.com\/\">DateMobs<\/a><\/strong>e altri siti web di nostra propriet\u00e0 e da noi gestiti.<\/span><\/p>\n<p><span style=\"color: #444444;\">Richiediamo informazioni personali solo quando ne abbiamo realmente bisogno per fornirti un servizio. Lo facciamo con mezzi equi e leciti, con la tua conoscenza e il tuo consenso. Vi spieghiamo anche perch\u00e9 raccogliamo queste informazioni e come verranno utilizzate.<\/span><\/p>\n<p><span style=\"color: #444444;\">Conserviamo le informazioni raccolte solo per il tempo necessario a fornirti il \u200b\u200bservizio richiesto. I dati che memorizziamo saranno protetti con mezzi commercialmente accettabili per prevenirne la perdita e il furto, nonch\u00e9 l&#039;accesso, la divulgazione, la copia, l&#039;uso o la modifica non autorizzati.<\/span><\/p>\n<p><span style=\"color: #444444;\">Non condividiamo alcuna informazione personale identificabile pubblicamente o con terze parti, salvo quando richiesto dalla legge.<\/span><\/p>\n<p><span style=\"color: #444444;\">Il nostro sito web potrebbe contenere link a siti web esterni non gestiti da noi. Si prega di notare che non abbiamo alcun controllo sul contenuto e sulle pratiche di questi siti e non possiamo accettare la responsabilit\u00e0 per i rispettivi\u00a0<\/span><a style=\"background-color: transparent; color: #444444;\" href=\"https:\/\/politicaprivacidade.com\/\" target=\"_blank\" rel=\"noopener noreferrer\">politiche sulla privacy<\/a><span style=\"color: #444444;\">.<\/span><\/p>\n<p><span style=\"color: #444444;\">Puoi liberamente rifiutare la nostra richiesta di informazioni personali, con la consapevolezza che potremmo non essere in grado di fornirti alcuni dei servizi desiderati.<\/span><\/p>\n<p><span style=\"color: #444444;\">L&#039;uso continuato del nostro sito web sar\u00e0 considerato come accettazione delle nostre pratiche in materia di privacy e dati personali. Se hai domande sul modo in cui gestiamo i dati degli utenti e le informazioni personali, ti preghiamo di contattarci.<\/span><\/p>\n<ul>\n<li><span style=\"color: #444444;\">Il servizio Google AdSense che utilizziamo per pubblicare annunci pubblicitari utilizza un cookie DoubleClick per pubblicare annunci pi\u00f9 pertinenti sul Web e limitare il numero di volte in cui un determinato annuncio ti viene mostrato.<\/span><\/li>\n<li><span style=\"color: #444444;\">Per ulteriori informazioni su Google AdSense, consulta le FAQ ufficiali sulla privacy di Google AdSense.<\/span><\/li>\n<li><span style=\"color: #444444;\">Utilizziamo la pubblicit\u00e0 per compensare i costi di gestione di questo sito web e per fornire finanziamenti per lo sviluppo futuro. I cookie pubblicitari comportamentali utilizzati da questo sito sono progettati per garantire che ti forniamo gli annunci pubblicitari pi\u00f9 pertinenti, ove possibile, monitorando in forma anonima i tuoi interessi e presentando cose simili che potrebbero interessarti.<\/span><\/li>\n<li><span style=\"color: #444444;\">Diversi partner pubblicizzano per nostro conto e i cookie di tracciamento degli affiliati ci consentono semplicemente di verificare se i nostri clienti sono arrivati sul nostro sito tramite uno dei nostri siti partner, in modo da poterli riconoscere in modo appropriato e, ove applicabile, consentire ai nostri partner affiliati di fornire eventuali bonus per aver effettuato un acquisto.<\/span><\/li>\n<\/ul>\n<h3><strong><span style=\"color: #444444;\">Impegno dell&#039;utente<\/span><\/strong><\/h3>\n<p><span style=\"color: #444444;\">L&#039;utente si impegna a fare un uso appropriato dei contenuti e delle informazioni che l&#039; <strong>DateMobs<\/strong> offerte presenti sul sito e a titolo esemplificativo ma non esaustivo:<\/span><\/p>\n<ul>\n<li><span style=\"color: #444444;\">A) Non svolgere attivit\u00e0 illegali o contrarie alla buona fede e all&#039;ordine pubblico;<\/span><\/li>\n<li><span style=\"color: #444444;\">B) Non diffondere propaganda o contenuti di natura razzista, xenofoba, <\/span><span style=\"color: #212529;\">166scommessa<\/span><span style=\"color: #444444;\"> o sfortuna, qualsiasi tipo di pornografia illegale, a sostegno del terrorismo o contro i diritti umani;<\/span><\/li>\n<li><span style=\"color: #444444;\">C) Non causare danni ai sistemi fisici (hardware) e logici (software) dell&#039; <strong>DateMobs<\/strong>, i suoi fornitori o terze parti, di introdurre o diffondere virus informatici o qualsiasi altro sistema hardware o software in grado di causare i danni sopra menzionati.<\/span><\/li>\n<\/ul>\n<h3><strong><span style=\"color: #444444;\">Ulteriori informazioni<\/span><\/strong><\/h3>\n<p><span style=\"color: #444444;\">Speriamo che questo abbia chiarito le cose e, come detto in precedenza, se c&#039;\u00e8 qualcosa di cui non sei sicuro di aver bisogno o meno, di solito \u00e8 pi\u00f9 sicuro lasciare i cookie abilitati nel caso in cui interagiscano con una delle funzionalit\u00e0 che utilizzi sul nostro sito.<\/span><\/p>\n<p><em><strong><span style=\"color: #444444;\">La presente politica \u00e8 in vigore a partire dal 22 marzo 2025 alle ore 05:36.<\/span><\/strong><\/em><\/p>","protected":false},"excerpt":{"rendered":"<p>A sua privacidade \u00e9 importante para n\u00f3s. \u00c9 pol\u00edtica do DateMobs respeitar a sua privacidade em rela\u00e7\u00e3o a qualquer informa\u00e7\u00e3o sua que possamos coletar no site DateMobs, e outros sites que possu\u00edmos e operamos. Solicitamos informa\u00e7\u00f5es pessoais apenas quando realmente precisamos delas para lhe fornecer um servi\u00e7o. Fazemo-lo por meios justos e legais, com o &#8230; <a title=\"politica sulla riservatezza\" class=\"read-more\" href=\"https:\/\/datemobs.com\/it\/politica-sulla-riservatezza\/\" aria-label=\"Per saperne di pi\u00f9 su Pol\u00edtica de Privacidade\">Per saperne di pi\u00f9<\/a><\/p>","protected":false},"author":1,"featured_media":0,"parent":0,"menu_order":0,"comment_status":"closed","ping_status":"open","template":"","meta":{"footnotes":""},"class_list":["post-3","page","type-page","status-publish"],"_links":{"self":[{"href":"https:\/\/datemobs.com\/it\/wp-json\/wp\/v2\/pages\/3","targetHints":{"allow":["GET"]}}],"collection":[{"href":"https:\/\/datemobs.com\/it\/wp-json\/wp\/v2\/pages"}],"about":[{"href":"https:\/\/datemobs.com\/it\/wp-json\/wp\/v2\/types\/page"}],"author":[{"embeddable":true,"href":"https:\/\/datemobs.com\/it\/wp-json\/wp\/v2\/users\/1"}],"replies":[{"embeddable":true,"href":"https:\/\/datemobs.com\/it\/wp-json\/wp\/v2\/comments?post=3"}],"version-history":[{"count":2,"href":"https:\/\/datemobs.com\/it\/wp-json\/wp\/v2\/pages\/3\/revisions"}],"predecessor-version":[{"id":849,"href":"https:\/\/datemobs.com\/it\/wp-json\/wp\/v2\/pages\/3\/revisions\/849"}],"wp:attachment":[{"href":"https:\/\/datemobs.com\/it\/wp-json\/wp\/v2\/media?parent=3"}],"curies":[{"name":"parola chiave","href":"https:\/\/api.w.org\/{rel}","templated":true}]}}