{"id":819,"date":"2022-11-08T18:30:39","date_gmt":"2022-11-08T18:30:39","guid":{"rendered":"https:\/\/sites.generatepress.com\/info\/?page_id=819"},"modified":"2025-03-22T05:35:13","modified_gmt":"2025-03-22T05:35:13","slug":"chi-siamo","status":"publish","type":"page","link":"https:\/\/datemobs.com\/it\/chi-siamo\/","title":{"rendered":"Chi siamo"},"content":{"rendered":"<p>Benvenuti a <strong>DateMobs.com<\/strong>, la tua nuova piattaforma per connettere le persone in modo autentico e divertente! Qui a <strong>DateMobs<\/strong>crediamo che le connessioni umane siano l&#039;essenza della vita e la nostra missione \u00e8 rendere queste connessioni pi\u00f9 accessibili e significative per tutti.<\/p>\n\n\n\n<h2 class=\"wp-block-heading\">La nostra missione<\/h2>\n\n\n\n<p>Vogliamo trasformare il modo in cui le persone si incontrano e interagiscono online. Combiniamo tecnologie all&#039;avanguardia con un tocco umano per garantirti di trovare qualcuno di speciale in un modo semplice, sicuro e ricco di possibilit\u00e0.<\/p>\n\n\n\n<h2 class=\"wp-block-heading\">Cosa ci rende diversi<\/h2>\n\n\n\n<ul class=\"wp-block-list\">\n<li><strong>La sicurezza prima di tutto:<\/strong> Prendiamo sul serio la tua privacy e la tua sicurezza, utilizzando le migliori funzionalit\u00e0 di protezione dei dati sul mercato.<\/li>\n\n\n\n<li><strong>Profili autentici:<\/strong> La nostra piattaforma incoraggia la creazione e la verifica di profili reali, cos\u00ec potrai interagire con persone autentiche.<\/li>\n\n\n\n<li><strong>Interattivit\u00e0:<\/strong> Funzionalit\u00e0 moderne e dinamiche, come brevi video e messaggi creativi, ti aiutano a distinguerti ed esprimere te stesso.<\/li>\n<\/ul>\n\n\n\n<h2 class=\"wp-block-heading\">La nostra storia<\/h2>\n\n\n\n<p>IL <strong>DateMobs <\/strong>nasce dall&#039;idea di creare un&#039;esperienza di incontri online pi\u00f9 leggera, semplice e in linea con le reali esigenze delle persone. Fin dall&#039;inizio, abbiamo cercato di creare un ambiente in cui potessi essere te stesso e trovare connessioni vere.<\/p>\n\n\n\n<h2 class=\"wp-block-heading\">Perch\u00e9 scegliere <strong>DateMobs<\/strong>?<\/h2>\n\n\n\n<p>Che tu sia un novizio nel mondo delle app di incontri o un veterano in cerca di qualcosa di diverso, <strong>DateMobs <\/strong>offre:<\/p>\n\n\n\n<ul class=\"wp-block-list\">\n<li>Un&#039;esperienza intuitiva e senza problemi.<\/li>\n\n\n\n<li>Comunit\u00e0 impegnata e diversificata.<\/li>\n\n\n\n<li>Strumenti che ti aiutano davvero a creare legami e ricordi.<\/li>\n<\/ul>\n\n\n\n<p>Vieni a far parte della nostra comunit\u00e0 e scopri come <strong>DateMobs <\/strong>pu\u00f2 trasformare la tua vita amorosa. Siamo qui per aiutarti a scrivere la tua prossima storia d&#039;amore o semplicemente per trovare compagnia con cui ridere e trascorrere momenti indimenticabili.<\/p>\n\n\n\n<p><strong>DateMobs.com<\/strong>: Dove iniziano le vere connessioni!<\/p>","protected":false},"excerpt":{"rendered":"<p>Bem-vindo ao DateMobs.com, a sua nova plataforma para conectar pessoas de forma aut\u00eantica e divertida! Aqui na DateMobs, acreditamos que as conex\u00f5es humanas s\u00e3o a ess\u00eancia da vida, e nossa miss\u00e3o \u00e9 tornar essas conex\u00f5es mais acess\u00edveis e significativas para todos. Nossa Miss\u00e3o Queremos transformar a maneira como as pessoas se encontram e interagem online. &#8230; <a title=\"Chi siamo\" class=\"read-more\" href=\"https:\/\/datemobs.com\/it\/chi-siamo\/\" aria-label=\"Per saperne di pi\u00f9 su Quem Somos\">Per saperne di pi\u00f9<\/a><\/p>","protected":false},"author":1,"featured_media":0,"parent":0,"menu_order":0,"comment_status":"closed","ping_status":"closed","template":"","meta":{"footnotes":""},"class_list":["post-819","page","type-page","status-publish"],"_links":{"self":[{"href":"https:\/\/datemobs.com\/it\/wp-json\/wp\/v2\/pages\/819","targetHints":{"allow":["GET"]}}],"collection":[{"href":"https:\/\/datemobs.com\/it\/wp-json\/wp\/v2\/pages"}],"about":[{"href":"https:\/\/datemobs.com\/it\/wp-json\/wp\/v2\/types\/page"}],"author":[{"embeddable":true,"href":"https:\/\/datemobs.com\/it\/wp-json\/wp\/v2\/users\/1"}],"replies":[{"embeddable":true,"href":"https:\/\/datemobs.com\/it\/wp-json\/wp\/v2\/comments?post=819"}],"version-history":[{"count":5,"href":"https:\/\/datemobs.com\/it\/wp-json\/wp\/v2\/pages\/819\/revisions"}],"predecessor-version":[{"id":847,"href":"https:\/\/datemobs.com\/it\/wp-json\/wp\/v2\/pages\/819\/revisions\/847"}],"wp:attachment":[{"href":"https:\/\/datemobs.com\/it\/wp-json\/wp\/v2\/media?parent=819"}],"curies":[{"name":"parola chiave","href":"https:\/\/api.w.org\/{rel}","templated":true}]}}