{"id":850,"date":"2025-03-22T05:40:19","date_gmt":"2025-03-22T05:40:19","guid":{"rendered":"https:\/\/datemobs.com\/?page_id=850"},"modified":"2025-03-22T05:40:19","modified_gmt":"2025-03-22T05:40:19","slug":"termini-di-utilizzo","status":"publish","type":"page","link":"https:\/\/datemobs.com\/it\/termos-de-uso\/","title":{"rendered":"Termini di utilizzo"},"content":{"rendered":"<h2 class=\"wp-block-heading\"><strong>1. Termini<\/strong><\/h2>\n\n\n\n<p>Quando si accede al sito web <a href=\"\/it\/datemobs.com\/\"><strong>DateMobs<\/strong><\/a>, accetti di rispettare i presenti termini di servizio, tutte le leggi e i regolamenti applicabili e accetti di essere responsabile del rispetto di tutte le leggi locali applicabili. Se non accetti uno qualsiasi di questi termini, ti \u00e8 vietato utilizzare o accedere a questo sito. I materiali contenuti in questo sito web sono protetti dalle leggi vigenti in materia di copyright e marchi.<\/p>\n\n\n\n<h2 class=\"wp-block-heading\"><strong>2. Utilizzare la licenza<\/strong><\/h2>\n\n\n\n<p>\u00c8 concesso il permesso di scaricare temporaneamente una copia dei materiali (informazioni o software) presenti sul sito web <strong>DateMobs <\/strong>, solo per visione transitoria personale e non commerciale. Questa \u00e8 la concessione di una licenza, non un trasferimento di titolo, e in base a questa licenza non puoi:\u00a0<\/p>\n\n\n\n<ol class=\"wp-block-list\">\n<li>modificare o copiare i materiali;\u00a0<\/li>\n\n\n\n<li>utilizzare i materiali per qualsiasi scopo commerciale o per qualsiasi esposizione pubblica (commerciale o non commerciale);\u00a0<\/li>\n\n\n\n<li>tentare di decompilare o sottoporre a reverse engineering qualsiasi software contenuto nel sito web <strong>DateMobs<\/strong>;\u00a0<\/li>\n\n\n\n<li>rimuovere qualsiasi copyright o altre annotazioni proprietarie dai materiali; O\u00a0<\/li>\n\n\n\n<li>trasferire i materiali a un&#039;altra persona o &#039;rispecchiare&#039; i materiali su un altro server.<\/li>\n<\/ol>\n\n\n\n<p>La presente licenza verr\u00e0 automaticamente risolta in caso di violazione di una qualsiasi di queste restrizioni e potr\u00e0 essere risolta da <strong>DateMobs <\/strong>in qualsiasi momento. Al termine della visualizzazione di questi materiali o alla scadenza della presente licenza, dovrai distruggere tutti i materiali scaricati in tuo possesso, sia in formato elettronico che cartaceo.<\/p>\n\n\n\n<h2 class=\"wp-block-heading\"><strong>3. Esclusione di responsabilit\u00e0<\/strong><\/h2>\n\n\n\n<ol class=\"wp-block-list\">\n<li>I materiali presenti sul sito web di <strong>DateMobs <\/strong>sono forniti &quot;cos\u00ec come sono&quot;. <strong>DateMobs <\/strong>non fornisce alcuna garanzia, espressa o implicita, e con la presente nega e rifiuta tutte le altre garanzie, incluse, senza limitazioni, le garanzie o condizioni implicite di commerciabilit\u00e0, idoneit\u00e0 per uno scopo particolare o non violazione della propriet\u00e0 intellettuale o altra violazione dei diritti.<\/li>\n\n\n\n<li>Inoltre, il <strong>DateMobs <\/strong>non garantisce n\u00e9 rilascia dichiarazioni in merito all&#039;accuratezza, ai probabili risultati o all&#039;affidabilit\u00e0 dell&#039;uso dei materiali presenti sul suo sito web o altrimenti correlati a tali materiali o su qualsiasi sito collegato a questo sito.<\/li>\n<\/ol>\n\n\n\n<h2 class=\"wp-block-heading\"><strong>4. Limitazioni<\/strong><\/h2>\n\n\n\n<p>In nessun caso il <strong>DateMobs <\/strong>o i suoi fornitori saranno ritenuti responsabili per eventuali danni (inclusi, senza limitazioni, danni per perdita di dati o profitti, o dovuti a interruzione dell&#039;attivit\u00e0) derivanti dall&#039;uso o dall&#039;impossibilit\u00e0 di utilizzare i materiali su <strong>DateMobs<\/strong>, nonostante <strong>DateMobs <\/strong>o un rappresentante autorizzato di <strong>DateMobs <\/strong>sono stati informati oralmente o per iscritto della possibilit\u00e0 di tali danni. Poich\u00e9 alcune giurisdizioni non consentono limitazioni sulle garanzie implicite o limitazioni di responsabilit\u00e0 per danni consequenziali o incidentali, tali limitazioni potrebbero non essere applicabili al tuo caso.<\/p>\n\n\n\n<h2 class=\"wp-block-heading\"><strong>5. Precisione dei materiali<\/strong><\/h2>\n\n\n\n<p>I materiali esposti sul sito web di <strong>DateMobs <\/strong>potrebbe contenere errori tecnici, tipografici o fotografici. <strong>DateMobs <\/strong>non garantisce che il materiale presente sul suo sito web sia accurato, completo o aggiornato. <strong>DateMobs <\/strong>pu\u00f2 apportare modifiche ai materiali contenuti nel suo sito web in qualsiasi momento e senza preavviso. Tuttavia, <strong>DateMobs <\/strong>non si impegna ad aggiornare i materiali.<\/p>\n\n\n\n<h2 class=\"wp-block-heading\"><strong>6. Collegamenti<\/strong><\/h2>\n\n\n\n<p>IL <strong>DateMobs <\/strong>non ha esaminato tutti i siti collegati al proprio sito web e non \u00e8 responsabile del contenuto di nessuno di tali siti collegati. L&#039;inclusione di qualsiasi collegamento non implica l&#039;approvazione da parte <strong>DateMobs <\/strong>del sito web. L&#039;utilizzo di qualsiasi sito web collegato avviene a rischio e pericolo dell&#039;utente.<\/p>\n\n\n\n<h3 class=\"wp-block-heading\"><strong>Modifiche<\/strong><\/h3>\n\n\n\n<p>IL <strong>DateMobs <\/strong>pu\u00f2 modificare i termini di servizio del presente sito web in qualsiasi momento e senza preavviso. Utilizzando questo sito web accetti di essere vincolato dalla versione vigente di questi termini di servizio.<\/p>\n\n\n\n<h3 class=\"wp-block-heading\"><strong>Legge applicabile<\/strong><\/h3>\n\n\n\n<p>Questi termini e condizioni sono regolati e interpretati in conformit\u00e0 con le leggi di <strong>DateMobs <\/strong>e ti sottoponi irrevocabilmente alla giurisdizione esclusiva dei tribunali di tale Stato o localit\u00e0.<\/p>","protected":false},"excerpt":{"rendered":"<p>1. Termini Accedendo al sito web DateMobs, accetti di rispettare i presenti termini di servizio, tutte le leggi e i regolamenti applicabili e accetti di essere responsabile del rispetto di tutte le leggi locali applicabili. Se non accetti uno qualsiasi di questi termini, ti \u00e8 vietato utilizzare o accedere a questo sito. I materiali contenuti in questo sito sono\u2026 <a title=\"Termini di utilizzo\" class=\"read-more\" href=\"https:\/\/datemobs.com\/it\/termos-de-uso\/\" aria-label=\"Per saperne di pi\u00f9 su Termos de Uso\">Per saperne di pi\u00f9<\/a><\/p>","protected":false},"author":1,"featured_media":0,"parent":0,"menu_order":0,"comment_status":"closed","ping_status":"closed","template":"","meta":{"footnotes":""},"class_list":["post-850","page","type-page","status-publish"],"_links":{"self":[{"href":"https:\/\/datemobs.com\/it\/wp-json\/wp\/v2\/pages\/850","targetHints":{"allow":["GET"]}}],"collection":[{"href":"https:\/\/datemobs.com\/it\/wp-json\/wp\/v2\/pages"}],"about":[{"href":"https:\/\/datemobs.com\/it\/wp-json\/wp\/v2\/types\/page"}],"author":[{"embeddable":true,"href":"https:\/\/datemobs.com\/it\/wp-json\/wp\/v2\/users\/1"}],"replies":[{"embeddable":true,"href":"https:\/\/datemobs.com\/it\/wp-json\/wp\/v2\/comments?post=850"}],"version-history":[{"count":1,"href":"https:\/\/datemobs.com\/it\/wp-json\/wp\/v2\/pages\/850\/revisions"}],"predecessor-version":[{"id":851,"href":"https:\/\/datemobs.com\/it\/wp-json\/wp\/v2\/pages\/850\/revisions\/851"}],"wp:attachment":[{"href":"https:\/\/datemobs.com\/it\/wp-json\/wp\/v2\/media?parent=850"}],"curies":[{"name":"parola chiave","href":"https:\/\/api.w.org\/{rel}","templated":true}]}}