{"id":819,"date":"2022-11-08T18:30:39","date_gmt":"2022-11-08T18:30:39","guid":{"rendered":"https:\/\/sites.generatepress.com\/info\/?page_id=819"},"modified":"2025-03-22T05:35:13","modified_gmt":"2025-03-22T05:35:13","slug":"%e7%a7%81%e3%81%9f%e3%81%a1%e3%81%ab%e3%81%a4%e3%81%84%e3%81%a6","status":"publish","type":"page","link":"https:\/\/datemobs.com\/ja\/%e7%a7%81%e3%81%9f%e3%81%a1%e3%81%ab%e3%81%a4%e3%81%84%e3%81%a6\/","title":{"rendered":"\u79c1\u305f\u3061\u306b\u3064\u3044\u3066"},"content":{"rendered":"<p>\u3088\u3046\u3053\u305d <strong>\u30c7\u30fc\u30c8\u30e2\u30d6\u30b9<\/strong>\u306f\u3001\u672c\u7269\u306e\u697d\u3057\u3044\u65b9\u6cd5\u3067\u4eba\u3005\u3092\u7e4b\u3050\u65b0\u3057\u3044\u30d7\u30e9\u30c3\u30c8\u30d5\u30a9\u30fc\u30e0\u3067\u3059\uff01 <strong>\u30c7\u30fc\u30c8\u30e2\u30d6<\/strong>\u79c1\u305f\u3061\u306f\u3001\u4eba\u3068\u4eba\u306e\u3064\u306a\u304c\u308a\u304c\u4eba\u751f\u306e\u672c\u8cea\u3067\u3042\u308b\u3068\u4fe1\u3058\u3066\u304a\u308a\u3001\u3053\u3046\u3057\u305f\u3064\u306a\u304c\u308a\u3092\u8ab0\u306b\u3068\u3063\u3066\u3082\u3088\u308a\u8eab\u8fd1\u3067\u610f\u5473\u306e\u3042\u308b\u3082\u306e\u306b\u3059\u308b\u3053\u3068\u304c\u79c1\u305f\u3061\u306e\u4f7f\u547d\u3067\u3059\u3002<\/p>\n\n\n\n<h2 class=\"wp-block-heading\">\u79c1\u305f\u3061\u306e\u4f7f\u547d<\/h2>\n\n\n\n<p>\u79c1\u305f\u3061\u306f\u3001\u4eba\u3005\u304c\u30aa\u30f3\u30e9\u30a4\u30f3\u3067\u51fa\u4f1a\u3044\u3001\u4ea4\u6d41\u3059\u308b\u65b9\u6cd5\u3092\u5909\u9769\u3057\u305f\u3044\u3068\u8003\u3048\u3066\u3044\u307e\u3059\u3002\u6700\u5148\u7aef\u306e\u30c6\u30af\u30ce\u30ed\u30b8\u30fc\u3068\u4eba\u9593\u5473\u3042\u3075\u308c\u308b\u30b5\u30fc\u30d3\u30b9\u3092\u878d\u5408\u3055\u305b\u3001\u30b7\u30f3\u30d7\u30eb\u3067\u5b89\u5168\u3001\u305d\u3057\u3066\u5b9f\u73fe\u53ef\u80fd\u306a\u65b9\u6cd5\u3067\u3001\u5927\u5207\u306a\u4eba\u3092\u898b\u3064\u3051\u3089\u308c\u308b\u3088\u3046\u304a\u624b\u4f1d\u3044\u3057\u307e\u3059\u3002<\/p>\n\n\n\n<h2 class=\"wp-block-heading\">\u79c1\u305f\u3061\u306e\u9055\u3044<\/h2>\n\n\n\n<ul class=\"wp-block-list\">\n<li><strong>\u5b89\u5168\u7b2c\u4e00:<\/strong> \u5f53\u793e\u306f\u5e02\u5834\u6700\u9ad8\u306e\u30c7\u30fc\u30bf\u4fdd\u8b77\u6a5f\u80fd\u3092\u4f7f\u7528\u3057\u3066\u3001\u304a\u5ba2\u69d8\u306e\u30d7\u30e9\u30a4\u30d0\u30b7\u30fc\u3068\u30bb\u30ad\u30e5\u30ea\u30c6\u30a3\u3092\u91cd\u8996\u3057\u3066\u3044\u307e\u3059\u3002<\/li>\n\n\n\n<li><strong>\u672c\u7269\u306e\u30d7\u30ed\u30d5\u30a3\u30fc\u30eb:<\/strong> \u5f53\u793e\u306e\u30d7\u30e9\u30c3\u30c8\u30d5\u30a9\u30fc\u30e0\u3067\u306f\u3001\u672c\u7269\u306e\u30d7\u30ed\u30d5\u30a3\u30fc\u30eb\u306e\u4f5c\u6210\u3068\u691c\u8a3c\u3092\u5968\u52b1\u3057\u3066\u304a\u308a\u3001\u672c\u7269\u306e\u4eba\u3005\u3068\u4ea4\u6d41\u3059\u308b\u3053\u3068\u304c\u3067\u304d\u307e\u3059\u3002<\/li>\n\n\n\n<li><strong>\u30a4\u30f3\u30bf\u30e9\u30af\u30c6\u30a3\u30d6\u6027:<\/strong> \u77ed\u3044\u52d5\u753b\u3084\u30af\u30ea\u30a8\u30a4\u30c6\u30a3\u30d6\u306a\u30e1\u30c3\u30bb\u30fc\u30b8\u306a\u3069\u306e\u30e2\u30c0\u30f3\u3067\u30c0\u30a4\u30ca\u30df\u30c3\u30af\u306a\u6a5f\u80fd\u3067\u3001\u81ea\u5206\u3092\u76ee\u7acb\u305f\u305b\u3001\u8868\u73fe\u3067\u304d\u307e\u3059\u3002<\/li>\n<\/ul>\n\n\n\n<h2 class=\"wp-block-heading\">\u79c1\u305f\u3061\u306e\u6b74\u53f2<\/h2>\n\n\n\n<p>\u306e <strong>\u30c7\u30fc\u30c8\u30e2\u30d6 <\/strong>\u3088\u308a\u6c17\u8efd\u306b\u3001\u3088\u308a\u5206\u304b\u308a\u3084\u3059\u304f\u3001\u4eba\u3005\u306e\u771f\u306e\u30cb\u30fc\u30ba\u306b\u5408\u3063\u305f\u30aa\u30f3\u30e9\u30a4\u30f3\u30c7\u30fc\u30c8\u4f53\u9a13\u3092\u5275\u9020\u3059\u308b\u3068\u3044\u3046\u30a2\u30a4\u30c7\u30a2\u304b\u3089\u751f\u307e\u308c\u307e\u3057\u305f\u3002\u79c1\u305f\u3061\u306f\u8a2d\u7acb\u5f53\u521d\u304b\u3089\u3001\u3042\u308a\u306e\u307e\u307e\u306e\u81ea\u5206\u3067\u3044\u3089\u308c\u308b\u3001\u771f\u306e\u3064\u306a\u304c\u308a\u3092\u898b\u3064\u3051\u3089\u308c\u308b\u74b0\u5883\u3092\u63d0\u4f9b\u3059\u308b\u3053\u3068\u3092\u76ee\u6307\u3057\u3066\u304d\u307e\u3057\u305f\u3002<\/p>\n\n\n\n<h2 class=\"wp-block-heading\">\u9078\u3076\u7406\u7531 <strong>\u30c7\u30fc\u30c8\u30e2\u30d6<\/strong>?<\/h2>\n\n\n\n<p>\u51fa\u4f1a\u3044\u7cfb\u30a2\u30d7\u30ea\u306e\u4e16\u754c\u306b\u521d\u3081\u3066\u8db3\u3092\u8e0f\u307f\u5165\u308c\u308b\u65b9\u3067\u3082\u3001\u4f55\u304b\u9055\u3046\u3082\u306e\u3092\u63a2\u3057\u3066\u3044\u308b\u30d9\u30c6\u30e9\u30f3\u306e\u65b9\u3067\u3082\u3001 <strong>\u30c7\u30fc\u30c8\u30e2\u30d6 <\/strong>\u63d0\u4f9b\uff1a<\/p>\n\n\n\n<ul class=\"wp-block-list\">\n<li>\u76f4\u611f\u7684\u3067\u624b\u9593\u306e\u304b\u304b\u3089\u306a\u3044\u4f53\u9a13\u3002<\/li>\n\n\n\n<li>\u7a4d\u6975\u7684\u304b\u3064\u591a\u69d8\u6027\u306e\u3042\u308b\u30b3\u30df\u30e5\u30cb\u30c6\u30a3\u3002<\/li>\n\n\n\n<li>\u7d46\u3068\u601d\u3044\u51fa\u3092\u4f5c\u308b\u306e\u306b\u672c\u5f53\u306b\u5f79\u7acb\u3064\u30c4\u30fc\u30eb\u3002<\/li>\n<\/ul>\n\n\n\n<p>\u79c1\u305f\u3061\u306e\u30b3\u30df\u30e5\u30cb\u30c6\u30a3\u306b\u53c2\u52a0\u3057\u3066\u3001 <strong>\u30c7\u30fc\u30c8\u30e2\u30d6 <\/strong>\u3042\u306a\u305f\u306e\u604b\u611b\u751f\u6d3b\u3092\u5909\u3048\u308b\u529b\u304c\u3042\u308a\u307e\u3059\u3002\u79c1\u305f\u3061\u306f\u3001\u3042\u306a\u305f\u306e\u6b21\u306e\u30e9\u30d6\u30b9\u30c8\u30fc\u30ea\u30fc\u3092\u7d21\u3050\u304a\u624b\u4f1d\u3044\u3092\u3057\u307e\u3059\u3002\u3042\u308b\u3044\u306f\u3001\u305f\u3060\u4e00\u7dd2\u306b\u7b11\u3063\u305f\u308a\u3001\u5fd8\u308c\u3089\u308c\u306a\u3044\u77ac\u9593\u3092\u904e\u3054\u3057\u305f\u308a\u3059\u308b\u4ef2\u9593\u3092\u898b\u3064\u3051\u308b\u304a\u624b\u4f1d\u3044\u3092\u3057\u307e\u3059\u3002<\/p>\n\n\n\n<p><strong>\u30c7\u30fc\u30c8\u30e2\u30d6\u30b9<\/strong>: \u771f\u306e\u3064\u306a\u304c\u308a\u304c\u59cb\u307e\u308b\u5834\u6240\uff01<\/p>","protected":false},"excerpt":{"rendered":"<p>Bem-vindo ao DateMobs.com, a sua nova plataforma para conectar pessoas de forma aut\u00eantica e divertida! Aqui na DateMobs, acreditamos que as conex\u00f5es humanas s\u00e3o a ess\u00eancia da vida, e nossa miss\u00e3o \u00e9 tornar essas conex\u00f5es mais acess\u00edveis e significativas para todos. Nossa Miss\u00e3o Queremos transformar a maneira como as pessoas se encontram e interagem online. &#8230; <a title=\"\u79c1\u305f\u3061\u306b\u3064\u3044\u3066\" class=\"read-more\" href=\"https:\/\/datemobs.com\/ja\/%e7%a7%81%e3%81%9f%e3%81%a1%e3%81%ab%e3%81%a4%e3%81%84%e3%81%a6\/\" aria-label=\"Quem Somos \u306b\u3064\u3044\u3066\u3055\u3089\u306b\u8aad\u3080\">\u7d9a\u304d\u3092\u8aad\u3080<\/a><\/p>","protected":false},"author":1,"featured_media":0,"parent":0,"menu_order":0,"comment_status":"closed","ping_status":"closed","template":"","meta":{"footnotes":""},"class_list":["post-819","page","type-page","status-publish"],"_links":{"self":[{"href":"https:\/\/datemobs.com\/ja\/wp-json\/wp\/v2\/pages\/819","targetHints":{"allow":["GET"]}}],"collection":[{"href":"https:\/\/datemobs.com\/ja\/wp-json\/wp\/v2\/pages"}],"about":[{"href":"https:\/\/datemobs.com\/ja\/wp-json\/wp\/v2\/types\/page"}],"author":[{"embeddable":true,"href":"https:\/\/datemobs.com\/ja\/wp-json\/wp\/v2\/users\/1"}],"replies":[{"embeddable":true,"href":"https:\/\/datemobs.com\/ja\/wp-json\/wp\/v2\/comments?post=819"}],"version-history":[{"count":5,"href":"https:\/\/datemobs.com\/ja\/wp-json\/wp\/v2\/pages\/819\/revisions"}],"predecessor-version":[{"id":847,"href":"https:\/\/datemobs.com\/ja\/wp-json\/wp\/v2\/pages\/819\/revisions\/847"}],"wp:attachment":[{"href":"https:\/\/datemobs.com\/ja\/wp-json\/wp\/v2\/media?parent=819"}],"curies":[{"name":"wp","href":"https:\/\/api.w.org\/{rel}","templated":true}]}}