{"id":3,"date":"2025-03-22T05:11:17","date_gmt":"2025-03-22T05:11:17","guid":{"rendered":"https:\/\/datemobs.com\/?page_id=3"},"modified":"2025-03-22T05:38:42","modified_gmt":"2025-03-22T05:38:42","slug":"%ea%b0%9c%ec%9d%b8%ec%a0%95%eb%b3%b4-%eb%b3%b4%ed%98%b8%ec%a0%95%ec%b1%85","status":"publish","type":"page","link":"https:\/\/datemobs.com\/ko\/%ea%b0%9c%ec%9d%b8%ec%a0%95%eb%b3%b4-%eb%b3%b4%ed%98%b8%ec%a0%95%ec%b1%85\/","title":{"rendered":"\uac1c\uc778\uc815\ubcf4 \ubcf4\ud638\uc815\ucc45"},"content":{"rendered":"<p><span style=\"color: #444444;\">\uadc0\ud558\uc758 \uac1c\uc778\uc815\ubcf4\ub294 \uc800\ud76c\uc5d0\uac8c \uc911\uc694\ud569\ub2c8\ub2e4. \uadf8\uac83\uc740 \uc815\ucc45\uc785\ub2c8\ub2e4 <strong>\ub370\uc774\ud2b8\ubab9\uc2a4<\/strong> \ub2f9\uc0ac\uac00 \uc6f9\uc0ac\uc774\ud2b8\uc5d0\uc11c \uc218\uc9d1\ud558\ub294 \uadc0\ud558\uc5d0 \ub300\ud55c \ubaa8\ub4e0 \uc815\ubcf4\uc640 \uad00\ub828\ud558\uc5ec \uadc0\ud558\uc758 \uac1c\uc778 \uc815\ubcf4\ub97c \uc874\uc911\ud569\ub2c8\ub2e4. <strong><a href=\"\/ko\/datemobs.com\/\">\ub370\uc774\ud2b8\ubab9\uc2a4<\/a><\/strong>, \uadf8\ub9ac\uace0 \uc6b0\ub9ac\uac00 \uc18c\uc720 \ubc0f \uc6b4\uc601\ud558\ub294 \ub2e4\ub978 \uc6f9\uc0ac\uc774\ud2b8\ub3c4 \ud3ec\ud568\ub429\ub2c8\ub2e4.<\/span><\/p>\n<p><span style=\"color: #444444;\">\uc6b0\ub9ac\ub294 \uadc0\ud558\uc5d0\uac8c \uc11c\ube44\uc2a4\ub97c \uc81c\uacf5\ud558\uae30 \uc704\ud574 \uc2e4\uc81c\ub85c \ud544\uc694\ud560 \ub54c\uc5d0\ub9cc \uac1c\uc778\uc815\ubcf4\ub97c \uc694\uccad\ud569\ub2c8\ub2e4. \uc6b0\ub9ac\ub294 \uadc0\ud558\uc758 \uc9c0\uc2dd\uacfc \ub3d9\uc758\ub97c \ubc14\ud0d5\uc73c\ub85c \uacf5\uc815\ud558\uace0 \ud569\ubc95\uc801\uc778 \uc218\ub2e8\uc744 \ud1b5\ud574 \uc774\ub97c \uc218\ud589\ud569\ub2c8\ub2e4. \ub610\ud55c \uac1c\uc778\uc815\ubcf4\ub97c \uc218\uc9d1\ud558\ub294 \uc774\uc720\uc640 \uc218\uc9d1\ub41c \uac1c\uc778\uc815\ubcf4\uc758 \uc0ac\uc6a9 \ubc29\ubc95\uc744 \uc54c\ub824\ub4dc\ub9bd\ub2c8\ub2e4.<\/span><\/p>\n<p><span style=\"color: #444444;\">\uc6b0\ub9ac\ub294 \uadc0\ud558\uac00 \uc694\uccad\ud55c \uc11c\ube44\uc2a4\ub97c \uc81c\uacf5\ud558\ub294 \ub370 \ud544\uc694\ud55c \uae30\uac04 \ub3d9\uc548\ub9cc \uc218\uc9d1\ub41c \uc815\ubcf4\ub97c \ubcf4\uad00\ud569\ub2c8\ub2e4. \ub2f9\uc0ac\uac00 \uc800\uc7a5\ud558\ub294 \ub370\uc774\ud130\ub294 \uc190\uc2e4 \ubc0f \ub3c4\ub09c\uc744 \ubc29\uc9c0\ud558\uae30 \uc704\ud574 \uc0c1\uc5c5\uc801\uc73c\ub85c \ud5c8\uc6a9\ub418\ub294 \uc218\ub2e8 \ub0b4\uc5d0\uc11c \ubcf4\ud638\ud558\uba70, \ubb34\ub2e8 \uc561\uc138\uc2a4, \uacf5\uac1c, \ubcf5\uc0ac, \uc0ac\uc6a9 \ub610\ub294 \uc218\uc815\ub3c4 \ubc29\uc9c0\ud569\ub2c8\ub2e4.<\/span><\/p>\n<p><span style=\"color: #444444;\">\ub2f9\uc0ac\ub294 \ubc95\ub960\uc5d0 \uc758\ud574 \uc694\uad6c\ub418\ub294 \uacbd\uc6b0\ub97c \uc81c\uc678\ud558\uace0\ub294 \uac1c\uc778 \uc2dd\ubcc4 \uc815\ubcf4\ub97c \uacf5\uac1c\uc801\uc73c\ub85c \ub610\ub294 \uc81c3\uc790\uc640 \uacf5\uc720\ud558\uc9c0 \uc54a\uc2b5\ub2c8\ub2e4.<\/span><\/p>\n<p><span style=\"color: #444444;\">\ub2f9\uc0ac \uc6f9\uc0ac\uc774\ud2b8\uc5d0\ub294 \ub2f9\uc0ac\uac00 \uc6b4\uc601\ud558\uc9c0 \uc54a\ub294 \uc678\ubd80 \uc6f9\uc0ac\uc774\ud2b8\ub85c\uc758 \ub9c1\ud06c\uac00 \ud3ec\ud568\ub418\uc5b4 \uc788\uc744 \uc218 \uc788\uc2b5\ub2c8\ub2e4. \uc6b0\ub9ac\ub294 \uc774\ub7ec\ud55c \uc0ac\uc774\ud2b8\uc758 \ucf58\ud150\uce20 \ubc0f \uad00\ud589\uc744 \ud1b5\uc81c\ud560 \uc218 \uc5c6\uc73c\uba70 \ud574\ub2f9 \uc0ac\uc774\ud2b8\uc758 \ucf58\ud150\uce20 \ubc0f \uad00\ud589\uc5d0 \ub300\ud574 \ucc45\uc784\uc744 \uc9c8 \uc218 \uc5c6\uc74c\uc744 \uc54c\ub824\ub4dc\ub9bd\ub2c8\ub2e4.\u00a0<\/span><a style=\"background-color: transparent; color: #444444;\" href=\"https:\/\/politicaprivacidade.com\/\" target=\"_blank\" rel=\"noopener noreferrer\">\uac1c\uc778\uc815\ubcf4 \ubcf4\ud638\uc815\ucc45<\/a><span style=\"color: #444444;\">.<\/span><\/p>\n<p><span style=\"color: #444444;\">\uadc0\ud558\ub294 \ub2f9\uc0ac\uc758 \uac1c\uc778\uc815\ubcf4 \uc694\uccad\uc744 \uac70\ubd80\ud558\uc2e4 \uc218 \uc788\uc73c\ub098, \uac70\ubd80 \uc2dc \uadc0\ud558\uac00 \uc6d0\ud558\uc2dc\ub294 \uc11c\ube44\uc2a4 \uc911 \uc77c\ubd80\ub97c \uc81c\uacf5\ud558\uc9c0 \ubabb\ud560 \uc218\ub3c4 \uc788\uc2b5\ub2c8\ub2e4.<\/span><\/p>\n<p><span style=\"color: #444444;\">\uadc0\ud558\uac00 \uacc4\uc18d\ud574\uc11c \ub2f9\uc0ac \uc6f9\uc0ac\uc774\ud2b8\ub97c \uc0ac\uc6a9\ud558\ub294 \uac83\uc740 \ub2f9\uc0ac\uc758 \uac1c\uc778\uc815\ubcf4 \ubcf4\ud638 \ubc0f \uad00\ub9ac \uad00\ud589\uc5d0 \ub3d9\uc758\ud55c \uac83\uc73c\ub85c \uac04\uc8fc\ub429\ub2c8\ub2e4. \uc0ac\uc6a9\uc790 \ub370\uc774\ud130\uc640 \uac1c\uc778\uc815\ubcf4 \ucc98\ub9ac \ubc29\ubc95\uc5d0 \uad00\ud574 \uad81\uae08\ud55c \uc0ac\ud56d\uc774 \uc788\uc73c\uba74 \uc800\ud76c\uc5d0\uac8c \ubb38\uc758\ud574 \uc8fc\uc2dc\uae30 \ubc14\ub78d\ub2c8\ub2e4.<\/span><\/p>\n<ul>\n<li><span style=\"color: #444444;\">\uad11\uace0 \uac8c\uc7ac\uc5d0 \uc0ac\uc6a9\ud558\ub294 Google AdSense \uc11c\ube44\uc2a4\ub294 DoubleClick \ucfe0\ud0a4\ub97c \uc0ac\uc6a9\ud558\uc5ec \uc6f9 \uc804\uccb4\uc5d0 \ub354\uc6b1 \uad00\ub828\uc131 \uc788\ub294 \uad11\uace0\ub97c \uac8c\uc7ac\ud558\uace0 \ud574\ub2f9 \uad11\uace0\uac00 \uc0ac\uc6a9\uc790\uc5d0\uac8c \ud45c\uc2dc\ub418\ub294 \ud69f\uc218\ub97c \uc81c\ud55c\ud569\ub2c8\ub2e4.<\/span><\/li>\n<li><span style=\"color: #444444;\">Google AdSense\uc5d0 \ub300\ud55c \uc790\uc138\ud55c \ub0b4\uc6a9\uc740 \uacf5\uc2dd Google AdSense \uac1c\uc778\uc815\ubcf4 \ubcf4\ud638 FAQ\ub97c \ucc38\uc870\ud558\uc138\uc694.<\/span><\/li>\n<li><span style=\"color: #444444;\">\uc800\ud76c\ub294 \uc774 \uc6f9\uc0ac\uc774\ud2b8\ub97c \uc6b4\uc601\ud558\ub294 \ub370 \ub4dc\ub294 \ube44\uc6a9\uc744 \uc0c1\uc1c4\ud558\uace0 \ud5a5\ud6c4 \uac1c\ubc1c\uc744 \uc704\ud55c \uc790\uae08\uc744 \uc870\ub2ec\ud558\uae30 \uc704\ud574 \uad11\uace0\ub97c \uc774\uc6a9\ud569\ub2c8\ub2e4. \uc774 \uc0ac\uc774\ud2b8\uc5d0\uc11c \uc0ac\uc6a9\ud558\ub294 \ud589\ub3d9 \uad11\uace0 \ucfe0\ud0a4\ub294 \uc775\uba85\uc73c\ub85c \uadc0\ud558\uc758 \uad00\uc2ec\uc0ac\ub97c \ucd94\uc801\ud558\uace0 \uad00\uc2ec\uc774 \uc788\uc744 \ub9cc\ud55c \uc720\uc0ac\ud55c \ub0b4\uc6a9\uc744 \uc81c\uc2dc\ud558\uc5ec \uac00\ub2a5\ud55c \ud55c \uadc0\ud558\uc5d0\uac8c \uac00\uc7a5 \uad00\ub828\uc131 \uc788\ub294 \uad11\uace0\ub97c \uc81c\uacf5\ud558\ub3c4\ub85d \uc124\uacc4\ub418\uc5c8\uc2b5\ub2c8\ub2e4.<\/span><\/li>\n<li><span style=\"color: #444444;\">\uc5ec\ub7ec \ud30c\ud2b8\ub108\uac00 \uc6b0\ub9ac\ub97c \ub300\uc2e0\ud574 \uad11\uace0\ub97c \ud558\uace0, \uc81c\ud734\uc0ac \ucd94\uc801 \ucfe0\ud0a4\ub97c \uc0ac\uc6a9\ud558\uba74 \uace0\uac1d\uc774 \ud30c\ud2b8\ub108 \uc0ac\uc774\ud2b8\ub97c \ud1b5\ud574 \ub2f9\uc0ac \uc0ac\uc774\ud2b8\uc5d0 \uc654\ub294\uc9c0 \ud655\uc778\ud560 \uc218 \uc788\uc73c\ubbc0\ub85c \uace0\uac1d\uc5d0\uac8c \uc801\uc808\ud55c \ud06c\ub808\ub527\uc744 \uc81c\uacf5\ud558\uace0, \ud574\ub2f9\ub418\ub294 \uacbd\uc6b0 \uc81c\ud734\uc0ac\uac00 \uad6c\ub9e4\uc5d0 \ub300\ud55c \ubcf4\ub108\uc2a4\ub97c \uc81c\uacf5\ud560 \uc218 \uc788\uc2b5\ub2c8\ub2e4.<\/span><\/li>\n<\/ul>\n<h3><strong><span style=\"color: #444444;\">\uc0ac\uc6a9\uc790 \uc57d\uc18d<\/span><\/strong><\/h3>\n<p><span style=\"color: #444444;\">\uc774\uc6a9\uc790\ub294 \ubcf8 \uc11c\ube44\uc2a4\uc5d0\uc11c \uc81c\uacf5\ub418\ub294 \ucf58\ud150\uce20 \ubc0f \uc815\ubcf4\ub97c \uc801\uc808\ud788 \ud65c\uc6a9\ud560 \uac83\uc744 \uc57d\uc18d\ud569\ub2c8\ub2e4. <strong>\ub370\uc774\ud2b8\ubab9\uc2a4<\/strong> \uc6f9\uc0ac\uc774\ud2b8\uc5d0\uc11c \uc81c\uacf5\ud558\ub294 \uc81c\uc548 \ubc0f \uc608\uc2dc(\uc774\uc5d0 \uad6d\ud55c\ub418\uc9c0 \uc54a\uc74c):<\/span><\/p>\n<ul>\n<li><span style=\"color: #444444;\">A) \ubd88\ubc95\uc801\uc774\uac70\ub098 \uc120\uc758\uc640 \uacf5\uacf5\uc9c8\uc11c\uc5d0 \ubc18\ud558\ub294 \ud65c\ub3d9\uc5d0 \uad00\uc5ec\ud558\uc9c0 \uc54a\uc2b5\ub2c8\ub2e4.<\/span><\/li>\n<li><span style=\"color: #444444;\">B) \uc778\uc885\ucc28\ubcc4\uc8fc\uc758, \uc678\uad6d\uc778 \ud610\uc624\uc801 \uc131\uaca9\uc758 \uc120\uc804\uc774\ub098 \ub0b4\uc6a9\uc744 \uc720\ud3ec\ud558\uc9c0 \ub9c8\uc2ed\uc2dc\uc624. <\/span><span style=\"color: #212529;\">166\ubcb3<\/span><span style=\"color: #444444;\"> \ub610\ub294 \ubd88\uc6b4, \ubd88\ubc95\uc801\uc778 \ud3ec\ub974\ub178, \ud14c\ub7ec\ub9ac\uc998\uc744 \uc9c0\uc6d0\ud558\uac70\ub098 \uc778\uad8c\uc5d0 \ubc18\ud558\ub294 \ubaa8\ub4e0 \uc720\ud615;<\/span><\/li>\n<li><span style=\"color: #444444;\">C) \ubb3c\ub9ac\uc801(\ud558\ub4dc\uc6e8\uc5b4) \ubc0f \ub17c\ub9ac\uc801(\uc18c\ud504\ud2b8\uc6e8\uc5b4) \uc2dc\uc2a4\ud15c\uc5d0 \uc190\uc0c1\uc744 \uc785\ud788\uc9c0 \ub9c8\uc2ed\uc2dc\uc624. <strong>\ub370\uc774\ud2b8\ubab9\uc2a4<\/strong>, \uacf5\uae09\uc5c5\uccb4 \ub610\ub294 \uc81c3\uc790\uac00 \uc55e\uc11c \uc5b8\uae09\ud55c \uc190\uc0c1\uc744 \uc77c\uc73c\ud0ac \uc218 \uc788\ub294 \ucef4\ud4e8\ud130 \ubc14\uc774\ub7ec\uc2a4\ub098 \uae30\ud0c0 \ud558\ub4dc\uc6e8\uc5b4 \ub610\ub294 \uc18c\ud504\ud2b8\uc6e8\uc5b4 \uc2dc\uc2a4\ud15c\uc744 \ub3c4\uc785\ud558\uac70\ub098 \ubc30\ud3ec\ud558\ub294 \uac83\uc744 \uae08\uc9c0\ud569\ub2c8\ub2e4.<\/span><\/li>\n<\/ul>\n<h3><strong><span style=\"color: #444444;\">\ub354 \ub9ce\uc740 \uc815\ubcf4<\/span><\/strong><\/h3>\n<p><span style=\"color: #444444;\">\uc774\uc81c \uc5ec\ub7ec\ubd84\uc758 \uc774\ud574\uac00 \uba85\ud655\ud574\uc84c\uae30\ub97c \ubc14\ub78d\ub2c8\ub2e4. \uc55e\uc11c \uc5b8\uae09\ud588\ub4ef\uc774 \ud544\uc694\ud55c\uc9c0 \ud655\uc2e4\ud558\uc9c0 \uc54a\uc740 \uc0ac\ud56d\uc774 \uc788\ub294 \uacbd\uc6b0, \ub2f9\uc0ac \uc0ac\uc774\ud2b8\uc5d0\uc11c \uc0ac\uc6a9\ud558\ub294 \uae30\ub2a5 \uc911 \ud558\ub098\uc640 \uc0c1\ud638 \uc791\uc6a9\ud560 \uac00\ub2a5\uc131\uc774 \uc788\uc73c\ubbc0\ub85c \ucfe0\ud0a4\ub97c \ud65c\uc131\ud654\ud574 \ub450\ub294 \uac83\uc774 \uc77c\ubc18\uc801\uc73c\ub85c \ub354 \uc548\uc804\ud569\ub2c8\ub2e4.<\/span><\/p>\n<p><em><strong><span style=\"color: #444444;\">\ubcf8 \uc815\ucc45\uc740 2025\ub144 3\uc6d4 22\uc77c 05:36\ubd80\ud130 \uc801\uc6a9\ub429\ub2c8\ub2e4.<\/span><\/strong><\/em><\/p>","protected":false},"excerpt":{"rendered":"<p>A sua privacidade \u00e9 importante para n\u00f3s. \u00c9 pol\u00edtica do DateMobs respeitar a sua privacidade em rela\u00e7\u00e3o a qualquer informa\u00e7\u00e3o sua que possamos coletar no site DateMobs, e outros sites que possu\u00edmos e operamos. Solicitamos informa\u00e7\u00f5es pessoais apenas quando realmente precisamos delas para lhe fornecer um servi\u00e7o. Fazemo-lo por meios justos e legais, com o &#8230; <a title=\"\uac1c\uc778\uc815\ubcf4 \ubcf4\ud638\uc815\ucc45\" class=\"read-more\" href=\"https:\/\/datemobs.com\/ko\/%ea%b0%9c%ec%9d%b8%ec%a0%95%eb%b3%b4-%eb%b3%b4%ed%98%b8%ec%a0%95%ec%b1%85\/\" aria-label=\"Pol\u00edtica de Privacidade\uc5d0 \ub300\ud574 \ub354 \uc790\uc138\ud788 \uc54c\uc544\ubcf4\uc138\uc694\">\ub354 \uc77d\uc5b4\ubcf4\uc138\uc694<\/a><\/p>","protected":false},"author":1,"featured_media":0,"parent":0,"menu_order":0,"comment_status":"closed","ping_status":"open","template":"","meta":{"footnotes":""},"class_list":["post-3","page","type-page","status-publish"],"_links":{"self":[{"href":"https:\/\/datemobs.com\/ko\/wp-json\/wp\/v2\/pages\/3","targetHints":{"allow":["GET"]}}],"collection":[{"href":"https:\/\/datemobs.com\/ko\/wp-json\/wp\/v2\/pages"}],"about":[{"href":"https:\/\/datemobs.com\/ko\/wp-json\/wp\/v2\/types\/page"}],"author":[{"embeddable":true,"href":"https:\/\/datemobs.com\/ko\/wp-json\/wp\/v2\/users\/1"}],"replies":[{"embeddable":true,"href":"https:\/\/datemobs.com\/ko\/wp-json\/wp\/v2\/comments?post=3"}],"version-history":[{"count":2,"href":"https:\/\/datemobs.com\/ko\/wp-json\/wp\/v2\/pages\/3\/revisions"}],"predecessor-version":[{"id":849,"href":"https:\/\/datemobs.com\/ko\/wp-json\/wp\/v2\/pages\/3\/revisions\/849"}],"wp:attachment":[{"href":"https:\/\/datemobs.com\/ko\/wp-json\/wp\/v2\/media?parent=3"}],"curies":[{"name":"wp","href":"https:\/\/api.w.org\/{rel}","templated":true}]}}