{"id":819,"date":"2022-11-08T18:30:39","date_gmt":"2022-11-08T18:30:39","guid":{"rendered":"https:\/\/sites.generatepress.com\/info\/?page_id=819"},"modified":"2025-03-22T05:35:13","modified_gmt":"2025-03-22T05:35:13","slug":"%ec%9a%b0%eb%a6%ac%eb%8a%94-%eb%88%84%ea%b5%ac%ec%9d%b8%ea%b0%80","status":"publish","type":"page","link":"https:\/\/datemobs.com\/ko\/quem-somos\/","title":{"rendered":"\uc6b0\ub9ac\ub294 \ub204\uad6c\uc778\uac00"},"content":{"rendered":"<p>\ud658\uc601\ud569\ub2c8\ub2e4 <strong>\ub370\uc774\ud2b8\ubab9\ub2f7\ucef4<\/strong>, \uc0ac\ub78c\ub4e4\uc744 \uc9c4\uc815\uc131 \uc788\uace0 \uc7ac\ubbf8\uc788\uac8c \uc5f0\uacb0\ud558\ub294 \uc0c8\ub85c\uc6b4 \ud50c\ub7ab\ud3fc\uc785\ub2c8\ub2e4! <strong>\ub370\uc774\ud2b8\ubab9\uc2a4<\/strong>\uc6b0\ub9ac\ub294 \uc778\uac04\uad00\uacc4\uac00 \uc0b6\uc758 \ubcf8\uc9c8\uc774\ub77c\uace0 \ubbff\uc73c\uba70, \uc774\ub7ec\ud55c \uad00\uacc4\ub97c \ubaa8\ub4e0 \uc0ac\ub78c\uc774 \ub354 \uc27d\uac8c \uc811\ud558\uace0 \uc758\ubbf8 \uc788\uac8c \ub9cc\ub4dc\ub294 \uac83\uc774 \uc6b0\ub9ac\uc758 \uc0ac\uba85\uc785\ub2c8\ub2e4.<\/p>\n\n\n\n<h2 class=\"wp-block-heading\">\uc6b0\ub9ac\uc758 \uc0ac\uba85<\/h2>\n\n\n\n<p>\uc800\ud76c\ub294 \uc0ac\ub78c\ub4e4\uc774 \uc628\ub77c\uc778\uc5d0\uc11c \ub9cc\ub098\uace0 \uc18c\ud1b5\ud558\ub294 \ubc29\uc2dd\uc744 \ud601\uc2e0\ud558\uace0 \uc2f6\uc2b5\ub2c8\ub2e4. \ucd5c\ucca8\ub2e8 \uae30\uc220\uacfc \uc778\uac04\uc801\uc778 \uac10\uc131\uc744 \uacb0\ud569\ud558\uc5ec \uac04\ud3b8\ud558\uace0 \uc548\uc804\ud558\uba70 \ud604\uc2e4\uc801\uc778 \ubc29\uc2dd\uc73c\ub85c \uc18c\uc911\ud55c \uc0ac\ub78c\uc744 \ub9cc\ub0a0 \uc218 \uc788\ub3c4\ub85d \ub3c4\uc640\ub4dc\ub9bd\ub2c8\ub2e4.<\/p>\n\n\n\n<h2 class=\"wp-block-heading\">\uc6b0\ub9ac\ub97c \ub2e4\ub974\uac8c \ub9cc\ub4dc\ub294 \uac83<\/h2>\n\n\n\n<ul class=\"wp-block-list\">\n<li><strong>\uc548\uc804\uc774 \ucd5c\uc6b0\uc120\uc785\ub2c8\ub2e4.<\/strong> \ub2f9\uc0ac\ub294 \uc2dc\uc7a5\uc5d0\uc11c \uac00\uc7a5 \ub6f0\uc5b4\ub09c \ub370\uc774\ud130 \ubcf4\ud638 \uae30\ub2a5\uc744 \uc0ac\uc6a9\ud558\uc5ec \uadc0\ud558\uc758 \uac1c\uc778\uc815\ubcf4 \ubcf4\ud638\uc640 \ubcf4\uc548\uc744 \uc911\uc694\ud558\uac8c \uc0dd\uac01\ud569\ub2c8\ub2e4.<\/li>\n\n\n\n<li><strong>\uc9c4\uc9dc \ud504\ub85c\ud544:<\/strong> \ubcf8 \ud50c\ub7ab\ud3fc\uc740 \uc2e4\uc81c \ud504\ub85c\ud544 \uc0dd\uc131\uacfc \uac80\uc99d\uc744 \uc7a5\ub824\ud558\uc5ec \uc2e4\uc81c \uc0ac\ub78c\ub4e4\uacfc \uc0c1\ud638 \uc791\uc6a9\ud560 \uc218 \uc788\ub3c4\ub85d \ud574\uc90d\ub2c8\ub2e4.<\/li>\n\n\n\n<li><strong>\uc0c1\ud638\uc791\uc6a9\uc131:<\/strong> \uc9e7\uc740 \uc601\uc0c1\uacfc \ucc3d\uc758\uc801\uc778 \uba54\uc2dc\uc9c0 \ub4f1 \ud604\ub300\uc801\uc774\uace0 \uc5ed\ub3d9\uc801\uc778 \uae30\ub2a5\uc744 \ud1b5\ud574 \ub208\uc5d0 \ub744\uace0 \uc790\uc2e0\uc744 \ud45c\ud604\ud558\ub294 \ub370 \ub3c4\uc6c0\uc774 \ub429\ub2c8\ub2e4.<\/li>\n<\/ul>\n\n\n\n<h2 class=\"wp-block-heading\">\uc6b0\ub9ac\uc758 \uc5ed\uc0ac<\/h2>\n\n\n\n<p>\uadf8\ub9cc\ud07c <strong>\ub370\uc774\ud2b8\ubab9\uc2a4 <\/strong>\ub294 \ub354 \uac00\ubccd\uace0, \ub354 \uc9c1\uad00\uc801\uc774\uba70, \uc0ac\ub78c\ub4e4\uc758 \uc9c4\uc815\ud55c \ub2c8\uc988\uc5d0 \ubd80\ud569\ud558\ub294 \uc628\ub77c\uc778 \ub370\uc774\ud2b8 \uacbd\ud5d8\uc744 \ub9cc\ub4e4\uaca0\ub2e4\ub294 \uc544\uc774\ub514\uc5b4\uc5d0\uc11c \ud0c4\uc0dd\ud588\uc2b5\ub2c8\ub2e4. \ucc98\uc74c\ubd80\ud130 \uc800\ud76c\ub294 \uc5ec\ub7ec\ubd84\uc774 \uc788\ub294 \uadf8\ub300\ub85c\uc758 \uc790\uc2e0\uc744 \ud45c\ud604\ud558\uace0 \uc9c4\uc815\ud55c \uc778\uc5f0\uc744 \ucc3e\uc744 \uc218 \uc788\ub294 \ud658\uacbd\uc744 \uc81c\uacf5\ud558\uace0\uc790 \ub178\ub825\ud588\uc2b5\ub2c8\ub2e4.<\/p>\n\n\n\n<h2 class=\"wp-block-heading\">\uc65c \uc120\ud0dd\ud574\uc57c \ud558\ub098\uc694? <strong>\ub370\uc774\ud2b8\ubab9\uc2a4<\/strong>?<\/h2>\n\n\n\n<p>\ub370\uc774\ud2b8 \uc571 \uc138\uacc4\uc5d0 \uc0c8\ub85c \ub4e4\uc5b4\uc628 \uc0ac\ub78c\uc774\ub4e0, \uc544\ub2c8\uba74 \ub2e4\ub978 \uac83\uc744 \ucc3e\ub294 \ubca0\ud14c\ub791\uc774\ub4e0, <strong>\ub370\uc774\ud2b8\ubab9\uc2a4 <\/strong>\uc81c\uacf5\ud569\ub2c8\ub2e4:<\/p>\n\n\n\n<ul class=\"wp-block-list\">\n<li>\uc9c1\uad00\uc801\uc774\uace0 \ubc88\uac70\ub85c\uc6c0 \uc5c6\ub294 \uacbd\ud5d8.<\/li>\n\n\n\n<li>\ucc38\uc5ec\uc801\uc774\uace0 \ub2e4\uc591\ud55c \ucee4\ubba4\ub2c8\ud2f0.<\/li>\n\n\n\n<li>\uc720\ub300\uac10\uacfc \ucd94\uc5b5\uc744 \ub9cc\ub4dc\ub294 \ub370 \ub3c4\uc6c0\uc774 \ub418\ub294 \ub3c4\uad6c\uc785\ub2c8\ub2e4.<\/li>\n<\/ul>\n\n\n\n<p>\uc6b0\ub9ac \ucee4\ubba4\ub2c8\ud2f0\uc5d0 \ucc38\uc5ec\ud558\uc5ec \ub2e4\uc74c\uacfc \uac19\uc740 \uc0ac\uc2e4\uc744 \uc54c\uc544\ubcf4\uc138\uc694. <strong>\ub370\uc774\ud2b8\ubab9\uc2a4 <\/strong>\ub2f9\uc2e0\uc758 \uc5f0\uc560 \uc778\uc0dd\uc744 \uc644\uc804\ud788 \ubc14\uafd4\uc904 \uc218 \uc788\uc2b5\ub2c8\ub2e4. \ub2e4\uc74c \ub7ec\ube0c\uc2a4\ud1a0\ub9ac\ub97c \uc368\ub0b4\ub824\uac08 \uc218 \uc788\ub3c4\ub85d \ub3c4\uc640\ub4dc\ub9ac\uaca0\uc2b5\ub2c8\ub2e4. \uc544\ub2c8\uba74 \uadf8\uc800 \ud568\uaed8 \uc6c3\uace0 \uc78a\uc9c0 \ubabb\ud560 \uc21c\uac04\uc744 \ud568\uaed8\ud560 \uce5c\uad6c\ub97c \ucc3e\ub294 \uac83\ub3c4 \uc88b\uc2b5\ub2c8\ub2e4.<\/p>\n\n\n\n<p><strong>\ub370\uc774\ud2b8\ubab9\ub2f7\ucef4<\/strong>: \uc9c4\uc815\ud55c \uc5f0\uacb0\uc774 \uc2dc\uc791\ub418\ub294 \uacf3!<\/p>","protected":false},"excerpt":{"rendered":"<p>Bem-vindo ao DateMobs.com, a sua nova plataforma para conectar pessoas de forma aut\u00eantica e divertida! Aqui na DateMobs, acreditamos que as conex\u00f5es humanas s\u00e3o a ess\u00eancia da vida, e nossa miss\u00e3o \u00e9 tornar essas conex\u00f5es mais acess\u00edveis e significativas para todos. Nossa Miss\u00e3o Queremos transformar a maneira como as pessoas se encontram e interagem online. &#8230; <a title=\"\uc6b0\ub9ac\ub294 \ub204\uad6c\uc778\uac00\" class=\"read-more\" href=\"https:\/\/datemobs.com\/ko\/quem-somos\/\" aria-label=\"Quem Somos\uc5d0 \ub300\ud574 \ub354 \uc790\uc138\ud788 \uc54c\uc544\ubcf4\uc138\uc694\">\ub354 \uc77d\uc5b4\ubcf4\uc138\uc694<\/a><\/p>","protected":false},"author":1,"featured_media":0,"parent":0,"menu_order":0,"comment_status":"closed","ping_status":"closed","template":"","meta":{"footnotes":""},"class_list":["post-819","page","type-page","status-publish"],"_links":{"self":[{"href":"https:\/\/datemobs.com\/ko\/wp-json\/wp\/v2\/pages\/819","targetHints":{"allow":["GET"]}}],"collection":[{"href":"https:\/\/datemobs.com\/ko\/wp-json\/wp\/v2\/pages"}],"about":[{"href":"https:\/\/datemobs.com\/ko\/wp-json\/wp\/v2\/types\/page"}],"author":[{"embeddable":true,"href":"https:\/\/datemobs.com\/ko\/wp-json\/wp\/v2\/users\/1"}],"replies":[{"embeddable":true,"href":"https:\/\/datemobs.com\/ko\/wp-json\/wp\/v2\/comments?post=819"}],"version-history":[{"count":5,"href":"https:\/\/datemobs.com\/ko\/wp-json\/wp\/v2\/pages\/819\/revisions"}],"predecessor-version":[{"id":847,"href":"https:\/\/datemobs.com\/ko\/wp-json\/wp\/v2\/pages\/819\/revisions\/847"}],"wp:attachment":[{"href":"https:\/\/datemobs.com\/ko\/wp-json\/wp\/v2\/media?parent=819"}],"curies":[{"name":"wp","href":"https:\/\/api.w.org\/{rel}","templated":true}]}}