{"id":3,"date":"2025-03-22T05:11:17","date_gmt":"2025-03-22T05:11:17","guid":{"rendered":"https:\/\/datemobs.com\/?page_id=3"},"modified":"2025-03-22T05:38:42","modified_gmt":"2025-03-22T05:38:42","slug":"privatumo-politika","status":"publish","type":"page","link":"https:\/\/datemobs.com\/lt\/privatumo-politika\/","title":{"rendered":"Privatumo politika"},"content":{"rendered":"<p><span style=\"color: #444444;\">J\u016bs\u0173 privatumas mums svarbus. Tai yra politika <strong>DateMobs<\/strong> gerbti j\u016bs\u0173 privatum\u0105 d\u0117l bet kokios informacijos, kuri\u0105 galime surinkti i\u0161 j\u016bs\u0173 svetain\u0117je <strong><a href=\"\/lt\/datemobs.com\/\">DateMobs<\/a><\/strong>, ir kitose mums priklausan\u010diose ir eksploatuojamose svetain\u0117se.<\/span><\/p>\n<p><span style=\"color: #444444;\">Mes pra\u0161ome asmenin\u0117s informacijos tik tada, kai mums jos tikrai reikia norint suteikti jums paslaug\u0105. Tai darome s\u0105\u017einingomis ir teis\u0117tomis priemon\u0117mis, jums \u017einant ir sutikus. Taip pat informuojame, kod\u0117l j\u012f renkame ir kaip jis bus naudojamas.<\/span><\/p>\n<p><span style=\"color: #444444;\">Surinkt\u0105 informacij\u0105 saugome tik tiek, kiek reikia, kad gal\u0117tume suteikti jums pageidaujam\u0105 paslaug\u0105. Kokius duomenis saugome, saugosime komerci\u0161kai priimtinomis priemon\u0117mis, kad i\u0161vengtume praradimo ir vagyst\u0117s, taip pat neteis\u0117tos prieigos, atskleidimo, kopijavimo, naudojimo ar modifikavimo.<\/span><\/p>\n<p><span style=\"color: #444444;\">Mes nesidaliname jokia asmen\u012f identifikuojan\u010dia informacija vie\u0161ai ar su tre\u010diosiomis \u0161alimis, i\u0161skyrus atvejus, kai to reikalauja \u012fstatymai.<\/span><\/p>\n<p><span style=\"color: #444444;\">M\u016bs\u0173 svetain\u0117je gali b\u016bti nuorod\u0173 \u012f i\u0161orines svetaines, kuri\u0173 nevaldome mes. Atminkite, kad mes nekontroliuojame \u0161i\u0173 svetaini\u0173 turinio ir praktikos ir negalime prisiimti atsakomyb\u0117s u\u017e atitinkamas svetaines\u00a0<\/span><a style=\"background-color: transparent; color: #444444;\" href=\"https:\/\/politicaprivacidade.com\/\" target=\"_blank\" rel=\"noopener noreferrer\">privatumo politika<\/a><span style=\"color: #444444;\">.<\/span><\/p>\n<p><span style=\"color: #444444;\">Galite laisvai atmesti m\u016bs\u0173 pra\u0161ym\u0105 d\u0117l j\u016bs\u0173 asmenin\u0117s informacijos, suprasdami, kad galime nesuteikti jums kai kuri\u0173 pageidaujam\u0173 paslaug\u0173.<\/span><\/p>\n<p><span style=\"color: #444444;\">J\u016bs\u0173 tolesnis naudojimasis m\u016bs\u0173 svetaine bus laikomas sutikimu su m\u016bs\u0173 praktika, susijusia su privatumu ir asmenine informacija. Jei turite klausim\u0173, kaip tvarkome vartotojo duomenis ir asmenin\u0119 informacij\u0105, susisiekite su mumis.<\/span><\/p>\n<ul>\n<li><span style=\"color: #444444;\">\u201eGoogle AdSense\u201c paslauga, kuri\u0105 naudojame reklamai teikti, naudoja \u201eDoubleClick\u201c slapuk\u0105, kad teikt\u0173 tinkamesnius skelbimus \u017einiatinklyje ir apribot\u0173 tam tikro skelbimo parodym\u0173 skai\u010di\u0173.<\/span><\/li>\n<li><span style=\"color: #444444;\">Daugiau informacijos apie \u201eGoogle AdSense\u201c rasite oficialiuose \u201eGoogle AdSense\u201c privatumo DUK.<\/span><\/li>\n<li><span style=\"color: #444444;\">Naudojame skelbimus, kad kompensuotume \u0161ios svetain\u0117s eksploatavimo i\u0161laidas ir finansuotume b\u016bsimai pl\u0117trai. \u0160ioje svetain\u0117je naudojami elgsenos reklamos slapukai yra skirti u\u017etikrinti, kad, kai \u012fmanoma, pateiktume jums aktualiausius skelbimus, anonimi\u0161kai steb\u0117dami j\u016bs\u0173 pom\u0117gius ir pateikdami pana\u0161ius dalykus, kurie gali sudominti.<\/span><\/li>\n<li><span style=\"color: #444444;\">Keletas partneri\u0173 reklamuojasi m\u016bs\u0173 vardu, o filial\u0173 steb\u0117jimo slapukai tiesiog leid\u017eia mums pamatyti, ar m\u016bs\u0173 klientai apsilank\u0117 svetain\u0117je per vien\u0105 i\u0161 m\u016bs\u0173 partneri\u0173 svetaini\u0173, kad gal\u0117tume juos tinkamai kredituoti ir, jei reikia, leisti m\u016bs\u0173 partneriams suteikti bet koki\u0105 premij\u0105, kuri\u0105 jie gali suteikti jums perkant.<\/span><\/li>\n<\/ul>\n<h3><strong><span style=\"color: #444444;\">Vartotojo \u012fsipareigojimas<\/span><\/strong><\/h3>\n<p><span style=\"color: #444444;\">Vartotojas \u012fsipareigoja tinkamai panaudoti turin\u012f ir informacij\u0105, kuri\u0105 <strong>DateMobs<\/strong> pasi\u016blymus svetain\u0117je ir kaip pavyzd\u012f, bet tuo neapsiribojant:<\/span><\/p>\n<ul>\n<li><span style=\"color: #444444;\">A) Neu\u017esiimti veikla, kuri yra neteis\u0117ta arba prie\u0161tarauja s\u0105\u017einingumui ir vie\u0161ajai tvarkai;<\/span><\/li>\n<li><span style=\"color: #444444;\">B) neskleisk propagandos ar rasistinio, ksenofobinio pob\u016bd\u017eio turinio, <\/span><span style=\"color: #212529;\">166bet<\/span><span style=\"color: #444444;\"> ar nes\u0117km\u0117s, bet kokios r\u016b\u0161ies nelegalios pornografijos, remian\u010dios terorizm\u0105 arba prie\u0161 \u017emogaus teises;<\/span><\/li>\n<li><span style=\"color: #444444;\">C) nesugadinkite fizin\u0117s (aparatin\u0117s) ir login\u0117s (programin\u0117s \u012frangos) sistemos <strong>DateMobs<\/strong>, jos tiek\u0117jams ar tre\u010diosioms \u0161alims, \u012fvesti ar platinti kompiuterinius virusus ar bet kokias kitas technin\u0117s ar programin\u0117s \u012frangos sistemas, galin\u010dias sukelti pirmiau min\u0117t\u0105 \u017eal\u0105.<\/span><\/li>\n<\/ul>\n<h3><strong><span style=\"color: #444444;\">Daugiau informacijos<\/span><\/strong><\/h3>\n<p><span style=\"color: #444444;\">Tikim\u0117s, kad tai paai\u0161kino jums dalykus ir, kaip buvo min\u0117ta anks\u010diau, jei nesate tikri, ar jums reikia, ar ne, paprastai saugiau palikti slapukus \u012fjungtus, jei jie s\u0105veikauja su viena i\u0161 m\u016bs\u0173 svetain\u0117je naudojam\u0173 funkcij\u0173.<\/span><\/p>\n<p><em><strong><span style=\"color: #444444;\">\u0160i politika galioja 2025 m. kovo 22 d. 05.36 val.<\/span><\/strong><\/em><\/p>","protected":false},"excerpt":{"rendered":"<p>A sua privacidade \u00e9 importante para n\u00f3s. \u00c9 pol\u00edtica do DateMobs respeitar a sua privacidade em rela\u00e7\u00e3o a qualquer informa\u00e7\u00e3o sua que possamos coletar no site DateMobs, e outros sites que possu\u00edmos e operamos. Solicitamos informa\u00e7\u00f5es pessoais apenas quando realmente precisamos delas para lhe fornecer um servi\u00e7o. Fazemo-lo por meios justos e legais, com o &#8230; <a title=\"Privatumo politika\" class=\"read-more\" href=\"https:\/\/datemobs.com\/lt\/privatumo-politika\/\" aria-label=\"Read more about Pol\u00edtica de Privacidade\">skaityti daugiau<\/a><\/p>","protected":false},"author":1,"featured_media":0,"parent":0,"menu_order":0,"comment_status":"closed","ping_status":"open","template":"","meta":{"footnotes":""},"class_list":["post-3","page","type-page","status-publish"],"_links":{"self":[{"href":"https:\/\/datemobs.com\/lt\/wp-json\/wp\/v2\/pages\/3","targetHints":{"allow":["GET"]}}],"collection":[{"href":"https:\/\/datemobs.com\/lt\/wp-json\/wp\/v2\/pages"}],"about":[{"href":"https:\/\/datemobs.com\/lt\/wp-json\/wp\/v2\/types\/page"}],"author":[{"embeddable":true,"href":"https:\/\/datemobs.com\/lt\/wp-json\/wp\/v2\/users\/1"}],"replies":[{"embeddable":true,"href":"https:\/\/datemobs.com\/lt\/wp-json\/wp\/v2\/comments?post=3"}],"version-history":[{"count":2,"href":"https:\/\/datemobs.com\/lt\/wp-json\/wp\/v2\/pages\/3\/revisions"}],"predecessor-version":[{"id":849,"href":"https:\/\/datemobs.com\/lt\/wp-json\/wp\/v2\/pages\/3\/revisions\/849"}],"wp:attachment":[{"href":"https:\/\/datemobs.com\/lt\/wp-json\/wp\/v2\/media?parent=3"}],"curies":[{"name":"wp","href":"https:\/\/api.w.org\/{rel}","templated":true}]}}