{"id":819,"date":"2022-11-08T18:30:39","date_gmt":"2022-11-08T18:30:39","guid":{"rendered":"https:\/\/sites.generatepress.com\/info\/?page_id=819"},"modified":"2025-03-22T05:35:13","modified_gmt":"2025-03-22T05:35:13","slug":"kas-mes-esame","status":"publish","type":"page","link":"https:\/\/datemobs.com\/lt\/kas-mes-esame\/","title":{"rendered":"Kas mes esame"},"content":{"rendered":"<p>Sveiki atvyk\u0119 \u012f <strong>DateMobs.com<\/strong>, j\u016bs\u0173 nauja platforma, skirta autenti\u0161kai ir smagiai sujungti \u017emones! \u010cia, adresu <strong>DateMobs<\/strong>, mes tikime, kad \u017emogi\u0161kieji ry\u0161iai yra gyvenimo esm\u0117, o m\u016bs\u0173 misija \u2013 padaryti \u0161iuos ry\u0161ius prieinamesnius ir prasmingesnius kiekvienam.<\/p>\n\n\n\n<h2 class=\"wp-block-heading\">M\u016bs\u0173 misija<\/h2>\n\n\n\n<p>Norime pakeisti tai, kaip \u017emon\u0117s susitinka ir bendrauja internete. Deriname pa\u017eangiausias technologijas su \u017emogi\u0161ku prisilietimu, kad u\u017etikrintume, jog t\u0105 ypating\u0105 \u017emog\u0173 rasite paprastai, saugiai ir prasmingai.<\/p>\n\n\n\n<h2 class=\"wp-block-heading\">Kuo mes kitokie<\/h2>\n\n\n\n<ul class=\"wp-block-list\">\n<li><strong>Saugumas pirmiausia:<\/strong> Mes rimtai \u017ei\u016brime \u012f j\u016bs\u0173 privatum\u0105 ir saugum\u0105, tod\u0117l naudojame geriausias duomen\u0173 apsaugos funkcijas rinkoje.<\/li>\n\n\n\n<li><strong>Autenti\u0161ki profiliai:<\/strong> M\u016bs\u0173 platforma skatina kurti tikrus profilius ir atlikti patvirtinimus, kad gal\u0117tum\u0117te bendrauti su tikrais \u017emon\u0117mis.<\/li>\n\n\n\n<li><strong>Interaktyvumas:<\/strong> \u0160iuolaikin\u0117s, dinami\u0161kos funkcijos, tokios kaip trumpi vaizdo \u012fra\u0161ai ir k\u016brybingi prane\u0161imai, padeda i\u0161siskirti ir i\u0161reik\u0161ti save.<\/li>\n<\/ul>\n\n\n\n<h2 class=\"wp-block-heading\">M\u016bs\u0173 istorija<\/h2>\n\n\n\n<p>THE <strong>DateMobs <\/strong>gim\u0117 i\u0161 id\u0117jos sukurti lengvesn\u0119, paprastesn\u0119 internetini\u0173 pa\u017ein\u010di\u0173 patirt\u012f, pritaikyt\u0105 prie tikr\u0173j\u0173 \u017emoni\u0173 poreiki\u0173. Nuo pat prad\u017ei\u0173 siek\u0117me sukurti aplink\u0105, kurioje gal\u0117tum\u0117te b\u016bti savimi ir u\u017emegzti tikrus ry\u0161ius.<\/p>\n\n\n\n<h2 class=\"wp-block-heading\">Kod\u0117l verta rinktis <strong>DateMobs<\/strong>?<\/h2>\n\n\n\n<p>Nesvarbu, ar esate naujokas pa\u017ein\u010di\u0173 program\u0117li\u0173 pasaulyje, ar patyr\u0119s specialistas, ie\u0161kantis ka\u017eko kitokio, <strong>DateMobs <\/strong>pasi\u016blymai:<\/p>\n\n\n\n<ul class=\"wp-block-list\">\n<li>Intuityvi ir be r\u016bpes\u010di\u0173 patirtis.<\/li>\n\n\n\n<li>\u012esitraukusi ir \u012fvairi bendruomen\u0117.<\/li>\n\n\n\n<li>\u012erankiai, kurie tikrai padeda kurti ry\u0161ius ir prisiminimus.<\/li>\n<\/ul>\n\n\n\n<p>Prisijunkite prie m\u016bs\u0173 bendruomen\u0117s ir su\u017einokite, kaip <strong>DateMobs <\/strong>gali pakeisti j\u016bs\u0173 meil\u0117s gyvenim\u0105. Esame \u010dia, kad pad\u0117tume jums para\u0161yti kit\u0105 meil\u0117s istorij\u0105 arba tiesiog rasti kompanij\u0105 juokui ir nepamir\u0161tamoms akimirkoms.<\/p>\n\n\n\n<p><strong>DateMobs.com<\/strong>: Kur prasideda tikri ry\u0161iai!<\/p>","protected":false},"excerpt":{"rendered":"<p>Bem-vindo ao DateMobs.com, a sua nova plataforma para conectar pessoas de forma aut\u00eantica e divertida! Aqui na DateMobs, acreditamos que as conex\u00f5es humanas s\u00e3o a ess\u00eancia da vida, e nossa miss\u00e3o \u00e9 tornar essas conex\u00f5es mais acess\u00edveis e significativas para todos. Nossa Miss\u00e3o Queremos transformar a maneira como as pessoas se encontram e interagem online. &#8230; <a title=\"Kas mes esame\" class=\"read-more\" href=\"https:\/\/datemobs.com\/lt\/kas-mes-esame\/\" aria-label=\"Read more about Quem Somos\">skaityti daugiau<\/a><\/p>","protected":false},"author":1,"featured_media":0,"parent":0,"menu_order":0,"comment_status":"closed","ping_status":"closed","template":"","meta":{"footnotes":""},"class_list":["post-819","page","type-page","status-publish"],"_links":{"self":[{"href":"https:\/\/datemobs.com\/lt\/wp-json\/wp\/v2\/pages\/819","targetHints":{"allow":["GET"]}}],"collection":[{"href":"https:\/\/datemobs.com\/lt\/wp-json\/wp\/v2\/pages"}],"about":[{"href":"https:\/\/datemobs.com\/lt\/wp-json\/wp\/v2\/types\/page"}],"author":[{"embeddable":true,"href":"https:\/\/datemobs.com\/lt\/wp-json\/wp\/v2\/users\/1"}],"replies":[{"embeddable":true,"href":"https:\/\/datemobs.com\/lt\/wp-json\/wp\/v2\/comments?post=819"}],"version-history":[{"count":5,"href":"https:\/\/datemobs.com\/lt\/wp-json\/wp\/v2\/pages\/819\/revisions"}],"predecessor-version":[{"id":847,"href":"https:\/\/datemobs.com\/lt\/wp-json\/wp\/v2\/pages\/819\/revisions\/847"}],"wp:attachment":[{"href":"https:\/\/datemobs.com\/lt\/wp-json\/wp\/v2\/media?parent=819"}],"curies":[{"name":"wp","href":"https:\/\/api.w.org\/{rel}","templated":true}]}}