{"id":819,"date":"2022-11-08T18:30:39","date_gmt":"2022-11-08T18:30:39","guid":{"rendered":"https:\/\/sites.generatepress.com\/info\/?page_id=819"},"modified":"2025-03-22T05:35:13","modified_gmt":"2025-03-22T05:35:13","slug":"siapa-kita","status":"publish","type":"page","link":"https:\/\/datemobs.com\/ms\/siapa-kita\/","title":{"rendered":"Siapa Kita"},"content":{"rendered":"<p>Selamat datang ke <strong>DateMobs.com<\/strong>, platform baharu anda untuk menghubungkan orang ramai dengan cara yang tulen dan menyeronokkan! Di sini di <strong>DateMobs<\/strong>, kami percaya bahawa hubungan manusia adalah intipati kehidupan, dan misi kami adalah untuk menjadikan hubungan ini lebih mudah diakses dan bermakna untuk semua orang.<\/p>\n\n\n\n<h2 class=\"wp-block-heading\">Misi Kami<\/h2>\n\n\n\n<p>Kami mahu mengubah cara orang ramai bertemu dan berinteraksi dalam talian. Kami menggabungkan teknologi canggih dengan sentuhan manusia untuk memastikan anda menemui seseorang yang istimewa dengan cara yang mudah, selamat dan penuh kemungkinan.<\/p>\n\n\n\n<h2 class=\"wp-block-heading\">Perkara yang Membuatkan Kita Berbeza<\/h2>\n\n\n\n<ul class=\"wp-block-list\">\n<li><strong>Keselamatan Diutamakan:<\/strong> Kami mengambil serius tentang privasi dan keselamatan anda, menggunakan ciri perlindungan data terbaik di pasaran.<\/li>\n\n\n\n<li><strong>Profil Sahih:<\/strong> Platform kami menggalakkan penciptaan dan pengesahan profil sebenar supaya anda berinteraksi dengan orang yang tulen.<\/li>\n\n\n\n<li><strong>Interaktiviti:<\/strong> Ciri moden dan dinamik seperti video pendek dan mesej kreatif untuk membantu anda menonjol dan mengekspresikan diri anda.<\/li>\n<\/ul>\n\n\n\n<h2 class=\"wp-block-heading\">Sejarah Kita<\/h2>\n\n\n\n<p>THE <strong>DateMobs <\/strong>lahir daripada idea untuk mencipta pengalaman temu janji dalam talian yang lebih ringan dan tidak rumit yang sejajar dengan keperluan sebenar orang ramai. Dari awal, kami telah berusaha untuk menyediakan persekitaran di mana anda boleh menjadi diri sendiri dan mencari hubungan yang benar.<\/p>\n\n\n\n<h2 class=\"wp-block-heading\">Mengapa Memilih <strong>DateMobs<\/strong>?<\/h2>\n\n\n\n<p>Sama ada anda baru dalam dunia aplikasi dating atau veteran yang mencari sesuatu yang berbeza, <strong>DateMobs <\/strong>menawarkan:<\/p>\n\n\n\n<ul class=\"wp-block-list\">\n<li>Pengalaman yang intuitif dan tanpa kerumitan.<\/li>\n\n\n\n<li>Komuniti yang terlibat dan pelbagai.<\/li>\n\n\n\n<li>Alat yang benar-benar membantu anda mencipta ikatan dan kenangan.<\/li>\n<\/ul>\n\n\n\n<p>Mari menjadi sebahagian daripada komuniti kami dan temui caranya <strong>DateMobs <\/strong>boleh mengubah kehidupan cinta anda. Kami di sini untuk membantu anda menulis kisah cinta anda yang seterusnya \u2014 atau hanya mencari teman untuk gelak tawa dan detik yang tidak dapat dilupakan.<\/p>\n\n\n\n<p><strong>DateMobs.com<\/strong>: Di mana sambungan sebenar bermula!<\/p>","protected":false},"excerpt":{"rendered":"<p>Bem-vindo ao DateMobs.com, a sua nova plataforma para conectar pessoas de forma aut\u00eantica e divertida! Aqui na DateMobs, acreditamos que as conex\u00f5es humanas s\u00e3o a ess\u00eancia da vida, e nossa miss\u00e3o \u00e9 tornar essas conex\u00f5es mais acess\u00edveis e significativas para todos. Nossa Miss\u00e3o Queremos transformar a maneira como as pessoas se encontram e interagem online. &#8230; <a title=\"Siapa Kita\" class=\"read-more\" href=\"https:\/\/datemobs.com\/ms\/siapa-kita\/\" aria-label=\"Read more about Quem Somos\">baca lagi<\/a><\/p>","protected":false},"author":1,"featured_media":0,"parent":0,"menu_order":0,"comment_status":"closed","ping_status":"closed","template":"","meta":{"footnotes":""},"class_list":["post-819","page","type-page","status-publish"],"_links":{"self":[{"href":"https:\/\/datemobs.com\/ms\/wp-json\/wp\/v2\/pages\/819","targetHints":{"allow":["GET"]}}],"collection":[{"href":"https:\/\/datemobs.com\/ms\/wp-json\/wp\/v2\/pages"}],"about":[{"href":"https:\/\/datemobs.com\/ms\/wp-json\/wp\/v2\/types\/page"}],"author":[{"embeddable":true,"href":"https:\/\/datemobs.com\/ms\/wp-json\/wp\/v2\/users\/1"}],"replies":[{"embeddable":true,"href":"https:\/\/datemobs.com\/ms\/wp-json\/wp\/v2\/comments?post=819"}],"version-history":[{"count":5,"href":"https:\/\/datemobs.com\/ms\/wp-json\/wp\/v2\/pages\/819\/revisions"}],"predecessor-version":[{"id":847,"href":"https:\/\/datemobs.com\/ms\/wp-json\/wp\/v2\/pages\/819\/revisions\/847"}],"wp:attachment":[{"href":"https:\/\/datemobs.com\/ms\/wp-json\/wp\/v2\/media?parent=819"}],"curies":[{"name":"wp","href":"https:\/\/api.w.org\/{rel}","templated":true}]}}