{"id":819,"date":"2022-11-08T18:30:39","date_gmt":"2022-11-08T18:30:39","guid":{"rendered":"https:\/\/sites.generatepress.com\/info\/?page_id=819"},"modified":"2025-03-22T05:35:13","modified_gmt":"2025-03-22T05:35:13","slug":"wie-wij-zijn","status":"publish","type":"page","link":"https:\/\/datemobs.com\/nl\/wie-wij-zijn\/","title":{"rendered":"Wie we zijn"},"content":{"rendered":"<p>Welkom bij <strong>DateMobs.com<\/strong>, jouw nieuwe platform om mensen op een authentieke en leuke manier met elkaar te verbinden! Hier bij <strong>DatumMobs<\/strong>Wij geloven dat menselijke connecties de essentie van het leven zijn, en onze missie is om deze connecties toegankelijker en betekenisvoller te maken voor iedereen.<\/p>\n\n\n\n<h2 class=\"wp-block-heading\">Onze missie<\/h2>\n\n\n\n<p>Wij willen de manier waarop mensen elkaar online ontmoeten en met elkaar omgaan, veranderen. Wij combineren de nieuwste technologie met een menselijke aanpak om ervoor te zorgen dat u op een eenvoudige, veilige en mogelijke manier iemand speciaal vindt.<\/p>\n\n\n\n<h2 class=\"wp-block-heading\">Wat ons anders maakt<\/h2>\n\n\n\n<ul class=\"wp-block-list\">\n<li><strong>Veiligheid voorop:<\/strong> Wij nemen uw privacy en veiligheid serieus en maken gebruik van de beste functies voor gegevensbescherming op de markt.<\/li>\n\n\n\n<li><strong>Authentieke profielen:<\/strong> Ons platform moedigt het aanmaken en verifi\u00ebren van echte profielen aan, zodat u met echte mensen in contact kunt komen.<\/li>\n\n\n\n<li><strong>Interactiviteit:<\/strong> Moderne, dynamische functies zoals korte video&#039;s en creatieve berichten helpen u op te vallen en uzelf te uiten.<\/li>\n<\/ul>\n\n\n\n<h2 class=\"wp-block-heading\">Onze geschiedenis<\/h2>\n\n\n\n<p>DE <strong>DatumMobs <\/strong>is ontstaan vanuit het idee om een lichtere, meer eenvoudige online datingervaring te cre\u00ebren die aansluit bij de werkelijke behoeften van mensen. Vanaf het begin hebben we ernaar gestreefd een omgeving te cre\u00ebren waarin je jezelf kunt zijn en echte connecties kunt maken.<\/p>\n\n\n\n<h2 class=\"wp-block-heading\">Waarom kiezen <strong>DatumMobs<\/strong>?<\/h2>\n\n\n\n<p>Of je nu nieuw bent in de wereld van datingapps of een veteraan die op zoek is naar iets anders, <strong>DatumMobs <\/strong>aanbiedingen:<\/p>\n\n\n\n<ul class=\"wp-block-list\">\n<li>Een intu\u00eftieve en probleemloze ervaring.<\/li>\n\n\n\n<li>Betrokken en diverse gemeenschap.<\/li>\n\n\n\n<li>Hulpmiddelen waarmee je echt banden en herinneringen kunt cre\u00ebren.<\/li>\n<\/ul>\n\n\n\n<p>Kom deel uitmaken van onze gemeenschap en ontdek hoe <strong>DatumMobs <\/strong>kan je liefdesleven veranderen. Wij helpen je graag bij het schrijven van je volgende liefdesverhaal, of gewoon bij het vinden van gezelschap voor goede grappen en onvergetelijke momenten.<\/p>\n\n\n\n<p><strong>DateMobs.com<\/strong>: Waar echte verbindingen beginnen!<\/p>","protected":false},"excerpt":{"rendered":"<p>Bem-vindo ao DateMobs.com, a sua nova plataforma para conectar pessoas de forma aut\u00eantica e divertida! Aqui na DateMobs, acreditamos que as conex\u00f5es humanas s\u00e3o a ess\u00eancia da vida, e nossa miss\u00e3o \u00e9 tornar essas conex\u00f5es mais acess\u00edveis e significativas para todos. Nossa Miss\u00e3o Queremos transformar a maneira como as pessoas se encontram e interagem online. &#8230; <a title=\"Wie we zijn\" class=\"read-more\" href=\"https:\/\/datemobs.com\/nl\/wie-wij-zijn\/\" aria-label=\"Lees meer over Quem Somos\">lees verder<\/a><\/p>","protected":false},"author":1,"featured_media":0,"parent":0,"menu_order":0,"comment_status":"closed","ping_status":"closed","template":"","meta":{"footnotes":""},"class_list":["post-819","page","type-page","status-publish"],"_links":{"self":[{"href":"https:\/\/datemobs.com\/nl\/wp-json\/wp\/v2\/pages\/819","targetHints":{"allow":["GET"]}}],"collection":[{"href":"https:\/\/datemobs.com\/nl\/wp-json\/wp\/v2\/pages"}],"about":[{"href":"https:\/\/datemobs.com\/nl\/wp-json\/wp\/v2\/types\/page"}],"author":[{"embeddable":true,"href":"https:\/\/datemobs.com\/nl\/wp-json\/wp\/v2\/users\/1"}],"replies":[{"embeddable":true,"href":"https:\/\/datemobs.com\/nl\/wp-json\/wp\/v2\/comments?post=819"}],"version-history":[{"count":5,"href":"https:\/\/datemobs.com\/nl\/wp-json\/wp\/v2\/pages\/819\/revisions"}],"predecessor-version":[{"id":847,"href":"https:\/\/datemobs.com\/nl\/wp-json\/wp\/v2\/pages\/819\/revisions\/847"}],"wp:attachment":[{"href":"https:\/\/datemobs.com\/nl\/wp-json\/wp\/v2\/media?parent=819"}],"curies":[{"name":"wp","href":"https:\/\/api.w.org\/{rel}","templated":true}]}}