{"id":3,"date":"2025-03-22T05:11:17","date_gmt":"2025-03-22T05:11:17","guid":{"rendered":"https:\/\/datemobs.com\/?page_id=3"},"modified":"2025-03-22T05:38:42","modified_gmt":"2025-03-22T05:38:42","slug":"polityka-prywatnosci","status":"publish","type":"page","link":"https:\/\/datemobs.com\/pl\/polityka-prywatnosci\/","title":{"rendered":"Polityka prywatno\u015bci"},"content":{"rendered":"<p><span style=\"color: #444444;\">Twoja prywatno\u015b\u0107 jest dla nas wa\u017cna. To jest polityka <strong>DataMobs<\/strong> szanujemy Twoj\u0105 prywatno\u015b\u0107 w odniesieniu do wszelkich informacji, kt\u00f3re mo\u017cemy od Ciebie zbiera\u0107 na stronie internetowej <strong><a href=\"\/pl\/datemobs.com\/\">DataMobs<\/a><\/strong>oraz inne witryny internetowe, kt\u00f3rych jeste\u015bmy w\u0142a\u015bcicielami i kt\u00f3re obs\u0142ugujemy.<\/span><\/p>\n<p><span style=\"color: #444444;\">Prosimy o podanie danych osobowych wy\u0142\u0105cznie wtedy, gdy jest to niezb\u0119dne do \u015bwiadczenia Ci us\u0142ug. Robimy to w spos\u00f3b uczciwy i zgodny z prawem, za Twoj\u0105 wiedz\u0105 i zgod\u0105. Poinformujemy Ci\u0119 r\u00f3wnie\u017c, dlaczego zbieramy Twoje dane i w jaki spos\u00f3b b\u0119d\u0105 one wykorzystywane.<\/span><\/p>\n<p><span style=\"color: #444444;\">Zebrane dane przechowujemy wy\u0142\u0105cznie tak d\u0142ugo, jak jest to konieczne do dostarczenia Ci \u017c\u0105danej us\u0142ugi. Wszelkie dane, kt\u00f3re przechowujemy, chronimy w spos\u00f3b komercyjnie akceptowalny, aby zapobiec ich utracie lub kradzie\u017cy, a tak\u017ce nieautoryzowanemu dost\u0119powi, ujawnieniu, kopiowaniu, wykorzystaniu lub modyfikacji.<\/span><\/p>\n<p><span style=\"color: #444444;\">Nie udost\u0119pniamy \u017cadnych informacji umo\u017cliwiaj\u0105cych identyfikacj\u0119 u\u017cytkownika publicznie ani osobom trzecim, chyba \u017ce wymaga tego prawo.<\/span><\/p>\n<p><span style=\"color: #444444;\">Nasza strona internetowa mo\u017ce zawiera\u0107 linki do zewn\u0119trznych stron internetowych, kt\u00f3rych nie obs\u0142ugujemy. Nale\u017cy pami\u0119ta\u0107, \u017ce nie mamy kontroli nad tre\u015bci\u0105 i praktykami stosowanymi na tych stronach i nie mo\u017cemy ponosi\u0107 odpowiedzialno\u015bci za ich tre\u015b\u0107 i praktyki.\u00a0<\/span><a style=\"background-color: transparent; color: #444444;\" href=\"https:\/\/politicaprivacidade.com\/\" target=\"_blank\" rel=\"noopener noreferrer\">polityka prywatno\u015bci<\/a><span style=\"color: #444444;\">.<\/span><\/p>\n<p><span style=\"color: #444444;\">Masz prawo odm\u00f3wi\u0107 podania swoich danych osobowych, ale pami\u0119taj, \u017ce w\u00f3wczas nie b\u0119dziemy mogli dostarczy\u0107 Ci niekt\u00f3rych us\u0142ug, kt\u00f3rych oczekujesz.<\/span><\/p>\n<p><span style=\"color: #444444;\">Dalsze korzystanie z naszej witryny internetowej b\u0119dzie r\u00f3wnoznaczne z akceptacj\u0105 naszych zasad dotycz\u0105cych prywatno\u015bci i danych osobowych. Je\u015bli masz jakiekolwiek pytania dotycz\u0105ce sposobu przetwarzania danych u\u017cytkownik\u00f3w i informacji osobowych, skontaktuj si\u0119 z nami.<\/span><\/p>\n<ul>\n<li><span style=\"color: #444444;\">Us\u0142uga Google AdSense, z kt\u00f3rej korzystamy do wy\u015bwietlania reklam, korzysta z pliku cookie DoubleClick w celu wy\u015bwietlania trafniejszych reklam w Internecie i ograniczania liczby wy\u015bwietle\u0144 danej reklamy.<\/span><\/li>\n<li><span style=\"color: #444444;\">Aby uzyska\u0107 wi\u0119cej informacji na temat us\u0142ugi Google AdSense, zapoznaj si\u0119 z oficjalnymi najcz\u0119\u015bciej zadawanymi pytaniami dotycz\u0105cymi prywatno\u015bci us\u0142ugi Google AdSense.<\/span><\/li>\n<li><span style=\"color: #444444;\">Wykorzystujemy reklamy, aby pokry\u0107 koszty prowadzenia tej witryny internetowej i zapewni\u0107 fundusze na jej przysz\u0142y rozw\u00f3j. Pliki cookie reklam behawioralnych, z kt\u00f3rych korzysta ta witryna, maj\u0105 na celu zapewnienie Ci najbardziej odpowiednich reklam, w miar\u0119 mo\u017cliwo\u015bci poprzez anonimowe \u015bledzenie Twoich zainteresowa\u0144 i prezentowanie podobnych rzeczy, kt\u00f3re mog\u0105 Ci\u0119 zainteresowa\u0107.<\/span><\/li>\n<li><span style=\"color: #444444;\">Kilku partner\u00f3w reklamuje si\u0119 w naszym imieniu, a pliki cookie \u015bledz\u0105ce partner\u00f3w po prostu pozwalaj\u0105 nam sprawdzi\u0107, czy nasi klienci trafili na nasz\u0105 stron\u0119 za po\u015brednictwem jednej z naszych stron partnerskich, dzi\u0119ki czemu mo\u017cemy odpowiednio ich doceni\u0107, a w stosownych przypadkach umo\u017cliwi\u0107 naszym partnerom partnerskim przyznanie bonus\u00f3w za dokonanie zakupu.<\/span><\/li>\n<\/ul>\n<h3><strong><span style=\"color: #444444;\">Zaanga\u017cowanie u\u017cytkownika<\/span><\/strong><\/h3>\n<p><span style=\"color: #444444;\">U\u017cytkownik zobowi\u0105zuje si\u0119 do w\u0142a\u015bciwego korzystania z tre\u015bci i informacji, kt\u00f3re udost\u0119pnia. <strong>DataMobs<\/strong> oferty na stronie internetowej i przyk\u0142adowo, lecz nie wy\u0142\u0105cznie:<\/span><\/p>\n<ul>\n<li><span style=\"color: #444444;\">A) nie podejmowa\u0107 dzia\u0142a\u0144 niezgodnych z prawem lub z dobr\u0105 wiar\u0105 i porz\u0105dkiem publicznym;<\/span><\/li>\n<li><span style=\"color: #444444;\">B) Nie rozpowszechniaj propagandy ani tre\u015bci o charakterze rasistowskim, ksenofobicznym, <\/span><span style=\"color: #212529;\">166zak\u0142ad<\/span><span style=\"color: #444444;\"> lub pecha, wszelkiego rodzaju nielegaln\u0105 pornografi\u0119, wspieraj\u0105c\u0105 terroryzm lub sprzeciwiaj\u0105c\u0105 si\u0119 prawom cz\u0142owieka;<\/span><\/li>\n<li><span style=\"color: #444444;\">C) Nie wolno powodowa\u0107 uszkodze\u0144 system\u00f3w fizycznych (sprz\u0119towych) i logicznych (programowych) <strong>DataMobs<\/strong>, jego dostawc\u00f3w lub os\u00f3b trzecich do wprowadzania lub rozpowszechniania wirus\u00f3w komputerowych lub innego sprz\u0119tu lub oprogramowania, kt\u00f3re mog\u0105 spowodowa\u0107 wy\u017cej wymienione szkody.<\/span><\/li>\n<\/ul>\n<h3><strong><span style=\"color: #444444;\">Wi\u0119cej informacji<\/span><\/strong><\/h3>\n<p><span style=\"color: #444444;\">Mam nadziej\u0119, \u017ce powy\u017csze informacje rozja\u015bni\u0142y Ci spraw\u0119 i tak jak ju\u017c wcze\u015bniej wspomniano, je\u015bli nie jeste\u015b pewien, czy czego\u015b potrzebujesz, zazwyczaj bezpieczniej jest pozostawi\u0107 obs\u0142ug\u0119 plik\u00f3w cookie w\u0142\u0105czon\u0105 na wypadek, gdyby mia\u0142a ona wp\u0142yw na jedn\u0105 z funkcji, z kt\u00f3rych korzystasz na naszej stronie.<\/span><\/p>\n<p><em><strong><span style=\"color: #444444;\">Niniejsza polityka obowi\u0105zuje od dnia 22 marca 2025 r. o godzinie 05:36.<\/span><\/strong><\/em><\/p>","protected":false},"excerpt":{"rendered":"<p>A sua privacidade \u00e9 importante para n\u00f3s. \u00c9 pol\u00edtica do DateMobs respeitar a sua privacidade em rela\u00e7\u00e3o a qualquer informa\u00e7\u00e3o sua que possamos coletar no site DateMobs, e outros sites que possu\u00edmos e operamos. Solicitamos informa\u00e7\u00f5es pessoais apenas quando realmente precisamos delas para lhe fornecer um servi\u00e7o. Fazemo-lo por meios justos e legais, com o &#8230; <a title=\"Polityka prywatno\u015bci\" class=\"read-more\" href=\"https:\/\/datemobs.com\/pl\/polityka-prywatnosci\/\" aria-label=\"Dowiedz si\u0119 wi\u0119cej o Pol\u00edtica de Privacidade\">czytaj wi\u0119cej<\/a><\/p>","protected":false},"author":1,"featured_media":0,"parent":0,"menu_order":0,"comment_status":"closed","ping_status":"open","template":"","meta":{"footnotes":""},"class_list":["post-3","page","type-page","status-publish"],"_links":{"self":[{"href":"https:\/\/datemobs.com\/pl\/wp-json\/wp\/v2\/pages\/3","targetHints":{"allow":["GET"]}}],"collection":[{"href":"https:\/\/datemobs.com\/pl\/wp-json\/wp\/v2\/pages"}],"about":[{"href":"https:\/\/datemobs.com\/pl\/wp-json\/wp\/v2\/types\/page"}],"author":[{"embeddable":true,"href":"https:\/\/datemobs.com\/pl\/wp-json\/wp\/v2\/users\/1"}],"replies":[{"embeddable":true,"href":"https:\/\/datemobs.com\/pl\/wp-json\/wp\/v2\/comments?post=3"}],"version-history":[{"count":2,"href":"https:\/\/datemobs.com\/pl\/wp-json\/wp\/v2\/pages\/3\/revisions"}],"predecessor-version":[{"id":849,"href":"https:\/\/datemobs.com\/pl\/wp-json\/wp\/v2\/pages\/3\/revisions\/849"}],"wp:attachment":[{"href":"https:\/\/datemobs.com\/pl\/wp-json\/wp\/v2\/media?parent=3"}],"curies":[{"name":"wp","href":"https:\/\/api.w.org\/{rel}","templated":true}]}}