{"id":819,"date":"2022-11-08T18:30:39","date_gmt":"2022-11-08T18:30:39","guid":{"rendered":"https:\/\/sites.generatepress.com\/info\/?page_id=819"},"modified":"2025-03-22T05:35:13","modified_gmt":"2025-03-22T05:35:13","slug":"kim-jestesmy","status":"publish","type":"page","link":"https:\/\/datemobs.com\/pl\/kim-jestesmy\/","title":{"rendered":"Kim jeste\u015bmy"},"content":{"rendered":"<p>Witamy w <strong>DataMobs.com<\/strong>, Twoja nowa platforma do \u0142\u0105czenia ludzi w autentyczny i zabawny spos\u00f3b! Tutaj w <strong>DataMobs<\/strong>Wierzymy, \u017ce relacje mi\u0119dzyludzkie stanowi\u0105 istot\u0119 \u017cycia, a nasz\u0105 misj\u0105 jest uczynienie ich bardziej dost\u0119pnymi i znacz\u0105cymi dla ka\u017cdego.<\/p>\n\n\n\n<h2 class=\"wp-block-heading\">Nasza misja<\/h2>\n\n\n\n<p>Chcemy zmieni\u0107 spos\u00f3b, w jaki ludzie spotykaj\u0105 si\u0119 i wchodz\u0105 w interakcje online. \u0141\u0105czymy najnowocze\u015bniejsz\u0105 technologi\u0119 z ludzkim akcentem, aby zapewni\u0107 Ci znalezienie tej wyj\u0105tkowej osoby w prosty, bezpieczny i mo\u017cliwy spos\u00f3b.<\/p>\n\n\n\n<h2 class=\"wp-block-heading\">Co nas wyr\u00f3\u017cnia<\/h2>\n\n\n\n<ul class=\"wp-block-list\">\n<li><strong>Bezpiecze\u0144stwo przede wszystkim:<\/strong> Powa\u017cnie podchodzimy do kwestii prywatno\u015bci i bezpiecze\u0144stwa, wykorzystuj\u0105c najlepsze na rynku funkcje ochrony danych.<\/li>\n\n\n\n<li><strong>Autentyczne profile:<\/strong> Nasza platforma zach\u0119ca do tworzenia prawdziwych profili i ich weryfikacji, dzi\u0119ki czemu mo\u017cesz nawi\u0105za\u0107 kontakt z prawdziwymi lud\u017ami.<\/li>\n\n\n\n<li><strong>Interaktywno\u015b\u0107:<\/strong> Nowoczesne, dynamiczne funkcje, takie jak kr\u00f3tkie filmy i kreatywne wiadomo\u015bci, kt\u00f3re pomog\u0105 Ci wyr\u00f3\u017cni\u0107 si\u0119 i wyrazi\u0107 siebie.<\/li>\n<\/ul>\n\n\n\n<h2 class=\"wp-block-heading\">Nasza historia<\/h2>\n\n\n\n<p>TO <strong>DataMobs <\/strong>narodzi\u0142o si\u0119 z pomys\u0142u stworzenia do\u015bwiadczenia randek online, kt\u00f3re jest l\u017cejsze, bardziej bezpo\u015brednie i dostosowane do rzeczywistych potrzeb ludzi. Od pocz\u0105tku starali\u015bmy si\u0119 zaoferowa\u0107 \u015brodowisko, w kt\u00f3rym mo\u017cesz by\u0107 sob\u0105 i znale\u017a\u0107 prawdziwe po\u0142\u0105czenia.<\/p>\n\n\n\n<h2 class=\"wp-block-heading\">Dlaczego warto wybra\u0107 <strong>DataMobs<\/strong>?<\/h2>\n\n\n\n<p>Niezale\u017cnie od tego, czy dopiero zaczynasz przygod\u0119 ze \u015bwiatem aplikacji randkowych, czy jeste\u015b weteranem szukaj\u0105cym czego\u015b innego, <strong>DataMobs <\/strong>oferuje:<\/p>\n\n\n\n<ul class=\"wp-block-list\">\n<li>Intuicyjne i bezproblemowe do\u015bwiadczenie.<\/li>\n\n\n\n<li>Zaanga\u017cowana i r\u00f3\u017cnorodna spo\u0142eczno\u015b\u0107.<\/li>\n\n\n\n<li>Narz\u0119dzia, kt\u00f3re naprawd\u0119 pomagaj\u0105 tworzy\u0107 wi\u0119zi i wspomnienia.<\/li>\n<\/ul>\n\n\n\n<p>Do\u0142\u0105cz do naszej spo\u0142eczno\u015bci i odkryj, jak <strong>DataMobs <\/strong>mo\u017ce odmieni\u0107 Twoje \u017cycie mi\u0142osne. Jeste\u015bmy tutaj, aby pom\u00f3c Ci napisa\u0107 Twoj\u0105 kolejn\u0105 histori\u0119 mi\u0142osn\u0105 \u2014 lub po prostu znale\u017a\u0107 towarzystwo na troch\u0119 dobrego \u015bmiechu i niezapomnianych chwil.<\/p>\n\n\n\n<p><strong>DataMobs.com<\/strong>:Tutaj zaczynaj\u0105 si\u0119 prawdziwe po\u0142\u0105czenia!<\/p>","protected":false},"excerpt":{"rendered":"<p>Bem-vindo ao DateMobs.com, a sua nova plataforma para conectar pessoas de forma aut\u00eantica e divertida! Aqui na DateMobs, acreditamos que as conex\u00f5es humanas s\u00e3o a ess\u00eancia da vida, e nossa miss\u00e3o \u00e9 tornar essas conex\u00f5es mais acess\u00edveis e significativas para todos. Nossa Miss\u00e3o Queremos transformar a maneira como as pessoas se encontram e interagem online. &#8230; <a title=\"Kim jeste\u015bmy\" class=\"read-more\" href=\"https:\/\/datemobs.com\/pl\/kim-jestesmy\/\" aria-label=\"Dowiedz si\u0119 wi\u0119cej o Quem Somos\">czytaj wi\u0119cej<\/a><\/p>","protected":false},"author":1,"featured_media":0,"parent":0,"menu_order":0,"comment_status":"closed","ping_status":"closed","template":"","meta":{"footnotes":""},"class_list":["post-819","page","type-page","status-publish"],"_links":{"self":[{"href":"https:\/\/datemobs.com\/pl\/wp-json\/wp\/v2\/pages\/819","targetHints":{"allow":["GET"]}}],"collection":[{"href":"https:\/\/datemobs.com\/pl\/wp-json\/wp\/v2\/pages"}],"about":[{"href":"https:\/\/datemobs.com\/pl\/wp-json\/wp\/v2\/types\/page"}],"author":[{"embeddable":true,"href":"https:\/\/datemobs.com\/pl\/wp-json\/wp\/v2\/users\/1"}],"replies":[{"embeddable":true,"href":"https:\/\/datemobs.com\/pl\/wp-json\/wp\/v2\/comments?post=819"}],"version-history":[{"count":5,"href":"https:\/\/datemobs.com\/pl\/wp-json\/wp\/v2\/pages\/819\/revisions"}],"predecessor-version":[{"id":847,"href":"https:\/\/datemobs.com\/pl\/wp-json\/wp\/v2\/pages\/819\/revisions\/847"}],"wp:attachment":[{"href":"https:\/\/datemobs.com\/pl\/wp-json\/wp\/v2\/media?parent=819"}],"curies":[{"name":"wp","href":"https:\/\/api.w.org\/{rel}","templated":true}]}}