{"id":850,"date":"2025-03-22T05:40:19","date_gmt":"2025-03-22T05:40:19","guid":{"rendered":"https:\/\/datemobs.com\/?page_id=850"},"modified":"2025-03-22T05:40:19","modified_gmt":"2025-03-22T05:40:19","slug":"warunki-uzytkowania","status":"publish","type":"page","link":"https:\/\/datemobs.com\/pl\/warunki-uzytkowania\/","title":{"rendered":"Warunki korzystania"},"content":{"rendered":"<h2 class=\"wp-block-heading\"><strong>1. Warunki<\/strong><\/h2>\n\n\n\n<p>Podczas uzyskiwania dost\u0119pu do witryny internetowej <a href=\"\/pl\/datemobs.com\/\"><strong>DataMobs<\/strong><\/a>, zgadzasz si\u0119 przestrzega\u0107 niniejszych warunk\u00f3w korzystania z us\u0142ugi, wszystkich obowi\u0105zuj\u0105cych przepis\u00f3w i regulacji oraz potwierdzasz, \u017ce ponosisz odpowiedzialno\u015b\u0107 za przestrzeganie wszystkich obowi\u0105zuj\u0105cych przepis\u00f3w lokalnych. Je\u015bli nie zgadzasz si\u0119 z kt\u00f3rymkolwiek z tych warunk\u00f3w, nie mo\u017cesz korzysta\u0107 z tej witryny ani uzyskiwa\u0107 do niej dost\u0119pu. Materia\u0142y zawarte na tej stronie internetowej s\u0105 chronione obowi\u0105zuj\u0105cymi przepisami prawa autorskiego i prawa znak\u00f3w towarowych.<\/p>\n\n\n\n<h2 class=\"wp-block-heading\"><strong>2. Licencja u\u017cytkowania<\/strong><\/h2>\n\n\n\n<p>Udziela si\u0119 zgody na tymczasowe pobranie jednej kopii materia\u0142\u00f3w (informacji lub oprogramowania) znajduj\u0105cych si\u0119 na stronie internetowej <strong>DataMobs <\/strong>, wy\u0142\u0105cznie do osobistego, niekomercyjnego, kr\u00f3tkotrwa\u0142ego ogl\u0105dania. Niniejsza umowa udziela licencji, a nie przenosi tytu\u0142u w\u0142asno\u015bci, a na mocy tej licencji nie wolno:\u00a0<\/p>\n\n\n\n<ol class=\"wp-block-list\">\n<li>modyfikowa\u0107 lub kopiowa\u0107 materia\u0142y;\u00a0<\/li>\n\n\n\n<li>u\u017cywa\u0107 materia\u0142\u00f3w do cel\u00f3w komercyjnych lub do ich publicznego wy\u015bwietlania (komercyjnego lub niekomercyjnego);\u00a0<\/li>\n\n\n\n<li>podejmowa\u0107 pr\u00f3b dekompilowania lub dokonywania in\u017cynierii wstecznej jakiegokolwiek oprogramowania zawartego na stronie internetowej <strong>DataMobs<\/strong>;\u00a0<\/li>\n\n\n\n<li>usun\u0105\u0107 z materia\u0142\u00f3w wszelkie informacje o prawach autorskich lub inne informacje o w\u0142asno\u015bci; Lub\u00a0<\/li>\n\n\n\n<li>przekazywa\u0107 materia\u0142\u00f3w innej osobie lub \u201eprzenosi\u0107\u201d ich na inny serwer.<\/li>\n<\/ol>\n\n\n\n<p>Niniejsza licencja ulega automatycznemu rozwi\u0105zaniu w przypadku naruszenia kt\u00f3regokolwiek z niniejszych ogranicze\u0144 i mo\u017ce zosta\u0107 rozwi\u0105zana w drodze <strong>DataMobs <\/strong>kiedykolwiek. Po zako\u0144czeniu przegl\u0105dania materia\u0142\u00f3w lub po wyga\u015bni\u0119ciu niniejszej licencji, musisz zniszczy\u0107 wszelkie pobrane materia\u0142y b\u0119d\u0105ce w Twoim posiadaniu, niezale\u017cnie od tego, czy s\u0105 w formie elektronicznej, czy wydrukowanej.<\/p>\n\n\n\n<h2 class=\"wp-block-heading\"><strong>3. Zastrze\u017cenie<\/strong><\/h2>\n\n\n\n<ol class=\"wp-block-list\">\n<li>Materia\u0142y na stronie internetowej <strong>DataMobs <\/strong>s\u0105 dostarczane \u201etak jak s\u0105\u201d. <strong>DataMobs <\/strong>nie udziela \u017cadnych gwarancji, wyra\u017anych ani dorozumianych, niniejszym zrzeka si\u0119 i neguje wszelkie inne gwarancje, w tym mi\u0119dzy innymi gwarancje dorozumiane lub warunki przydatno\u015bci handlowej, przydatno\u015bci do okre\u015blonego celu lub nienaruszania praw w\u0142asno\u015bci intelektualnej lub innego naruszenia praw.<\/li>\n\n\n\n<li>Ponadto, <strong>DataMobs <\/strong>nie udziela gwarancji i nie sk\u0142ada \u017cadnych o\u015bwiadcze\u0144 dotycz\u0105cych dok\u0142adno\u015bci, prawdopodobnych wynik\u00f3w lub niezawodno\u015bci korzystania z materia\u0142\u00f3w zamieszczonych na swojej stronie internetowej lub w inny spos\u00f3b powi\u0105zanych z takimi materia\u0142ami b\u0105d\u017a z witrynami po\u0142\u0105czonymi z t\u0105 witryn\u0105.<\/li>\n<\/ol>\n\n\n\n<h2 class=\"wp-block-heading\"><strong>4. Ograniczenia<\/strong><\/h2>\n\n\n\n<p>W \u017cadnym wypadku <strong>DataMobs <\/strong>ani jego dostawcy nie ponosz\u0105 odpowiedzialno\u015bci za jakiekolwiek szkody (w tym, bez ogranicze\u0144, szkody z tytu\u0142u utraty danych lub zysk\u00f3w b\u0105d\u017a szkody spowodowane przerw\u0105 w dzia\u0142alno\u015bci) wynikaj\u0105ce z korzystania lub niemo\u017cno\u015bci korzystania z materia\u0142\u00f3w znajduj\u0105cych si\u0119 na stronie <strong>DataMobs<\/strong>, mimo \u017ce <strong>DataMobs <\/strong>lub upowa\u017cniony przedstawiciel <strong>DataMobs <\/strong>zosta\u0142y powiadomione ustnie lub pisemnie o mo\u017cliwo\u015bci wyst\u0105pienia takich szk\u00f3d. Poniewa\u017c w niekt\u00f3rych jurysdykcjach nie s\u0105 dozwolone ograniczenia gwarancji dorozumianych lub ograniczenia odpowiedzialno\u015bci za szkody nast\u0119pcze lub przypadkowe, ograniczenia te mog\u0105 Ci\u0119 nie dotyczy\u0107.<\/p>\n\n\n\n<h2 class=\"wp-block-heading\"><strong>5. Dok\u0142adno\u015b\u0107 materia\u0142\u00f3w<\/strong><\/h2>\n\n\n\n<p>Materia\u0142y prezentowane na stronie internetowej <strong>DataMobs <\/strong>mog\u0105 zawiera\u0107 b\u0142\u0119dy techniczne, typograficzne lub fotograficzne. <strong>DataMobs <\/strong>nie gwarantuje, \u017ce jakiekolwiek materia\u0142y zawarte na swojej stronie internetowej s\u0105 dok\u0142adne, kompletne lub aktualne. <strong>DataMobs <\/strong>mo\u017ce dokonywa\u0107 zmian w materia\u0142ach zawartych na swojej stronie internetowej w dowolnym momencie i bez uprzedzenia. Jednak\u017ce, <strong>DataMobs <\/strong>nie zobowi\u0105zuje si\u0119 do aktualizacji materia\u0142\u00f3w.<\/p>\n\n\n\n<h2 class=\"wp-block-heading\"><strong>6. Linki<\/strong><\/h2>\n\n\n\n<p>TO <strong>DataMobs <\/strong>nie dokona\u0142 przegl\u0105du wszystkich witryn po\u0142\u0105czonych linkami z jego witryn\u0105 i nie ponosi odpowiedzialno\u015bci za zawarto\u015b\u0107 \u017cadnej z tych witryn. Zamieszczenie jakiegokolwiek linku nie oznacza poparcia przez <strong>DataMobs <\/strong>strony internetowej. Korzystanie z podlinkowanych witryn internetowych odbywa si\u0119 na w\u0142asne ryzyko u\u017cytkownika.<\/p>\n\n\n\n<h3 class=\"wp-block-heading\"><strong>Modyfikacje<\/strong><\/h3>\n\n\n\n<p>TO <strong>DataMobs <\/strong>mo\u017ce zmieni\u0107 warunki korzystania z witryny internetowej w dowolnym momencie i bez powiadomienia. Korzystaj\u0105c z tej witryny internetowej wyra\u017casz zgod\u0119 na obowi\u0105zywanie aktualnej wersji niniejszych warunk\u00f3w korzystania z us\u0142ugi.<\/p>\n\n\n\n<h3 class=\"wp-block-heading\"><strong>Prawo w\u0142a\u015bciwe<\/strong><\/h3>\n\n\n\n<p>Niniejsze warunki podlegaj\u0105 przepisom prawa i b\u0119d\u0105 interpretowane zgodnie z nimi. <strong>DataMobs <\/strong>i nieodwo\u0142alnie poddajesz si\u0119 wy\u0142\u0105cznej jurysdykcji s\u0105d\u00f3w w tym Pa\u0144stwie lub miejscu.<\/p>","protected":false},"excerpt":{"rendered":"<p>1. Termos Ao acessar ao site DateMobs, concorda em cumprir estes termos de servi\u00e7o, todas as leis e regulamentos aplic\u00e1veis \u200b\u200be concorda que \u00e9 respons\u00e1vel pelo cumprimento de todas as leis locais aplic\u00e1veis. Se voc\u00ea n\u00e3o concordar com algum desses termos, est\u00e1 proibido de usar ou acessar este site. Os materiais contidos neste site s\u00e3o &#8230; <a title=\"Warunki korzystania\" class=\"read-more\" href=\"https:\/\/datemobs.com\/pl\/warunki-uzytkowania\/\" aria-label=\"Dowiedz si\u0119 wi\u0119cej o Termos de Uso\">czytaj wi\u0119cej<\/a><\/p>","protected":false},"author":1,"featured_media":0,"parent":0,"menu_order":0,"comment_status":"closed","ping_status":"closed","template":"","meta":{"footnotes":""},"class_list":["post-850","page","type-page","status-publish"],"_links":{"self":[{"href":"https:\/\/datemobs.com\/pl\/wp-json\/wp\/v2\/pages\/850","targetHints":{"allow":["GET"]}}],"collection":[{"href":"https:\/\/datemobs.com\/pl\/wp-json\/wp\/v2\/pages"}],"about":[{"href":"https:\/\/datemobs.com\/pl\/wp-json\/wp\/v2\/types\/page"}],"author":[{"embeddable":true,"href":"https:\/\/datemobs.com\/pl\/wp-json\/wp\/v2\/users\/1"}],"replies":[{"embeddable":true,"href":"https:\/\/datemobs.com\/pl\/wp-json\/wp\/v2\/comments?post=850"}],"version-history":[{"count":1,"href":"https:\/\/datemobs.com\/pl\/wp-json\/wp\/v2\/pages\/850\/revisions"}],"predecessor-version":[{"id":851,"href":"https:\/\/datemobs.com\/pl\/wp-json\/wp\/v2\/pages\/850\/revisions\/851"}],"wp:attachment":[{"href":"https:\/\/datemobs.com\/pl\/wp-json\/wp\/v2\/media?parent=850"}],"curies":[{"name":"wp","href":"https:\/\/api.w.org\/{rel}","templated":true}]}}