{"id":3,"date":"2025-03-22T05:11:17","date_gmt":"2025-03-22T05:11:17","guid":{"rendered":"https:\/\/datemobs.com\/?page_id=3"},"modified":"2025-03-22T05:38:42","modified_gmt":"2025-03-22T05:38:42","slug":"politica-de-confidentialitate","status":"publish","type":"page","link":"https:\/\/datemobs.com\/ro\/politica-de-confidentialitate\/","title":{"rendered":"Politica de confiden\u021bialitate"},"content":{"rendered":"<p><span style=\"color: #444444;\">Confiden\u021bialitatea dumneavoastr\u0103 este important\u0103 pentru noi. Este politica de <strong>DateMobs<\/strong> respect\u0103-\u021bi confiden\u021bialitatea cu privire la orice informa\u021bii pe care le putem colecta de la tine pe site <strong><a href=\"\/ro\/datemobs.com\/\">DateMobs<\/a><\/strong>, \u0219i alte site-uri web pe care le de\u021binem \u0219i oper\u0103m.<\/span><\/p>\n<p><span style=\"color: #444444;\">Solicit\u0103m informa\u021bii personale numai atunci c\u00e2nd avem cu adev\u0103rat nevoie de ele pentru a v\u0103 oferi un serviciu. Facem acest lucru prin mijloace corecte \u0219i legale, cu cuno\u0219tin\u021bele \u0219i consim\u021b\u0103m\u00e2ntul dumneavoastr\u0103. De asemenea, v\u0103 inform\u0103m de ce \u00eel colect\u0103m \u0219i cum va fi utilizat.<\/span><\/p>\n<p><span style=\"color: #444444;\">Re\u021binem informa\u021biile colectate doar at\u00e2t timp c\u00e2t este necesar pentru a v\u0103 oferi serviciul solicitat. Ce date stoc\u0103m, le vom proteja prin mijloace acceptabile din punct de vedere comercial pentru a preveni pierderea \u0219i furtul, precum \u0219i accesul neautorizat, dezv\u0103luirea, copierea, utilizarea sau modificarea.<\/span><\/p>\n<p><span style=\"color: #444444;\">Nu \u00eemp\u0103rt\u0103\u0219im nicio informa\u021bie de identificare personal\u0103 \u00een mod public sau cu ter\u021be p\u0103r\u021bi, cu excep\u021bia cazului \u00een care este impus de lege.<\/span><\/p>\n<p><span style=\"color: #444444;\">Site-ul nostru web poate con\u021bine link-uri c\u0103tre site-uri web externe care nu sunt operate de noi. V\u0103 rug\u0103m s\u0103 fi\u021bi con\u0219tien\u021bi de faptul c\u0103 nu avem control asupra con\u021binutului \u0219i practicilor acestor site-uri \u0219i nu putem accepta responsabilitatea pentru acestea\u00a0<\/span><a style=\"background-color: transparent; color: #444444;\" href=\"https:\/\/politicaprivacidade.com\/\" target=\"_blank\" rel=\"noopener noreferrer\">politicile de confiden\u021bialitate<\/a><span style=\"color: #444444;\">.<\/span><\/p>\n<p><span style=\"color: #444444;\">Sunte\u021bi liber s\u0103 refuza\u021bi solicitarea noastr\u0103 de informa\u021bii personale, \u00een\u021beleg\u00e2nd c\u0103 este posibil s\u0103 nu v\u0103 putem oferi unele dintre serviciile dorite.<\/span><\/p>\n<p><span style=\"color: #444444;\">Utilizarea \u00een continuare a site-ului nostru web va fi considerat\u0103 o acceptare a practicilor noastre privind confiden\u021bialitatea \u0219i informa\u021biile personale. Dac\u0103 ave\u021bi \u00eentreb\u0103ri despre modul \u00een care gestion\u0103m datele utilizatorului \u0219i informa\u021biile personale, v\u0103 rug\u0103m s\u0103 ne contacta\u021bi.<\/span><\/p>\n<ul>\n<li><span style=\"color: #444444;\">Serviciul Google AdSense pe care \u00eel folosim pentru a difuza publicitate folose\u0219te un cookie DoubleClick pentru a difuza anun\u021buri mai relevante pe web \u0219i pentru a limita num\u0103rul de ori c\u00e2nd \u021bi se afi\u0219eaz\u0103 un anumit anun\u021b.<\/span><\/li>\n<li><span style=\"color: #444444;\">Pentru mai multe informa\u021bii despre Google AdSense, consulta\u021bi \u00eentreb\u0103rile frecvente oficiale Google AdSense privind confiden\u021bialitatea.<\/span><\/li>\n<li><span style=\"color: #444444;\">Folosim reclame pentru a compensa costurile de func\u021bionare a acestui site web \u0219i pentru a oferi finan\u021bare pentru dezvoltarea viitoare. Cookie-urile de publicitate comportamental\u0103 utilizate de acest site sunt concepute pentru a se asigura c\u0103 v\u0103 oferim cele mai relevante reclame acolo unde este posibil, urm\u0103rindu-v\u0103 \u00een mod anonim interesele \u0219i prezent\u00e2nd lucruri similare care ar putea fi de interes.<\/span><\/li>\n<li><span style=\"color: #444444;\">Mai mul\u021bi parteneri fac publicitate \u00een numele nostru \u0219i cookie-urile de urm\u0103rire a afilia\u021bilor ne permit pur \u0219i simplu s\u0103 vedem dac\u0103 clien\u021bii no\u0219tri au ajuns pe site prin intermediul unuia dintre site-urile partenere, astfel \u00eenc\u00e2t s\u0103 \u00eei putem credita \u00een mod corespunz\u0103tor \u0219i, acolo unde este cazul, s\u0103 le permitem partenerilor no\u0219tri afilia\u021bi s\u0103 ofere orice bonus pe care vi-l pot oferi pentru efectuarea unei achizi\u021bii.<\/span><\/li>\n<\/ul>\n<h3><strong><span style=\"color: #444444;\">Angajamentul utilizatorului<\/span><\/strong><\/h3>\n<p><span style=\"color: #444444;\">Utilizatorul se oblig\u0103 s\u0103 fac\u0103 o utilizare adecvat\u0103 a con\u021binutului \u0219i informa\u021biilor pe care le <strong>DateMobs<\/strong> oferte pe site \u0219i cu titlu de exemplu, dar f\u0103r\u0103 a se limita la:<\/span><\/p>\n<ul>\n<li><span style=\"color: #444444;\">A) s\u0103 nu se angajeze \u00een activit\u0103\u021bi ilegale sau contrare bunei-credin\u021be \u0219i ordinii publice;<\/span><\/li>\n<li><span style=\"color: #444444;\">B) Nu difuza\u021bi propagand\u0103 sau con\u021binut de natur\u0103 rasist\u0103, xenofob\u0103, <\/span><span style=\"color: #212529;\">166bet<\/span><span style=\"color: #444444;\"> sau ghinion, orice tip de pornografie ilegal\u0103, \u00een sprijinul terorismului sau \u00eempotriva drepturilor omului;<\/span><\/li>\n<li><span style=\"color: #444444;\">C) Nu provoca\u021bi daune sistemelor fizice (hardware) \u0219i logice (software) ale <strong>DateMobs<\/strong>, furnizorii s\u0103i sau ter\u021bi, s\u0103 introduc\u0103 sau s\u0103 r\u0103sp\u00e2ndeasc\u0103 viru\u0219i informatici sau orice alte sisteme hardware sau software care sunt capabile s\u0103 provoace daunele men\u021bionate mai sus.<\/span><\/li>\n<\/ul>\n<h3><strong><span style=\"color: #444444;\">Mai multe informa\u021bii<\/span><\/strong><\/h3>\n<p><span style=\"color: #444444;\">Sper\u0103m c\u0103 asta v-a clarificat lucrurile \u0219i, dup\u0103 cum sa men\u021bionat anterior, dac\u0103 exist\u0103 ceva de care nu sunte\u021bi sigur dac\u0103 ave\u021bi nevoie sau nu, este de obicei mai sigur s\u0103 l\u0103sa\u021bi cookie-urile activate \u00een cazul \u00een care interac\u021bioneaz\u0103 cu una dintre func\u021biile pe care le utiliza\u021bi pe site-ul nostru.<\/span><\/p>\n<p><em><strong><span style=\"color: #444444;\">Aceast\u0103 politic\u0103 este \u00een vigoare \u00eencep\u00e2nd cu 22 martie 2025, ora 05:36.<\/span><\/strong><\/em><\/p>","protected":false},"excerpt":{"rendered":"<p>A sua privacidade \u00e9 importante para n\u00f3s. \u00c9 pol\u00edtica do DateMobs respeitar a sua privacidade em rela\u00e7\u00e3o a qualquer informa\u00e7\u00e3o sua que possamos coletar no site DateMobs, e outros sites que possu\u00edmos e operamos. Solicitamos informa\u00e7\u00f5es pessoais apenas quando realmente precisamos delas para lhe fornecer um servi\u00e7o. Fazemo-lo por meios justos e legais, com o &#8230; <a title=\"Politica de confiden\u021bialitate\" class=\"read-more\" href=\"https:\/\/datemobs.com\/ro\/politica-de-confidentialitate\/\" aria-label=\"Cite\u0219te mai multe despre Pol\u00edtica de Privacidade\">cite\u015fte mai mult<\/a><\/p>","protected":false},"author":1,"featured_media":0,"parent":0,"menu_order":0,"comment_status":"closed","ping_status":"open","template":"","meta":{"footnotes":""},"class_list":["post-3","page","type-page","status-publish"],"_links":{"self":[{"href":"https:\/\/datemobs.com\/ro\/wp-json\/wp\/v2\/pages\/3","targetHints":{"allow":["GET"]}}],"collection":[{"href":"https:\/\/datemobs.com\/ro\/wp-json\/wp\/v2\/pages"}],"about":[{"href":"https:\/\/datemobs.com\/ro\/wp-json\/wp\/v2\/types\/page"}],"author":[{"embeddable":true,"href":"https:\/\/datemobs.com\/ro\/wp-json\/wp\/v2\/users\/1"}],"replies":[{"embeddable":true,"href":"https:\/\/datemobs.com\/ro\/wp-json\/wp\/v2\/comments?post=3"}],"version-history":[{"count":2,"href":"https:\/\/datemobs.com\/ro\/wp-json\/wp\/v2\/pages\/3\/revisions"}],"predecessor-version":[{"id":849,"href":"https:\/\/datemobs.com\/ro\/wp-json\/wp\/v2\/pages\/3\/revisions\/849"}],"wp:attachment":[{"href":"https:\/\/datemobs.com\/ro\/wp-json\/wp\/v2\/media?parent=3"}],"curies":[{"name":"wp","href":"https:\/\/api.w.org\/{rel}","templated":true}]}}