{"id":819,"date":"2022-11-08T18:30:39","date_gmt":"2022-11-08T18:30:39","guid":{"rendered":"https:\/\/sites.generatepress.com\/info\/?page_id=819"},"modified":"2025-03-22T05:35:13","modified_gmt":"2025-03-22T05:35:13","slug":"cine-suntem","status":"publish","type":"page","link":"https:\/\/datemobs.com\/ro\/cine-suntem\/","title":{"rendered":"Cine suntem"},"content":{"rendered":"<p>Bun venit la <strong>DateMobs.com<\/strong>, noua ta platform\u0103 pentru a conecta oamenii \u00eentr-un mod autentic \u0219i distractiv! Aici la <strong>DateMobs<\/strong>, credem c\u0103 conexiunile umane sunt esen\u021ba vie\u021bii, iar misiunea noastr\u0103 este s\u0103 facem aceste conexiuni mai accesibile \u0219i mai semnificative pentru toat\u0103 lumea.<\/p>\n\n\n\n<h2 class=\"wp-block-heading\">Misiunea noastr\u0103<\/h2>\n\n\n\n<p>Dorim s\u0103 transform\u0103m modul \u00een care oamenii se \u00eent\u00e2lnesc \u0219i interac\u021bioneaz\u0103 online. Combin\u0103m tehnologia de ultim\u0103 or\u0103 cu o not\u0103 uman\u0103 pentru a ne asigura c\u0103 g\u0103si\u021bi pe cineva special \u00eentr-un mod simplu, sigur \u0219i plin de posibilit\u0103\u021bi.<\/p>\n\n\n\n<h2 class=\"wp-block-heading\">Ce ne face diferi\u021bi<\/h2>\n\n\n\n<ul class=\"wp-block-list\">\n<li><strong>Siguran\u021ba pe primul loc:<\/strong> Lu\u0103m \u00een serios confiden\u021bialitatea \u0219i securitatea dvs., folosind cele mai bune func\u021bii de protec\u021bie a datelor de pe pia\u021b\u0103.<\/li>\n\n\n\n<li><strong>Profiluri autentice:<\/strong> Platforma noastr\u0103 \u00eencurajeaz\u0103 crearea \u0219i verificarea profilului real, astfel \u00eenc\u00e2t s\u0103 interac\u021biona\u021bi cu oameni autentici.<\/li>\n\n\n\n<li><strong>Interactivitate:<\/strong> Func\u021bii moderne \u0219i dinamice, cum ar fi videoclipuri scurte \u0219i mesaje creative, pentru a v\u0103 ajuta s\u0103 v\u0103 eviden\u021bia\u021bi \u0219i s\u0103 v\u0103 exprima\u021bi.<\/li>\n<\/ul>\n\n\n\n<h2 class=\"wp-block-heading\">Istoria noastr\u0103<\/h2>\n\n\n\n<p>THE <strong>DateMobs <\/strong>s-a n\u0103scut din ideea de a crea o experien\u021b\u0103 de \u00eent\u00e2lniri online mai u\u0219oar\u0103, mai necomplicat\u0103, care s\u0103 fie aliniat\u0103 cu nevoile reale ale oamenilor. De la \u00eenceput, am c\u0103utat s\u0103 oferim un mediu \u00een care s\u0103 fii tu \u00eensu\u021bi \u0219i s\u0103 g\u0103se\u0219ti conexiuni adev\u0103rate.<\/p>\n\n\n\n<h2 class=\"wp-block-heading\">De ce s\u0103 alege\u021bi <strong>DateMobs<\/strong>?<\/h2>\n\n\n\n<p>Indiferent dac\u0103 e\u0219ti nou \u00een lumea aplica\u021biilor de \u00eent\u00e2lniri sau un veteran care caut\u0103 ceva diferit, <strong>DateMobs <\/strong>ofera:<\/p>\n\n\n\n<ul class=\"wp-block-list\">\n<li>O experien\u021b\u0103 intuitiv\u0103 \u0219i f\u0103r\u0103 probleme.<\/li>\n\n\n\n<li>Comunitate implicat\u0103 \u0219i divers\u0103.<\/li>\n\n\n\n<li>Instrumente care v\u0103 ajut\u0103 cu adev\u0103rat s\u0103 crea\u021bi leg\u0103turi \u0219i amintiri.<\/li>\n<\/ul>\n\n\n\n<p>Vino s\u0103 faci parte din comunitatea noastr\u0103 \u0219i descoper\u0103 cum <strong>DateMobs <\/strong>v\u0103 poate transforma via\u021ba amoroas\u0103. Suntem aici pentru a v\u0103 ajuta s\u0103 scrie\u021bi urm\u0103toarea poveste de dragoste \u2013 sau pur \u0219i simplu s\u0103 g\u0103si\u021bi companie pentru r\u00e2sete bune \u0219i momente de neuitat.<\/p>\n\n\n\n<p><strong>DateMobs.com<\/strong>: Unde \u00eencep adev\u0103ratele conexiuni!<\/p>","protected":false},"excerpt":{"rendered":"<p>Bem-vindo ao DateMobs.com, a sua nova plataforma para conectar pessoas de forma aut\u00eantica e divertida! Aqui na DateMobs, acreditamos que as conex\u00f5es humanas s\u00e3o a ess\u00eancia da vida, e nossa miss\u00e3o \u00e9 tornar essas conex\u00f5es mais acess\u00edveis e significativas para todos. Nossa Miss\u00e3o Queremos transformar a maneira como as pessoas se encontram e interagem online. &#8230; <a title=\"Cine suntem\" class=\"read-more\" href=\"https:\/\/datemobs.com\/ro\/cine-suntem\/\" aria-label=\"Cite\u0219te mai multe despre Quem Somos\">cite\u015fte mai mult<\/a><\/p>","protected":false},"author":1,"featured_media":0,"parent":0,"menu_order":0,"comment_status":"closed","ping_status":"closed","template":"","meta":{"footnotes":""},"class_list":["post-819","page","type-page","status-publish"],"_links":{"self":[{"href":"https:\/\/datemobs.com\/ro\/wp-json\/wp\/v2\/pages\/819","targetHints":{"allow":["GET"]}}],"collection":[{"href":"https:\/\/datemobs.com\/ro\/wp-json\/wp\/v2\/pages"}],"about":[{"href":"https:\/\/datemobs.com\/ro\/wp-json\/wp\/v2\/types\/page"}],"author":[{"embeddable":true,"href":"https:\/\/datemobs.com\/ro\/wp-json\/wp\/v2\/users\/1"}],"replies":[{"embeddable":true,"href":"https:\/\/datemobs.com\/ro\/wp-json\/wp\/v2\/comments?post=819"}],"version-history":[{"count":5,"href":"https:\/\/datemobs.com\/ro\/wp-json\/wp\/v2\/pages\/819\/revisions"}],"predecessor-version":[{"id":847,"href":"https:\/\/datemobs.com\/ro\/wp-json\/wp\/v2\/pages\/819\/revisions\/847"}],"wp:attachment":[{"href":"https:\/\/datemobs.com\/ro\/wp-json\/wp\/v2\/media?parent=819"}],"curies":[{"name":"wp","href":"https:\/\/api.w.org\/{rel}","templated":true}]}}