{"id":850,"date":"2025-03-22T05:40:19","date_gmt":"2025-03-22T05:40:19","guid":{"rendered":"https:\/\/datemobs.com\/?page_id=850"},"modified":"2025-03-22T05:40:19","modified_gmt":"2025-03-22T05:40:19","slug":"termeni-de-utilizare","status":"publish","type":"page","link":"https:\/\/datemobs.com\/ro\/termeni-de-utilizare\/","title":{"rendered":"Termeni de utilizare"},"content":{"rendered":"<h2 class=\"wp-block-heading\"><strong>1. Condi\u021bii<\/strong><\/h2>\n\n\n\n<p>La accesarea site-ului <a href=\"\/ro\/datemobs.com\/\"><strong>DateMobs<\/strong><\/a>, sunte\u021bi de acord s\u0103 respecta\u021bi ace\u0219ti termeni \u0219i condi\u021bii, toate legile \u0219i reglement\u0103rile aplicabile \u0219i sunte\u021bi de acord c\u0103 sunte\u021bi responsabil pentru respectarea tuturor legilor locale aplicabile. Dac\u0103 nu sunte\u021bi de acord cu niciunul dintre ace\u0219ti termeni, vi se interzice utilizarea sau accesarea acestui site. Materialele con\u021binute \u00een acest site web sunt protejate de legea aplicabil\u0103 privind drepturile de autor \u0219i m\u0103rcile comerciale.<\/p>\n\n\n\n<h2 class=\"wp-block-heading\"><strong>2. Utiliza\u021bi licen\u021ba<\/strong><\/h2>\n\n\n\n<p>Se acord\u0103 permisiunea de a desc\u0103rca temporar o copie a materialelor (informa\u021bii sau software) de pe site <strong>DateMobs <\/strong>, numai pentru vizionare tranzitorie personal\u0103, necomercial\u0103. Aceasta este acordarea unei licen\u021be, nu un transfer de titlu, iar \u00een baza acestei licen\u021be nu pute\u021bi:\u00a0<\/p>\n\n\n\n<ol class=\"wp-block-list\">\n<li>modifica sau copia materialele;\u00a0<\/li>\n\n\n\n<li>utiliza\u021bi materialele \u00een orice scop comercial sau pentru orice afi\u0219are public\u0103 (comercial\u0103 sau necomercial\u0103);\u00a0<\/li>\n\n\n\n<li>\u00eencerca\u021bi s\u0103 decompila\u021bi sau s\u0103 face\u021bi inginerie invers\u0103 a oric\u0103rui software con\u021binut pe site <strong>DateMobs<\/strong>;\u00a0<\/li>\n\n\n\n<li>elimina orice drepturi de autor sau alte nota\u021bii de proprietate din materiale; sau\u00a0<\/li>\n\n\n\n<li>transfera\u021bi materialele unei alte persoane sau \u201eoglindi\u021bi\u201d materialele pe orice alt server.<\/li>\n<\/ol>\n\n\n\n<p>Aceast\u0103 licen\u021b\u0103 se va rezilia automat dac\u0103 \u00eenc\u0103lca\u021bi oricare dintre aceste restric\u021bii \u0219i poate fi reziliat\u0103 de <strong>DateMobs <\/strong>\u00een orice moment. La \u00eencetarea vizualiz\u0103rii acestor materiale sau la \u00eencetarea acestei licen\u021be, trebuie s\u0103 distruge\u021bi orice materiale desc\u0103rcate \u00een posesia dumneavoastr\u0103, fie \u00een format electronic sau tip\u0103rit.<\/p>\n\n\n\n<h2 class=\"wp-block-heading\"><strong>3. Disclaimer<\/strong><\/h2>\n\n\n\n<ol class=\"wp-block-list\">\n<li>Materialele de pe site <strong>DateMobs <\/strong>sunt furnizate \u201eca atare\u201d. <strong>DateMobs <\/strong>nu ofer\u0103 garan\u021bii, exprese sau implicite \u0219i, prin prezenta, declin\u0103 \u0219i neag\u0103 toate celelalte garan\u021bii, inclusiv, f\u0103r\u0103 limitare, garan\u021bii sau condi\u021bii implicite de vandabilitate, potrivire pentru un anumit scop sau ne\u00eenc\u0103lcare a propriet\u0103\u021bii intelectuale sau alte \u00eenc\u0103lc\u0103ri ale drepturilor.<\/li>\n\n\n\n<li>\u00cen plus, cel <strong>DateMobs <\/strong>nu garanteaz\u0103 \u0219i nu face nicio declara\u021bie cu privire la acurate\u021bea, rezultatele probabile sau fiabilitatea utiliz\u0103rii materialelor de pe site-ul s\u0103u web sau \u00een leg\u0103tur\u0103 cu astfel de materiale sau pe orice site-uri legate de acest site.<\/li>\n<\/ol>\n\n\n\n<h2 class=\"wp-block-heading\"><strong>4. Limit\u0103ri<\/strong><\/h2>\n\n\n\n<p>\u00cen nici un caz <strong>DateMobs <\/strong>sau furnizorii s\u0103i vor fi r\u0103spunz\u0103tori pentru orice daune (inclusiv, f\u0103r\u0103 limitare, daune pentru pierderea de date sau profit, sau din cauza \u00eentreruperii activit\u0103\u021bii) care decurg din utilizarea sau incapacitatea de a utiliza materialele pe <strong>DateMobs<\/strong>, Chiar dac\u0103 <strong>DateMobs <\/strong>sau un reprezentant autorizat al <strong>DateMobs <\/strong>au fost notificate verbal sau \u00een scris despre posibilitatea unor astfel de daune. Deoarece unele jurisdic\u021bii nu permit limit\u0103ri ale garan\u021biilor implicite sau limit\u0103ri ale r\u0103spunderii pentru daune consecutive sau incidentale, este posibil ca aceste limit\u0103ri s\u0103 nu se aplice \u00een cazul dumneavoastr\u0103.<\/p>\n\n\n\n<h2 class=\"wp-block-heading\"><strong>5. Precizia materialelor<\/strong><\/h2>\n\n\n\n<p>Materialele afi\u0219ate pe site-ul <strong>DateMobs <\/strong>poate include erori tehnice, tipografice sau fotografice. <strong>DateMobs <\/strong>nu garanteaz\u0103 c\u0103 orice material de pe site-ul s\u0103u este exact, complet sau actual. <strong>DateMobs <\/strong>poate aduce modific\u0103ri materialelor con\u021binute pe site-ul s\u0103u web \u00een orice moment, f\u0103r\u0103 notificare. Cu toate acestea, <strong>DateMobs <\/strong>nu se angajeaz\u0103 s\u0103 actualizeze materialele.<\/p>\n\n\n\n<h2 class=\"wp-block-heading\"><strong>6. Leg\u0103turi<\/strong><\/h2>\n\n\n\n<p>THE <strong>DateMobs <\/strong>nu a revizuit toate site-urile legate de site-ul s\u0103u \u0219i nu este responsabil pentru con\u021binutul niciunui astfel de site-uri. Includerea oric\u0103rui link nu implic\u0103 aprobarea de c\u0103tre <strong>DateMobs <\/strong>a site-ului web. Utilizarea oric\u0103rui site web conectat este pe riscul propriu al utilizatorului.<\/p>\n\n\n\n<h3 class=\"wp-block-heading\"><strong>Modific\u0103ri<\/strong><\/h3>\n\n\n\n<p>THE <strong>DateMobs <\/strong>poate revizui ace\u0219ti termeni de utilizare a site-ului web \u00een orice moment, f\u0103r\u0103 notificare. Prin utilizarea acestui site web sunte\u021bi de acord s\u0103 respecta\u021bi versiunea actual\u0103 a acestor termeni \u0219i condi\u021bii.<\/p>\n\n\n\n<h3 class=\"wp-block-heading\"><strong>Legea aplicabila<\/strong><\/h3>\n\n\n\n<p>Ace\u0219ti termeni \u0219i condi\u021bii sunt guverna\u021bi \u0219i interpreta\u021bi \u00een conformitate cu legile din <strong>DateMobs <\/strong>\u0219i v\u0103 supune\u021bi irevocabil jurisdic\u021biei exclusive a instan\u021belor din acel stat sau loca\u021bie.<\/p>","protected":false},"excerpt":{"rendered":"<p>1. Termos Ao acessar ao site DateMobs, concorda em cumprir estes termos de servi\u00e7o, todas as leis e regulamentos aplic\u00e1veis \u200b\u200be concorda que \u00e9 respons\u00e1vel pelo cumprimento de todas as leis locais aplic\u00e1veis. Se voc\u00ea n\u00e3o concordar com algum desses termos, est\u00e1 proibido de usar ou acessar este site. Os materiais contidos neste site s\u00e3o &#8230; <a title=\"Termeni de utilizare\" class=\"read-more\" href=\"https:\/\/datemobs.com\/ro\/termeni-de-utilizare\/\" aria-label=\"Cite\u0219te mai multe despre Termos de Uso\">cite\u015fte mai mult<\/a><\/p>","protected":false},"author":1,"featured_media":0,"parent":0,"menu_order":0,"comment_status":"closed","ping_status":"closed","template":"","meta":{"footnotes":""},"class_list":["post-850","page","type-page","status-publish"],"_links":{"self":[{"href":"https:\/\/datemobs.com\/ro\/wp-json\/wp\/v2\/pages\/850","targetHints":{"allow":["GET"]}}],"collection":[{"href":"https:\/\/datemobs.com\/ro\/wp-json\/wp\/v2\/pages"}],"about":[{"href":"https:\/\/datemobs.com\/ro\/wp-json\/wp\/v2\/types\/page"}],"author":[{"embeddable":true,"href":"https:\/\/datemobs.com\/ro\/wp-json\/wp\/v2\/users\/1"}],"replies":[{"embeddable":true,"href":"https:\/\/datemobs.com\/ro\/wp-json\/wp\/v2\/comments?post=850"}],"version-history":[{"count":1,"href":"https:\/\/datemobs.com\/ro\/wp-json\/wp\/v2\/pages\/850\/revisions"}],"predecessor-version":[{"id":851,"href":"https:\/\/datemobs.com\/ro\/wp-json\/wp\/v2\/pages\/850\/revisions\/851"}],"wp:attachment":[{"href":"https:\/\/datemobs.com\/ro\/wp-json\/wp\/v2\/media?parent=850"}],"curies":[{"name":"wp","href":"https:\/\/api.w.org\/{rel}","templated":true}]}}