{"id":3,"date":"2025-03-22T05:11:17","date_gmt":"2025-03-22T05:11:17","guid":{"rendered":"https:\/\/datemobs.com\/?page_id=3"},"modified":"2025-03-22T05:38:42","modified_gmt":"2025-03-22T05:38:42","slug":"zasady-ochrany-osobnych-udajov","status":"publish","type":"page","link":"https:\/\/datemobs.com\/sk\/zasady-ochrany-osobnych-udajov\/","title":{"rendered":"Z\u00e1sady ochrany osobn\u00fdch \u00fadajov"},"content":{"rendered":"<p><span style=\"color: #444444;\">Va\u0161e s\u00fakromie je pre n\u00e1s d\u00f4le\u017eit\u00e9. Je to politika <strong>DateMobs<\/strong> re\u0161pektova\u0165 va\u0161e s\u00fakromie v s\u00favislosti s ak\u00fdmiko\u013evek inform\u00e1ciami, ktor\u00e9 od v\u00e1s m\u00f4\u017eeme z\u00edska\u0165 na webovej str\u00e1nke <strong><a href=\"\/sk\/datemobs.com\/\">DateMobs<\/a><\/strong>a \u010fal\u0161ie webov\u00e9 str\u00e1nky, ktor\u00e9 vlastn\u00edme a prev\u00e1dzkujeme.<\/span><\/p>\n<p><span style=\"color: #444444;\">Osobn\u00e9 \u00fadaje \u017eiadame len vtedy, ke\u010f ich skuto\u010dne potrebujeme na to, aby sme v\u00e1m mohli poskytn\u00fa\u0165 slu\u017ebu. Rob\u00edme tak spravodliv\u00fdmi a z\u00e1konn\u00fdmi prostriedkami, s va\u0161\u00edm vedom\u00edm a s\u00fahlasom. D\u00e1me v\u00e1m tie\u017e vedie\u0165, pre\u010do ho zbierame a ako sa vyu\u017eije.<\/span><\/p>\n<p><span style=\"color: #444444;\">Zhroma\u017eden\u00e9 inform\u00e1cie uchov\u00e1vame len tak dlho, ako je potrebn\u00e9 na to, aby sme v\u00e1m mohli poskytn\u00fa\u0165 po\u017eadovan\u00fa slu\u017ebu. Ak\u00e9 \u00fadaje uchov\u00e1vame, budeme chr\u00e1ni\u0165 v r\u00e1mci komer\u010dne prijate\u013en\u00fdch prostriedkov, aby sme zabr\u00e1nili strate a kr\u00e1de\u017ei, ako aj neopr\u00e1vnen\u00e9mu pr\u00edstupu, zverejneniu, kop\u00edrovaniu, pou\u017eitiu alebo \u00faprave.<\/span><\/p>\n<p><span style=\"color: #444444;\">Nezdie\u013eame \u017eiadne osobn\u00e9 identifika\u010dn\u00e9 \u00fadaje verejne ani s tret\u00edmi stranami, s v\u00fdnimkou pr\u00edpadov, ke\u010f to vy\u017eaduje z\u00e1kon.<\/span><\/p>\n<p><span style=\"color: #444444;\">Na\u0161a webov\u00e1 str\u00e1nka m\u00f4\u017ee obsahova\u0165 odkazy na extern\u00e9 webov\u00e9 str\u00e1nky, ktor\u00e9 nie s\u00fa nami prev\u00e1dzkovan\u00e9. Pros\u00edm, uvedomte si, \u017ee nem\u00e1me \u017eiadnu kontrolu nad obsahom a praktikami t\u00fdchto str\u00e1nok a nem\u00f4\u017eeme prija\u0165 zodpovednos\u0165 za ich obsah\u00a0<\/span><a style=\"background-color: transparent; color: #444444;\" href=\"https:\/\/politicaprivacidade.com\/\" target=\"_blank\" rel=\"noopener noreferrer\">z\u00e1sady ochrany osobn\u00fdch \u00fadajov<\/a><span style=\"color: #444444;\">.<\/span><\/p>\n<p><span style=\"color: #444444;\">M\u00f4\u017eete slobodne odmietnu\u0165 na\u0161u \u017eiados\u0165 o va\u0161e osobn\u00e9 \u00fadaje s t\u00fdm, \u017ee v\u00e1m mo\u017eno nebudeme m\u00f4c\u0165 poskytn\u00fa\u0165 niektor\u00e9 z va\u0161ich po\u017eadovan\u00fdch slu\u017eieb.<\/span><\/p>\n<p><span style=\"color: #444444;\">Va\u0161e \u010fal\u0161ie pou\u017e\u00edvanie na\u0161ej webovej str\u00e1nky sa bude pova\u017eova\u0165 za prijatie na\u0161ich prakt\u00edk v oblasti ochrany osobn\u00fdch \u00fadajov a osobn\u00fdch \u00fadajov. Ak m\u00e1te ak\u00e9ko\u013evek ot\u00e1zky o tom, ako naklad\u00e1me s pou\u017e\u00edvate\u013esk\u00fdmi \u00fadajmi a osobn\u00fdmi \u00fadajmi, kontaktujte n\u00e1s.<\/span><\/p>\n<ul>\n<li><span style=\"color: #444444;\">Slu\u017eba Google AdSense, ktor\u00fa pou\u017e\u00edvame na zobrazovanie rekl\u00e1m, pou\u017e\u00edva s\u00fabor cookie DoubleClick na zobrazovanie relevantnej\u0161\u00edch rekl\u00e1m na webe a na obmedzenie po\u010dtu zobrazen\u00ed danej reklamy.<\/span><\/li>\n<li><span style=\"color: #444444;\">\u010eal\u0161ie inform\u00e1cie o slu\u017ebe Google AdSense n\u00e1jdete v ofici\u00e1lnych \u010dast\u00fdch ot\u00e1zkach t\u00fdkaj\u00facich sa ochrany osobn\u00fdch \u00fadajov slu\u017eby Google AdSense.<\/span><\/li>\n<li><span style=\"color: #444444;\">Reklamy pou\u017e\u00edvame na kompenz\u00e1ciu n\u00e1kladov na prev\u00e1dzku tejto webovej str\u00e1nky a poskytovanie finan\u010dn\u00fdch prostriedkov na bud\u00faci rozvoj. Behavior\u00e1lne reklamn\u00e9 cookies pou\u017e\u00edvan\u00e9 touto str\u00e1nkou s\u00fa navrhnut\u00e9 tak, aby zabezpe\u010dili, \u017ee v\u00e1m poskytneme tie najrelevantnej\u0161ie reklamy, ak je to mo\u017en\u00e9, anonymn\u00fdm sledovan\u00edm va\u0161ich z\u00e1ujmov a prezentovan\u00edm podobn\u00fdch vec\u00ed, ktor\u00e9 by v\u00e1s mohli zauj\u00edma\u0165.<\/span><\/li>\n<li><span style=\"color: #444444;\">Nieko\u013eko partnerov inzeruje v na\u0161om mene a s\u00fabory cookie na sledovanie pridru\u017een\u00fdch spolo\u010dnost\u00ed n\u00e1m jednoducho umo\u017e\u0148uj\u00fa zisti\u0165, \u010di na\u0161i z\u00e1kazn\u00edci pri\u0161li na str\u00e1nku prostredn\u00edctvom niektorej z na\u0161ich partnersk\u00fdch str\u00e1nok, aby sme im mohli primerane prip\u00edsa\u0165 kredit a pr\u00edpadne umo\u017eni\u0165 na\u0161im pridru\u017een\u00fdm partnerom poskytn\u00fa\u0165 ak\u00fdko\u013evek bonus, ktor\u00fd v\u00e1m m\u00f4\u017eu poskytn\u00fa\u0165 za uskuto\u010dnenie n\u00e1kupu.<\/span><\/li>\n<\/ul>\n<h3><strong><span style=\"color: #444444;\">Z\u00e1v\u00e4zok pou\u017e\u00edvate\u013ea<\/span><\/strong><\/h3>\n<p><span style=\"color: #444444;\">Pou\u017e\u00edvate\u013e sa zav\u00e4zuje n\u00e1le\u017eite vyu\u017e\u00edva\u0165 obsah a inform\u00e1cie, ktor\u00e9 <strong>DateMobs<\/strong> ponuky na webovej str\u00e1nke a ako pr\u00edklad, ale nie v\u00fdlu\u010dne:<\/span><\/p>\n<ul>\n<li><span style=\"color: #444444;\">A) Nezap\u00e1ja\u0165 sa do \u010dinnost\u00ed, ktor\u00e9 s\u00fa nez\u00e1konn\u00e9 alebo odporuj\u00face dobrej viere a verejn\u00e9mu poriadku;<\/span><\/li>\n<li><span style=\"color: #444444;\">B) Ne\u0161\u00edrte propagandu alebo obsah rasistick\u00e9ho, xenof\u00f3bneho charakteru, <\/span><span style=\"color: #212529;\">166 st\u00e1vok<\/span><span style=\"color: #444444;\"> alebo smolu, ak\u00fdko\u013evek druh nez\u00e1konnej pornografie na podporu terorizmu alebo proti \u013eudsk\u00fdm pr\u00e1vam;<\/span><\/li>\n<li><span style=\"color: #444444;\">C) Nepo\u0161kodzujte fyzick\u00e9 (hardv\u00e9r) a logick\u00e9 (softv\u00e9rov\u00e9) syst\u00e9my zariadenia <strong>DateMobs<\/strong>, jej dod\u00e1vate\u013eom alebo tret\u00edm stran\u00e1m, zavies\u0165 alebo \u0161\u00edri\u0165 po\u010d\u00edta\u010dov\u00e9 v\u00edrusy alebo ak\u00e9ko\u013evek in\u00e9 hardv\u00e9rov\u00e9 alebo softv\u00e9rov\u00e9 syst\u00e9my, ktor\u00e9 s\u00fa schopn\u00e9 sp\u00f4sobi\u0165 vy\u0161\u0161ie uveden\u00e9 \u0161kody.<\/span><\/li>\n<\/ul>\n<h3><strong><span style=\"color: #444444;\">Viac inform\u00e1ci\u00ed<\/span><\/strong><\/h3>\n<p><span style=\"color: #444444;\">D\u00fafame, \u017ee to v\u00e1m veci objasnilo a ako u\u017e bolo spomenut\u00e9, ak si nie ste ist\u00fd, \u010di potrebujete alebo nie, zvy\u010dajne je bezpe\u010dnej\u0161ie ponecha\u0165 s\u00fabory cookie povolen\u00e9 v pr\u00edpade, \u017ee to interaguje s jednou z funkci\u00ed, ktor\u00e9 pou\u017e\u00edvate na na\u0161ej str\u00e1nke.<\/span><\/p>\n<p><em><strong><span style=\"color: #444444;\">Tieto pravidl\u00e1 s\u00fa \u00fa\u010dinn\u00e9 od 22. marca 2025 o 05:36.<\/span><\/strong><\/em><\/p>","protected":false},"excerpt":{"rendered":"<p>Va\u0161e s\u00fakromie je pre n\u00e1s d\u00f4le\u017eit\u00e9. Z\u00e1sadou spolo\u010dnosti DateMob je re\u0161pektova\u0165 va\u0161e s\u00fakromie v s\u00favislosti s ak\u00fdmiko\u013evek inform\u00e1ciami, ktor\u00e9 od v\u00e1s z\u00edskame na webovej lokalite DateMob a na in\u00fdch str\u00e1nkach, ktor\u00e9 vlastn\u00edme a prev\u00e1dzkujeme. Osobn\u00e9 \u00fadaje \u017eiadame len vtedy, ke\u010f ich skuto\u010dne potrebujeme na to, aby sme v\u00e1m mohli poskytn\u00fa\u0165 slu\u017ebu. Rob\u00edme tak spravodliv\u00fdmi a z\u00e1konn\u00fdmi prostriedkami, s\u2026 <a title=\"Z\u00e1sady ochrany osobn\u00fdch \u00fadajov\" class=\"read-more\" href=\"https:\/\/datemobs.com\/sk\/zasady-ochrany-osobnych-udajov\/\" aria-label=\"Pre\u010d\u00edtajte si viac o Pol\u00edtica de Privacidade\">\u010d\u00edta\u0165 viac<\/a><\/p>","protected":false},"author":1,"featured_media":0,"parent":0,"menu_order":0,"comment_status":"closed","ping_status":"open","template":"","meta":{"footnotes":""},"class_list":["post-3","page","type-page","status-publish"],"_links":{"self":[{"href":"https:\/\/datemobs.com\/sk\/wp-json\/wp\/v2\/pages\/3","targetHints":{"allow":["GET"]}}],"collection":[{"href":"https:\/\/datemobs.com\/sk\/wp-json\/wp\/v2\/pages"}],"about":[{"href":"https:\/\/datemobs.com\/sk\/wp-json\/wp\/v2\/types\/page"}],"author":[{"embeddable":true,"href":"https:\/\/datemobs.com\/sk\/wp-json\/wp\/v2\/users\/1"}],"replies":[{"embeddable":true,"href":"https:\/\/datemobs.com\/sk\/wp-json\/wp\/v2\/comments?post=3"}],"version-history":[{"count":2,"href":"https:\/\/datemobs.com\/sk\/wp-json\/wp\/v2\/pages\/3\/revisions"}],"predecessor-version":[{"id":849,"href":"https:\/\/datemobs.com\/sk\/wp-json\/wp\/v2\/pages\/3\/revisions\/849"}],"wp:attachment":[{"href":"https:\/\/datemobs.com\/sk\/wp-json\/wp\/v2\/media?parent=3"}],"curies":[{"name":"pracovn\u00fd list","href":"https:\/\/api.w.org\/{rel}","templated":true}]}}