{"id":819,"date":"2022-11-08T18:30:39","date_gmt":"2022-11-08T18:30:39","guid":{"rendered":"https:\/\/sites.generatepress.com\/info\/?page_id=819"},"modified":"2025-03-22T05:35:13","modified_gmt":"2025-03-22T05:35:13","slug":"kto-sme","status":"publish","type":"page","link":"https:\/\/datemobs.com\/sk\/quem-somos\/","title":{"rendered":"Kto sme"},"content":{"rendered":"<p>Vitajte na <strong>DateMobs.com<\/strong>, va\u0161a nov\u00e1 platforma na sp\u00e1janie \u013eud\u00ed autentick\u00fdm a z\u00e1bavn\u00fdm sp\u00f4sobom! Tu na <strong>DateMobs<\/strong>Ver\u00edme, \u017ee \u013eudsk\u00e9 vz\u0165ahy s\u00fa podstatou \u017eivota a na\u0161\u00edm poslan\u00edm je spr\u00edstupni\u0165 tieto vz\u0165ahy a urobi\u0165 ich zmysluplnej\u0161\u00edmi pre ka\u017ed\u00e9ho.<\/p>\n\n\n\n<h2 class=\"wp-block-heading\">Na\u0161e poslanie<\/h2>\n\n\n\n<p>Chceme zmeni\u0165 sp\u00f4sob, ak\u00fdm sa \u013eudia stret\u00e1vaj\u00fa a interaguj\u00fa online. Kombinujeme najmodernej\u0161ie technol\u00f3gie s \u013eudsk\u00fdm pr\u00edstupom, aby ste si mohli n\u00e1js\u0165 niekoho v\u00fdnimo\u010dn\u00e9ho jednoduch\u00fdm, bezpe\u010dn\u00fdm a mo\u017en\u00fdm sp\u00f4sobom.<\/p>\n\n\n\n<h2 class=\"wp-block-heading\">\u010co n\u00e1s odli\u0161uje<\/h2>\n\n\n\n<ul class=\"wp-block-list\">\n<li><strong>Bezpe\u010dnos\u0165 na prvom mieste:<\/strong> Va\u0161e s\u00fakromie a bezpe\u010dnos\u0165 berieme v\u00e1\u017ene a pou\u017e\u00edvame najlep\u0161ie funkcie ochrany \u00fadajov na trhu.<\/li>\n\n\n\n<li><strong>Autentick\u00e9 profily:<\/strong> Na\u0161a platforma podporuje vytv\u00e1ranie a overovanie skuto\u010dn\u00fdch profilov, aby ste mohli komunikova\u0165 s re\u00e1lnymi \u013eu\u010fmi.<\/li>\n\n\n\n<li><strong>Interaktivita:<\/strong> Modern\u00e9, dynamick\u00e9 funkcie ako kr\u00e1tke vide\u00e1 a kreat\u00edvne spr\u00e1vy, ktor\u00e9 v\u00e1m pom\u00f4\u017eu vynikn\u00fa\u0165 a vyjadri\u0165 sa.<\/li>\n<\/ul>\n\n\n\n<h2 class=\"wp-block-heading\">Na\u0161a hist\u00f3ria<\/h2>\n\n\n\n<p>THE <strong>DateMobs <\/strong>sa zrodila z my\u0161lienky vytvori\u0165 online zoznamku, ktor\u00e1 je \u013eah\u0161ia, priamo\u010diarej\u0161ia a zodpoved\u00e1 skuto\u010dn\u00fdm potreb\u00e1m \u013eud\u00ed. Od za\u010diatku sme sa sna\u017eili pon\u00faknu\u0165 prostredie, kde m\u00f4\u017eete by\u0165 sami sebou a n\u00e1js\u0165 skuto\u010dn\u00e9 put\u00e1.<\/p>\n\n\n\n<h2 class=\"wp-block-heading\">Pre\u010do si vybra\u0165 <strong>DateMobs<\/strong>?<\/h2>\n\n\n\n<p>\u010ci u\u017e ste vo svete zoznamovac\u00edch aplik\u00e1ci\u00ed nov\u00e1\u010dikom alebo sk\u00fasen\u00fdm veter\u00e1nom, ktor\u00fd h\u013ead\u00e1 nie\u010do in\u00e9, <strong>DateMobs <\/strong>ponuky:<\/p>\n\n\n\n<ul class=\"wp-block-list\">\n<li>Intuit\u00edvny a bezprobl\u00e9mov\u00fd z\u00e1\u017eitok.<\/li>\n\n\n\n<li>Anga\u017eovan\u00e1 a rozmanit\u00e1 komunita.<\/li>\n\n\n\n<li>N\u00e1stroje, ktor\u00e9 v\u00e1m skuto\u010dne pom\u00f4\u017eu vytvori\u0165 si put\u00e1 a spomienky.<\/li>\n<\/ul>\n\n\n\n<p>Sta\u0148te sa s\u00fa\u010das\u0165ou na\u0161ej komunity a zistite, ako <strong>DateMobs <\/strong>m\u00f4\u017ee zmeni\u0165 v\u00e1\u0161 milostn\u00fd \u017eivot. Sme tu, aby sme v\u00e1m pomohli nap\u00edsa\u0165 v\u00e1\u0161 \u010fal\u0161\u00ed \u013e\u00fabostn\u00fd pr\u00edbeh \u2013 alebo si len n\u00e1js\u0165 spolo\u010dnos\u0165 na dobr\u00fd smiech a nezabudnute\u013en\u00e9 chv\u00edle.<\/p>\n\n\n\n<p><strong>DateMobs.com<\/strong>Kde sa za\u010d\u00ednaj\u00fa skuto\u010dn\u00e9 spojenia!<\/p>","protected":false},"excerpt":{"rendered":"<p>Bem-vindo ao DateMobs.com, a sua nova plataforma para conectar pessoas de forma aut\u00eantica e divertida! Aqui na DateMobs, acreditamos que as conex\u00f5es humanas s\u00e3o a ess\u00eancia da vida, e nossa miss\u00e3o \u00e9 tornar essas conex\u00f5es mais acess\u00edveis e significativas para todos. Nossa Miss\u00e3o Queremos transformar a maneira como as pessoas se encontram e interagem online. &#8230; <a title=\"Kto sme\" class=\"read-more\" href=\"https:\/\/datemobs.com\/sk\/quem-somos\/\" aria-label=\"Pre\u010d\u00edtajte si viac o Quem Somos\">\u010d\u00edta\u0165 viac<\/a><\/p>","protected":false},"author":1,"featured_media":0,"parent":0,"menu_order":0,"comment_status":"closed","ping_status":"closed","template":"","meta":{"footnotes":""},"class_list":["post-819","page","type-page","status-publish"],"_links":{"self":[{"href":"https:\/\/datemobs.com\/sk\/wp-json\/wp\/v2\/pages\/819","targetHints":{"allow":["GET"]}}],"collection":[{"href":"https:\/\/datemobs.com\/sk\/wp-json\/wp\/v2\/pages"}],"about":[{"href":"https:\/\/datemobs.com\/sk\/wp-json\/wp\/v2\/types\/page"}],"author":[{"embeddable":true,"href":"https:\/\/datemobs.com\/sk\/wp-json\/wp\/v2\/users\/1"}],"replies":[{"embeddable":true,"href":"https:\/\/datemobs.com\/sk\/wp-json\/wp\/v2\/comments?post=819"}],"version-history":[{"count":5,"href":"https:\/\/datemobs.com\/sk\/wp-json\/wp\/v2\/pages\/819\/revisions"}],"predecessor-version":[{"id":847,"href":"https:\/\/datemobs.com\/sk\/wp-json\/wp\/v2\/pages\/819\/revisions\/847"}],"wp:attachment":[{"href":"https:\/\/datemobs.com\/sk\/wp-json\/wp\/v2\/media?parent=819"}],"curies":[{"name":"pracovn\u00fd list","href":"https:\/\/api.w.org\/{rel}","templated":true}]}}