{"id":3,"date":"2025-03-22T05:11:17","date_gmt":"2025-03-22T05:11:17","guid":{"rendered":"https:\/\/datemobs.com\/?page_id=3"},"modified":"2025-03-22T05:38:42","modified_gmt":"2025-03-22T05:38:42","slug":"politika-zasebnosti","status":"publish","type":"page","link":"https:\/\/datemobs.com\/sl\/politika-zasebnosti\/","title":{"rendered":"Politika zasebnosti"},"content":{"rendered":"<p><span style=\"color: #444444;\">Va\u0161a zasebnost nam je pomembna. To je politika <strong>DateMobs<\/strong> spo\u0161tovati va\u0161o zasebnost v zvezi s kakr\u0161nimi koli informacijami, ki jih lahko zberemo od vas na spletnem mestu <strong><a href=\"\/sl\/datemobs.com\/\">DateMobs<\/a><\/strong>, in druga spletna mesta, ki jih imamo v lasti in jih upravljamo.<\/span><\/p>\n<p><span style=\"color: #444444;\">Osebne podatke zahtevamo le, kadar jih resni\u010dno potrebujemo, da vam zagotovimo storitev. To po\u010dnemo na po\u0161ten in zakonit na\u010din, z va\u0161o vednostjo in soglasjem. Obve\u0161\u010damo vas tudi, zakaj ga zbiramo in kako ga bomo uporabljali.<\/span><\/p>\n<p><span style=\"color: #444444;\">Zbrane podatke hranimo samo toliko \u010dasa, kolikor je potrebno, da vam zagotovimo zahtevano storitev. Podatke, ki jih hranimo, bomo za\u0161\u010ditili na komercialno sprejemljive na\u010dine, da prepre\u010dimo izgubo in krajo ter nepoobla\u0161\u010den dostop, razkritje, kopiranje, uporabo ali spreminjanje.<\/span><\/p>\n<p><span style=\"color: #444444;\">Nobenih osebnih podatkov ne delimo javno ali s tretjimi osebami, razen \u010de tako zahteva zakon.<\/span><\/p>\n<p><span style=\"color: #444444;\">Na\u0161e spletno mesto lahko vsebuje povezave do zunanjih spletnih mest, ki jih ne upravljamo mi. Zavedajte se, da nimamo nadzora nad vsebino in praksami teh spletnih mest in ne moremo prevzeti odgovornosti zanje\u00a0<\/span><a style=\"background-color: transparent; color: #444444;\" href=\"https:\/\/politicaprivacidade.com\/\" target=\"_blank\" rel=\"noopener noreferrer\">politike zasebnosti<\/a><span style=\"color: #444444;\">.<\/span><\/p>\n<p><span style=\"color: #444444;\">Na\u0161o zahtevo po va\u0161ih osebnih podatkih lahko zavrnete, pri \u010demer se zavedate, da vam morda ne bomo mogli zagotoviti nekaterih \u017eelenih storitev.<\/span><\/p>\n<p><span style=\"color: #444444;\">Va\u0161a nadaljnja uporaba na\u0161ega spletnega mesta bo obravnavana kot sprejemanje na\u0161ih praks glede zasebnosti in osebnih podatkov. \u010ce imate kakr\u0161na koli vpra\u0161anja o tem, kako ravnamo s podatki uporabnikov in osebnimi podatki, se obrnite na nas.<\/span><\/p>\n<ul>\n<li><span style=\"color: #444444;\">Storitev Google AdSense, ki jo uporabljamo za ogla\u0161evanje, uporablja pi\u0161kotek DoubleClick za prikazovanje ustreznej\u0161ih oglasov po spletu in omejevanje \u0161tevila prikazov dolo\u010denega oglasa.<\/span><\/li>\n<li><span style=\"color: #444444;\">Za ve\u010d informacij o Google AdSense glejte uradna pogosta vpra\u0161anja o zasebnosti Google AdSense.<\/span><\/li>\n<li><span style=\"color: #444444;\">Z oglasi pokrivamo stro\u0161ke delovanja te spletne strani in zagotavljamo sredstva za prihodnji razvoj. Pi\u0161kotki za vedenjsko ogla\u0161evanje, ki jih uporablja to spletno mesto, so zasnovani tako, da vam zagotovijo najustreznej\u0161e oglase, kjer je to mogo\u010de, z anonimnim sledenjem va\u0161im zanimanjem in predstavitvijo podobnih stvari, ki bi lahko bile zanimive.<\/span><\/li>\n<li><span style=\"color: #444444;\">Ve\u010d partnerjev ogla\u0161uje v na\u0161em imenu in pi\u0161kotki za sledenje pridru\u017eenih partnerjev nam preprosto omogo\u010dajo, da vidimo, ali so na\u0161e stranke pri\u0161le na spletno mesto prek enega od na\u0161ih partnerskih spletnih mest, tako da jih lahko ustrezno kreditiramo in, kjer je primerno, dovolimo na\u0161im pridru\u017eenim partnerjem, da zagotovijo kakr\u0161en koli bonus, ki vam ga lahko zagotovijo za nakup.<\/span><\/li>\n<\/ul>\n<h3><strong><span style=\"color: #444444;\">Zaveza uporabnika<\/span><\/strong><\/h3>\n<p><span style=\"color: #444444;\">Uporabnik se zavezuje, da bo vsebine in podatke, ki jih <strong>DateMobs<\/strong> ponudbe na spletni strani in na primer, vendar ne omejeno na:<\/span><\/p>\n<ul>\n<li><span style=\"color: #444444;\">A) Ne sodelujejo v dejavnostih, ki so nezakonite ali v nasprotju z dobro vero in javnim redom;<\/span><\/li>\n<li><span style=\"color: #444444;\">B) Ne raz\u0161irjajte propagande ali vsebine rasisti\u010dne, ksenofobne narave, <\/span><span style=\"color: #212529;\">166bet<\/span><span style=\"color: #444444;\"> ali smola, kakr\u0161na koli nezakonita pornografija, ki podpira terorizem ali proti \u010dlovekovim pravicam;<\/span><\/li>\n<li><span style=\"color: #444444;\">C) Ne po\u0161kodujte fizi\u010dnih (strojna oprema) in logi\u010dnih (programska oprema) sistemov <strong>DateMobs<\/strong>, njegovim dobaviteljem ali tretjim osebam, za uvedbo ali \u0161irjenje ra\u010dunalni\u0161kih virusov ali drugih sistemov strojne ali programske opreme, ki lahko povzro\u010dijo prej omenjeno \u0161kodo.<\/span><\/li>\n<\/ul>\n<h3><strong><span style=\"color: #444444;\">Ve\u010d informacij<\/span><\/strong><\/h3>\n<p><span style=\"color: #444444;\">Upajmo, da vam je to razjasnilo stvari in kot je bilo \u017ee omenjeno, \u010de obstaja nekaj, za kar niste prepri\u010dani, ali ga potrebujete ali ne, je obi\u010dajno varneje pustiti pi\u0161kotke omogo\u010dene, \u010de delujejo z eno od funkcij, ki jih uporabljate na na\u0161em spletnem mestu.<\/span><\/p>\n<p><em><strong><span style=\"color: #444444;\">Ta pravilnik velja od 22. marca 2025 ob 05:36.<\/span><\/strong><\/em><\/p>","protected":false},"excerpt":{"rendered":"<p>A sua privacidade \u00e9 importante para n\u00f3s. \u00c9 pol\u00edtica do DateMobs respeitar a sua privacidade em rela\u00e7\u00e3o a qualquer informa\u00e7\u00e3o sua que possamos coletar no site DateMobs, e outros sites que possu\u00edmos e operamos. Solicitamos informa\u00e7\u00f5es pessoais apenas quando realmente precisamos delas para lhe fornecer um servi\u00e7o. Fazemo-lo por meios justos e legais, com o &#8230; <a title=\"Politika zasebnosti\" class=\"read-more\" href=\"https:\/\/datemobs.com\/sl\/politika-zasebnosti\/\" aria-label=\"Read more about Pol\u00edtica de Privacidade\">preberi ve\u010d<\/a><\/p>","protected":false},"author":1,"featured_media":0,"parent":0,"menu_order":0,"comment_status":"closed","ping_status":"open","template":"","meta":{"footnotes":""},"class_list":["post-3","page","type-page","status-publish"],"_links":{"self":[{"href":"https:\/\/datemobs.com\/sl\/wp-json\/wp\/v2\/pages\/3","targetHints":{"allow":["GET"]}}],"collection":[{"href":"https:\/\/datemobs.com\/sl\/wp-json\/wp\/v2\/pages"}],"about":[{"href":"https:\/\/datemobs.com\/sl\/wp-json\/wp\/v2\/types\/page"}],"author":[{"embeddable":true,"href":"https:\/\/datemobs.com\/sl\/wp-json\/wp\/v2\/users\/1"}],"replies":[{"embeddable":true,"href":"https:\/\/datemobs.com\/sl\/wp-json\/wp\/v2\/comments?post=3"}],"version-history":[{"count":2,"href":"https:\/\/datemobs.com\/sl\/wp-json\/wp\/v2\/pages\/3\/revisions"}],"predecessor-version":[{"id":849,"href":"https:\/\/datemobs.com\/sl\/wp-json\/wp\/v2\/pages\/3\/revisions\/849"}],"wp:attachment":[{"href":"https:\/\/datemobs.com\/sl\/wp-json\/wp\/v2\/media?parent=3"}],"curies":[{"name":"delovni list","href":"https:\/\/api.w.org\/{rel}","templated":true}]}}