{"id":819,"date":"2022-11-08T18:30:39","date_gmt":"2022-11-08T18:30:39","guid":{"rendered":"https:\/\/sites.generatepress.com\/info\/?page_id=819"},"modified":"2025-03-22T05:35:13","modified_gmt":"2025-03-22T05:35:13","slug":"kdo-smo","status":"publish","type":"page","link":"https:\/\/datemobs.com\/sl\/kdo-smo\/","title":{"rendered":"Kdo smo"},"content":{"rendered":"<p>Dobrodo\u0161li v <strong>DateMobs.com<\/strong>, va\u0161a nova platforma za povezovanje ljudi na pristen in zabaven na\u010din! Tukaj na <strong>DateMobs<\/strong>, Verjamemo, da so \u010dlove\u0161ke povezave bistvo \u017eivljenja, na\u0161e poslanstvo pa je, da te povezave naredimo bolj dostopne in smiselne za vse.<\/p>\n\n\n\n<h2 class=\"wp-block-heading\">Na\u0161e poslanstvo<\/h2>\n\n\n\n<p>\u017delimo spremeniti na\u010din, kako se ljudje sre\u010dujejo in komunicirajo na spletu. Zdru\u017eujemo najsodobnej\u0161o tehnologijo s \u010dlove\u0161kim pristopom, da zagotovimo, da na preprost, varen in mo\u017enosti poln na\u010din najdete nekoga posebnega.<\/p>\n\n\n\n<h2 class=\"wp-block-heading\">Kaj nas dela druga\u010dne<\/h2>\n\n\n\n<ul class=\"wp-block-list\">\n<li><strong>Varnost na prvem mestu:<\/strong> Va\u0161o zasebnost in varnost jemljemo resno, pri \u010demer uporabljamo najbolj\u0161e vire za varstvo podatkov na trgu.<\/li>\n\n\n\n<li><strong>Avtenti\u010dni profili:<\/strong> Na\u0161a platforma spodbuja ustvarjanje pravih profilov in preverjanja, da lahko komunicirate s pristnimi ljudmi.<\/li>\n\n\n\n<li><strong>Interaktivnost:<\/strong> Sodobni in dinami\u010dni viri, kot so kratki videoposnetki in ustvarjalna sporo\u010dila, ki vam bodo pomagali izstopati in se izraziti.<\/li>\n<\/ul>\n\n\n\n<h2 class=\"wp-block-heading\">Na\u0161a zgodba<\/h2>\n\n\n\n<p>THE <strong>DateMobs <\/strong>Rodila se je iz ideje o ustvarjanju la\u017eje in preprostej\u0161e spletne izku\u0161nje zmenkov, usklajene z resni\u010dnimi potrebami ljudi. \u017de od samega za\u010detka smo si prizadevali ponuditi okolje, kjer ste lahko sami s seboj in najdete pristne povezave.<\/p>\n\n\n\n<h2 class=\"wp-block-heading\">Zakaj izbrati <strong>DateMobs<\/strong>?<\/h2>\n\n\n\n<p>Ne glede na to, ali ste novi v svetu aplikacij za zmenke ali izku\u0161eni, ki i\u0161\u010dete nekaj druga\u010dnega, <strong>DateMobs <\/strong>ponudbe:<\/p>\n\n\n\n<ul class=\"wp-block-list\">\n<li>Intuitivna in nezapletena izku\u0161nja.<\/li>\n\n\n\n<li>Anga\u017eirana in raznolika skupnost.<\/li>\n\n\n\n<li>Orodja, ki vam resni\u010dno pomagajo ustvariti vezi in spomine.<\/li>\n<\/ul>\n\n\n\n<p>Pridru\u017eite se na\u0161i skupnosti in odkrijte, kako ... <strong>DateMobs <\/strong>Lahko spremeni va\u0161e ljubezensko \u017eivljenje. Tukaj smo, da vam pomagamo napisati va\u0161o naslednjo ljubezensko zgodbo \u2013 ali pa preprosto najti dru\u017ebo za dober smeh in nepozabne trenutke.<\/p>\n\n\n\n<p><strong>DateMobs.com<\/strong>Kjer se za\u010dnejo prave povezave!<\/p>","protected":false},"excerpt":{"rendered":"<p>Bem-vindo ao DateMobs.com, a sua nova plataforma para conectar pessoas de forma aut\u00eantica e divertida! Aqui na DateMobs, acreditamos que as conex\u00f5es humanas s\u00e3o a ess\u00eancia da vida, e nossa miss\u00e3o \u00e9 tornar essas conex\u00f5es mais acess\u00edveis e significativas para todos. Nossa Miss\u00e3o Queremos transformar a maneira como as pessoas se encontram e interagem online. &#8230; <a title=\"Kdo smo\" class=\"read-more\" href=\"https:\/\/datemobs.com\/sl\/kdo-smo\/\" aria-label=\"Read more about Quem Somos\">preberi ve\u010d<\/a><\/p>","protected":false},"author":1,"featured_media":0,"parent":0,"menu_order":0,"comment_status":"closed","ping_status":"closed","template":"","meta":{"footnotes":""},"class_list":["post-819","page","type-page","status-publish"],"_links":{"self":[{"href":"https:\/\/datemobs.com\/sl\/wp-json\/wp\/v2\/pages\/819","targetHints":{"allow":["GET"]}}],"collection":[{"href":"https:\/\/datemobs.com\/sl\/wp-json\/wp\/v2\/pages"}],"about":[{"href":"https:\/\/datemobs.com\/sl\/wp-json\/wp\/v2\/types\/page"}],"author":[{"embeddable":true,"href":"https:\/\/datemobs.com\/sl\/wp-json\/wp\/v2\/users\/1"}],"replies":[{"embeddable":true,"href":"https:\/\/datemobs.com\/sl\/wp-json\/wp\/v2\/comments?post=819"}],"version-history":[{"count":5,"href":"https:\/\/datemobs.com\/sl\/wp-json\/wp\/v2\/pages\/819\/revisions"}],"predecessor-version":[{"id":847,"href":"https:\/\/datemobs.com\/sl\/wp-json\/wp\/v2\/pages\/819\/revisions\/847"}],"wp:attachment":[{"href":"https:\/\/datemobs.com\/sl\/wp-json\/wp\/v2\/media?parent=819"}],"curies":[{"name":"delovni list","href":"https:\/\/api.w.org\/{rel}","templated":true}]}}